{"id":99,"date":"2023-05-20T09:43:50","date_gmt":"2023-05-20T07:43:50","guid":{"rendered":"https:\/\/adoring-golick.212-227-153-101.plesk.page\/?page_id=99"},"modified":"2023-08-24T19:48:17","modified_gmt":"2023-08-24T17:48:17","slug":"el-templo-actual","status":"publish","type":"page","link":"https:\/\/rpmagdalena.org\/en\/historia\/el-templo-actual\/","title":{"rendered":"The present Temple"},"content":{"rendered":"<div data-elementor-type=\"wp-page\" data-elementor-id=\"99\" class=\"elementor elementor-99\" data-elementor-post-type=\"page\">\n\t\t\t\t<div data-dce-background-image-url=\"https:\/\/rpmagdalena.org\/wp-content\/uploads\/2023\/06\/9.jpg\" class=\"elementor-element elementor-element-66fb3a9c e-flex e-con-boxed e-con e-parent\" data-id=\"66fb3a9c\" data-element_type=\"container\" data-e-type=\"container\" data-settings=\"{&quot;background_background&quot;:&quot;classic&quot;}\">\n\t\t\t\t\t<div class=\"e-con-inner\">\n\t\t\t\t<div class=\"elementor-element elementor-element-70c169df elementor-widget elementor-widget-heading\" data-id=\"70c169df\" data-element_type=\"widget\" data-e-type=\"widget\" data-widget_type=\"heading.default\">\n\t\t\t\t<div class=\"elementor-widget-container\">\n\t\t\t\t\t<h1 class=\"elementor-heading-title elementor-size-default\">The present Temple<\/h1>\t\t\t\t<\/div>\n\t\t\t\t<\/div>\n\t\t\t\t\t<\/div>\n\t\t\t\t<\/div>\n\t\t<div class=\"elementor-element elementor-element-5ac0540 e-flex e-con-boxed e-con e-parent\" data-id=\"5ac0540\" data-element_type=\"container\" data-e-type=\"container\">\n\t\t\t\t\t<div class=\"e-con-inner\">\n\t\t<div class=\"elementor-element elementor-element-aad17fa e-con-full e-flex e-con e-parent\" data-id=\"aad17fa\" data-element_type=\"container\" data-e-type=\"container\" data-settings=\"{&quot;background_background&quot;:&quot;classic&quot;}\">\n\t\t\t\t<div class=\"elementor-element elementor-element-59b9eb4 elementor-widget elementor-widget-heading\" data-id=\"59b9eb4\" data-element_type=\"widget\" data-e-type=\"widget\" data-widget_type=\"heading.default\">\n\t\t\t\t<div class=\"elementor-widget-container\">\n\t\t\t\t\t<p class=\"elementor-heading-title elementor-size-default\">History<\/p>\t\t\t\t<\/div>\n\t\t\t\t<\/div>\n\t\t\t\t<div class=\"elementor-element elementor-element-60e51b2 elementor-align-start elementor-icon-list--layout-traditional elementor-list-item-link-full_width elementor-widget elementor-widget-icon-list\" data-id=\"60e51b2\" data-element_type=\"widget\" data-e-type=\"widget\" data-widget_type=\"icon-list.default\">\n\t\t\t\t<div class=\"elementor-widget-container\">\n\t\t\t\t\t\t\t<ul class=\"elementor-icon-list-items\">\n\t\t\t\t\t\t\t<li class=\"elementor-icon-list-item\">\n\t\t\t\t\t\t\t\t\t\t\t<a href=\"https:\/\/rpmagdalena.org\/en\/historia\/\">\n\n\t\t\t\t\t\t\t\t\t\t\t\t<span class=\"elementor-icon-list-icon\">\n\t\t\t\t\t\t\t<svg aria-hidden=\"true\" class=\"e-font-icon-svg e-fas-circle\" viewbox=\"0 0 512 512\" xmlns=\"http:\/\/www.w3.org\/2000\/svg\"><path d=\"M256 8C119 8 8 119 8 256s111 248 248 248 248-111 248-248S393 8 256 8z\"><\/path><\/svg>\t\t\t\t\t\t<\/span>\n\t\t\t\t\t\t\t\t\t\t<span class=\"elementor-icon-list-text\">Foundation of the Parish<\/span>\n\t\t\t\t\t\t\t\t\t\t\t<\/a>\n\t\t\t\t\t\t\t\t\t<\/li>\n\t\t\t\t\t\t\t\t<li class=\"elementor-icon-list-item\">\n\t\t\t\t\t\t\t\t\t\t\t<a href=\"https:\/\/rpmagdalena.org\/en\/historia\/el-primitivo-templo-parroquial\/\">\n\n\t\t\t\t\t\t\t\t\t\t\t\t<span class=\"elementor-icon-list-icon\">\n\t\t\t\t\t\t\t<svg aria-hidden=\"true\" class=\"e-font-icon-svg e-fas-circle\" viewbox=\"0 0 512 512\" xmlns=\"http:\/\/www.w3.org\/2000\/svg\"><path d=\"M256 8C119 8 8 119 8 256s111 248 248 248 248-111 248-248S393 8 256 8z\"><\/path><\/svg>\t\t\t\t\t\t<\/span>\n\t\t\t\t\t\t\t\t\t\t<span class=\"elementor-icon-list-text\">The Primitive Parish Church<\/span>\n\t\t\t\t\t\t\t\t\t\t\t<\/a>\n\t\t\t\t\t\t\t\t\t<\/li>\n\t\t\t\t\t\t\t\t<li class=\"elementor-icon-list-item\">\n\t\t\t\t\t\t\t\t\t\t\t<a href=\"https:\/\/rpmagdalena.org\/en\/historia\/el-templo-conventual-de-san-pablo-el-real\/\">\n\n\t\t\t\t\t\t\t\t\t\t\t\t<span class=\"elementor-icon-list-icon\">\n\t\t\t\t\t\t\t<svg aria-hidden=\"true\" class=\"e-font-icon-svg e-fas-circle\" viewbox=\"0 0 512 512\" xmlns=\"http:\/\/www.w3.org\/2000\/svg\"><path d=\"M256 8C119 8 8 119 8 256s111 248 248 248 248-111 248-248S393 8 256 8z\"><\/path><\/svg>\t\t\t\t\t\t<\/span>\n\t\t\t\t\t\t\t\t\t\t<span class=\"elementor-icon-list-text\">The Conventual Temple of San Pablo el Real<\/span>\n\t\t\t\t\t\t\t\t\t\t\t<\/a>\n\t\t\t\t\t\t\t\t\t<\/li>\n\t\t\t\t\t\t\t\t<li class=\"elementor-icon-list-item\">\n\t\t\t\t\t\t\t\t\t\t\t<a href=\"https:\/\/rpmagdalena.org\/en\/historia\/el-templo-actual\/\">\n\n\t\t\t\t\t\t\t\t\t\t\t\t<span class=\"elementor-icon-list-icon\">\n\t\t\t\t\t\t\t<svg aria-hidden=\"true\" class=\"e-font-icon-svg e-fas-circle\" viewbox=\"0 0 512 512\" xmlns=\"http:\/\/www.w3.org\/2000\/svg\"><path d=\"M256 8C119 8 8 119 8 256s111 248 248 248 248-111 248-248S393 8 256 8z\"><\/path><\/svg>\t\t\t\t\t\t<\/span>\n\t\t\t\t\t\t\t\t\t\t<span class=\"elementor-icon-list-text\">The present Temple<\/span>\n\t\t\t\t\t\t\t\t\t\t\t<\/a>\n\t\t\t\t\t\t\t\t\t<\/li>\n\t\t\t\t\t\t\t\t<li class=\"elementor-icon-list-item\">\n\t\t\t\t\t\t\t\t\t\t\t<a href=\"https:\/\/rpmagdalena.org\/en\/historia\/primera-sede-de-la-inquisicion\/\">\n\n\t\t\t\t\t\t\t\t\t\t\t\t<span class=\"elementor-icon-list-icon\">\n\t\t\t\t\t\t\t<svg aria-hidden=\"true\" class=\"e-font-icon-svg e-fas-circle\" viewbox=\"0 0 512 512\" xmlns=\"http:\/\/www.w3.org\/2000\/svg\"><path d=\"M256 8C119 8 8 119 8 256s111 248 248 248 248-111 248-248S393 8 256 8z\"><\/path><\/svg>\t\t\t\t\t\t<\/span>\n\t\t\t\t\t\t\t\t\t\t<span class=\"elementor-icon-list-text\">First Seat of the Inquisition<\/span>\n\t\t\t\t\t\t\t\t\t\t\t<\/a>\n\t\t\t\t\t\t\t\t\t<\/li>\n\t\t\t\t\t\t\t\t<li class=\"elementor-icon-list-item\">\n\t\t\t\t\t\t\t\t\t\t\t<a href=\"https:\/\/rpmagdalena.org\/en\/historia\/un-templo-misionero\/\">\n\n\t\t\t\t\t\t\t\t\t\t\t\t<span class=\"elementor-icon-list-icon\">\n\t\t\t\t\t\t\t<svg aria-hidden=\"true\" class=\"e-font-icon-svg e-fas-circle\" viewbox=\"0 0 512 512\" xmlns=\"http:\/\/www.w3.org\/2000\/svg\"><path d=\"M256 8C119 8 8 119 8 256s111 248 248 248 248-111 248-248S393 8 256 8z\"><\/path><\/svg>\t\t\t\t\t\t<\/span>\n\t\t\t\t\t\t\t\t\t\t<span class=\"elementor-icon-list-text\">A missionary temple<\/span>\n\t\t\t\t\t\t\t\t\t\t\t<\/a>\n\t\t\t\t\t\t\t\t\t<\/li>\n\t\t\t\t\t\t\t\t<li class=\"elementor-icon-list-item\">\n\t\t\t\t\t\t\t\t\t\t\t<a href=\"https:\/\/rpmagdalena.org\/en\/historia\/sede-de-antiguas-hermandades-y-cofradias\/\">\n\n\t\t\t\t\t\t\t\t\t\t\t\t<span class=\"elementor-icon-list-icon\">\n\t\t\t\t\t\t\t<svg aria-hidden=\"true\" class=\"e-font-icon-svg e-fas-circle\" viewbox=\"0 0 512 512\" xmlns=\"http:\/\/www.w3.org\/2000\/svg\"><path d=\"M256 8C119 8 8 119 8 256s111 248 248 248 248-111 248-248S393 8 256 8z\"><\/path><\/svg>\t\t\t\t\t\t<\/span>\n\t\t\t\t\t\t\t\t\t\t<span class=\"elementor-icon-list-text\">Headquarters of Former Brotherhoods and Guilds<\/span>\n\t\t\t\t\t\t\t\t\t\t\t<\/a>\n\t\t\t\t\t\t\t\t\t<\/li>\n\t\t\t\t\t\t<\/ul>\n\t\t\t\t\t\t<\/div>\n\t\t\t\t<\/div>\n\t\t\t\t<\/div>\n\t\t<div class=\"elementor-element elementor-element-4061c9a e-con-full e-flex e-con e-parent\" data-id=\"4061c9a\" data-element_type=\"container\" data-e-type=\"container\">\n\t\t\t\t<div class=\"elementor-element elementor-element-7466043 elementor-widget__width-inherit elementor-widget elementor-widget-text-editor\" data-id=\"7466043\" data-element_type=\"widget\" data-e-type=\"widget\" data-widget_type=\"text-editor.default\">\n\t\t\t\t<div class=\"elementor-widget-container\">\n\t\t\t\t\t\t\t\t\t<p>In 1692, the most renowned architect in the Sevilla of his time, Leonardo de Figueroa, began the construction of the current temple, which was consecrated on October 22, 1724. In this new temple, parts of the old building are preserved, such as:<\/p><p class=\"translation-block\">The stone <strong>apse<\/strong> of the main chapel, which forces the use of the width of this construction in the main nave. Figueroa, in other temples where he worked without this impediment\u2014such as the Divino Salvador and San Luis de los Franceses\u2014executed dimensions very different from our parish church.<\/p>\t\t\t\t\t\t\t\t<\/div>\n\t\t\t\t<\/div>\n\t\t\t\t<div class=\"elementor-element elementor-element-2e8059a elementor-widget__width-inherit elementor-widget elementor-widget-image\" data-id=\"2e8059a\" data-element_type=\"widget\" data-e-type=\"widget\" data-widget_type=\"image.default\">\n\t\t\t\t<div class=\"elementor-widget-container\">\n\t\t\t\t\t\t\t\t\t\t\t\t\t\t\t\t<a href=\"https:\/\/rpmagdalena.org\/wp-content\/uploads\/2023\/05\/Exterior_abside1.jpeg\" data-elementor-open-lightbox=\"yes\" data-elementor-lightbox-title=\"Visi\u00f3n exterior del \u00c1bside\" data-e-action-hash=\"#elementor-action%3Aaction%3Dlightbox%26settings%3DeyJpZCI6MTYyNywidXJsIjoiaHR0cHM6XC9cL3JwbWFnZGFsZW5hLm9yZ1wvd3AtY29udGVudFwvdXBsb2Fkc1wvMjAyM1wvMDVcL0V4dGVyaW9yX2Fic2lkZTEuanBlZyJ9\">\n\t\t\t\t\t\t\t<img fetchpriority=\"high\" decoding=\"async\" width=\"644\" height=\"428\" src=\"https:\/\/rpmagdalena.org\/wp-content\/uploads\/2023\/05\/Exterior_abside1.jpeg\" class=\"attachment-full size-full wp-image-1627\" alt=\"\" srcset=\"https:\/\/rpmagdalena.org\/wp-content\/uploads\/2023\/05\/Exterior_abside1.jpeg 644w, https:\/\/rpmagdalena.org\/wp-content\/uploads\/2023\/05\/Exterior_abside1-300x199.jpeg 300w, https:\/\/rpmagdalena.org\/wp-content\/uploads\/2023\/05\/Exterior_abside1-391x260.jpeg 391w, https:\/\/rpmagdalena.org\/wp-content\/uploads\/2023\/05\/Exterior_abside1-18x12.jpeg 18w\" sizes=\"(max-width: 644px) 100vw, 644px\" \/>\t\t\t\t\t\t\t\t<\/a>\n\t\t\t\t\t\t\t\t\t\t\t\t\t\t\t<\/div>\n\t\t\t\t<\/div>\n\t\t\t\t<div class=\"elementor-element elementor-element-9ef496b elementor-widget__width-inherit elementor-widget elementor-widget-text-editor\" data-id=\"9ef496b\" data-element_type=\"widget\" data-e-type=\"widget\" data-widget_type=\"text-editor.default\">\n\t\t\t\t<div class=\"elementor-widget-container\">\n\t\t\t\t\t\t\t\t\t<p class=\"translation-block\">The <strong>Mud\u00e9jar chapels<\/strong> that form the current chapel of the Quinta Angustia are included in the new construction, maintaining the same width as the medieval temple and joining them, changing their direction to form a single chapel.<\/p>\t\t\t\t\t\t\t\t<\/div>\n\t\t\t\t<\/div>\n\t\t\t\t<div class=\"elementor-element elementor-element-c827fb2 elementor-widget__width-initial elementor-widget-mobile__width-initial elementor-widget elementor-widget-image\" data-id=\"c827fb2\" data-element_type=\"widget\" data-e-type=\"widget\" data-widget_type=\"image.default\">\n\t\t\t\t<div class=\"elementor-widget-container\">\n\t\t\t\t\t\t\t\t\t\t\t\t\t\t\t\t<a href=\"https:\/\/rpmagdalena.org\/wp-content\/uploads\/2023\/08\/Boveda-Quinta-Angustia--scaled.jpg\" data-elementor-open-lightbox=\"yes\" data-elementor-lightbox-title=\"Una de las c\u00fapulas de la Capilla de la  Quinta Angustia\" data-e-action-hash=\"#elementor-action%3Aaction%3Dlightbox%26settings%3DeyJpZCI6MzU0NSwidXJsIjoiaHR0cHM6XC9cL3JwbWFnZGFsZW5hLm9yZ1wvd3AtY29udGVudFwvdXBsb2Fkc1wvMjAyM1wvMDhcL0JvdmVkYS1RdWludGEtQW5ndXN0aWEtLXNjYWxlZC5qcGcifQ%3D%3D\">\n\t\t\t\t\t\t\t<img decoding=\"async\" width=\"2560\" height=\"2488\" src=\"https:\/\/rpmagdalena.org\/wp-content\/uploads\/2023\/08\/Boveda-Quinta-Angustia--scaled.jpg\" class=\"attachment-full size-full wp-image-3545\" alt=\"\" srcset=\"https:\/\/rpmagdalena.org\/wp-content\/uploads\/2023\/08\/Boveda-Quinta-Angustia--scaled.jpg 2560w, https:\/\/rpmagdalena.org\/wp-content\/uploads\/2023\/08\/Boveda-Quinta-Angustia--300x292.jpg 300w, https:\/\/rpmagdalena.org\/wp-content\/uploads\/2023\/08\/Boveda-Quinta-Angustia--1024x995.jpg 1024w, https:\/\/rpmagdalena.org\/wp-content\/uploads\/2023\/08\/Boveda-Quinta-Angustia--768x747.jpg 768w, https:\/\/rpmagdalena.org\/wp-content\/uploads\/2023\/08\/Boveda-Quinta-Angustia--1536x1493.jpg 1536w, https:\/\/rpmagdalena.org\/wp-content\/uploads\/2023\/08\/Boveda-Quinta-Angustia--2048x1991.jpg 2048w, https:\/\/rpmagdalena.org\/wp-content\/uploads\/2023\/08\/Boveda-Quinta-Angustia--12x12.jpg 12w, https:\/\/rpmagdalena.org\/wp-content\/uploads\/2023\/08\/Boveda-Quinta-Angustia--1320x1283.jpg 1320w\" sizes=\"(max-width: 2560px) 100vw, 2560px\" \/>\t\t\t\t\t\t\t\t<\/a>\n\t\t\t\t\t\t\t\t\t\t\t\t\t\t\t<\/div>\n\t\t\t\t<\/div>\n\t\t\t\t<div class=\"elementor-element elementor-element-590917b elementor-widget__width-initial elementor-widget-mobile__width-initial elementor-widget elementor-widget-image\" data-id=\"590917b\" data-element_type=\"widget\" data-e-type=\"widget\" data-widget_type=\"image.default\">\n\t\t\t\t<div class=\"elementor-widget-container\">\n\t\t\t\t\t\t\t\t\t\t\t\t\t\t\t\t<a href=\"https:\/\/rpmagdalena.org\/wp-content\/uploads\/2023\/05\/DETALLE_CPULA_CENTRAL.jpeg\" data-elementor-open-lightbox=\"yes\" data-elementor-lightbox-title=\"Detalle de una de las c\u00fapulas de la Capilla de la Quinta Angustia\" data-e-action-hash=\"#elementor-action%3Aaction%3Dlightbox%26settings%3DeyJpZCI6MTYyOSwidXJsIjoiaHR0cHM6XC9cL3JwbWFnZGFsZW5hLm9yZ1wvd3AtY29udGVudFwvdXBsb2Fkc1wvMjAyM1wvMDVcL0RFVEFMTEVfQ1BVTEFfQ0VOVFJBTC5qcGVnIn0%3D\">\n\t\t\t\t\t\t\t<img decoding=\"async\" width=\"456\" height=\"446\" src=\"https:\/\/rpmagdalena.org\/wp-content\/uploads\/2023\/05\/DETALLE_CPULA_CENTRAL.jpeg\" class=\"attachment-full size-full wp-image-1629\" alt=\"\" srcset=\"https:\/\/rpmagdalena.org\/wp-content\/uploads\/2023\/05\/DETALLE_CPULA_CENTRAL.jpeg 456w, https:\/\/rpmagdalena.org\/wp-content\/uploads\/2023\/05\/DETALLE_CPULA_CENTRAL-300x293.jpeg 300w, https:\/\/rpmagdalena.org\/wp-content\/uploads\/2023\/05\/DETALLE_CPULA_CENTRAL-12x12.jpeg 12w\" sizes=\"(max-width: 456px) 100vw, 456px\" \/>\t\t\t\t\t\t\t\t<\/a>\n\t\t\t\t\t\t\t\t\t\t\t\t\t\t\t<\/div>\n\t\t\t\t<\/div>\n\t\t\t\t<div class=\"elementor-element elementor-element-101c3aa elementor-widget__width-initial elementor-widget elementor-widget-text-editor\" data-id=\"101c3aa\" data-element_type=\"widget\" data-e-type=\"widget\" data-widget_type=\"text-editor.default\">\n\t\t\t\t<div class=\"elementor-widget-container\">\n\t\t\t\t\t\t\t\t\t<p class=\"translation-block\"><strong>External openings<\/strong>, bricked-up Mud\u00e9jar windows, facing San Pablo Street, can be observed on the sides of the ceramic altarpiece of the Christ of Calvary.<\/p><p>In this reconstruction, Figueroa demonstrated his intelligence and knowledge, creating one of the most impressive Baroque temples in the city over the elements of a medieval temple, with achieved polychromy, the exuberance of plasterwork, and the use of brick and tile.<\/p><p>It was a time of splendor in the community of the sons of Santo Domingo. Hence, the grandeur of the constructed temple speaks of a center of power: the power of God and the power of the Dominican Order, linked to the Holy Inquisition.<\/p>\t\t\t\t\t\t\t\t<\/div>\n\t\t\t\t<\/div>\n\t\t\t\t<div class=\"elementor-element elementor-element-063a4d3 elementor-widget__width-initial elementor-widget elementor-widget-image\" data-id=\"063a4d3\" data-element_type=\"widget\" data-e-type=\"widget\" data-widget_type=\"image.default\">\n\t\t\t\t<div class=\"elementor-widget-container\">\n\t\t\t\t\t\t\t\t\t\t\t\t<figure class=\"wp-caption\">\n\t\t\t\t\t\t\t\t\t\t\t<a href=\"https:\/\/rpmagdalena.org\/wp-content\/uploads\/2023\/05\/Elemento_Mudejar1.jpeg\" data-elementor-open-lightbox=\"yes\" data-elementor-lightbox-title=\"Vano mud\u00e9jar del edificio anterior.\" data-e-action-hash=\"#elementor-action%3Aaction%3Dlightbox%26settings%3DeyJpZCI6MTYzMCwidXJsIjoiaHR0cHM6XC9cL3JwbWFnZGFsZW5hLm9yZ1wvd3AtY29udGVudFwvdXBsb2Fkc1wvMjAyM1wvMDVcL0VsZW1lbnRvX011ZGVqYXIxLmpwZWcifQ%3D%3D\">\n\t\t\t\t\t\t\t<img loading=\"lazy\" decoding=\"async\" width=\"428\" height=\"644\" src=\"https:\/\/rpmagdalena.org\/wp-content\/uploads\/2023\/05\/Elemento_Mudejar1.jpeg\" class=\"attachment-full size-full wp-image-1630\" alt=\"\" srcset=\"https:\/\/rpmagdalena.org\/wp-content\/uploads\/2023\/05\/Elemento_Mudejar1.jpeg 428w, https:\/\/rpmagdalena.org\/wp-content\/uploads\/2023\/05\/Elemento_Mudejar1-199x300.jpeg 199w, https:\/\/rpmagdalena.org\/wp-content\/uploads\/2023\/05\/Elemento_Mudejar1-8x12.jpeg 8w\" sizes=\"(max-width: 428px) 100vw, 428px\" \/>\t\t\t\t\t\t\t\t<\/a>\n\t\t\t\t\t\t\t\t\t\t\t<figcaption class=\"widget-image-caption wp-caption-text\"><\/figcaption>\n\t\t\t\t\t\t\t\t\t\t<\/figure>\n\t\t\t\t\t\t\t\t\t<\/div>\n\t\t\t\t<\/div>\n\t\t\t\t<div class=\"elementor-element elementor-element-41110ca elementor-widget__width-inherit elementor-widget elementor-widget-text-editor\" data-id=\"41110ca\" data-element_type=\"widget\" data-e-type=\"widget\" data-widget_type=\"text-editor.default\">\n\t\t\t\t<div class=\"elementor-widget-container\">\n\t\t\t\t\t\t\t\t\t<p>Next to the door of San Pablo Street, three plaques recall important moments in the history of the temple:<\/p>\t\t\t\t\t\t\t\t<\/div>\n\t\t\t\t<\/div>\n\t\t\t\t<div class=\"elementor-element elementor-element-71d4cd3 elementor-widget__width-initial elementor-widget elementor-widget-image\" data-id=\"71d4cd3\" data-element_type=\"widget\" data-e-type=\"widget\" data-widget_type=\"image.default\">\n\t\t\t\t<div class=\"elementor-widget-container\">\n\t\t\t\t\t\t\t\t\t\t\t\t\t\t\t\t<a href=\"https:\/\/rpmagdalena.org\/wp-content\/uploads\/2023\/05\/lap1.jpg\" data-elementor-open-lightbox=\"yes\" data-elementor-lightbox-title=\"L\u00e1pida de construcci\u00f3n y consagraci\u00f3n del templo\" data-e-action-hash=\"#elementor-action%3Aaction%3Dlightbox%26settings%3DeyJpZCI6MTYzMiwidXJsIjoiaHR0cHM6XC9cL3JwbWFnZGFsZW5hLm9yZ1wvd3AtY29udGVudFwvdXBsb2Fkc1wvMjAyM1wvMDVcL2xhcDEuanBnIn0%3D\">\n\t\t\t\t\t\t\t<img loading=\"lazy\" decoding=\"async\" width=\"257\" height=\"347\" src=\"https:\/\/rpmagdalena.org\/wp-content\/uploads\/2023\/05\/lap1.jpg\" class=\"attachment-full size-full wp-image-1632\" alt=\"\" srcset=\"https:\/\/rpmagdalena.org\/wp-content\/uploads\/2023\/05\/lap1.jpg 257w, https:\/\/rpmagdalena.org\/wp-content\/uploads\/2023\/05\/lap1-222x300.jpg 222w, https:\/\/rpmagdalena.org\/wp-content\/uploads\/2023\/05\/lap1-9x12.jpg 9w\" sizes=\"(max-width: 257px) 100vw, 257px\" \/>\t\t\t\t\t\t\t\t<\/a>\n\t\t\t\t\t\t\t\t\t\t\t\t\t\t\t<\/div>\n\t\t\t\t<\/div>\n\t\t\t\t<div class=\"elementor-element elementor-element-ee7956f elementor-widget__width-initial elementor-widget elementor-widget-text-editor\" data-id=\"ee7956f\" data-element_type=\"widget\" data-e-type=\"widget\" data-widget_type=\"text-editor.default\">\n\t\t\t\t<div class=\"elementor-widget-container\">\n\t\t\t\t\t\t\t\t\t<p>Foundation date of the convent and consecration of the temple:<\/p><p><em>\"San Fernando III, King of Castile and Le\u00f3n, founded this convent of S. Pablo in the year MCCXLVIII when Seville was conquered. Its confessor was S. Pedro Gonz\u00e1lez Thelmo, the first prelate of the convent, who erected this magnificent temple. It was annexed to that of S. Juan de Letr\u00e1n in the year MCCXLVIII, and on October 22, MDCCXXIV, it was consecrated by the Most Excellent Mr. D. Luis Salzedo y Azcona, Archbishop of Seville.\"<\/em><\/p>\t\t\t\t\t\t\t\t<\/div>\n\t\t\t\t<\/div>\n\t\t\t\t<div class=\"elementor-element elementor-element-1436e31 elementor-widget__width-initial elementor-widget elementor-widget-text-editor\" data-id=\"1436e31\" data-element_type=\"widget\" data-e-type=\"widget\" data-widget_type=\"text-editor.default\">\n\t\t\t\t<div class=\"elementor-widget-container\">\n\t\t\t\t\t\t\t\t\t<p>Granting of indulgences on the occasion of its consecration<\/p><p><em>\"Our Most Holy Father Benedict XIII of the Sacred Order of Preachers, by his Bull given in Rome at S. Mariam Maiorem on September 22, MDCCXXIV, the first year of his pontificate, forever grants to all priests of the said Order that, when saying Mass at any of the altars of the Churches of their sacred Religion, they may release from Purgatory the soul of the deceased for whom they apply it.\"<\/em><\/p>\t\t\t\t\t\t\t\t<\/div>\n\t\t\t\t<\/div>\n\t\t\t\t<div class=\"elementor-element elementor-element-ae97c4d elementor-widget__width-initial elementor-widget elementor-widget-image\" data-id=\"ae97c4d\" data-element_type=\"widget\" data-e-type=\"widget\" data-widget_type=\"image.default\">\n\t\t\t\t<div class=\"elementor-widget-container\">\n\t\t\t\t\t\t\t\t\t\t\t\t\t\t\t\t<a href=\"https:\/\/rpmagdalena.org\/wp-content\/uploads\/2023\/05\/lap2.jpg\" data-elementor-open-lightbox=\"yes\" data-elementor-lightbox-title=\"L\u00e1pida de concesi\u00f3n de indulgencias con motivo de la consagraci\u00f3n del templo\" data-e-action-hash=\"#elementor-action%3Aaction%3Dlightbox%26settings%3DeyJpZCI6MTYzMywidXJsIjoiaHR0cHM6XC9cL3JwbWFnZGFsZW5hLm9yZ1wvd3AtY29udGVudFwvdXBsb2Fkc1wvMjAyM1wvMDVcL2xhcDIuanBnIn0%3D\">\n\t\t\t\t\t\t\t<img loading=\"lazy\" decoding=\"async\" width=\"274\" height=\"356\" src=\"https:\/\/rpmagdalena.org\/wp-content\/uploads\/2023\/05\/lap2.jpg\" class=\"attachment-full size-full wp-image-1633\" alt=\"\" srcset=\"https:\/\/rpmagdalena.org\/wp-content\/uploads\/2023\/05\/lap2.jpg 274w, https:\/\/rpmagdalena.org\/wp-content\/uploads\/2023\/05\/lap2-231x300.jpg 231w, https:\/\/rpmagdalena.org\/wp-content\/uploads\/2023\/05\/lap2-9x12.jpg 9w\" sizes=\"(max-width: 274px) 100vw, 274px\" \/>\t\t\t\t\t\t\t\t<\/a>\n\t\t\t\t\t\t\t\t\t\t\t\t\t\t\t<\/div>\n\t\t\t\t<\/div>\n\t\t\t\t<div class=\"elementor-element elementor-element-6f289df elementor-widget__width-initial elementor-widget elementor-widget-image\" data-id=\"6f289df\" data-element_type=\"widget\" data-e-type=\"widget\" data-widget_type=\"image.default\">\n\t\t\t\t<div class=\"elementor-widget-container\">\n\t\t\t\t\t\t\t\t\t\t\t\t\t\t\t\t<a href=\"https:\/\/rpmagdalena.org\/wp-content\/uploads\/2023\/05\/lap3.png\" data-elementor-open-lightbox=\"yes\" data-elementor-lightbox-title=\"L\u00e1pida de consagraci\u00f3n episcopal de Fray Bartolom\u00e9 de las Casas\" data-e-action-hash=\"#elementor-action%3Aaction%3Dlightbox%26settings%3DeyJpZCI6MTYzNCwidXJsIjoiaHR0cHM6XC9cL3JwbWFnZGFsZW5hLm9yZ1wvd3AtY29udGVudFwvdXBsb2Fkc1wvMjAyM1wvMDVcL2xhcDMucG5nIn0%3D\">\n\t\t\t\t\t\t\t<img loading=\"lazy\" decoding=\"async\" width=\"294\" height=\"195\" src=\"https:\/\/rpmagdalena.org\/wp-content\/uploads\/2023\/05\/lap3.png\" class=\"attachment-full size-full wp-image-1634\" alt=\"\" srcset=\"https:\/\/rpmagdalena.org\/wp-content\/uploads\/2023\/05\/lap3.png 294w, https:\/\/rpmagdalena.org\/wp-content\/uploads\/2023\/05\/lap3-18x12.png 18w\" sizes=\"(max-width: 294px) 100vw, 294px\" \/>\t\t\t\t\t\t\t\t<\/a>\n\t\t\t\t\t\t\t\t\t\t\t\t\t\t\t<\/div>\n\t\t\t\t<\/div>\n\t\t\t\t<div class=\"elementor-element elementor-element-5d53dff elementor-widget__width-initial elementor-widget elementor-widget-text-editor\" data-id=\"5d53dff\" data-element_type=\"widget\" data-e-type=\"widget\" data-widget_type=\"text-editor.default\">\n\t\t\t\t<div class=\"elementor-widget-container\">\n\t\t\t\t\t\t\t\t\t<p>Episcopal Consecration of Fray Bartolom\u00e9 de las Casas:<\/p><p><em>\"In this ancient Dominican convent of S. Pablo, on March 30, 1544, the Sevillian Fray Bartolom\u00e9 de las Casas was consecrated Bishop of Chiapas, protector of the Indians of the New World. May 1966, the fourth centenary of the death of this Spaniard in America.\"<\/em><\/p>\t\t\t\t\t\t\t\t<\/div>\n\t\t\t\t<\/div>\n\t\t\t\t<\/div>\n\t\t\t\t\t<\/div>\n\t\t\t\t<\/div>\n\t\t\t\t<\/div>","protected":false},"excerpt":{"rendered":"<p>Historia Fundaci\u00f3n de la Parroquia El Primitivo Templo Parroquial El Templo Conventual de San Pablo el Real El Templo actual Primera Sede de la Inquisici\u00f3n Un Templo misionero Sede de Antiguas Hermandades y Cofrad\u00edas En 1692, el m\u00e1s afamado de los arquitectos en la Sevilla de su tiempo, Leonardo de Figueroa, comienza la construcci\u00f3n del [&hellip;]<\/p>\n","protected":false},"author":1,"featured_media":0,"parent":93,"menu_order":0,"comment_status":"closed","ping_status":"closed","template":"","meta":{"footnotes":""},"class_list":["post-99","page","type-page","status-publish","hentry"],"_links":{"self":[{"href":"https:\/\/rpmagdalena.org\/en\/wp-json\/wp\/v2\/pages\/99","targetHints":{"allow":["GET"]}}],"collection":[{"href":"https:\/\/rpmagdalena.org\/en\/wp-json\/wp\/v2\/pages"}],"about":[{"href":"https:\/\/rpmagdalena.org\/en\/wp-json\/wp\/v2\/types\/page"}],"author":[{"embeddable":true,"href":"https:\/\/rpmagdalena.org\/en\/wp-json\/wp\/v2\/users\/1"}],"replies":[{"embeddable":true,"href":"https:\/\/rpmagdalena.org\/en\/wp-json\/wp\/v2\/comments?post=99"}],"version-history":[{"count":0,"href":"https:\/\/rpmagdalena.org\/en\/wp-json\/wp\/v2\/pages\/99\/revisions"}],"up":[{"embeddable":true,"href":"https:\/\/rpmagdalena.org\/en\/wp-json\/wp\/v2\/pages\/93"}],"wp:attachment":[{"href":"https:\/\/rpmagdalena.org\/en\/wp-json\/wp\/v2\/media?parent=99"}],"curies":[{"name":"wp","href":"https:\/\/api.w.org\/{rel}","templated":true}]}}