{"id":97,"date":"2023-05-20T09:43:37","date_gmt":"2023-05-20T07:43:37","guid":{"rendered":"https:\/\/adoring-golick.212-227-153-101.plesk.page\/?page_id=97"},"modified":"2024-02-23T10:03:18","modified_gmt":"2024-02-23T09:03:18","slug":"el-templo-conventual-de-san-pablo-el-real","status":"publish","type":"page","link":"https:\/\/rpmagdalena.org\/en\/historia\/el-templo-conventual-de-san-pablo-el-real\/","title":{"rendered":"The Conventual Temple of San Pablo el Real"},"content":{"rendered":"<div data-elementor-type=\"wp-page\" data-elementor-id=\"97\" class=\"elementor elementor-97\" data-elementor-post-type=\"page\">\n\t\t\t\t<div data-dce-background-image-url=\"https:\/\/rpmagdalena.org\/wp-content\/uploads\/2023\/06\/9.jpg\" class=\"elementor-element elementor-element-12501ff8 e-flex e-con-boxed e-con e-parent\" data-id=\"12501ff8\" data-element_type=\"container\" data-e-type=\"container\" data-settings=\"{&quot;background_background&quot;:&quot;classic&quot;}\">\n\t\t\t\t\t<div class=\"e-con-inner\">\n\t\t\t\t<div class=\"elementor-element elementor-element-5e020090 elementor-widget elementor-widget-heading\" data-id=\"5e020090\" data-element_type=\"widget\" data-e-type=\"widget\" data-widget_type=\"heading.default\">\n\t\t\t\t<div class=\"elementor-widget-container\">\n\t\t\t\t\t<h1 class=\"elementor-heading-title elementor-size-default\">The Conventual Temple of San Pablo el Real<\/h1>\t\t\t\t<\/div>\n\t\t\t\t<\/div>\n\t\t\t\t\t<\/div>\n\t\t\t\t<\/div>\n\t\t<div class=\"elementor-element elementor-element-1f80988 e-flex e-con-boxed e-con e-parent\" data-id=\"1f80988\" data-element_type=\"container\" data-e-type=\"container\">\n\t\t\t\t\t<div class=\"e-con-inner\">\n\t\t<div class=\"elementor-element elementor-element-649284f e-con-full e-flex e-con e-parent\" data-id=\"649284f\" data-element_type=\"container\" data-e-type=\"container\" data-settings=\"{&quot;background_background&quot;:&quot;classic&quot;}\">\n\t\t\t\t<div class=\"elementor-element elementor-element-e4ed381 elementor-widget elementor-widget-heading\" data-id=\"e4ed381\" data-element_type=\"widget\" data-e-type=\"widget\" data-widget_type=\"heading.default\">\n\t\t\t\t<div class=\"elementor-widget-container\">\n\t\t\t\t\t<p class=\"elementor-heading-title elementor-size-default\">History<\/p>\t\t\t\t<\/div>\n\t\t\t\t<\/div>\n\t\t\t\t<div class=\"elementor-element elementor-element-e0117cc elementor-align-start elementor-icon-list--layout-traditional elementor-list-item-link-full_width elementor-widget elementor-widget-icon-list\" data-id=\"e0117cc\" data-element_type=\"widget\" data-e-type=\"widget\" data-widget_type=\"icon-list.default\">\n\t\t\t\t<div class=\"elementor-widget-container\">\n\t\t\t\t\t\t\t<ul class=\"elementor-icon-list-items\">\n\t\t\t\t\t\t\t<li class=\"elementor-icon-list-item\">\n\t\t\t\t\t\t\t\t\t\t\t<a href=\"https:\/\/rpmagdalena.org\/en\/historia\/\">\n\n\t\t\t\t\t\t\t\t\t\t\t\t<span class=\"elementor-icon-list-icon\">\n\t\t\t\t\t\t\t<svg aria-hidden=\"true\" class=\"e-font-icon-svg e-fas-circle\" viewbox=\"0 0 512 512\" xmlns=\"http:\/\/www.w3.org\/2000\/svg\"><path d=\"M256 8C119 8 8 119 8 256s111 248 248 248 248-111 248-248S393 8 256 8z\"><\/path><\/svg>\t\t\t\t\t\t<\/span>\n\t\t\t\t\t\t\t\t\t\t<span class=\"elementor-icon-list-text\">Foundation of the Parish<\/span>\n\t\t\t\t\t\t\t\t\t\t\t<\/a>\n\t\t\t\t\t\t\t\t\t<\/li>\n\t\t\t\t\t\t\t\t<li class=\"elementor-icon-list-item\">\n\t\t\t\t\t\t\t\t\t\t\t<a href=\"https:\/\/rpmagdalena.org\/en\/historia\/el-primitivo-templo-parroquial\/\">\n\n\t\t\t\t\t\t\t\t\t\t\t\t<span class=\"elementor-icon-list-icon\">\n\t\t\t\t\t\t\t<svg aria-hidden=\"true\" class=\"e-font-icon-svg e-fas-circle\" viewbox=\"0 0 512 512\" xmlns=\"http:\/\/www.w3.org\/2000\/svg\"><path d=\"M256 8C119 8 8 119 8 256s111 248 248 248 248-111 248-248S393 8 256 8z\"><\/path><\/svg>\t\t\t\t\t\t<\/span>\n\t\t\t\t\t\t\t\t\t\t<span class=\"elementor-icon-list-text\">The Primitive Parish Church<\/span>\n\t\t\t\t\t\t\t\t\t\t\t<\/a>\n\t\t\t\t\t\t\t\t\t<\/li>\n\t\t\t\t\t\t\t\t<li class=\"elementor-icon-list-item\">\n\t\t\t\t\t\t\t\t\t\t\t<a href=\"https:\/\/rpmagdalena.org\/en\/historia\/el-templo-conventual-de-san-pablo-el-real\/\">\n\n\t\t\t\t\t\t\t\t\t\t\t\t<span class=\"elementor-icon-list-icon\">\n\t\t\t\t\t\t\t<svg aria-hidden=\"true\" class=\"e-font-icon-svg e-fas-circle\" viewbox=\"0 0 512 512\" xmlns=\"http:\/\/www.w3.org\/2000\/svg\"><path d=\"M256 8C119 8 8 119 8 256s111 248 248 248 248-111 248-248S393 8 256 8z\"><\/path><\/svg>\t\t\t\t\t\t<\/span>\n\t\t\t\t\t\t\t\t\t\t<span class=\"elementor-icon-list-text\">The Conventual Temple of San Pablo el Real<\/span>\n\t\t\t\t\t\t\t\t\t\t\t<\/a>\n\t\t\t\t\t\t\t\t\t<\/li>\n\t\t\t\t\t\t\t\t<li class=\"elementor-icon-list-item\">\n\t\t\t\t\t\t\t\t\t\t\t<a href=\"https:\/\/rpmagdalena.org\/en\/historia\/el-templo-actual\/\">\n\n\t\t\t\t\t\t\t\t\t\t\t\t<span class=\"elementor-icon-list-icon\">\n\t\t\t\t\t\t\t<svg aria-hidden=\"true\" class=\"e-font-icon-svg e-fas-circle\" viewbox=\"0 0 512 512\" xmlns=\"http:\/\/www.w3.org\/2000\/svg\"><path d=\"M256 8C119 8 8 119 8 256s111 248 248 248 248-111 248-248S393 8 256 8z\"><\/path><\/svg>\t\t\t\t\t\t<\/span>\n\t\t\t\t\t\t\t\t\t\t<span class=\"elementor-icon-list-text\">The present Temple<\/span>\n\t\t\t\t\t\t\t\t\t\t\t<\/a>\n\t\t\t\t\t\t\t\t\t<\/li>\n\t\t\t\t\t\t\t\t<li class=\"elementor-icon-list-item\">\n\t\t\t\t\t\t\t\t\t\t\t<a href=\"https:\/\/rpmagdalena.org\/en\/historia\/primera-sede-de-la-inquisicion\/\">\n\n\t\t\t\t\t\t\t\t\t\t\t\t<span class=\"elementor-icon-list-icon\">\n\t\t\t\t\t\t\t<svg aria-hidden=\"true\" class=\"e-font-icon-svg e-fas-circle\" viewbox=\"0 0 512 512\" xmlns=\"http:\/\/www.w3.org\/2000\/svg\"><path d=\"M256 8C119 8 8 119 8 256s111 248 248 248 248-111 248-248S393 8 256 8z\"><\/path><\/svg>\t\t\t\t\t\t<\/span>\n\t\t\t\t\t\t\t\t\t\t<span class=\"elementor-icon-list-text\">First Seat of the Inquisition<\/span>\n\t\t\t\t\t\t\t\t\t\t\t<\/a>\n\t\t\t\t\t\t\t\t\t<\/li>\n\t\t\t\t\t\t\t\t<li class=\"elementor-icon-list-item\">\n\t\t\t\t\t\t\t\t\t\t\t<a href=\"https:\/\/rpmagdalena.org\/en\/historia\/un-templo-misionero\/\">\n\n\t\t\t\t\t\t\t\t\t\t\t\t<span class=\"elementor-icon-list-icon\">\n\t\t\t\t\t\t\t<svg aria-hidden=\"true\" class=\"e-font-icon-svg e-fas-circle\" viewbox=\"0 0 512 512\" xmlns=\"http:\/\/www.w3.org\/2000\/svg\"><path d=\"M256 8C119 8 8 119 8 256s111 248 248 248 248-111 248-248S393 8 256 8z\"><\/path><\/svg>\t\t\t\t\t\t<\/span>\n\t\t\t\t\t\t\t\t\t\t<span class=\"elementor-icon-list-text\">A missionary temple<\/span>\n\t\t\t\t\t\t\t\t\t\t\t<\/a>\n\t\t\t\t\t\t\t\t\t<\/li>\n\t\t\t\t\t\t\t\t<li class=\"elementor-icon-list-item\">\n\t\t\t\t\t\t\t\t\t\t\t<a href=\"https:\/\/rpmagdalena.org\/en\/historia\/sede-de-antiguas-hermandades-y-cofradias\/\">\n\n\t\t\t\t\t\t\t\t\t\t\t\t<span class=\"elementor-icon-list-icon\">\n\t\t\t\t\t\t\t<svg aria-hidden=\"true\" class=\"e-font-icon-svg e-fas-circle\" viewbox=\"0 0 512 512\" xmlns=\"http:\/\/www.w3.org\/2000\/svg\"><path d=\"M256 8C119 8 8 119 8 256s111 248 248 248 248-111 248-248S393 8 256 8z\"><\/path><\/svg>\t\t\t\t\t\t<\/span>\n\t\t\t\t\t\t\t\t\t\t<span class=\"elementor-icon-list-text\">Headquarters of Former Brotherhoods and Guilds<\/span>\n\t\t\t\t\t\t\t\t\t\t\t<\/a>\n\t\t\t\t\t\t\t\t\t<\/li>\n\t\t\t\t\t\t<\/ul>\n\t\t\t\t\t\t<\/div>\n\t\t\t\t<\/div>\n\t\t\t\t<\/div>\n\t\t<div class=\"elementor-element elementor-element-3e61636 e-con-full e-flex e-con e-parent\" data-id=\"3e61636\" data-element_type=\"container\" data-e-type=\"container\">\n\t\t\t\t<div class=\"elementor-element elementor-element-bcb8c65 elementor-widget__width-inherit elementor-widget elementor-widget-image\" data-id=\"bcb8c65\" data-element_type=\"widget\" data-e-type=\"widget\" data-widget_type=\"image.default\">\n\t\t\t\t<div class=\"elementor-widget-container\">\n\t\t\t\t\t\t\t\t\t\t\t\t\t\t\t\t<a href=\"https:\/\/rpmagdalena.org\/wp-content\/uploads\/2023\/05\/escudo.png\" data-elementor-open-lightbox=\"yes\" data-elementor-lightbox-title=\"escudo\" data-e-action-hash=\"#elementor-action%3Aaction%3Dlightbox%26settings%3DeyJpZCI6MTYyMCwidXJsIjoiaHR0cHM6XC9cL3JwbWFnZGFsZW5hLm9yZ1wvd3AtY29udGVudFwvdXBsb2Fkc1wvMjAyM1wvMDVcL2VzY3Vkby5wbmcifQ%3D%3D\">\n\t\t\t\t\t\t\t<img fetchpriority=\"high\" decoding=\"async\" width=\"246\" height=\"257\" src=\"https:\/\/rpmagdalena.org\/wp-content\/uploads\/2023\/05\/escudo.png\" class=\"attachment-full size-full wp-image-1620\" alt=\"\" srcset=\"https:\/\/rpmagdalena.org\/wp-content\/uploads\/2023\/05\/escudo.png 246w, https:\/\/rpmagdalena.org\/wp-content\/uploads\/2023\/05\/escudo-11x12.png 11w\" sizes=\"(max-width: 246px) 100vw, 246px\" \/>\t\t\t\t\t\t\t\t<\/a>\n\t\t\t\t\t\t\t\t\t\t\t\t\t\t\t<\/div>\n\t\t\t\t<\/div>\n\t\t\t\t<div class=\"elementor-element elementor-element-af3fe45 elementor-widget__width-inherit elementor-widget elementor-widget-text-editor\" data-id=\"af3fe45\" data-element_type=\"widget\" data-e-type=\"widget\" data-widget_type=\"text-editor.default\">\n\t\t\t\t<div class=\"elementor-widget-container\">\n\t\t\t\t\t\t\t\t\t<p>The current parish church of Santa Mar\u00eda Magdalena was previously the conventual church of San Pablo el Real, of which only the church remains today. The rest of the numerous and notable conventual dependencies have completely disappeared.<\/p>\t\t\t\t\t\t\t\t<\/div>\n\t\t\t\t<\/div>\n\t\t\t\t<div class=\"elementor-element elementor-element-42d72ca elementor-widget__width-initial elementor-widget-mobile__width-inherit elementor-widget elementor-widget-image\" data-id=\"42d72ca\" data-element_type=\"widget\" data-e-type=\"widget\" data-widget_type=\"image.default\">\n\t\t\t\t<div class=\"elementor-widget-container\">\n\t\t\t\t\t\t\t\t\t\t\t\t<figure class=\"wp-caption\">\n\t\t\t\t\t\t\t\t\t\t\t<a href=\"https:\/\/rpmagdalena.org\/wp-content\/uploads\/2023\/05\/CLAUSTRO-DE-SAN-PABLO-EL-REAL.jpg\" data-elementor-open-lightbox=\"yes\" data-elementor-lightbox-title=\"CLAUSTRO DE SAN PABLO EL REAL\" data-e-action-hash=\"#elementor-action%3Aaction%3Dlightbox%26settings%3DeyJpZCI6MTYyMSwidXJsIjoiaHR0cHM6XC9cL3JwbWFnZGFsZW5hLm9yZ1wvd3AtY29udGVudFwvdXBsb2Fkc1wvMjAyM1wvMDVcL0NMQVVTVFJPLURFLVNBTi1QQUJMTy1FTC1SRUFMLmpwZyJ9\">\n\t\t\t\t\t\t\t<img decoding=\"async\" width=\"387\" height=\"543\" src=\"https:\/\/rpmagdalena.org\/wp-content\/uploads\/2023\/05\/CLAUSTRO-DE-SAN-PABLO-EL-REAL.jpg\" class=\"attachment-full size-full wp-image-1621\" alt=\"\" srcset=\"https:\/\/rpmagdalena.org\/wp-content\/uploads\/2023\/05\/CLAUSTRO-DE-SAN-PABLO-EL-REAL.jpg 387w, https:\/\/rpmagdalena.org\/wp-content\/uploads\/2023\/05\/CLAUSTRO-DE-SAN-PABLO-EL-REAL-214x300.jpg 214w, https:\/\/rpmagdalena.org\/wp-content\/uploads\/2023\/05\/CLAUSTRO-DE-SAN-PABLO-EL-REAL-9x12.jpg 9w\" sizes=\"(max-width: 387px) 100vw, 387px\" \/>\t\t\t\t\t\t\t\t<\/a>\n\t\t\t\t\t\t\t\t\t\t\t<figcaption class=\"widget-image-caption wp-caption-text\">Claustro a principios del siglo XX<\/figcaption>\n\t\t\t\t\t\t\t\t\t\t<\/figure>\n\t\t\t\t\t\t\t\t\t<\/div>\n\t\t\t\t<\/div>\n\t\t\t\t<div class=\"elementor-element elementor-element-2c76db8 elementor-widget__width-initial elementor-widget elementor-widget-text-editor\" data-id=\"2c76db8\" data-element_type=\"widget\" data-e-type=\"widget\" data-widget_type=\"text-editor.default\">\n\t\t\t\t<div class=\"elementor-widget-container\">\n\t\t\t\t\t\t\t\t\t<p>\"The beautiful cloister was adorned up to half with the finest tiles featuring a variety of paintings; from the other half up to the top of the vaults, the life of the glorious apostle Saint Paul is intricately depicted with rare skill and visible paintings... and at the top, there are some allusions to the Old Testament, such as the Apostles, the Doctors of the Church, and those of our Order\" (RAMIREZ DE SOL\u00d3RZANO, History of the Holy and Royal Convent of San Pablo de Sevilla, 1625).<\/p><p class=\"translation-block\">Such was its architectural grandeur that the French Dominican Father Labat, traveling through Andalusia, stated: \"San Pablo, more than a convent, seems like a village\" (LABAT, J. B.: <em>Voyages en Espagne et Italia<\/em>, vol. I, Paris, Rue Saint Jacques, 1730, p. 365). In the 20th century, what remained of the cloister was demolished, and the space was expanded into the Col\u00f3n Hotel and extended Cristo del Calvario Street to Canalejas Street.<\/p><p>\u00a0<\/p>\t\t\t\t\t\t\t\t<\/div>\n\t\t\t\t<\/div>\n\t\t\t\t<div class=\"elementor-element elementor-element-e92b8a0 elementor-widget__width-inherit elementor-widget elementor-widget-text-editor\" data-id=\"e92b8a0\" data-element_type=\"widget\" data-e-type=\"widget\" data-widget_type=\"text-editor.default\">\n\t\t\t\t<div class=\"elementor-widget-container\">\n\t\t\t\t\t\t\t\t\t<p>As previously mentioned, the foundation of the convent is attributed to King San Fernando. Its first church was likely, once again, a repurposing of an Almohad mosque. The original temple was destroyed by a fire in 1350.<\/p>\t\t\t\t\t\t\t\t<\/div>\n\t\t\t\t<\/div>\n\t\t\t\t<div class=\"elementor-element elementor-element-9c18232 elementor-widget__width-initial elementor-widget elementor-widget-text-editor\" data-id=\"9c18232\" data-element_type=\"widget\" data-e-type=\"widget\" data-widget_type=\"text-editor.default\">\n\t\t\t\t<div class=\"elementor-widget-container\">\n\t\t\t\t\t\t\t\t\t<p>The construction of the 14th-century temple was supported by King Pedro I with substantial donations; he even bequeathed five hundred \"doblas\" (a Castilian gold coin) to the convent in his will. The reason for this royal generosity might have been the healing of a severe illness through the intercession of the Virgin of Fevers, to whom King Pedro I was devoted, possibly influenced by his mother, Do\u00f1a Mar\u00eda de Portugal.<\/p><p>The legend states that when Pedro I was seriously ill, his mother, Mar\u00eda de Portugal, prayed to the Virgin of Fevers (a terracotta image located in the convent cloister), promising her a statue of her son in a praying posture made of silver. As the king recovered, both he and his mother fulfilled the promise and donated the mentioned work to be placed at the feet of the Virgin. Unfortunately, Enrique de Trast\u00e1mara's victory advised against keeping the effigy in its place, and it disappeared without any further news about it since then.<\/p>\t\t\t\t\t\t\t\t<\/div>\n\t\t\t\t<\/div>\n\t\t\t\t<div class=\"elementor-element elementor-element-493658f elementor-widget__width-initial elementor-widget-mobile__width-inherit elementor-widget elementor-widget-image\" data-id=\"493658f\" data-element_type=\"widget\" data-e-type=\"widget\" data-widget_type=\"image.default\">\n\t\t\t\t<div class=\"elementor-widget-container\">\n\t\t\t\t\t\t\t\t\t\t\t\t<figure class=\"wp-caption\">\n\t\t\t\t\t\t\t\t\t\t\t<a href=\"https:\/\/rpmagdalena.org\/wp-content\/uploads\/2023\/05\/MAGDALENA-Sta-Rosa-004.jpg\" data-elementor-open-lightbox=\"yes\" data-elementor-lightbox-title=\"Virgen de las Fiebres\" data-e-action-hash=\"#elementor-action%3Aaction%3Dlightbox%26settings%3DeyJpZCI6MTYyMiwidXJsIjoiaHR0cHM6XC9cL3JwbWFnZGFsZW5hLm9yZ1wvd3AtY29udGVudFwvdXBsb2Fkc1wvMjAyM1wvMDVcL01BR0RBTEVOQS1TdGEtUm9zYS0wMDQuanBnIn0%3D\">\n\t\t\t\t\t\t\t<img decoding=\"async\" width=\"360\" height=\"480\" src=\"https:\/\/rpmagdalena.org\/wp-content\/uploads\/2023\/05\/MAGDALENA-Sta-Rosa-004.jpg\" class=\"attachment-full size-full wp-image-1622\" alt=\"\" srcset=\"https:\/\/rpmagdalena.org\/wp-content\/uploads\/2023\/05\/MAGDALENA-Sta-Rosa-004.jpg 360w, https:\/\/rpmagdalena.org\/wp-content\/uploads\/2023\/05\/MAGDALENA-Sta-Rosa-004-225x300.jpg 225w, https:\/\/rpmagdalena.org\/wp-content\/uploads\/2023\/05\/MAGDALENA-Sta-Rosa-004-300x400.jpg 300w, https:\/\/rpmagdalena.org\/wp-content\/uploads\/2023\/05\/MAGDALENA-Sta-Rosa-004-9x12.jpg 9w\" sizes=\"(max-width: 360px) 100vw, 360px\" \/>\t\t\t\t\t\t\t\t<\/a>\n\t\t\t\t\t\t\t\t\t\t\t<figcaption class=\"widget-image-caption wp-caption-text\">Virgin of the Fevers <\/figcaption>\n\t\t\t\t\t\t\t\t\t\t<\/figure>\n\t\t\t\t\t\t\t\t\t<\/div>\n\t\t\t\t<\/div>\n\t\t\t\t<div class=\"elementor-element elementor-element-ccda274 elementor-widget__width-inherit elementor-widget elementor-widget-text-editor\" data-id=\"ccda274\" data-element_type=\"widget\" data-e-type=\"widget\" data-widget_type=\"text-editor.default\">\n\t\t\t\t<div class=\"elementor-widget-container\">\n\t\t\t\t\t\t\t\t\t<p>The importance of the old 14th-century temple is evident in the three detached chapels - possibly sepulchral - belonging to the Medina, Rosales, and G\u00f3mez de Espinosa families, which now constitute the chapel of the Brotherhood of La Quinta Angustia. In addition to other images, the Renaissance image of San Pablo in the main altarpiece and the Crucifix, attributed to Juan Bautista V\u00e1zquez \"el Viejo,\" which is venerated at the entrance of the sacristy, are also preserved.<\/p>\t\t\t\t\t\t\t\t<\/div>\n\t\t\t\t<\/div>\n\t\t\t\t<div class=\"elementor-element elementor-element-579fbab elementor-widget__width-inherit elementor-widget elementor-widget-text-editor\" data-id=\"579fbab\" data-element_type=\"widget\" data-e-type=\"widget\" data-widget_type=\"text-editor.default\">\n\t\t\t\t<div class=\"elementor-widget-container\">\n\t\t\t\t\t\t\t\t\t<p>In the 16th century, part of the roof collapsed, leading to the construction of the main chapel. However, in 1691, the temple collapsed definitively, with the construction of the said chapel being the only part that was spared.\u00a0<\/p>\t\t\t\t\t\t\t\t<\/div>\n\t\t\t\t<\/div>\n\t\t\t\t<div class=\"elementor-element elementor-element-5bbd7b3 elementor-widget__width-inherit elementor-widget elementor-widget-image\" data-id=\"5bbd7b3\" data-element_type=\"widget\" data-e-type=\"widget\" data-widget_type=\"image.default\">\n\t\t\t\t<div class=\"elementor-widget-container\">\n\t\t\t\t\t\t\t\t\t\t\t\t<figure class=\"wp-caption\">\n\t\t\t\t\t\t\t\t\t\t\t<a href=\"https:\/\/rpmagdalena.org\/wp-content\/uploads\/2023\/08\/Boveda-Quinta-Angustia--scaled.jpg\" data-elementor-open-lightbox=\"yes\" data-elementor-lightbox-title=\"Una de las c\u00fapulas de la Capilla de la  Quinta Angustia\" data-e-action-hash=\"#elementor-action%3Aaction%3Dlightbox%26settings%3DeyJpZCI6MzU0NSwidXJsIjoiaHR0cHM6XC9cL3JwbWFnZGFsZW5hLm9yZ1wvd3AtY29udGVudFwvdXBsb2Fkc1wvMjAyM1wvMDhcL0JvdmVkYS1RdWludGEtQW5ndXN0aWEtLXNjYWxlZC5qcGcifQ%3D%3D\">\n\t\t\t\t\t\t\t<img loading=\"lazy\" decoding=\"async\" width=\"2560\" height=\"2488\" src=\"https:\/\/rpmagdalena.org\/wp-content\/uploads\/2023\/08\/Boveda-Quinta-Angustia--scaled.jpg\" class=\"attachment-full size-full wp-image-3545\" alt=\"\" srcset=\"https:\/\/rpmagdalena.org\/wp-content\/uploads\/2023\/08\/Boveda-Quinta-Angustia--scaled.jpg 2560w, https:\/\/rpmagdalena.org\/wp-content\/uploads\/2023\/08\/Boveda-Quinta-Angustia--300x292.jpg 300w, https:\/\/rpmagdalena.org\/wp-content\/uploads\/2023\/08\/Boveda-Quinta-Angustia--1024x995.jpg 1024w, https:\/\/rpmagdalena.org\/wp-content\/uploads\/2023\/08\/Boveda-Quinta-Angustia--768x747.jpg 768w, https:\/\/rpmagdalena.org\/wp-content\/uploads\/2023\/08\/Boveda-Quinta-Angustia--1536x1493.jpg 1536w, https:\/\/rpmagdalena.org\/wp-content\/uploads\/2023\/08\/Boveda-Quinta-Angustia--2048x1991.jpg 2048w, https:\/\/rpmagdalena.org\/wp-content\/uploads\/2023\/08\/Boveda-Quinta-Angustia--12x12.jpg 12w, https:\/\/rpmagdalena.org\/wp-content\/uploads\/2023\/08\/Boveda-Quinta-Angustia--1320x1283.jpg 1320w\" sizes=\"(max-width: 2560px) 100vw, 2560px\" \/>\t\t\t\t\t\t\t\t<\/a>\n\t\t\t\t\t\t\t\t\t\t\t<figcaption class=\"widget-image-caption wp-caption-text\">\"One of the Mud\u00e9jar domes of the Chapel of La Quinta Angustia.\"<\/figcaption>\n\t\t\t\t\t\t\t\t\t\t<\/figure>\n\t\t\t\t\t\t\t\t\t<\/div>\n\t\t\t\t<\/div>\n\t\t\t\t<\/div>\n\t\t\t\t\t<\/div>\n\t\t\t\t<\/div>\n\t\t\t\t<\/div>","protected":false},"excerpt":{"rendered":"<p>Historia Fundaci\u00f3n de la Parroquia El Primitivo Templo Parroquial El Templo Conventual de San Pablo el Real El Templo actual Primera Sede de la Inquisici\u00f3n Un Templo misionero Sede de Antiguas Hermandades y Cofrad\u00edas La actual iglesia parroquial de Santa Mar\u00eda Magdalena fue anteriormente templo conventual de San Pablo el Real, del que se conserva [&hellip;]<\/p>\n","protected":false},"author":1,"featured_media":0,"parent":93,"menu_order":0,"comment_status":"closed","ping_status":"closed","template":"","meta":{"footnotes":""},"class_list":["post-97","page","type-page","status-publish","hentry"],"_links":{"self":[{"href":"https:\/\/rpmagdalena.org\/en\/wp-json\/wp\/v2\/pages\/97","targetHints":{"allow":["GET"]}}],"collection":[{"href":"https:\/\/rpmagdalena.org\/en\/wp-json\/wp\/v2\/pages"}],"about":[{"href":"https:\/\/rpmagdalena.org\/en\/wp-json\/wp\/v2\/types\/page"}],"author":[{"embeddable":true,"href":"https:\/\/rpmagdalena.org\/en\/wp-json\/wp\/v2\/users\/1"}],"replies":[{"embeddable":true,"href":"https:\/\/rpmagdalena.org\/en\/wp-json\/wp\/v2\/comments?post=97"}],"version-history":[{"count":0,"href":"https:\/\/rpmagdalena.org\/en\/wp-json\/wp\/v2\/pages\/97\/revisions"}],"up":[{"embeddable":true,"href":"https:\/\/rpmagdalena.org\/en\/wp-json\/wp\/v2\/pages\/93"}],"wp:attachment":[{"href":"https:\/\/rpmagdalena.org\/en\/wp-json\/wp\/v2\/media?parent=97"}],"curies":[{"name":"wp","href":"https:\/\/api.w.org\/{rel}","templated":true}]}}