{"id":95,"date":"2023-05-20T09:43:19","date_gmt":"2023-05-20T07:43:19","guid":{"rendered":"https:\/\/adoring-golick.212-227-153-101.plesk.page\/?page_id=95"},"modified":"2023-08-24T19:19:22","modified_gmt":"2023-08-24T17:19:22","slug":"el-primitivo-templo-parroquial","status":"publish","type":"page","link":"https:\/\/rpmagdalena.org\/en\/historia\/el-primitivo-templo-parroquial\/","title":{"rendered":"The Primitive Parish Church"},"content":{"rendered":"<div data-elementor-type=\"wp-page\" data-elementor-id=\"95\" class=\"elementor elementor-95\" data-elementor-post-type=\"page\">\n\t\t\t\t<div data-dce-background-image-url=\"https:\/\/rpmagdalena.org\/wp-content\/uploads\/2023\/06\/9.jpg\" class=\"elementor-element elementor-element-55f23c7d e-flex e-con-boxed e-con e-parent\" data-id=\"55f23c7d\" data-element_type=\"container\" data-e-type=\"container\" data-settings=\"{&quot;background_background&quot;:&quot;classic&quot;}\">\n\t\t\t\t\t<div class=\"e-con-inner\">\n\t\t\t\t<div class=\"elementor-element elementor-element-54fcc79a elementor-widget elementor-widget-heading\" data-id=\"54fcc79a\" data-element_type=\"widget\" data-e-type=\"widget\" data-widget_type=\"heading.default\">\n\t\t\t\t<div class=\"elementor-widget-container\">\n\t\t\t\t\t<h1 class=\"elementor-heading-title elementor-size-default\">The Primitive Parish Church<\/h1>\t\t\t\t<\/div>\n\t\t\t\t<\/div>\n\t\t\t\t\t<\/div>\n\t\t\t\t<\/div>\n\t\t<div class=\"elementor-element elementor-element-6a5b908a e-flex e-con-boxed e-con e-parent\" data-id=\"6a5b908a\" data-element_type=\"container\" data-e-type=\"container\">\n\t\t\t\t\t<div class=\"e-con-inner\">\n\t\t<div class=\"elementor-element elementor-element-ef34cbc e-con-full e-flex e-con e-parent\" data-id=\"ef34cbc\" data-element_type=\"container\" data-e-type=\"container\" data-settings=\"{&quot;background_background&quot;:&quot;classic&quot;}\">\n\t\t\t\t<div class=\"elementor-element elementor-element-240b446 elementor-widget elementor-widget-heading\" data-id=\"240b446\" data-element_type=\"widget\" data-e-type=\"widget\" data-widget_type=\"heading.default\">\n\t\t\t\t<div class=\"elementor-widget-container\">\n\t\t\t\t\t<p class=\"elementor-heading-title elementor-size-default\">History<\/p>\t\t\t\t<\/div>\n\t\t\t\t<\/div>\n\t\t\t\t<div class=\"elementor-element elementor-element-917788b elementor-align-start elementor-icon-list--layout-traditional elementor-list-item-link-full_width elementor-widget elementor-widget-icon-list\" data-id=\"917788b\" data-element_type=\"widget\" data-e-type=\"widget\" data-widget_type=\"icon-list.default\">\n\t\t\t\t<div class=\"elementor-widget-container\">\n\t\t\t\t\t\t\t<ul class=\"elementor-icon-list-items\">\n\t\t\t\t\t\t\t<li class=\"elementor-icon-list-item\">\n\t\t\t\t\t\t\t\t\t\t\t<a href=\"https:\/\/rpmagdalena.org\/en\/historia\/\">\n\n\t\t\t\t\t\t\t\t\t\t\t\t<span class=\"elementor-icon-list-icon\">\n\t\t\t\t\t\t\t<svg aria-hidden=\"true\" class=\"e-font-icon-svg e-fas-circle\" viewbox=\"0 0 512 512\" xmlns=\"http:\/\/www.w3.org\/2000\/svg\"><path d=\"M256 8C119 8 8 119 8 256s111 248 248 248 248-111 248-248S393 8 256 8z\"><\/path><\/svg>\t\t\t\t\t\t<\/span>\n\t\t\t\t\t\t\t\t\t\t<span class=\"elementor-icon-list-text\">Foundation of the Parish<\/span>\n\t\t\t\t\t\t\t\t\t\t\t<\/a>\n\t\t\t\t\t\t\t\t\t<\/li>\n\t\t\t\t\t\t\t\t<li class=\"elementor-icon-list-item\">\n\t\t\t\t\t\t\t\t\t\t\t<a href=\"https:\/\/rpmagdalena.org\/en\/historia\/el-primitivo-templo-parroquial\/\">\n\n\t\t\t\t\t\t\t\t\t\t\t\t<span class=\"elementor-icon-list-icon\">\n\t\t\t\t\t\t\t<svg aria-hidden=\"true\" class=\"e-font-icon-svg e-fas-circle\" viewbox=\"0 0 512 512\" xmlns=\"http:\/\/www.w3.org\/2000\/svg\"><path d=\"M256 8C119 8 8 119 8 256s111 248 248 248 248-111 248-248S393 8 256 8z\"><\/path><\/svg>\t\t\t\t\t\t<\/span>\n\t\t\t\t\t\t\t\t\t\t<span class=\"elementor-icon-list-text\">The Primitive Parish Church<\/span>\n\t\t\t\t\t\t\t\t\t\t\t<\/a>\n\t\t\t\t\t\t\t\t\t<\/li>\n\t\t\t\t\t\t\t\t<li class=\"elementor-icon-list-item\">\n\t\t\t\t\t\t\t\t\t\t\t<a href=\"https:\/\/rpmagdalena.org\/en\/historia\/el-templo-conventual-de-san-pablo-el-real\/\">\n\n\t\t\t\t\t\t\t\t\t\t\t\t<span class=\"elementor-icon-list-icon\">\n\t\t\t\t\t\t\t<svg aria-hidden=\"true\" class=\"e-font-icon-svg e-fas-circle\" viewbox=\"0 0 512 512\" xmlns=\"http:\/\/www.w3.org\/2000\/svg\"><path d=\"M256 8C119 8 8 119 8 256s111 248 248 248 248-111 248-248S393 8 256 8z\"><\/path><\/svg>\t\t\t\t\t\t<\/span>\n\t\t\t\t\t\t\t\t\t\t<span class=\"elementor-icon-list-text\">The Conventual Temple of San Pablo el Real<\/span>\n\t\t\t\t\t\t\t\t\t\t\t<\/a>\n\t\t\t\t\t\t\t\t\t<\/li>\n\t\t\t\t\t\t\t\t<li class=\"elementor-icon-list-item\">\n\t\t\t\t\t\t\t\t\t\t\t<a href=\"https:\/\/rpmagdalena.org\/en\/historia\/el-templo-actual\/\">\n\n\t\t\t\t\t\t\t\t\t\t\t\t<span class=\"elementor-icon-list-icon\">\n\t\t\t\t\t\t\t<svg aria-hidden=\"true\" class=\"e-font-icon-svg e-fas-circle\" viewbox=\"0 0 512 512\" xmlns=\"http:\/\/www.w3.org\/2000\/svg\"><path d=\"M256 8C119 8 8 119 8 256s111 248 248 248 248-111 248-248S393 8 256 8z\"><\/path><\/svg>\t\t\t\t\t\t<\/span>\n\t\t\t\t\t\t\t\t\t\t<span class=\"elementor-icon-list-text\">The present Temple<\/span>\n\t\t\t\t\t\t\t\t\t\t\t<\/a>\n\t\t\t\t\t\t\t\t\t<\/li>\n\t\t\t\t\t\t\t\t<li class=\"elementor-icon-list-item\">\n\t\t\t\t\t\t\t\t\t\t\t<a href=\"https:\/\/rpmagdalena.org\/en\/historia\/primera-sede-de-la-inquisicion\/\">\n\n\t\t\t\t\t\t\t\t\t\t\t\t<span class=\"elementor-icon-list-icon\">\n\t\t\t\t\t\t\t<svg aria-hidden=\"true\" class=\"e-font-icon-svg e-fas-circle\" viewbox=\"0 0 512 512\" xmlns=\"http:\/\/www.w3.org\/2000\/svg\"><path d=\"M256 8C119 8 8 119 8 256s111 248 248 248 248-111 248-248S393 8 256 8z\"><\/path><\/svg>\t\t\t\t\t\t<\/span>\n\t\t\t\t\t\t\t\t\t\t<span class=\"elementor-icon-list-text\">First Seat of the Inquisition<\/span>\n\t\t\t\t\t\t\t\t\t\t\t<\/a>\n\t\t\t\t\t\t\t\t\t<\/li>\n\t\t\t\t\t\t\t\t<li class=\"elementor-icon-list-item\">\n\t\t\t\t\t\t\t\t\t\t\t<a href=\"https:\/\/rpmagdalena.org\/en\/historia\/un-templo-misionero\/\">\n\n\t\t\t\t\t\t\t\t\t\t\t\t<span class=\"elementor-icon-list-icon\">\n\t\t\t\t\t\t\t<svg aria-hidden=\"true\" class=\"e-font-icon-svg e-fas-circle\" viewbox=\"0 0 512 512\" xmlns=\"http:\/\/www.w3.org\/2000\/svg\"><path d=\"M256 8C119 8 8 119 8 256s111 248 248 248 248-111 248-248S393 8 256 8z\"><\/path><\/svg>\t\t\t\t\t\t<\/span>\n\t\t\t\t\t\t\t\t\t\t<span class=\"elementor-icon-list-text\">A missionary temple<\/span>\n\t\t\t\t\t\t\t\t\t\t\t<\/a>\n\t\t\t\t\t\t\t\t\t<\/li>\n\t\t\t\t\t\t\t\t<li class=\"elementor-icon-list-item\">\n\t\t\t\t\t\t\t\t\t\t\t<a href=\"https:\/\/rpmagdalena.org\/en\/historia\/sede-de-antiguas-hermandades-y-cofradias\/\">\n\n\t\t\t\t\t\t\t\t\t\t\t\t<span class=\"elementor-icon-list-icon\">\n\t\t\t\t\t\t\t<svg aria-hidden=\"true\" class=\"e-font-icon-svg e-fas-circle\" viewbox=\"0 0 512 512\" xmlns=\"http:\/\/www.w3.org\/2000\/svg\"><path d=\"M256 8C119 8 8 119 8 256s111 248 248 248 248-111 248-248S393 8 256 8z\"><\/path><\/svg>\t\t\t\t\t\t<\/span>\n\t\t\t\t\t\t\t\t\t\t<span class=\"elementor-icon-list-text\">Headquarters of Former Brotherhoods and Guilds<\/span>\n\t\t\t\t\t\t\t\t\t\t\t<\/a>\n\t\t\t\t\t\t\t\t\t<\/li>\n\t\t\t\t\t\t<\/ul>\n\t\t\t\t\t\t<\/div>\n\t\t\t\t<\/div>\n\t\t\t\t<\/div>\n\t\t<div class=\"elementor-element elementor-element-63b640f e-con-full e-flex e-con e-parent\" data-id=\"63b640f\" data-element_type=\"container\" data-e-type=\"container\">\n\t\t\t\t<div class=\"elementor-element elementor-element-2d921b3 elementor-widget__width-inherit elementor-widget elementor-widget-image\" data-id=\"2d921b3\" data-element_type=\"widget\" data-e-type=\"widget\" data-widget_type=\"image.default\">\n\t\t\t\t<div class=\"elementor-widget-container\">\n\t\t\t\t\t\t\t\t\t\t\t\t\t\t\t\t<a href=\"https:\/\/rpmagdalena.org\/wp-content\/uploads\/2023\/05\/temploMudejar.png\" data-elementor-open-lightbox=\"yes\" data-elementor-lightbox-title=\"temploMudejar\" data-e-action-hash=\"#elementor-action%3Aaction%3Dlightbox%26settings%3DeyJpZCI6MTYxMywidXJsIjoiaHR0cHM6XC9cL3JwbWFnZGFsZW5hLm9yZ1wvd3AtY29udGVudFwvdXBsb2Fkc1wvMjAyM1wvMDVcL3RlbXBsb011ZGVqYXIucG5nIn0%3D\">\n\t\t\t\t\t\t\t<img fetchpriority=\"high\" decoding=\"async\" width=\"276\" height=\"207\" src=\"https:\/\/rpmagdalena.org\/wp-content\/uploads\/2023\/05\/temploMudejar.png\" class=\"attachment-full size-full wp-image-1613\" alt=\"\" srcset=\"https:\/\/rpmagdalena.org\/wp-content\/uploads\/2023\/05\/temploMudejar.png 276w, https:\/\/rpmagdalena.org\/wp-content\/uploads\/2023\/05\/temploMudejar-16x12.png 16w\" sizes=\"(max-width: 276px) 100vw, 276px\" \/>\t\t\t\t\t\t\t\t<\/a>\n\t\t\t\t\t\t\t\t\t\t\t\t\t\t\t<\/div>\n\t\t\t\t<\/div>\n\t\t\t\t<div class=\"elementor-element elementor-element-70facd62 elementor-widget__width-inherit elementor-widget elementor-widget-text-editor\" data-id=\"70facd62\" data-element_type=\"widget\" data-e-type=\"widget\" data-widget_type=\"text-editor.default\">\n\t\t\t\t<div class=\"elementor-widget-container\">\n\t\t\t\t\t\t\t\t\t<p>Following the pattern seen in other churches during the Fernando III era, the old parish church of Santa Mar\u00eda Magdalena was likely built on the site of an old mosque.<\/p><p class=\"translation-block\">During the reign of <strong>King Pedro I<\/strong>, after a strong earthquake shook the city in 1355, it was reconstructed in the Gothic-Mud\u00e9jar style, similar to other churches in the city such as Omnium Sanctorum or San Gil.<\/p><p class=\"translation-block\">In a much later description, the temple is described as <em>\"moderately large, with a wooden roof, three naves, the middle one being much wider in proportion to the others. The main chapel was made of stone with a Gothic-style vault. The main altar, elevated on a marble step presbytery, was Plateresque in style, full of foliage and ornaments, having replaced the beautiful one from the early 1700s\"<\/em> (F\u00c9LIX GONZ\u00c1LEZ DE LE\u00d3N, <em>Artistic Notice of the City of Seville.<\/em>1844).<\/p>\t\t\t\t\t\t\t\t<\/div>\n\t\t\t\t<\/div>\n\t\t\t\t<div class=\"elementor-element elementor-element-1edef81 elementor-widget__width-initial elementor-widget-mobile__width-inherit elementor-widget elementor-widget-image\" data-id=\"1edef81\" data-element_type=\"widget\" data-e-type=\"widget\" data-widget_type=\"image.default\">\n\t\t\t\t<div class=\"elementor-widget-container\">\n\t\t\t\t\t\t\t\t\t\t\t\t\t\t\t\t<a href=\"https:\/\/rpmagdalena.org\/wp-content\/uploads\/2023\/05\/Amparo-002bis.jpg\" data-elementor-open-lightbox=\"yes\" data-elementor-lightbox-title=\"Amparo 002bis\" data-e-action-hash=\"#elementor-action%3Aaction%3Dlightbox%26settings%3DeyJpZCI6MTYxNCwidXJsIjoiaHR0cHM6XC9cL3JwbWFnZGFsZW5hLm9yZ1wvd3AtY29udGVudFwvdXBsb2Fkc1wvMjAyM1wvMDVcL0FtcGFyby0wMDJiaXMuanBnIn0%3D\">\n\t\t\t\t\t\t\t<img decoding=\"async\" width=\"383\" height=\"543\" src=\"https:\/\/rpmagdalena.org\/wp-content\/uploads\/2023\/05\/Amparo-002bis.jpg\" class=\"attachment-full size-full wp-image-1614\" alt=\"\" srcset=\"https:\/\/rpmagdalena.org\/wp-content\/uploads\/2023\/05\/Amparo-002bis.jpg 383w, https:\/\/rpmagdalena.org\/wp-content\/uploads\/2023\/05\/Amparo-002bis-212x300.jpg 212w, https:\/\/rpmagdalena.org\/wp-content\/uploads\/2023\/05\/Amparo-002bis-8x12.jpg 8w\" sizes=\"(max-width: 383px) 100vw, 383px\" \/>\t\t\t\t\t\t\t\t<\/a>\n\t\t\t\t\t\t\t\t\t\t\t\t\t\t\t<\/div>\n\t\t\t\t<\/div>\n\t\t\t\t<div class=\"elementor-element elementor-element-1709543 elementor-widget__width-initial elementor-widget elementor-widget-text-editor\" data-id=\"1709543\" data-element_type=\"widget\" data-e-type=\"widget\" data-widget_type=\"text-editor.default\">\n\t\t\t\t<div class=\"elementor-widget-container\">\n\t\t\t\t\t\t\t\t\t<p>On November 1, 1755, during the novena to the Virgin del Amparo, an earthquake from the Lisbon earthquake reached the city around 10 in the morning, damaging over 5,000 houses, including the cathedral and several churches and convents. Neither the church nor the parishioners of Santa Mar\u00eda Magdalena suffered any damage, which was interpreted as the protection of the Virgin's Patronage.<\/p><p class=\"translation-block\">As a reminder of the location of the original parish, a plaque in the homonymous square indicates: \"<strong>Juan Mart\u00ednez Monta\u00f1\u00e9s<\/strong> lies buried in this square, the former parish church of Santa Mar\u00eda Magdalena, and had his workshop for his famous sculptures in a house near said temple. The Academy of Fine Arts of Seville of Santa Isabel de Hungr\u00eda dedicated this tribute to the memory of the illustrious sculptor in the year of our Lord 1957.\" The renowned sculptor was a parishioner (he lived in the former Calle de la Muela, now O\u2019Donnell) and married there for the second time.<\/p>\t\t\t\t\t\t\t\t<\/div>\n\t\t\t\t<\/div>\n\t\t\t\t<div class=\"elementor-element elementor-element-00bdf0f elementor-widget__width-inherit elementor-widget elementor-widget-text-editor\" data-id=\"00bdf0f\" data-element_type=\"widget\" data-e-type=\"widget\" data-widget_type=\"text-editor.default\">\n\t\t\t\t<div class=\"elementor-widget-container\">\n\t\t\t\t\t\t\t\t\t<p class=\"translation-block\">F\u00e9lix Gonz\u00e1lez de Le\u00f3n mentions that there were many distinguished patronages and burials in the church, some already unrecognizable by his time, highlighting that of the notable Sevillian writer <strong>Abad Gordillo<\/strong>, who passed away in 1644.<\/p>\t\t\t\t\t\t\t\t<\/div>\n\t\t\t\t<\/div>\n\t\t\t\t<div class=\"elementor-element elementor-element-50e8af9 elementor-widget__width-inherit elementor-widget elementor-widget-image\" data-id=\"50e8af9\" data-element_type=\"widget\" data-e-type=\"widget\" data-widget_type=\"image.default\">\n\t\t\t\t<div class=\"elementor-widget-container\">\n\t\t\t\t\t\t\t\t\t\t\t\t\t\t\t\t<a href=\"https:\/\/rpmagdalena.org\/wp-content\/uploads\/2023\/05\/PlacabautismoMurillo.png\" data-elementor-open-lightbox=\"yes\" data-elementor-lightbox-title=\"PlacabautismoMurillo\" data-e-action-hash=\"#elementor-action%3Aaction%3Dlightbox%26settings%3DeyJpZCI6MTYxNSwidXJsIjoiaHR0cHM6XC9cL3JwbWFnZGFsZW5hLm9yZ1wvd3AtY29udGVudFwvdXBsb2Fkc1wvMjAyM1wvMDVcL1BsYWNhYmF1dGlzbW9NdXJpbGxvLnBuZyJ9\">\n\t\t\t\t\t\t\t<img decoding=\"async\" width=\"272\" height=\"207\" src=\"https:\/\/rpmagdalena.org\/wp-content\/uploads\/2023\/05\/PlacabautismoMurillo.png\" class=\"attachment-full size-full wp-image-1615\" alt=\"\" srcset=\"https:\/\/rpmagdalena.org\/wp-content\/uploads\/2023\/05\/PlacabautismoMurillo.png 272w, https:\/\/rpmagdalena.org\/wp-content\/uploads\/2023\/05\/PlacabautismoMurillo-16x12.png 16w\" sizes=\"(max-width: 272px) 100vw, 272px\" \/>\t\t\t\t\t\t\t\t<\/a>\n\t\t\t\t\t\t\t\t\t\t\t\t\t\t\t<\/div>\n\t\t\t\t<\/div>\n\t\t\t\t<div class=\"elementor-element elementor-element-89fb610 elementor-widget__width-inherit elementor-widget elementor-widget-text-editor\" data-id=\"89fb610\" data-element_type=\"widget\" data-e-type=\"widget\" data-widget_type=\"text-editor.default\">\n\t\t\t\t<div class=\"elementor-widget-container\">\n\t\t\t\t\t\t\t\t\t<p class=\"translation-block\"><strong>Bartolom\u00e9 Esteban Murillo<\/strong> was also baptized in this church, as indicated by the plaque currently placed on the baptismal font, brought from the old parish church. \"On January 1, in the year of our Lord 1618, the painter of the heavens Bartolom\u00e9 Esteban Murillo received the regenerating waters of Holy Baptism in this font, then located in the now destroyed parish church of Santa Mar\u00eda Magdalena. The Royal Academy of Fine Arts placed this plaque on the 300th anniversary of such a auspicious event.\"<\/p><p>During the Napoleonic invasion, the city was transformed by widening streets and opening new squares, often at the expense of convents and churches. In 1811, the old church was demolished to make way for the current Plaza de La Magdalena. In the same year, the parish moved to the Church of the convent of San Pablo el Real but, after being partially rebuilt, returned to its old temple in 1817. After being definitively demolished in 1842, the parish permanently moved to the current temple following the Dominican convent's disentailment by Mendiz\u00e1bal.<\/p><p>Among the elements from the disappeared parish church, in addition to the baptismal font, are the image of Santa Mar\u00eda Magdalena by Felipe Malo de Molina and probably the scene of Mary Magdalene and the holy women with the angel on the morning of the Resurrection, which would have been part of the original main altarpiece.<\/p>\t\t\t\t\t\t\t\t<\/div>\n\t\t\t\t<\/div>\n\t\t\t\t<\/div>\n\t\t\t\t\t<\/div>\n\t\t\t\t<\/div>\n\t\t\t\t<\/div>","protected":false},"excerpt":{"rendered":"<p>Historia Fundaci\u00f3n de la Parroquia El Primitivo Templo Parroquial El Templo Conventual de San Pablo el Real El Templo actual Primera Sede de la Inquisici\u00f3n Un Templo misionero Sede de Antiguas Hermandades y Cofrad\u00edas Siguiendo el modelo de acontecido con otras iglesias en la \u00e9poca fernandina, el antiguo templo parroquial de Santa Mar\u00eda Magdalena debi\u00f3 [&hellip;]<\/p>\n","protected":false},"author":1,"featured_media":0,"parent":93,"menu_order":0,"comment_status":"closed","ping_status":"closed","template":"","meta":{"footnotes":""},"class_list":["post-95","page","type-page","status-publish","hentry"],"_links":{"self":[{"href":"https:\/\/rpmagdalena.org\/en\/wp-json\/wp\/v2\/pages\/95","targetHints":{"allow":["GET"]}}],"collection":[{"href":"https:\/\/rpmagdalena.org\/en\/wp-json\/wp\/v2\/pages"}],"about":[{"href":"https:\/\/rpmagdalena.org\/en\/wp-json\/wp\/v2\/types\/page"}],"author":[{"embeddable":true,"href":"https:\/\/rpmagdalena.org\/en\/wp-json\/wp\/v2\/users\/1"}],"replies":[{"embeddable":true,"href":"https:\/\/rpmagdalena.org\/en\/wp-json\/wp\/v2\/comments?post=95"}],"version-history":[{"count":0,"href":"https:\/\/rpmagdalena.org\/en\/wp-json\/wp\/v2\/pages\/95\/revisions"}],"up":[{"embeddable":true,"href":"https:\/\/rpmagdalena.org\/en\/wp-json\/wp\/v2\/pages\/93"}],"wp:attachment":[{"href":"https:\/\/rpmagdalena.org\/en\/wp-json\/wp\/v2\/media?parent=95"}],"curies":[{"name":"wp","href":"https:\/\/api.w.org\/{rel}","templated":true}]}}