{"id":4980,"date":"2024-02-23T10:58:11","date_gmt":"2024-02-23T09:58:11","guid":{"rendered":"https:\/\/www.rpmagdalena.org\/?page_id=4980"},"modified":"2024-02-27T08:44:04","modified_gmt":"2024-02-27T07:44:04","slug":"anunciacion","status":"publish","type":"page","link":"https:\/\/rpmagdalena.org\/en\/santos\/anunciacion\/","title":{"rendered":"ANNUNCIATION OF THE LORD"},"content":{"rendered":"<div data-elementor-type=\"wp-page\" data-elementor-id=\"4980\" class=\"elementor elementor-4980\" data-elementor-post-type=\"page\">\n\t\t\t\t<div data-dce-background-image-url=\"https:\/\/rpmagdalena.org\/wp-content\/uploads\/2023\/06\/2.jpg\" class=\"elementor-element elementor-element-63c3daf4 e-flex e-con-boxed e-con e-parent\" data-id=\"63c3daf4\" data-element_type=\"container\" data-e-type=\"container\" data-settings=\"{&quot;background_background&quot;:&quot;classic&quot;}\">\n\t\t\t\t\t<div class=\"e-con-inner\">\n\t\t\t\t<div class=\"elementor-element elementor-element-34cdcc69 elementor-widget elementor-widget-heading\" data-id=\"34cdcc69\" data-element_type=\"widget\" data-e-type=\"widget\" data-widget_type=\"heading.default\">\n\t\t\t\t<div class=\"elementor-widget-container\">\n\t\t\t\t\t<h1 class=\"elementor-heading-title elementor-size-default\">ANNUNCIATION OF THE LORD<\/h1>\t\t\t\t<\/div>\n\t\t\t\t<\/div>\n\t\t\t\t\t<\/div>\n\t\t\t\t<\/div>\n\t\t<div class=\"elementor-element elementor-element-8c9620a e-flex e-con-boxed e-con e-parent\" data-id=\"8c9620a\" data-element_type=\"container\" data-e-type=\"container\">\n\t\t\t\t\t<div class=\"e-con-inner\">\n\t\t<div class=\"elementor-element elementor-element-cddfa00 e-con-full e-flex e-con e-child\" data-id=\"cddfa00\" data-element_type=\"container\" data-e-type=\"container\" data-settings=\"{&quot;background_background&quot;:&quot;classic&quot;}\">\n\t\t\t\t<div class=\"elementor-element elementor-element-c7f172b elementor-widget elementor-widget-heading\" data-id=\"c7f172b\" data-element_type=\"widget\" data-e-type=\"widget\" data-widget_type=\"heading.default\">\n\t\t\t\t<div class=\"elementor-widget-container\">\n\t\t\t\t\t<p class=\"elementor-heading-title elementor-size-default\">Saints<\/p>\t\t\t\t<\/div>\n\t\t\t\t<\/div>\n\t\t\t\t<div class=\"elementor-element elementor-element-05c2de1 elementor-align-start elementor-icon-list--layout-traditional elementor-list-item-link-full_width elementor-widget elementor-widget-icon-list\" data-id=\"05c2de1\" data-element_type=\"widget\" data-e-type=\"widget\" data-widget_type=\"icon-list.default\">\n\t\t\t\t<div class=\"elementor-widget-container\">\n\t\t\t\t\t\t\t<ul class=\"elementor-icon-list-items\">\n\t\t\t\t\t\t\t<li class=\"elementor-icon-list-item\">\n\t\t\t\t\t\t\t\t\t\t\t<a href=\"https:\/\/rpmagdalena.org\/en\/santos\/beato-enrique-suson\/\">\n\n\t\t\t\t\t\t\t\t\t\t\t\t<span class=\"elementor-icon-list-icon\">\n\t\t\t\t\t\t\t<svg aria-hidden=\"true\" class=\"e-font-icon-svg e-fas-circle\" viewbox=\"0 0 512 512\" xmlns=\"http:\/\/www.w3.org\/2000\/svg\"><path d=\"M256 8C119 8 8 119 8 256s111 248 248 248 248-111 248-248S393 8 256 8z\"><\/path><\/svg>\t\t\t\t\t\t<\/span>\n\t\t\t\t\t\t\t\t\t\t<span class=\"elementor-icon-list-text\">Beatified Enrique Suson<\/span>\n\t\t\t\t\t\t\t\t\t\t\t<\/a>\n\t\t\t\t\t\t\t\t\t<\/li>\n\t\t\t\t\t\t\t\t<li class=\"elementor-icon-list-item\">\n\t\t\t\t\t\t\t\t\t\t\t<a href=\"https:\/\/rpmagdalena.org\/en\/santos\/san-jose\/\">\n\n\t\t\t\t\t\t\t\t\t\t\t\t<span class=\"elementor-icon-list-icon\">\n\t\t\t\t\t\t\t<svg aria-hidden=\"true\" class=\"e-font-icon-svg e-fas-circle\" viewbox=\"0 0 512 512\" xmlns=\"http:\/\/www.w3.org\/2000\/svg\"><path d=\"M256 8C119 8 8 119 8 256s111 248 248 248 248-111 248-248S393 8 256 8z\"><\/path><\/svg>\t\t\t\t\t\t<\/span>\n\t\t\t\t\t\t\t\t\t\t<span class=\"elementor-icon-list-text\">Saint Joseph<\/span>\n\t\t\t\t\t\t\t\t\t\t\t<\/a>\n\t\t\t\t\t\t\t\t\t<\/li>\n\t\t\t\t\t\t\t\t<li class=\"elementor-icon-list-item\">\n\t\t\t\t\t\t\t\t\t\t\t<a href=\"https:\/\/rpmagdalena.org\/en\/santos\/anunciacion\/\">\n\n\t\t\t\t\t\t\t\t\t\t\t\t<span class=\"elementor-icon-list-icon\">\n\t\t\t\t\t\t\t<svg aria-hidden=\"true\" class=\"e-font-icon-svg e-fas-circle\" viewbox=\"0 0 512 512\" xmlns=\"http:\/\/www.w3.org\/2000\/svg\"><path d=\"M256 8C119 8 8 119 8 256s111 248 248 248 248-111 248-248S393 8 256 8z\"><\/path><\/svg>\t\t\t\t\t\t<\/span>\n\t\t\t\t\t\t\t\t\t\t<span class=\"elementor-icon-list-text\">Annunciation Of The Lord<\/span>\n\t\t\t\t\t\t\t\t\t\t\t<\/a>\n\t\t\t\t\t\t\t\t\t<\/li>\n\t\t\t\t\t\t<\/ul>\n\t\t\t\t\t\t<\/div>\n\t\t\t\t<\/div>\n\t\t\t\t<\/div>\n\t\t<div class=\"elementor-element elementor-element-18b0d5a e-con-full e-flex e-con e-child\" data-id=\"18b0d5a\" data-element_type=\"container\" data-e-type=\"container\">\n\t\t<div class=\"elementor-element elementor-element-dee9181 e-flex e-con-boxed e-con e-child\" data-id=\"dee9181\" data-element_type=\"container\" data-e-type=\"container\">\n\t\t\t\t\t<div class=\"e-con-inner\">\n\t\t\t\t<div class=\"elementor-element elementor-element-d672eee elementor-widget elementor-widget-heading\" data-id=\"d672eee\" data-element_type=\"widget\" data-e-type=\"widget\" data-widget_type=\"heading.default\">\n\t\t\t\t<div class=\"elementor-widget-container\">\n\t\t\t\t\t<h1 class=\"elementor-heading-title elementor-size-default\"><a href=\"http:\/\/comunicacion@rpmagdalena.org\/en\/\">ANNUNCIATION OF THE LORD (25th March) (transferable) 2024: 8th April<\/a><\/h1>\t\t\t\t<\/div>\n\t\t\t\t<\/div>\n\t\t\t\t\t<\/div>\n\t\t\t\t<\/div>\n\t\t\t\t<div class=\"elementor-element elementor-element-da3e9ea elementor-widget__width-inherit elementor-widget elementor-widget-text-editor\" data-id=\"da3e9ea\" data-element_type=\"widget\" data-e-type=\"widget\" data-widget_type=\"text-editor.default\">\n\t\t\t\t<div class=\"elementor-widget-container\">\n\t\t\t\t\t\t\t\t\t<p><em>Solemnity of the Annunciation of the Lord. When the fullness of time had come, the One who from before the ages was the only begotten Son of God, for us men and for our salvation, by the power of the Holy Spirit, became incarnate in Mary, the Virgin, and was made man.<\/em><\/p><p><em>He is depicted twice in our church.<\/em><\/p><p>\u00a0<\/p>\t\t\t\t\t\t\t\t<\/div>\n\t\t\t\t<\/div>\n\t\t<div class=\"elementor-element elementor-element-e4a64a9 e-flex e-con-boxed e-con e-child\" data-id=\"e4a64a9\" data-element_type=\"container\" data-e-type=\"container\">\n\t\t\t\t\t<div class=\"e-con-inner\">\n\t\t\t\t<div class=\"elementor-element elementor-element-227971e elementor-widget elementor-widget-heading\" data-id=\"227971e\" data-element_type=\"widget\" data-e-type=\"widget\" data-widget_type=\"heading.default\">\n\t\t\t\t<div class=\"elementor-widget-container\">\n\t\t\t\t\t<h3 class=\"elementor-heading-title elementor-size-default\"><a href=\"http:\/\/comunicacion@rpmagdalena.org\/en\/\">Annunciation (Amparo Chapel)<\/a><\/h3>\t\t\t\t<\/div>\n\t\t\t\t<\/div>\n\t\t\t\t\t<\/div>\n\t\t\t\t<\/div>\n\t\t\t\t<div class=\"elementor-element elementor-element-3a3daa5 elementor-widget elementor-widget-text-editor\" data-id=\"3a3daa5\" data-element_type=\"widget\" data-e-type=\"widget\" data-widget_type=\"text-editor.default\">\n\t\t\t\t<div class=\"elementor-widget-container\">\n\t\t\t\t\t\t\t\t\t<p><em>This relief, integrated in the altarpiece that Crist\u00f3bal de Guadix made in the cur-rent chapel of the Amparo, is part of the traditional iconography of this time.<\/em><\/p>\t\t\t\t\t\t\t\t<\/div>\n\t\t\t\t<\/div>\n\t\t<div class=\"elementor-element elementor-element-070b869 e-flex e-con-boxed e-con e-child\" data-id=\"070b869\" data-element_type=\"container\" data-e-type=\"container\">\n\t\t\t\t\t<div class=\"e-con-inner\">\n\t\t\t\t<div class=\"elementor-element elementor-element-48c5092 elementor-widget__width-initial elementor-widget-mobile__width-inherit elementor-widget elementor-widget-image\" data-id=\"48c5092\" data-element_type=\"widget\" data-e-type=\"widget\" data-widget_type=\"image.default\">\n\t\t\t\t<div class=\"elementor-widget-container\">\n\t\t\t\t\t\t\t\t\t\t\t\t\t\t\t\t<a href=\"https:\/\/rpmagdalena.org\/wp-content\/uploads\/2024\/02\/Anunciacion-Retablo-Capilla-del-Amparo-scaled.jpg\" data-elementor-open-lightbox=\"yes\" data-elementor-lightbox-title=\"Anunciaci\u00f3n Retablo Capilla del Amparo\" data-e-action-hash=\"#elementor-action%3Aaction%3Dlightbox%26settings%3DeyJpZCI6NDk3OSwidXJsIjoiaHR0cHM6XC9cL3JwbWFnZGFsZW5hLm9yZ1wvd3AtY29udGVudFwvdXBsb2Fkc1wvMjAyNFwvMDJcL0FudW5jaWFjaW9uLVJldGFibG8tQ2FwaWxsYS1kZWwtQW1wYXJvLXNjYWxlZC5qcGcifQ%3D%3D\">\n\t\t\t\t\t\t\t<img fetchpriority=\"high\" decoding=\"async\" width=\"768\" height=\"663\" src=\"https:\/\/rpmagdalena.org\/wp-content\/uploads\/2024\/02\/Anunciacion-Retablo-Capilla-del-Amparo-768x663.jpg\" class=\"attachment-medium_large size-medium_large wp-image-4979\" alt=\"\" srcset=\"https:\/\/rpmagdalena.org\/wp-content\/uploads\/2024\/02\/Anunciacion-Retablo-Capilla-del-Amparo-768x663.jpg 768w, https:\/\/rpmagdalena.org\/wp-content\/uploads\/2024\/02\/Anunciacion-Retablo-Capilla-del-Amparo-300x259.jpg 300w, https:\/\/rpmagdalena.org\/wp-content\/uploads\/2024\/02\/Anunciacion-Retablo-Capilla-del-Amparo-1024x885.jpg 1024w, https:\/\/rpmagdalena.org\/wp-content\/uploads\/2024\/02\/Anunciacion-Retablo-Capilla-del-Amparo-1536x1327.jpg 1536w, https:\/\/rpmagdalena.org\/wp-content\/uploads\/2024\/02\/Anunciacion-Retablo-Capilla-del-Amparo-2048x1769.jpg 2048w, https:\/\/rpmagdalena.org\/wp-content\/uploads\/2024\/02\/Anunciacion-Retablo-Capilla-del-Amparo-14x12.jpg 14w, https:\/\/rpmagdalena.org\/wp-content\/uploads\/2024\/02\/Anunciacion-Retablo-Capilla-del-Amparo-1320x1140.jpg 1320w\" sizes=\"(max-width: 768px) 100vw, 768px\" \/>\t\t\t\t\t\t\t\t<\/a>\n\t\t\t\t\t\t\t\t\t\t\t\t\t\t\t<\/div>\n\t\t\t\t<\/div>\n\t\t\t\t<div class=\"elementor-element elementor-element-ef1d04f elementor-widget__width-initial elementor-widget-mobile__width-inherit elementor-widget elementor-widget-text-editor\" data-id=\"ef1d04f\" data-element_type=\"widget\" data-e-type=\"widget\" data-widget_type=\"text-editor.default\">\n\t\t\t\t<div class=\"elementor-widget-container\">\n\t\t\t\t\t\t\t\t\t<p><em>Mary, depicted as a young woman, is on a kneeler in prayer when the angel Gabriel, with a solemn demeanour, gives her the news that she is about to become the Mother of Jesus Christ.<\/em><\/p><p><em>Surprised by this announcement, she is shown to have been conceived by the work and grace of the Holy Spirit through the rays in the background of the composition.<\/em><\/p><p>\u00a0<\/p>\t\t\t\t\t\t\t\t<\/div>\n\t\t\t\t<\/div>\n\t\t\t\t\t<\/div>\n\t\t\t\t<\/div>\n\t\t<div class=\"elementor-element elementor-element-6ecb877 e-flex e-con-boxed e-con e-child\" data-id=\"6ecb877\" data-element_type=\"container\" data-e-type=\"container\">\n\t\t\t\t\t<div class=\"e-con-inner\">\n\t\t\t\t<div class=\"elementor-element elementor-element-cf01013 elementor-widget elementor-widget-heading\" data-id=\"cf01013\" data-element_type=\"widget\" data-e-type=\"widget\" data-widget_type=\"heading.default\">\n\t\t\t\t<div class=\"elementor-widget-container\">\n\t\t\t\t\t<h3 class=\"elementor-heading-title elementor-size-default\"><a href=\"http:\/\/comunicacion@rpmagdalena.org\/en\/\">Allegory of the Incarnation (sacristy, mural paintings)<\/a><\/h3>\t\t\t\t<\/div>\n\t\t\t\t<\/div>\n\t\t\t\t<div class=\"elementor-element elementor-element-fb85871 elementor-widget elementor-widget-text-editor\" data-id=\"fb85871\" data-element_type=\"widget\" data-e-type=\"widget\" data-widget_type=\"text-editor.default\">\n\t\t\t\t<div class=\"elementor-widget-container\">\n\t\t\t\t\t\t\t\t\t<p><em>Lucas vald\u00e9s produced one of his most spectacular paintings in the sacristy for the former Dominican convent of San Pablo. Jesus Christ, seated on the globe as Saviour of the World, points to a crown of twelve stars, which identify his Mother, the Virgin Mary.<\/em><\/p><p><em> Although she is not physically represented, she is apocalyptically depicted, as Saint John describes her as a woman clothed with the sun, with the crescent moon at her feet and twelve stars above her head. As in this case the points are pointing up-wards, she is shown as being full of grace. <\/em><\/p><p><em>Around the image of the Child, an angelical court holds various attributes, such as some of the litanies of the Rosary, inextricably linked to the Order of Preachers.<\/em><\/p>\t\t\t\t\t\t\t\t<\/div>\n\t\t\t\t<\/div>\n\t\t\t\t<div class=\"elementor-element elementor-element-ed83302 elementor-widget elementor-widget-image\" data-id=\"ed83302\" data-element_type=\"widget\" data-e-type=\"widget\" data-widget_type=\"image.default\">\n\t\t\t\t<div class=\"elementor-widget-container\">\n\t\t\t\t\t\t\t\t\t\t\t\t\t\t\t\t<a href=\"https:\/\/rpmagdalena.org\/wp-content\/uploads\/2024\/02\/Alegoria-Encarnacion-Sacristia-scaled.jpg\" data-elementor-open-lightbox=\"yes\" data-elementor-lightbox-title=\"Alegor\u00eda Encarnaci\u00f3n Sacrist\u00eda\" data-e-action-hash=\"#elementor-action%3Aaction%3Dlightbox%26settings%3DeyJpZCI6NDk3NywidXJsIjoiaHR0cHM6XC9cL3JwbWFnZGFsZW5hLm9yZ1wvd3AtY29udGVudFwvdXBsb2Fkc1wvMjAyNFwvMDJcL0FsZWdvcmlhLUVuY2FybmFjaW9uLVNhY3Jpc3RpYS1zY2FsZWQuanBnIn0%3D\">\n\t\t\t\t\t\t\t<img decoding=\"async\" width=\"2560\" height=\"1919\" src=\"https:\/\/rpmagdalena.org\/wp-content\/uploads\/2024\/02\/Alegoria-Encarnacion-Sacristia-scaled.jpg\" class=\"attachment-full size-full wp-image-4977\" alt=\"\" srcset=\"https:\/\/rpmagdalena.org\/wp-content\/uploads\/2024\/02\/Alegoria-Encarnacion-Sacristia-scaled.jpg 2560w, https:\/\/rpmagdalena.org\/wp-content\/uploads\/2024\/02\/Alegoria-Encarnacion-Sacristia-300x225.jpg 300w, https:\/\/rpmagdalena.org\/wp-content\/uploads\/2024\/02\/Alegoria-Encarnacion-Sacristia-1024x767.jpg 1024w, https:\/\/rpmagdalena.org\/wp-content\/uploads\/2024\/02\/Alegoria-Encarnacion-Sacristia-768x576.jpg 768w, https:\/\/rpmagdalena.org\/wp-content\/uploads\/2024\/02\/Alegoria-Encarnacion-Sacristia-1536x1151.jpg 1536w, https:\/\/rpmagdalena.org\/wp-content\/uploads\/2024\/02\/Alegoria-Encarnacion-Sacristia-2048x1535.jpg 2048w, https:\/\/rpmagdalena.org\/wp-content\/uploads\/2024\/02\/Alegoria-Encarnacion-Sacristia-16x12.jpg 16w, https:\/\/rpmagdalena.org\/wp-content\/uploads\/2024\/02\/Alegoria-Encarnacion-Sacristia-1320x989.jpg 1320w\" sizes=\"(max-width: 2560px) 100vw, 2560px\" \/>\t\t\t\t\t\t\t\t<\/a>\n\t\t\t\t\t\t\t\t\t\t\t\t\t\t\t<\/div>\n\t\t\t\t<\/div>\n\t\t\t\t\t<\/div>\n\t\t\t\t<\/div>\n\t\t<div class=\"elementor-element elementor-element-9d3042b e-flex e-con-boxed e-con e-child\" data-id=\"9d3042b\" data-element_type=\"container\" data-e-type=\"container\">\n\t\t\t\t\t<div class=\"e-con-inner\">\n\t\t\t\t<div class=\"elementor-element elementor-element-68e2a84 elementor-widget elementor-widget-heading\" data-id=\"68e2a84\" data-element_type=\"widget\" data-e-type=\"widget\" data-widget_type=\"heading.default\">\n\t\t\t\t<div class=\"elementor-widget-container\">\n\t\t\t\t\t<h3 class=\"elementor-heading-title elementor-size-default\"><a href=\"http:\/\/comunicacion@rpmagdalena.org\/en\/\">Link with the parish<\/a><\/h3>\t\t\t\t<\/div>\n\t\t\t\t<\/div>\n\t\t\t\t\t<\/div>\n\t\t\t\t<\/div>\n\t\t\t\t<div class=\"elementor-element elementor-element-72329da elementor-widget__width-inherit elementor-widget elementor-widget-text-editor\" data-id=\"72329da\" data-element_type=\"widget\" data-e-type=\"widget\" data-widget_type=\"text-editor.default\">\n\t\t\t\t<div class=\"elementor-widget-container\">\n\t\t\t\t\t\t\t\t\t<p><em>Annunciations are quite traditional in convent environments, particularly in female ones, but in any case, they are a reflection of the unrestricted acceptance of God's will. Undoubtedly, the allegory of the Sacristy, through the recitation of the rosary, is a reflection of the Virgin Mary's exaltation.<\/em><\/p><p>\u00a0<\/p>\t\t\t\t\t\t\t\t<\/div>\n\t\t\t\t<\/div>\n\t\t\t\t<\/div>\n\t\t\t\t\t<\/div>\n\t\t\t\t<\/div>\n\t\t\t\t<\/div>","protected":false},"excerpt":{"rendered":"<p>Santos Beato Enrique Sus\u00f3n San Jos\u00e9 Anunciaci\u00f3n del Se\u00f1or Anunciaci\u00f3n (25 de marzo) Solemnidad de la Anunciaci\u00f3n del Se\u00f1or. Llegada la plenitud de los tiempos, el que desde antes de los siglos era el Unig\u00e9nito Hijo de Dios, por nosotros los hombres y por nuestra salvaci\u00f3n, por obra del Esp\u00edritu Santo se encarn\u00f3 en Mar\u00eda, [&hellip;]<\/p>\n","protected":false},"author":2,"featured_media":0,"parent":109,"menu_order":0,"comment_status":"closed","ping_status":"closed","template":"","meta":{"footnotes":""},"class_list":["post-4980","page","type-page","status-publish","hentry"],"_links":{"self":[{"href":"https:\/\/rpmagdalena.org\/en\/wp-json\/wp\/v2\/pages\/4980","targetHints":{"allow":["GET"]}}],"collection":[{"href":"https:\/\/rpmagdalena.org\/en\/wp-json\/wp\/v2\/pages"}],"about":[{"href":"https:\/\/rpmagdalena.org\/en\/wp-json\/wp\/v2\/types\/page"}],"author":[{"embeddable":true,"href":"https:\/\/rpmagdalena.org\/en\/wp-json\/wp\/v2\/users\/2"}],"replies":[{"embeddable":true,"href":"https:\/\/rpmagdalena.org\/en\/wp-json\/wp\/v2\/comments?post=4980"}],"version-history":[{"count":0,"href":"https:\/\/rpmagdalena.org\/en\/wp-json\/wp\/v2\/pages\/4980\/revisions"}],"up":[{"embeddable":true,"href":"https:\/\/rpmagdalena.org\/en\/wp-json\/wp\/v2\/pages\/109"}],"wp:attachment":[{"href":"https:\/\/rpmagdalena.org\/en\/wp-json\/wp\/v2\/media?parent=4980"}],"curies":[{"name":"wp","href":"https:\/\/api.w.org\/{rel}","templated":true}]}}