{"id":4937,"date":"2024-02-22T15:02:52","date_gmt":"2024-02-22T14:02:52","guid":{"rendered":"https:\/\/www.rpmagdalena.org\/?page_id=4937"},"modified":"2024-02-26T12:07:20","modified_gmt":"2024-02-26T11:07:20","slug":"san-jose","status":"publish","type":"page","link":"https:\/\/rpmagdalena.org\/en\/santos\/san-jose\/","title":{"rendered":"Saint Joseph"},"content":{"rendered":"<div data-elementor-type=\"wp-page\" data-elementor-id=\"4937\" class=\"elementor elementor-4937\" data-elementor-post-type=\"page\">\n\t\t\t\t<div data-dce-background-image-url=\"https:\/\/rpmagdalena.org\/wp-content\/uploads\/2023\/06\/2.jpg\" class=\"elementor-element elementor-element-63c3daf4 e-flex e-con-boxed e-con e-parent\" data-id=\"63c3daf4\" data-element_type=\"container\" data-e-type=\"container\" data-settings=\"{&quot;background_background&quot;:&quot;classic&quot;}\">\n\t\t\t\t\t<div class=\"e-con-inner\">\n\t\t\t\t<div class=\"elementor-element elementor-element-34cdcc69 elementor-widget elementor-widget-heading\" data-id=\"34cdcc69\" data-element_type=\"widget\" data-e-type=\"widget\" data-widget_type=\"heading.default\">\n\t\t\t\t<div class=\"elementor-widget-container\">\n\t\t\t\t\t<h1 class=\"elementor-heading-title elementor-size-default\">Saint Joseph<\/h1>\t\t\t\t<\/div>\n\t\t\t\t<\/div>\n\t\t\t\t\t<\/div>\n\t\t\t\t<\/div>\n\t\t<div class=\"elementor-element elementor-element-8c9620a e-con-full e-flex e-con e-parent\" data-id=\"8c9620a\" data-element_type=\"container\" data-e-type=\"container\">\n\t\t<div class=\"elementor-element elementor-element-cddfa00 e-con-full e-flex e-con e-child\" data-id=\"cddfa00\" data-element_type=\"container\" data-e-type=\"container\" data-settings=\"{&quot;background_background&quot;:&quot;classic&quot;}\">\n\t\t\t\t<div class=\"elementor-element elementor-element-c7f172b elementor-widget elementor-widget-heading\" data-id=\"c7f172b\" data-element_type=\"widget\" data-e-type=\"widget\" data-widget_type=\"heading.default\">\n\t\t\t\t<div class=\"elementor-widget-container\">\n\t\t\t\t\t<p class=\"elementor-heading-title elementor-size-default\">Saints<\/p>\t\t\t\t<\/div>\n\t\t\t\t<\/div>\n\t\t\t\t<div class=\"elementor-element elementor-element-05c2de1 elementor-align-start elementor-icon-list--layout-traditional elementor-list-item-link-full_width elementor-widget elementor-widget-icon-list\" data-id=\"05c2de1\" data-element_type=\"widget\" data-e-type=\"widget\" data-widget_type=\"icon-list.default\">\n\t\t\t\t<div class=\"elementor-widget-container\">\n\t\t\t\t\t\t\t<ul class=\"elementor-icon-list-items\">\n\t\t\t\t\t\t\t<li class=\"elementor-icon-list-item\">\n\t\t\t\t\t\t\t\t\t\t\t<a href=\"https:\/\/rpmagdalena.org\/en\/santos\/beato-enrique-suson\/\">\n\n\t\t\t\t\t\t\t\t\t\t\t\t<span class=\"elementor-icon-list-icon\">\n\t\t\t\t\t\t\t<svg aria-hidden=\"true\" class=\"e-font-icon-svg e-fas-circle\" viewbox=\"0 0 512 512\" xmlns=\"http:\/\/www.w3.org\/2000\/svg\"><path d=\"M256 8C119 8 8 119 8 256s111 248 248 248 248-111 248-248S393 8 256 8z\"><\/path><\/svg>\t\t\t\t\t\t<\/span>\n\t\t\t\t\t\t\t\t\t\t<span class=\"elementor-icon-list-text\">Beatified Enrique Suson<\/span>\n\t\t\t\t\t\t\t\t\t\t\t<\/a>\n\t\t\t\t\t\t\t\t\t<\/li>\n\t\t\t\t\t\t\t\t<li class=\"elementor-icon-list-item\">\n\t\t\t\t\t\t\t\t\t\t\t<a href=\"https:\/\/rpmagdalena.org\/en\/santos\/san-jose\/\">\n\n\t\t\t\t\t\t\t\t\t\t\t\t<span class=\"elementor-icon-list-icon\">\n\t\t\t\t\t\t\t<svg aria-hidden=\"true\" class=\"e-font-icon-svg e-fas-circle\" viewbox=\"0 0 512 512\" xmlns=\"http:\/\/www.w3.org\/2000\/svg\"><path d=\"M256 8C119 8 8 119 8 256s111 248 248 248 248-111 248-248S393 8 256 8z\"><\/path><\/svg>\t\t\t\t\t\t<\/span>\n\t\t\t\t\t\t\t\t\t\t<span class=\"elementor-icon-list-text\">Saint Joseph<\/span>\n\t\t\t\t\t\t\t\t\t\t\t<\/a>\n\t\t\t\t\t\t\t\t\t<\/li>\n\t\t\t\t\t\t\t\t<li class=\"elementor-icon-list-item\">\n\t\t\t\t\t\t\t\t\t\t\t<a href=\"https:\/\/rpmagdalena.org\/en\/santos\/anunciacion\/\">\n\n\t\t\t\t\t\t\t\t\t\t\t\t<span class=\"elementor-icon-list-icon\">\n\t\t\t\t\t\t\t<svg aria-hidden=\"true\" class=\"e-font-icon-svg e-fas-circle\" viewbox=\"0 0 512 512\" xmlns=\"http:\/\/www.w3.org\/2000\/svg\"><path d=\"M256 8C119 8 8 119 8 256s111 248 248 248 248-111 248-248S393 8 256 8z\"><\/path><\/svg>\t\t\t\t\t\t<\/span>\n\t\t\t\t\t\t\t\t\t\t<span class=\"elementor-icon-list-text\">Annunciation Of The Lord<\/span>\n\t\t\t\t\t\t\t\t\t\t\t<\/a>\n\t\t\t\t\t\t\t\t\t<\/li>\n\t\t\t\t\t\t<\/ul>\n\t\t\t\t\t\t<\/div>\n\t\t\t\t<\/div>\n\t\t\t\t<\/div>\n\t\t<div class=\"elementor-element elementor-element-18b0d5a e-con-full e-flex e-con e-child\" data-id=\"18b0d5a\" data-element_type=\"container\" data-e-type=\"container\">\n\t\t<div class=\"elementor-element elementor-element-dee9181 e-flex e-con-boxed e-con e-child\" data-id=\"dee9181\" data-element_type=\"container\" data-e-type=\"container\">\n\t\t\t\t\t<div class=\"e-con-inner\">\n\t\t\t\t<div class=\"elementor-element elementor-element-d672eee elementor-widget elementor-widget-heading\" data-id=\"d672eee\" data-element_type=\"widget\" data-e-type=\"widget\" data-widget_type=\"heading.default\">\n\t\t\t\t<div class=\"elementor-widget-container\">\n\t\t\t\t\t<h1 class=\"elementor-heading-title elementor-size-default\"><a href=\"http:\/\/comunicacion@rpmagdalena.org\/en\/\">Saint Joseph (19th March)<\/a><\/h1>\t\t\t\t<\/div>\n\t\t\t\t<\/div>\n\t\t\t\t\t<\/div>\n\t\t\t\t<\/div>\n\t\t\t\t<div class=\"elementor-element elementor-element-da3e9ea elementor-widget__width-inherit elementor-widget elementor-widget-text-editor\" data-id=\"da3e9ea\" data-element_type=\"widget\" data-e-type=\"widget\" data-widget_type=\"text-editor.default\">\n\t\t\t\t<div class=\"elementor-widget-container\">\n\t\t\t\t\t\t\t\t\t<p>Saint Joseph, husband of the Blessed Virgin Mary, a just man, born of the seed of David, who acted as a father to the Son of God, Christ Jesus, who wished to be called the son of Joseph, and was subject to him as a son to his father.<\/p><p>The Church venerates him with special honour as a patron, whom the Lord constituted over his family.<\/p><p>He is depicted twice in our church.<\/p><p>\u00a0<\/p>\t\t\t\t\t\t\t\t<\/div>\n\t\t\t\t<\/div>\n\t\t<div class=\"elementor-element elementor-element-e4a64a9 e-flex e-con-boxed e-con e-child\" data-id=\"e4a64a9\" data-element_type=\"container\" data-e-type=\"container\">\n\t\t\t\t\t<div class=\"e-con-inner\">\n\t\t\t\t<div class=\"elementor-element elementor-element-227971e elementor-widget elementor-widget-heading\" data-id=\"227971e\" data-element_type=\"widget\" data-e-type=\"widget\" data-widget_type=\"heading.default\">\n\t\t\t\t<div class=\"elementor-widget-container\">\n\t\t\t\t\t<h3 class=\"elementor-heading-title elementor-size-default\"><a href=\"http:\/\/comunicacion@rpmagdalena.org\/en\/\">Saint Joseph holding the Child by the hand (transept)<\/a><\/h3>\t\t\t\t<\/div>\n\t\t\t\t<\/div>\n\t\t\t\t\t<\/div>\n\t\t\t\t<\/div>\n\t\t<div class=\"elementor-element elementor-element-3e08b0b e-flex e-con-boxed e-con e-child\" data-id=\"3e08b0b\" data-element_type=\"container\" data-e-type=\"container\">\n\t\t\t\t\t<div class=\"e-con-inner\">\n\t\t\t\t<div class=\"elementor-element elementor-element-ef1d04f elementor-widget__width-initial elementor-widget-mobile__width-inherit elementor-widget elementor-widget-text-editor\" data-id=\"ef1d04f\" data-element_type=\"widget\" data-e-type=\"widget\" data-widget_type=\"text-editor.default\">\n\t\t\t\t<div class=\"elementor-widget-container\">\n\t\t\t\t\t\t\t\t\t<p><em>\u00a0 This sculptural ensemble was made by Juan Mart\u00ednez Monta\u00f1\u00e9s.<\/em><\/p><p><em>\u00a0As is usual in the representations of the Patriarch after the Council of Trent, his features are rejuvenated, the result of a greater devotion to his figure, an active participant in the life of the Holy Family.<\/em><\/p><p><em>\u00a0Two conflicting sensations are conveyed, the stillness of the anointing that the two figures combine, while their postures, with their arms raised and mantle folded, allude to movement towards the front.<\/em><\/p><p><em>\u00a0Saint Joseph, with a classicist appearance, focuses his gaze on the Child, showing who is the true protagonist of the couple, and carries the traditional staff of lilies.<br \/><\/em><\/p><p>\u00a0<\/p>\t\t\t\t\t\t\t\t<\/div>\n\t\t\t\t<\/div>\n\t\t\t\t<div class=\"elementor-element elementor-element-48c5092 elementor-widget__width-initial elementor-widget-mobile__width-inherit elementor-widget elementor-widget-image\" data-id=\"48c5092\" data-element_type=\"widget\" data-e-type=\"widget\" data-widget_type=\"image.default\">\n\t\t\t\t<div class=\"elementor-widget-container\">\n\t\t\t\t\t\t\t\t\t\t\t\t\t\t\t\t<a href=\"https:\/\/rpmagdalena.org\/wp-content\/uploads\/2024\/02\/San-Jose-con-el-Nino-Retablo-San-Jose-scaled.jpg\" data-elementor-open-lightbox=\"yes\" data-elementor-lightbox-title=\"San Jos\u00e9 con el Ni\u00f1o Retablo San Jos\u00e9\" data-e-action-hash=\"#elementor-action%3Aaction%3Dlightbox%26settings%3DeyJpZCI6NDk0NywidXJsIjoiaHR0cHM6XC9cL3JwbWFnZGFsZW5hLm9yZ1wvd3AtY29udGVudFwvdXBsb2Fkc1wvMjAyNFwvMDJcL1Nhbi1Kb3NlLWNvbi1lbC1OaW5vLVJldGFibG8tU2FuLUpvc2Utc2NhbGVkLmpwZyJ9\">\n\t\t\t\t\t\t\t<img fetchpriority=\"high\" decoding=\"async\" width=\"1668\" height=\"2560\" src=\"https:\/\/rpmagdalena.org\/wp-content\/uploads\/2024\/02\/San-Jose-con-el-Nino-Retablo-San-Jose-scaled.jpg\" class=\"attachment-full size-full wp-image-4947\" alt=\"\" srcset=\"https:\/\/rpmagdalena.org\/wp-content\/uploads\/2024\/02\/San-Jose-con-el-Nino-Retablo-San-Jose-scaled.jpg 1668w, https:\/\/rpmagdalena.org\/wp-content\/uploads\/2024\/02\/San-Jose-con-el-Nino-Retablo-San-Jose-195x300.jpg 195w, https:\/\/rpmagdalena.org\/wp-content\/uploads\/2024\/02\/San-Jose-con-el-Nino-Retablo-San-Jose-667x1024.jpg 667w, https:\/\/rpmagdalena.org\/wp-content\/uploads\/2024\/02\/San-Jose-con-el-Nino-Retablo-San-Jose-768x1179.jpg 768w, https:\/\/rpmagdalena.org\/wp-content\/uploads\/2024\/02\/San-Jose-con-el-Nino-Retablo-San-Jose-1001x1536.jpg 1001w, https:\/\/rpmagdalena.org\/wp-content\/uploads\/2024\/02\/San-Jose-con-el-Nino-Retablo-San-Jose-1334x2048.jpg 1334w, https:\/\/rpmagdalena.org\/wp-content\/uploads\/2024\/02\/San-Jose-con-el-Nino-Retablo-San-Jose-8x12.jpg 8w, https:\/\/rpmagdalena.org\/wp-content\/uploads\/2024\/02\/San-Jose-con-el-Nino-Retablo-San-Jose-1320x2026.jpg 1320w\" sizes=\"(max-width: 1668px) 100vw, 1668px\" \/>\t\t\t\t\t\t\t\t<\/a>\n\t\t\t\t\t\t\t\t\t\t\t\t\t\t\t<\/div>\n\t\t\t\t<\/div>\n\t\t\t\t\t<\/div>\n\t\t\t\t<\/div>\n\t\t\t\t<div class=\"elementor-element elementor-element-cf01013 elementor-widget elementor-widget-heading\" data-id=\"cf01013\" data-element_type=\"widget\" data-e-type=\"widget\" data-widget_type=\"heading.default\">\n\t\t\t\t<div class=\"elementor-widget-container\">\n\t\t\t\t\t<h3 class=\"elementor-heading-title elementor-size-default\"><a href=\"http:\/\/comunicacion@rpmagdalena.org\/en\/\">Saint Joseph with the Child in his arms (Amparo Chapel)<\/a><\/h3>\t\t\t\t<\/div>\n\t\t\t\t<\/div>\n\t\t<div class=\"elementor-element elementor-element-3cd073d e-flex e-con-boxed e-con e-child\" data-id=\"3cd073d\" data-element_type=\"container\" data-e-type=\"container\">\n\t\t\t\t\t<div class=\"e-con-inner\">\n\t\t\t\t<div class=\"elementor-element elementor-element-ed83302 elementor-widget__width-initial elementor-widget-mobile__width-initial elementor-widget elementor-widget-image\" data-id=\"ed83302\" data-element_type=\"widget\" data-e-type=\"widget\" data-widget_type=\"image.default\">\n\t\t\t\t<div class=\"elementor-widget-container\">\n\t\t\t\t\t\t\t\t\t\t\t\t\t\t\t\t<a href=\"https:\/\/rpmagdalena.org\/wp-content\/uploads\/2024\/02\/San-Jose-Retablo-Capilla-del-Amparo-scaled.jpg\" data-elementor-open-lightbox=\"yes\" data-elementor-lightbox-title=\"San Jos\u00e9 Retablo Capilla del Amparo\" data-e-action-hash=\"#elementor-action%3Aaction%3Dlightbox%26settings%3DeyJpZCI6NDk0OCwidXJsIjoiaHR0cHM6XC9cL3JwbWFnZGFsZW5hLm9yZ1wvd3AtY29udGVudFwvdXBsb2Fkc1wvMjAyNFwvMDJcL1Nhbi1Kb3NlLVJldGFibG8tQ2FwaWxsYS1kZWwtQW1wYXJvLXNjYWxlZC5qcGcifQ%3D%3D\">\n\t\t\t\t\t\t\t<img decoding=\"async\" width=\"1738\" height=\"2560\" src=\"https:\/\/rpmagdalena.org\/wp-content\/uploads\/2024\/02\/San-Jose-Retablo-Capilla-del-Amparo-scaled.jpg\" class=\"attachment-full size-full wp-image-4948\" alt=\"\" srcset=\"https:\/\/rpmagdalena.org\/wp-content\/uploads\/2024\/02\/San-Jose-Retablo-Capilla-del-Amparo-scaled.jpg 1738w, https:\/\/rpmagdalena.org\/wp-content\/uploads\/2024\/02\/San-Jose-Retablo-Capilla-del-Amparo-204x300.jpg 204w, https:\/\/rpmagdalena.org\/wp-content\/uploads\/2024\/02\/San-Jose-Retablo-Capilla-del-Amparo-695x1024.jpg 695w, https:\/\/rpmagdalena.org\/wp-content\/uploads\/2024\/02\/San-Jose-Retablo-Capilla-del-Amparo-768x1131.jpg 768w, https:\/\/rpmagdalena.org\/wp-content\/uploads\/2024\/02\/San-Jose-Retablo-Capilla-del-Amparo-1043x1536.jpg 1043w, https:\/\/rpmagdalena.org\/wp-content\/uploads\/2024\/02\/San-Jose-Retablo-Capilla-del-Amparo-1391x2048.jpg 1391w, https:\/\/rpmagdalena.org\/wp-content\/uploads\/2024\/02\/San-Jose-Retablo-Capilla-del-Amparo-8x12.jpg 8w, https:\/\/rpmagdalena.org\/wp-content\/uploads\/2024\/02\/San-Jose-Retablo-Capilla-del-Amparo-1320x1944.jpg 1320w\" sizes=\"(max-width: 1738px) 100vw, 1738px\" \/>\t\t\t\t\t\t\t\t<\/a>\n\t\t\t\t\t\t\t\t\t\t\t\t\t\t\t<\/div>\n\t\t\t\t<\/div>\n\t\t\t\t<div class=\"elementor-element elementor-element-7511fb1 elementor-widget elementor-widget-text-editor\" data-id=\"7511fb1\" data-element_type=\"widget\" data-e-type=\"widget\" data-widget_type=\"text-editor.default\">\n\t\t\t\t<div class=\"elementor-widget-container\">\n\t\t\t\t\t\t\t\t\t<p><em>\u00a0This image is attributed to the workshop of Crist\u00f3bal de Guadix, the author of the altarpiece at the beginning of the 18th century.<\/em><\/p><p><em>\u00a0Saint Joseph, with the Child Jesus in his hands and holding the staff of lilies, puts his right foot forward, as a sign that his pilgrimage through life has the Child Jesus as its sole focus.<\/em><\/p><p><em>\u00a0He does not look at those who pray to him, but gazes at the newborn, thus showing himself to be one of the participants in his care.<\/em><\/p><p>\u00a0<\/p>\t\t\t\t\t\t\t\t<\/div>\n\t\t\t\t<\/div>\n\t\t\t\t\t<\/div>\n\t\t\t\t<\/div>\n\t\t<div class=\"elementor-element elementor-element-9d3042b e-flex e-con-boxed e-con e-child\" data-id=\"9d3042b\" data-element_type=\"container\" data-e-type=\"container\">\n\t\t\t\t\t<div class=\"e-con-inner\">\n\t\t\t\t<div class=\"elementor-element elementor-element-68e2a84 elementor-widget elementor-widget-heading\" data-id=\"68e2a84\" data-element_type=\"widget\" data-e-type=\"widget\" data-widget_type=\"heading.default\">\n\t\t\t\t<div class=\"elementor-widget-container\">\n\t\t\t\t\t<h3 class=\"elementor-heading-title elementor-size-default\"><a href=\"http:\/\/comunicacion@rpmagdalena.org\/en\/\">Link with the parish<\/a><\/h3>\t\t\t\t<\/div>\n\t\t\t\t<\/div>\n\t\t\t\t<div class=\"elementor-element elementor-element-72329da elementor-widget__width-inherit elementor-widget elementor-widget-text-editor\" data-id=\"72329da\" data-element_type=\"widget\" data-e-type=\"widget\" data-widget_type=\"text-editor.default\">\n\t\t\t\t<div class=\"elementor-widget-container\">\n\t\t\t\t\t\t\t\t\t<p>Thanks to the exaltation of the figure of Saint Joseph, particularly due to the efforts of various religious orders since the end of the Middle Ages, and particularly due to the Council of Trent, it is common to find chapels dedicated to Saint Joseph in churches and, in an isolated way, in altarpieces.<\/p><p>\u00a0<\/p>\t\t\t\t\t\t\t\t<\/div>\n\t\t\t\t<\/div>\n\t\t\t\t\t<\/div>\n\t\t\t\t<\/div>\n\t\t\t\t<\/div>\n\t\t\t\t<\/div>\n\t\t<div class=\"elementor-element elementor-element-09e584b e-flex e-con-boxed e-con e-parent\" data-id=\"09e584b\" data-element_type=\"container\" data-e-type=\"container\">\n\t\t\t\t\t<div class=\"e-con-inner\">\n\t\t\t\t\t<\/div>\n\t\t\t\t<\/div>\n\t\t\t\t<\/div>","protected":false},"excerpt":{"rendered":"<p>Santos Beato Enrique Sus\u00f3n San Jos\u00e9 Anunciaci\u00f3n del Se\u00f1or San Jos\u00e9 (19 de marzo) San Jos\u00e9, esposo de la Bienaventurada Virgen Mar\u00eda, var\u00f3n justo, nacido de la estirpe de David, que hizo las veces de padre para con el Hijo de Dios, Cristo Jes\u00fas, el cual quiso ser llamado hijo de Jos\u00e9, y le estuvo [&hellip;]<\/p>\n","protected":false},"author":2,"featured_media":0,"parent":109,"menu_order":0,"comment_status":"closed","ping_status":"closed","template":"","meta":{"footnotes":""},"class_list":["post-4937","page","type-page","status-publish","hentry"],"_links":{"self":[{"href":"https:\/\/rpmagdalena.org\/en\/wp-json\/wp\/v2\/pages\/4937","targetHints":{"allow":["GET"]}}],"collection":[{"href":"https:\/\/rpmagdalena.org\/en\/wp-json\/wp\/v2\/pages"}],"about":[{"href":"https:\/\/rpmagdalena.org\/en\/wp-json\/wp\/v2\/types\/page"}],"author":[{"embeddable":true,"href":"https:\/\/rpmagdalena.org\/en\/wp-json\/wp\/v2\/users\/2"}],"replies":[{"embeddable":true,"href":"https:\/\/rpmagdalena.org\/en\/wp-json\/wp\/v2\/comments?post=4937"}],"version-history":[{"count":0,"href":"https:\/\/rpmagdalena.org\/en\/wp-json\/wp\/v2\/pages\/4937\/revisions"}],"up":[{"embeddable":true,"href":"https:\/\/rpmagdalena.org\/en\/wp-json\/wp\/v2\/pages\/109"}],"wp:attachment":[{"href":"https:\/\/rpmagdalena.org\/en\/wp-json\/wp\/v2\/media?parent=4937"}],"curies":[{"name":"wp","href":"https:\/\/api.w.org\/{rel}","templated":true}]}}