{"id":4876,"date":"2024-02-20T17:09:37","date_gmt":"2024-02-20T16:09:37","guid":{"rendered":"https:\/\/www.rpmagdalena.org\/?page_id=4876"},"modified":"2024-02-23T11:07:50","modified_gmt":"2024-02-23T10:07:50","slug":"beato-enrique-suson","status":"publish","type":"page","link":"https:\/\/rpmagdalena.org\/en\/santos\/beato-enrique-suson\/","title":{"rendered":"Beatified Enrique Suson"},"content":{"rendered":"<div data-elementor-type=\"wp-page\" data-elementor-id=\"4876\" class=\"elementor elementor-4876\" data-elementor-post-type=\"page\">\n\t\t\t\t<div data-dce-background-image-url=\"https:\/\/rpmagdalena.org\/wp-content\/uploads\/2023\/06\/2.jpg\" class=\"elementor-element elementor-element-63c3daf4 e-flex e-con-boxed e-con e-parent\" data-id=\"63c3daf4\" data-element_type=\"container\" data-e-type=\"container\" data-settings=\"{&quot;background_background&quot;:&quot;classic&quot;}\">\n\t\t\t\t\t<div class=\"e-con-inner\">\n\t\t\t\t<div class=\"elementor-element elementor-element-34cdcc69 elementor-widget elementor-widget-heading\" data-id=\"34cdcc69\" data-element_type=\"widget\" data-e-type=\"widget\" data-widget_type=\"heading.default\">\n\t\t\t\t<div class=\"elementor-widget-container\">\n\t\t\t\t\t<h1 class=\"elementor-heading-title elementor-size-default\">Beatified Enrique Suson<\/h1>\t\t\t\t<\/div>\n\t\t\t\t<\/div>\n\t\t\t\t\t<\/div>\n\t\t\t\t<\/div>\n\t\t<div class=\"elementor-element elementor-element-8c9620a e-flex e-con-boxed e-con e-parent\" data-id=\"8c9620a\" data-element_type=\"container\" data-e-type=\"container\">\n\t\t\t\t\t<div class=\"e-con-inner\">\n\t\t<div class=\"elementor-element elementor-element-cddfa00 e-con-full e-flex e-con e-child\" data-id=\"cddfa00\" data-element_type=\"container\" data-e-type=\"container\" data-settings=\"{&quot;background_background&quot;:&quot;classic&quot;}\">\n\t\t\t\t<div class=\"elementor-element elementor-element-c7f172b elementor-widget elementor-widget-heading\" data-id=\"c7f172b\" data-element_type=\"widget\" data-e-type=\"widget\" data-widget_type=\"heading.default\">\n\t\t\t\t<div class=\"elementor-widget-container\">\n\t\t\t\t\t<p class=\"elementor-heading-title elementor-size-default\">Saints<\/p>\t\t\t\t<\/div>\n\t\t\t\t<\/div>\n\t\t\t\t<div class=\"elementor-element elementor-element-05c2de1 elementor-align-start elementor-icon-list--layout-traditional elementor-list-item-link-full_width elementor-widget elementor-widget-icon-list\" data-id=\"05c2de1\" data-element_type=\"widget\" data-e-type=\"widget\" data-widget_type=\"icon-list.default\">\n\t\t\t\t<div class=\"elementor-widget-container\">\n\t\t\t\t\t\t\t<ul class=\"elementor-icon-list-items\">\n\t\t\t\t\t\t\t<li class=\"elementor-icon-list-item\">\n\t\t\t\t\t\t\t\t\t\t\t<a href=\"https:\/\/rpmagdalena.org\/en\/santos\/beato-enrique-suson\/\">\n\n\t\t\t\t\t\t\t\t\t\t\t\t<span class=\"elementor-icon-list-icon\">\n\t\t\t\t\t\t\t<svg aria-hidden=\"true\" class=\"e-font-icon-svg e-fas-circle\" viewbox=\"0 0 512 512\" xmlns=\"http:\/\/www.w3.org\/2000\/svg\"><path d=\"M256 8C119 8 8 119 8 256s111 248 248 248 248-111 248-248S393 8 256 8z\"><\/path><\/svg>\t\t\t\t\t\t<\/span>\n\t\t\t\t\t\t\t\t\t\t<span class=\"elementor-icon-list-text\">Beatified Enrique Suson<\/span>\n\t\t\t\t\t\t\t\t\t\t\t<\/a>\n\t\t\t\t\t\t\t\t\t<\/li>\n\t\t\t\t\t\t\t\t<li class=\"elementor-icon-list-item\">\n\t\t\t\t\t\t\t\t\t\t\t<a href=\"https:\/\/rpmagdalena.org\/en\/santos\/san-jose\/\">\n\n\t\t\t\t\t\t\t\t\t\t\t\t<span class=\"elementor-icon-list-icon\">\n\t\t\t\t\t\t\t<svg aria-hidden=\"true\" class=\"e-font-icon-svg e-fas-circle\" viewbox=\"0 0 512 512\" xmlns=\"http:\/\/www.w3.org\/2000\/svg\"><path d=\"M256 8C119 8 8 119 8 256s111 248 248 248 248-111 248-248S393 8 256 8z\"><\/path><\/svg>\t\t\t\t\t\t<\/span>\n\t\t\t\t\t\t\t\t\t\t<span class=\"elementor-icon-list-text\">Saint Joseph<\/span>\n\t\t\t\t\t\t\t\t\t\t\t<\/a>\n\t\t\t\t\t\t\t\t\t<\/li>\n\t\t\t\t\t\t\t\t<li class=\"elementor-icon-list-item\">\n\t\t\t\t\t\t\t\t\t\t\t<a href=\"https:\/\/rpmagdalena.org\/en\/santos\/anunciacion\/\">\n\n\t\t\t\t\t\t\t\t\t\t\t\t<span class=\"elementor-icon-list-icon\">\n\t\t\t\t\t\t\t<svg aria-hidden=\"true\" class=\"e-font-icon-svg e-fas-circle\" viewbox=\"0 0 512 512\" xmlns=\"http:\/\/www.w3.org\/2000\/svg\"><path d=\"M256 8C119 8 8 119 8 256s111 248 248 248 248-111 248-248S393 8 256 8z\"><\/path><\/svg>\t\t\t\t\t\t<\/span>\n\t\t\t\t\t\t\t\t\t\t<span class=\"elementor-icon-list-text\">Annunciation Of The Lord<\/span>\n\t\t\t\t\t\t\t\t\t\t\t<\/a>\n\t\t\t\t\t\t\t\t\t<\/li>\n\t\t\t\t\t\t<\/ul>\n\t\t\t\t\t\t<\/div>\n\t\t\t\t<\/div>\n\t\t\t\t<\/div>\n\t\t<div class=\"elementor-element elementor-element-18b0d5a e-con-full e-flex e-con e-child\" data-id=\"18b0d5a\" data-element_type=\"container\" data-e-type=\"container\">\n\t\t<div class=\"elementor-element elementor-element-dee9181 e-flex e-con-boxed e-con e-child\" data-id=\"dee9181\" data-element_type=\"container\" data-e-type=\"container\">\n\t\t\t\t\t<div class=\"e-con-inner\">\n\t\t\t\t<div class=\"elementor-element elementor-element-d672eee elementor-widget elementor-widget-heading\" data-id=\"d672eee\" data-element_type=\"widget\" data-e-type=\"widget\" data-widget_type=\"heading.default\">\n\t\t\t\t<div class=\"elementor-widget-container\">\n\t\t\t\t\t<h1 class=\"elementor-heading-title elementor-size-default\"><a href=\"http:\/\/comunicacion@rpmagdalena.org\/en\/\">Beatified Enrique Sus\u00f3n (2nd March)<\/a><\/h1>\t\t\t\t<\/div>\n\t\t\t\t<\/div>\n\t\t\t\t\t<\/div>\n\t\t\t\t<\/div>\n\t\t\t\t<div class=\"elementor-element elementor-element-da3e9ea elementor-widget__width-inherit elementor-widget elementor-widget-text-editor\" data-id=\"da3e9ea\" data-element_type=\"widget\" data-e-type=\"widget\" data-widget_type=\"text-editor.default\">\n\t\t\t\t<div class=\"elementor-widget-container\">\n\t\t\t\t\t\t\t\t\t<p>Heinrich Seuse O.P. or in its Spanish form Sus\u00f3n was a German mystic of the order of preachers born in 1295. He explored with psychological intensity the spiritual truths of Meister Eckhart's mystical philosophy. His devout works were extremely popular in the late Middle Ages. He had frequent visions and ecstasies, practised rigorous asceticism (which he prudently moderated in his mature years), and endured corporal pain with exceptional patience. He died in 1366 and was beatified in 1831 by Pope Gregory XVI.<\/p>\t\t\t\t\t\t\t\t<\/div>\n\t\t\t\t<\/div>\n\t\t<div class=\"elementor-element elementor-element-e4a64a9 e-flex e-con-boxed e-con e-child\" data-id=\"e4a64a9\" data-element_type=\"container\" data-e-type=\"container\">\n\t\t\t\t\t<div class=\"e-con-inner\">\n\t\t\t\t<div class=\"elementor-element elementor-element-227971e elementor-widget elementor-widget-heading\" data-id=\"227971e\" data-element_type=\"widget\" data-e-type=\"widget\" data-widget_type=\"heading.default\">\n\t\t\t\t<div class=\"elementor-widget-container\">\n\t\t\t\t\t<h3 class=\"elementor-heading-title elementor-size-default\"><a href=\"http:\/\/comunicacion@rpmagdalena.org\/en\/\">Representation in the church, crossing pillar<\/a><\/h3>\t\t\t\t<\/div>\n\t\t\t\t<\/div>\n\t\t\t\t\t<\/div>\n\t\t\t\t<\/div>\n\t\t\t\t<div class=\"elementor-element elementor-element-48c5092 elementor-widget__width-initial elementor-widget-mobile__width-inherit elementor-widget elementor-widget-image\" data-id=\"48c5092\" data-element_type=\"widget\" data-e-type=\"widget\" data-widget_type=\"image.default\">\n\t\t\t\t<div class=\"elementor-widget-container\">\n\t\t\t\t\t\t\t\t\t\t\t\t\t\t\t\t<a href=\"https:\/\/rpmagdalena.org\/wp-content\/uploads\/2024\/02\/Beato-Enrique-Suson-Pilares-Crucero_recorte-scaled.jpg\" data-elementor-open-lightbox=\"yes\" data-elementor-lightbox-title=\"Beato Enrique Sus\u00f3n Pilares Crucero_recorte\" data-e-action-hash=\"#elementor-action%3Aaction%3Dlightbox%26settings%3DeyJpZCI6NDg5OSwidXJsIjoiaHR0cHM6XC9cL3JwbWFnZGFsZW5hLm9yZ1wvd3AtY29udGVudFwvdXBsb2Fkc1wvMjAyNFwvMDJcL0JlYXRvLUVucmlxdWUtU3Vzb24tUGlsYXJlcy1DcnVjZXJvX3JlY29ydGUtc2NhbGVkLmpwZyJ9\">\n\t\t\t\t\t\t\t<img fetchpriority=\"high\" decoding=\"async\" width=\"1354\" height=\"2560\" src=\"https:\/\/rpmagdalena.org\/wp-content\/uploads\/2024\/02\/Beato-Enrique-Suson-Pilares-Crucero_recorte-scaled.jpg\" class=\"attachment-full size-full wp-image-4899\" alt=\"\" srcset=\"https:\/\/rpmagdalena.org\/wp-content\/uploads\/2024\/02\/Beato-Enrique-Suson-Pilares-Crucero_recorte-scaled.jpg 1354w, https:\/\/rpmagdalena.org\/wp-content\/uploads\/2024\/02\/Beato-Enrique-Suson-Pilares-Crucero_recorte-159x300.jpg 159w, https:\/\/rpmagdalena.org\/wp-content\/uploads\/2024\/02\/Beato-Enrique-Suson-Pilares-Crucero_recorte-542x1024.jpg 542w, https:\/\/rpmagdalena.org\/wp-content\/uploads\/2024\/02\/Beato-Enrique-Suson-Pilares-Crucero_recorte-768x1452.jpg 768w, https:\/\/rpmagdalena.org\/wp-content\/uploads\/2024\/02\/Beato-Enrique-Suson-Pilares-Crucero_recorte-813x1536.jpg 813w, https:\/\/rpmagdalena.org\/wp-content\/uploads\/2024\/02\/Beato-Enrique-Suson-Pilares-Crucero_recorte-1083x2048.jpg 1083w, https:\/\/rpmagdalena.org\/wp-content\/uploads\/2024\/02\/Beato-Enrique-Suson-Pilares-Crucero_recorte-6x12.jpg 6w, https:\/\/rpmagdalena.org\/wp-content\/uploads\/2024\/02\/Beato-Enrique-Suson-Pilares-Crucero_recorte-1320x2495.jpg 1320w\" sizes=\"(max-width: 1354px) 100vw, 1354px\" \/>\t\t\t\t\t\t\t\t<\/a>\n\t\t\t\t\t\t\t\t\t\t\t\t\t\t\t<\/div>\n\t\t\t\t<\/div>\n\t\t\t\t<div class=\"elementor-element elementor-element-ef1d04f elementor-widget__width-initial elementor-widget-mobile__width-inherit elementor-widget elementor-widget-text-editor\" data-id=\"ef1d04f\" data-element_type=\"widget\" data-e-type=\"widget\" data-widget_type=\"text-editor.default\">\n\t\t\t\t<div class=\"elementor-widget-container\">\n\t\t\t\t\t\t\t\t\t<p>This is a mural painting, executed by Lucas Vald\u00e9s, at the beginning of the 18th century. Dressed in the Dominican habit, he holds in his right hand an awl, with which, through the opening at chest level, the anagram of the IHS and a Chrismon have been engraved. This gesture indicates his extreme love for God.<\/p><p>\u00a0<\/p>\t\t\t\t\t\t\t\t<\/div>\n\t\t\t\t<\/div>\n\t\t<div class=\"elementor-element elementor-element-9d3042b e-flex e-con-boxed e-con e-child\" data-id=\"9d3042b\" data-element_type=\"container\" data-e-type=\"container\">\n\t\t\t\t\t<div class=\"e-con-inner\">\n\t\t\t\t<div class=\"elementor-element elementor-element-68e2a84 elementor-widget elementor-widget-heading\" data-id=\"68e2a84\" data-element_type=\"widget\" data-e-type=\"widget\" data-widget_type=\"heading.default\">\n\t\t\t\t<div class=\"elementor-widget-container\">\n\t\t\t\t\t<h3 class=\"elementor-heading-title elementor-size-default\"><a href=\"http:\/\/comunicacion@rpmagdalena.org\/en\/\">Link with the parish<\/a><\/h3>\t\t\t\t<\/div>\n\t\t\t\t<\/div>\n\t\t\t\t\t<\/div>\n\t\t\t\t<\/div>\n\t\t\t\t<div class=\"elementor-element elementor-element-72329da elementor-widget__width-inherit elementor-widget elementor-widget-text-editor\" data-id=\"72329da\" data-element_type=\"widget\" data-e-type=\"widget\" data-widget_type=\"text-editor.default\">\n\t\t\t\t<div class=\"elementor-widget-container\">\n\t\t\t\t\t\t\t\t\t<p><em>Although his beatification did not take place until the 19th century, his writings and his teaching made him one of the great models for members of the Order of Preachers to follow.<\/em><\/p>\t\t\t\t\t\t\t\t<\/div>\n\t\t\t\t<\/div>\n\t\t\t\t<\/div>\n\t\t\t\t\t<\/div>\n\t\t\t\t<\/div>\n\t\t\t\t<\/div>","protected":false},"excerpt":{"rendered":"<p>Santos Beato Enrique Sus\u00f3n San Jos\u00e9 Anunciaci\u00f3n del Se\u00f1or Beato Enrique Sus\u00f3n (2 de marzo) Heinrich Seuse O.P. o en su forma castellanizada Sus\u00f3n fue un m\u00edstico alem\u00e1n de la orden de predicadores nacido en 1295. Sus\u00f3n explor\u00f3 con intensidad psicol\u00f3gica las verdades espirituales de la filosof\u00eda m\u00edstica de Meister Eckhart. Sus devotas obras fueron [&hellip;]<\/p>\n","protected":false},"author":2,"featured_media":0,"parent":109,"menu_order":0,"comment_status":"closed","ping_status":"closed","template":"","meta":{"footnotes":""},"class_list":["post-4876","page","type-page","status-publish","hentry"],"_links":{"self":[{"href":"https:\/\/rpmagdalena.org\/en\/wp-json\/wp\/v2\/pages\/4876","targetHints":{"allow":["GET"]}}],"collection":[{"href":"https:\/\/rpmagdalena.org\/en\/wp-json\/wp\/v2\/pages"}],"about":[{"href":"https:\/\/rpmagdalena.org\/en\/wp-json\/wp\/v2\/types\/page"}],"author":[{"embeddable":true,"href":"https:\/\/rpmagdalena.org\/en\/wp-json\/wp\/v2\/users\/2"}],"replies":[{"embeddable":true,"href":"https:\/\/rpmagdalena.org\/en\/wp-json\/wp\/v2\/comments?post=4876"}],"version-history":[{"count":0,"href":"https:\/\/rpmagdalena.org\/en\/wp-json\/wp\/v2\/pages\/4876\/revisions"}],"up":[{"embeddable":true,"href":"https:\/\/rpmagdalena.org\/en\/wp-json\/wp\/v2\/pages\/109"}],"wp:attachment":[{"href":"https:\/\/rpmagdalena.org\/en\/wp-json\/wp\/v2\/media?parent=4876"}],"curies":[{"name":"wp","href":"https:\/\/api.w.org\/{rel}","templated":true}]}}