{"id":4198,"date":"2024-01-09T18:19:23","date_gmt":"2024-01-09T17:19:23","guid":{"rendered":"https:\/\/www.rpmagdalena.org\/?page_id=4198"},"modified":"2024-01-10T13:36:17","modified_gmt":"2024-01-10T12:36:17","slug":"atril","status":"publish","type":"page","link":"https:\/\/rpmagdalena.org\/en\/cartelas\/atril\/","title":{"rendered":"Lectern"},"content":{"rendered":"<div data-elementor-type=\"wp-page\" data-elementor-id=\"4198\" class=\"elementor elementor-4198\" data-elementor-post-type=\"page\">\n\t\t\t\t<div class=\"elementor-element elementor-element-fe402de e-flex e-con-boxed e-con e-parent\" data-id=\"fe402de\" data-element_type=\"container\" data-e-type=\"container\">\n\t\t\t\t\t<div class=\"e-con-inner\">\n\t\t\t\t<div class=\"elementor-element elementor-element-6582462 elementor-widget elementor-widget-image\" data-id=\"6582462\" data-element_type=\"widget\" data-e-type=\"widget\" data-widget_type=\"image.default\">\n\t\t\t\t<div class=\"elementor-widget-container\">\n\t\t\t\t\t\t\t\t\t\t\t\t\t\t\t<img decoding=\"async\" width=\"300\" height=\"92\" src=\"https:\/\/rpmagdalena.org\/wp-content\/uploads\/2023\/07\/LOGO-HORIZONTAL-ALTA-300x92.png\" class=\"attachment-medium size-medium wp-image-3132\" alt=\"\" srcset=\"https:\/\/rpmagdalena.org\/wp-content\/uploads\/2023\/07\/LOGO-HORIZONTAL-ALTA-300x92.png 300w, https:\/\/rpmagdalena.org\/wp-content\/uploads\/2023\/07\/LOGO-HORIZONTAL-ALTA-1024x314.png 1024w, https:\/\/rpmagdalena.org\/wp-content\/uploads\/2023\/07\/LOGO-HORIZONTAL-ALTA-768x235.png 768w, https:\/\/rpmagdalena.org\/wp-content\/uploads\/2023\/07\/LOGO-HORIZONTAL-ALTA-1536x471.png 1536w, https:\/\/rpmagdalena.org\/wp-content\/uploads\/2023\/07\/LOGO-HORIZONTAL-ALTA-2048x627.png 2048w, https:\/\/rpmagdalena.org\/wp-content\/uploads\/2023\/07\/LOGO-HORIZONTAL-ALTA-18x6.png 18w, https:\/\/rpmagdalena.org\/wp-content\/uploads\/2023\/07\/LOGO-HORIZONTAL-ALTA-1320x404.png 1320w\" sizes=\"(max-width: 300px) 100vw, 300px\" \/>\t\t\t\t\t\t\t\t\t\t\t\t\t\t\t<\/div>\n\t\t\t\t<\/div>\n\t\t\t\t<div class=\"elementor-element elementor-element-0249d4b elementor-widget elementor-widget-button\" data-id=\"0249d4b\" data-element_type=\"widget\" data-e-type=\"widget\" data-widget_type=\"button.default\">\n\t\t\t\t<div class=\"elementor-widget-container\">\n\t\t\t\t\t\t\t\t\t<div class=\"elementor-button-wrapper\">\n\t\t\t\t\t<a class=\"elementor-button elementor-button-link elementor-size-xs\" href=\"https:\/\/rpmagdalena.org\/en\/cartelas\/portaviatico\/\" id=\"comunicacion@rpmagdalena.or\">\n\t\t\t\t\t\t<span class=\"elementor-button-content-wrapper\">\n\t\t\t\t\t\t<span class=\"elementor-button-icon\">\n\t\t\t\t<svg aria-hidden=\"true\" class=\"e-font-icon-svg e-fas-angle-double-left\" viewbox=\"0 0 448 512\" xmlns=\"http:\/\/www.w3.org\/2000\/svg\"><path d=\"M223.7 239l136-136c9.4-9.4 24.6-9.4 33.9 0l22.6 22.6c9.4 9.4 9.4 24.6 0 33.9L319.9 256l96.4 96.4c9.4 9.4 9.4 24.6 0 33.9L393.7 409c-9.4 9.4-24.6 9.4-33.9 0l-136-136c-9.5-9.4-9.5-24.6-.1-34zm-192 34l136 136c9.4 9.4 24.6 9.4 33.9 0l22.6-22.6c9.4-9.4 9.4-24.6 0-33.9L127.9 256l96.4-96.4c9.4-9.4 9.4-24.6 0-33.9L201.7 103c-9.4-9.4-24.6-9.4-33.9 0l-136 136c-9.5 9.4-9.5 24.6-.1 34z\"><\/path><\/svg>\t\t\t<\/span>\n\t\t\t\t\t\t\t\t\t<span class=\"elementor-button-text\">ANTERIOR<\/span>\n\t\t\t\t\t<\/span>\n\t\t\t\t\t<\/a>\n\t\t\t\t<\/div>\n\t\t\t\t\t\t\t\t<\/div>\n\t\t\t\t<\/div>\n\t\t\t\t<div class=\"elementor-element elementor-element-f19f3e4 elementor-widget elementor-widget-heading\" data-id=\"f19f3e4\" data-element_type=\"widget\" data-e-type=\"widget\" data-widget_type=\"heading.default\">\n\t\t\t\t<div class=\"elementor-widget-container\">\n\t\t\t\t\t<h2 class=\"elementor-heading-title elementor-size-default\">Lectern<\/h2>\t\t\t\t<\/div>\n\t\t\t\t<\/div>\n\t\t\t\t<div class=\"elementor-element elementor-element-2b4b62d elementor-widget elementor-widget-heading\" data-id=\"2b4b62d\" data-element_type=\"widget\" data-e-type=\"widget\" data-widget_type=\"heading.default\">\n\t\t\t\t<div class=\"elementor-widget-container\">\n\t\t\t\t\t<h3 class=\"elementor-heading-title elementor-size-default\">Anonymous Sevillian<\/h3>\t\t\t\t<\/div>\n\t\t\t\t<\/div>\n\t\t\t\t\t<\/div>\n\t\t\t\t<\/div>\n\t\t<div class=\"elementor-element elementor-element-fd28a85 e-flex e-con-boxed e-con e-parent\" data-id=\"fd28a85\" data-element_type=\"container\" data-e-type=\"container\">\n\t\t\t\t\t<div class=\"e-con-inner\">\n\t\t\t\t<div class=\"elementor-element elementor-element-aace934 elementor-widget elementor-widget-heading\" data-id=\"aace934\" data-element_type=\"widget\" data-e-type=\"widget\" data-widget_type=\"heading.default\">\n\t\t\t\t<div class=\"elementor-widget-container\">\n\t\t\t\t\t<h4 class=\"elementor-heading-title elementor-size-default\">c. 1700<\/h4>\t\t\t\t<\/div>\n\t\t\t\t<\/div>\n\t\t\t\t<div class=\"elementor-element elementor-element-d94417a elementor-widget elementor-widget-heading\" data-id=\"d94417a\" data-element_type=\"widget\" data-e-type=\"widget\" data-widget_type=\"heading.default\">\n\t\t\t\t<div class=\"elementor-widget-container\">\n\t\t\t\t\t<h5 class=\"elementor-heading-title elementor-size-default\">Embossed and chiselled silver<\/h5>\t\t\t\t<\/div>\n\t\t\t\t<\/div>\n\t\t\t\t<div class=\"elementor-element elementor-element-5de2b90 elementor-widget-divider--view-line elementor-widget elementor-widget-divider\" data-id=\"5de2b90\" data-element_type=\"widget\" data-e-type=\"widget\" data-widget_type=\"divider.default\">\n\t\t\t\t<div class=\"elementor-widget-container\">\n\t\t\t\t\t\t\t<div class=\"elementor-divider\">\n\t\t\t<span class=\"elementor-divider-separator\">\n\t\t\t\t\t\t<\/span>\n\t\t<\/div>\n\t\t\t\t\t\t<\/div>\n\t\t\t\t<\/div>\n\t\t\t\t<div class=\"elementor-element elementor-element-be73766 elementor-widget elementor-widget-text-editor\" data-id=\"be73766\" data-element_type=\"widget\" data-e-type=\"widget\" data-widget_type=\"text-editor.default\">\n\t\t\t\t<div class=\"elementor-widget-container\">\n\t\t\t\t\t\t\t\t\t<p>Uno de los elementos fijos de la liturgia es el atril empleado para apoyar el misal con la adecuada inclinaci\u00f3n y trasladarlo con respeto y dignidad. Este atril pertenece a un conjunto de dos piezas id\u00e9nticas que serv\u00edan en las grandes solemnidades de la parroquia, como certifica la presencia del emblema del pomero y la inscripci\u00f3n de pertenencia a la f\u00e1brica de la Magdalena.<\/p><p>\u00a0<\/p>\t\t\t\t\t\t\t\t<\/div>\n\t\t\t\t<\/div>\n\t\t\t\t\t<\/div>\n\t\t\t\t<\/div>\n\t\t\t\t<\/div>","protected":false},"excerpt":{"rendered":"<p>ANTERIOR Atril An\u00f3nimo sevillano c. 1700 Plata repujada y cincelada Uno de los elementos fijos de la liturgia es el atril empleado para apoyar el misal con la adecuada inclinaci\u00f3n y trasladarlo con respeto y dignidad. Este atril pertenece a un conjunto de dos piezas id\u00e9nticas que serv\u00edan en las grandes solemnidades de la parroquia, [&hellip;]<\/p>\n","protected":false},"author":2,"featured_media":0,"parent":4155,"menu_order":0,"comment_status":"closed","ping_status":"closed","template":"elementor_canvas","meta":{"footnotes":""},"class_list":["post-4198","page","type-page","status-publish","hentry"],"_links":{"self":[{"href":"https:\/\/rpmagdalena.org\/en\/wp-json\/wp\/v2\/pages\/4198","targetHints":{"allow":["GET"]}}],"collection":[{"href":"https:\/\/rpmagdalena.org\/en\/wp-json\/wp\/v2\/pages"}],"about":[{"href":"https:\/\/rpmagdalena.org\/en\/wp-json\/wp\/v2\/types\/page"}],"author":[{"embeddable":true,"href":"https:\/\/rpmagdalena.org\/en\/wp-json\/wp\/v2\/users\/2"}],"replies":[{"embeddable":true,"href":"https:\/\/rpmagdalena.org\/en\/wp-json\/wp\/v2\/comments?post=4198"}],"version-history":[{"count":0,"href":"https:\/\/rpmagdalena.org\/en\/wp-json\/wp\/v2\/pages\/4198\/revisions"}],"up":[{"embeddable":true,"href":"https:\/\/rpmagdalena.org\/en\/wp-json\/wp\/v2\/pages\/4155"}],"wp:attachment":[{"href":"https:\/\/rpmagdalena.org\/en\/wp-json\/wp\/v2\/media?parent=4198"}],"curies":[{"name":"wp","href":"https:\/\/api.w.org\/{rel}","templated":true}]}}