{"id":4161,"date":"2024-01-07T20:49:24","date_gmt":"2024-01-07T19:49:24","guid":{"rendered":"https:\/\/www.rpmagdalena.org\/?page_id=4161"},"modified":"2024-01-10T13:37:12","modified_gmt":"2024-01-10T12:37:12","slug":"el-arte-de-la-plata-en-la-liturgia-cristiana","status":"publish","type":"page","link":"https:\/\/rpmagdalena.org\/en\/cartelas\/el-arte-de-la-plata-en-la-liturgia-cristiana\/","title":{"rendered":"The art of silver in the Christian liturgy"},"content":{"rendered":"<div data-elementor-type=\"wp-page\" data-elementor-id=\"4161\" class=\"elementor elementor-4161\" data-elementor-post-type=\"page\">\n\t\t\t\t<div class=\"elementor-element elementor-element-fe402de e-flex e-con-boxed e-con e-parent\" data-id=\"fe402de\" data-element_type=\"container\" data-e-type=\"container\">\n\t\t\t\t\t<div class=\"e-con-inner\">\n\t\t\t\t<div class=\"elementor-element elementor-element-6582462 elementor-widget elementor-widget-image\" data-id=\"6582462\" data-element_type=\"widget\" data-e-type=\"widget\" data-widget_type=\"image.default\">\n\t\t\t\t<div class=\"elementor-widget-container\">\n\t\t\t\t\t\t\t\t\t\t\t\t\t\t\t<img decoding=\"async\" width=\"300\" height=\"92\" src=\"https:\/\/rpmagdalena.org\/wp-content\/uploads\/2023\/07\/LOGO-HORIZONTAL-ALTA-300x92.png\" class=\"attachment-medium size-medium wp-image-3132\" alt=\"\" srcset=\"https:\/\/rpmagdalena.org\/wp-content\/uploads\/2023\/07\/LOGO-HORIZONTAL-ALTA-300x92.png 300w, https:\/\/rpmagdalena.org\/wp-content\/uploads\/2023\/07\/LOGO-HORIZONTAL-ALTA-1024x314.png 1024w, https:\/\/rpmagdalena.org\/wp-content\/uploads\/2023\/07\/LOGO-HORIZONTAL-ALTA-768x235.png 768w, https:\/\/rpmagdalena.org\/wp-content\/uploads\/2023\/07\/LOGO-HORIZONTAL-ALTA-1536x471.png 1536w, https:\/\/rpmagdalena.org\/wp-content\/uploads\/2023\/07\/LOGO-HORIZONTAL-ALTA-2048x627.png 2048w, https:\/\/rpmagdalena.org\/wp-content\/uploads\/2023\/07\/LOGO-HORIZONTAL-ALTA-18x6.png 18w, https:\/\/rpmagdalena.org\/wp-content\/uploads\/2023\/07\/LOGO-HORIZONTAL-ALTA-1320x404.png 1320w\" sizes=\"(max-width: 300px) 100vw, 300px\" \/>\t\t\t\t\t\t\t\t\t\t\t\t\t\t\t<\/div>\n\t\t\t\t<\/div>\n\t\t\t\t\t<\/div>\n\t\t\t\t<\/div>\n\t\t<div class=\"elementor-element elementor-element-fd28a85 e-flex e-con-boxed e-con e-parent\" data-id=\"fd28a85\" data-element_type=\"container\" data-e-type=\"container\">\n\t\t\t\t\t<div class=\"e-con-inner\">\n\t\t<div class=\"elementor-element elementor-element-6fd3209 e-flex e-con-boxed e-con e-child\" data-id=\"6fd3209\" data-element_type=\"container\" data-e-type=\"container\">\n\t\t\t\t\t<div class=\"e-con-inner\">\n\t\t\t\t<div class=\"elementor-element elementor-element-219f258 elementor-widget elementor-widget-button\" data-id=\"219f258\" data-element_type=\"widget\" data-e-type=\"widget\" data-widget_type=\"button.default\">\n\t\t\t\t<div class=\"elementor-widget-container\">\n\t\t\t\t\t\t\t\t\t<div class=\"elementor-button-wrapper\">\n\t\t\t\t\t<a class=\"elementor-button elementor-button-link elementor-size-xs\" href=\"https:\/\/rpmagdalena.org\/en\/cartelas\/portaviatico\/\" id=\"comunicacion@rpmagdalena.or\">\n\t\t\t\t\t\t<span class=\"elementor-button-content-wrapper\">\n\t\t\t\t\t\t<span class=\"elementor-button-icon\">\n\t\t\t\t<svg aria-hidden=\"true\" class=\"e-font-icon-svg e-fas-angle-double-right\" viewbox=\"0 0 448 512\" xmlns=\"http:\/\/www.w3.org\/2000\/svg\"><path d=\"M224.3 273l-136 136c-9.4 9.4-24.6 9.4-33.9 0l-22.6-22.6c-9.4-9.4-9.4-24.6 0-33.9l96.4-96.4-96.4-96.4c-9.4-9.4-9.4-24.6 0-33.9L54.3 103c9.4-9.4 24.6-9.4 33.9 0l136 136c9.5 9.4 9.5 24.6.1 34zm192-34l-136-136c-9.4-9.4-24.6-9.4-33.9 0l-22.6 22.6c-9.4 9.4-9.4 24.6 0 33.9l96.4 96.4-96.4 96.4c-9.4 9.4-9.4 24.6 0 33.9l22.6 22.6c9.4 9.4 24.6 9.4 33.9 0l136-136c9.4-9.2 9.4-24.4 0-33.8z\"><\/path><\/svg>\t\t\t<\/span>\n\t\t\t\t\t\t\t\t\t<span class=\"elementor-button-text\">SIGUIENTE<\/span>\n\t\t\t\t\t<\/span>\n\t\t\t\t\t<\/a>\n\t\t\t\t<\/div>\n\t\t\t\t\t\t\t\t<\/div>\n\t\t\t\t<\/div>\n\t\t\t\t\t<\/div>\n\t\t\t\t<\/div>\n\t\t\t\t<div class=\"elementor-element elementor-element-b0f81f5 elementor-widget elementor-widget-heading\" data-id=\"b0f81f5\" data-element_type=\"widget\" data-e-type=\"widget\" data-widget_type=\"heading.default\">\n\t\t\t\t<div class=\"elementor-widget-container\">\n\t\t\t\t\t<h2 class=\"elementor-heading-title elementor-size-default\">The art of silver in the Christian liturgy<\/h2>\t\t\t\t<\/div>\n\t\t\t\t<\/div>\n\t\t\t\t<div class=\"elementor-element elementor-element-be73766 elementor-widget elementor-widget-text-editor\" data-id=\"be73766\" data-element_type=\"widget\" data-e-type=\"widget\" data-widget_type=\"text-editor.default\">\n\t\t\t\t<div class=\"elementor-widget-container\">\n\t\t\t\t\t\t\t\t\t<p>From immemorial times, the Church determined that sacred vessels and, by extension, all other liturgical items should be decorated pieces made of, or covered with, noble metals. As a result, religious goldsmithing reached an outstanding artistic development, especially during the Modern Age.<\/p><p>\u00a0<\/p>\t\t\t\t\t\t\t\t<\/div>\n\t\t\t\t<\/div>\n\t\t\t\t\t<\/div>\n\t\t\t\t<\/div>\n\t\t<div class=\"elementor-element elementor-element-0e0fb1d e-flex e-con-boxed e-con e-parent\" data-id=\"0e0fb1d\" data-element_type=\"container\" data-e-type=\"container\">\n\t\t\t\t\t<div class=\"e-con-inner\">\n\t\t\t\t<div class=\"elementor-element elementor-element-c09ef16 elementor-widget elementor-widget-text-editor\" data-id=\"c09ef16\" data-element_type=\"widget\" data-e-type=\"widget\" data-widget_type=\"text-editor.default\">\n\t\t\t\t<div class=\"elementor-widget-container\">\n\t\t\t\t\t\t\t\t\t<p>The Royal Parish Church of Saint Mary Magdalene is home to one of the most outstanding collections of liturgical goldsmith's work in the city, as it brings together pieces belonging to the former convent of Saint Paul and to the parish itself, as well as other pieces donated or owned by the brotherhoods that are located there.<\/p><p>\u00a0<\/p>\t\t\t\t\t\t\t\t<\/div>\n\t\t\t\t<\/div>\n\t\t\t\t\t<\/div>\n\t\t\t\t<\/div>\n\t\t\t\t<\/div>","protected":false},"excerpt":{"rendered":"<p>SIGUIENTE El arte de la plata en la liturgia cristiana Desde tiempo inmemorial, la Iglesia determin\u00f3 la conveniencia de que\u00a0 los vasos sagrados, y por extensi\u00f3n, los dem\u00e1s elementos de uso lit\u00fargico fueran piezas adornadas realizadas o revestidas con metales nobles. En consecuencia, la orfebrer\u00eda religiosa alcanz\u00f3 un sobresaliente desarrollo art\u00edstico, especialmente durante la Edad [&hellip;]<\/p>\n","protected":false},"author":2,"featured_media":0,"parent":4155,"menu_order":0,"comment_status":"closed","ping_status":"closed","template":"elementor_canvas","meta":{"footnotes":""},"class_list":["post-4161","page","type-page","status-publish","hentry"],"_links":{"self":[{"href":"https:\/\/rpmagdalena.org\/en\/wp-json\/wp\/v2\/pages\/4161","targetHints":{"allow":["GET"]}}],"collection":[{"href":"https:\/\/rpmagdalena.org\/en\/wp-json\/wp\/v2\/pages"}],"about":[{"href":"https:\/\/rpmagdalena.org\/en\/wp-json\/wp\/v2\/types\/page"}],"author":[{"embeddable":true,"href":"https:\/\/rpmagdalena.org\/en\/wp-json\/wp\/v2\/users\/2"}],"replies":[{"embeddable":true,"href":"https:\/\/rpmagdalena.org\/en\/wp-json\/wp\/v2\/comments?post=4161"}],"version-history":[{"count":0,"href":"https:\/\/rpmagdalena.org\/en\/wp-json\/wp\/v2\/pages\/4161\/revisions"}],"up":[{"embeddable":true,"href":"https:\/\/rpmagdalena.org\/en\/wp-json\/wp\/v2\/pages\/4155"}],"wp:attachment":[{"href":"https:\/\/rpmagdalena.org\/en\/wp-json\/wp\/v2\/media?parent=4161"}],"curies":[{"name":"wp","href":"https:\/\/api.w.org\/{rel}","templated":true}]}}