{"id":2744,"date":"2023-06-20T20:38:35","date_gmt":"2023-06-20T18:38:35","guid":{"rendered":"https:\/\/adoring-golick.212-227-153-101.plesk.page\/?page_id=2744"},"modified":"2023-06-30T16:44:33","modified_gmt":"2023-06-30T14:44:33","slug":"consejo-parroquial-de-asuntos-economicos","status":"publish","type":"page","link":"https:\/\/rpmagdalena.org\/en\/vida-parroquial\/gestion-parroquial\/consejo-parroquial-de-asuntos-economicos\/","title":{"rendered":"Consejo Parroquial de Asuntos Econ\u00f3micos"},"content":{"rendered":"<div data-elementor-type=\"wp-page\" data-elementor-id=\"2744\" class=\"elementor elementor-2744\" data-elementor-post-type=\"page\">\n\t\t\t\t<div data-dce-background-image-url=\"https:\/\/rpmagdalena.org\/wp-content\/uploads\/2023\/06\/3.jpg\" class=\"elementor-element elementor-element-6f16fcb e-flex e-con-boxed e-con e-parent\" data-id=\"6f16fcb\" data-element_type=\"container\" data-e-type=\"container\" data-settings=\"{&quot;background_background&quot;:&quot;classic&quot;}\">\n\t\t\t\t\t<div class=\"e-con-inner\">\n\t\t\t\t<div class=\"elementor-element elementor-element-d46e072 elementor-widget elementor-widget-heading\" data-id=\"d46e072\" data-element_type=\"widget\" data-e-type=\"widget\" data-widget_type=\"heading.default\">\n\t\t\t\t<div class=\"elementor-widget-container\">\n\t\t\t\t\t<h1 class=\"elementor-heading-title elementor-size-default\">Consejo Parroquial de Asuntos Econ\u00f3micos<\/h1>\t\t\t\t<\/div>\n\t\t\t\t<\/div>\n\t\t\t\t\t<\/div>\n\t\t\t\t<\/div>\n\t\t<div class=\"elementor-element elementor-element-c2bd18b e-flex e-con-boxed e-con e-parent\" data-id=\"c2bd18b\" data-element_type=\"container\" data-e-type=\"container\">\n\t\t\t\t\t<div class=\"e-con-inner\">\n\t\t<div class=\"elementor-element elementor-element-a935b04 e-con-full e-flex e-con e-parent\" data-id=\"a935b04\" data-element_type=\"container\" data-e-type=\"container\" data-settings=\"{&quot;background_background&quot;:&quot;classic&quot;}\">\n\t\t\t\t<div class=\"elementor-element elementor-element-630e521 elementor-widget elementor-widget-heading\" data-id=\"630e521\" data-element_type=\"widget\" data-e-type=\"widget\" data-widget_type=\"heading.default\">\n\t\t\t\t<div class=\"elementor-widget-container\">\n\t\t\t\t\t<p class=\"elementor-heading-title elementor-size-default\">Gesti\u00f3n parroquial<\/p>\t\t\t\t<\/div>\n\t\t\t\t<\/div>\n\t\t\t\t<div class=\"elementor-element elementor-element-9ad5b4a elementor-align-start elementor-icon-list--layout-traditional elementor-list-item-link-full_width elementor-widget elementor-widget-icon-list\" data-id=\"9ad5b4a\" data-element_type=\"widget\" data-e-type=\"widget\" data-widget_type=\"icon-list.default\">\n\t\t\t\t<div class=\"elementor-widget-container\">\n\t\t\t\t\t\t\t<ul class=\"elementor-icon-list-items\">\n\t\t\t\t\t\t\t<li class=\"elementor-icon-list-item\">\n\t\t\t\t\t\t\t\t\t\t\t<a href=\"https:\/\/rpmagdalena.org\/en\/vida-parroquial\/gestion-parroquial\/consejo-parroquial-de-asuntos-economicos\/\">\n\n\t\t\t\t\t\t\t\t\t\t\t\t<span class=\"elementor-icon-list-icon\">\n\t\t\t\t\t\t\t<svg aria-hidden=\"true\" class=\"e-font-icon-svg e-fas-circle\" viewbox=\"0 0 512 512\" xmlns=\"http:\/\/www.w3.org\/2000\/svg\"><path d=\"M256 8C119 8 8 119 8 256s111 248 248 248 248-111 248-248S393 8 256 8z\"><\/path><\/svg>\t\t\t\t\t\t<\/span>\n\t\t\t\t\t\t\t\t\t\t<span class=\"elementor-icon-list-text\">Consejo Asuntos Econ\u00f3micos<\/span>\n\t\t\t\t\t\t\t\t\t\t\t<\/a>\n\t\t\t\t\t\t\t\t\t<\/li>\n\t\t\t\t\t\t\t\t<li class=\"elementor-icon-list-item\">\n\t\t\t\t\t\t\t\t\t\t\t<a href=\"https:\/\/rpmagdalena.org\/en\/vida-parroquial\/gestion-parroquial\/comision-de-patrimonio-cultural\/\">\n\n\t\t\t\t\t\t\t\t\t\t\t\t<span class=\"elementor-icon-list-icon\">\n\t\t\t\t\t\t\t<svg aria-hidden=\"true\" class=\"e-font-icon-svg e-fas-circle\" viewbox=\"0 0 512 512\" xmlns=\"http:\/\/www.w3.org\/2000\/svg\"><path d=\"M256 8C119 8 8 119 8 256s111 248 248 248 248-111 248-248S393 8 256 8z\"><\/path><\/svg>\t\t\t\t\t\t<\/span>\n\t\t\t\t\t\t\t\t\t\t<span class=\"elementor-icon-list-text\">Comisi\u00f3n Patrimonio Cultural<\/span>\n\t\t\t\t\t\t\t\t\t\t\t<\/a>\n\t\t\t\t\t\t\t\t\t<\/li>\n\t\t\t\t\t\t\t\t<li class=\"elementor-icon-list-item\">\n\t\t\t\t\t\t\t\t\t\t\t<a href=\"https:\/\/rpmagdalena.org\/en\/vida-parroquial\/gestion-parroquial\/despacho-y-archivo\/\">\n\n\t\t\t\t\t\t\t\t\t\t\t\t<span class=\"elementor-icon-list-icon\">\n\t\t\t\t\t\t\t<svg aria-hidden=\"true\" class=\"e-font-icon-svg e-fas-circle\" viewbox=\"0 0 512 512\" xmlns=\"http:\/\/www.w3.org\/2000\/svg\"><path d=\"M256 8C119 8 8 119 8 256s111 248 248 248 248-111 248-248S393 8 256 8z\"><\/path><\/svg>\t\t\t\t\t\t<\/span>\n\t\t\t\t\t\t\t\t\t\t<span class=\"elementor-icon-list-text\">Despacho y Archivo<\/span>\n\t\t\t\t\t\t\t\t\t\t\t<\/a>\n\t\t\t\t\t\t\t\t\t<\/li>\n\t\t\t\t\t\t<\/ul>\n\t\t\t\t\t\t<\/div>\n\t\t\t\t<\/div>\n\t\t\t\t<\/div>\n\t\t<div class=\"elementor-element elementor-element-8547cef e-con-full e-flex e-con e-parent\" data-id=\"8547cef\" data-element_type=\"container\" data-e-type=\"container\">\n\t\t\t\t<div class=\"elementor-element elementor-element-3eaedca elementor-widget elementor-widget-heading\" data-id=\"3eaedca\" data-element_type=\"widget\" data-e-type=\"widget\" data-widget_type=\"heading.default\">\n\t\t\t\t<div class=\"elementor-widget-container\">\n\t\t\t\t\t<h3 class=\"elementor-heading-title elementor-size-default\">Consejo Parroquial de Asuntos Econ\u00f3micos<\/h3>\t\t\t\t<\/div>\n\t\t\t\t<\/div>\n\t\t\t\t<div class=\"elementor-element elementor-element-3ec321a elementor-widget elementor-widget-text-editor\" data-id=\"3ec321a\" data-element_type=\"widget\" data-e-type=\"widget\" data-widget_type=\"text-editor.default\">\n\t\t\t\t<div class=\"elementor-widget-container\">\n\t\t\t\t\t\t\t\t\t<p>En toda Parroquia ha de haber un Consejo Econ\u00f3mico Parroquial que, presidido por el P\u00e1rroco, es el \u00f3rgano responsable de la obtenci\u00f3n y gesti\u00f3n de los recursos econ\u00f3micos (cf. c. 537 CIC). Dicho Consejo presta su ayuda al p\u00e1rroco en su calidad de administrador de los bienes de la parroquia (cf. c. 532 CIC).<\/p><p>Seg\u00fan establece el art. 3 del Decreto regulador de los Consejos Econ\u00f3micos Parroquiales, de la Archidi\u00f3cesis de Sevilla, sus funciones son las siguientes:<\/p><p class=\"download-DOC\">1.- Promover la conciencia de todos los miembros de la comunidad parroquial en su deber de aportar los recursos necesarios para la vida y misi\u00f3n de la Iglesia, particularmente mediante suscripciones voluntarias, fijas, peri\u00f3dicas y proporcionadas a los ingresos de cada uno.<\/p><p class=\"download-DOC\">2.- Planificar las necesidades econ\u00f3micas de la parroquia a corto y largo plazo y programar la obtenci\u00f3n de los correspondientes recursos.<\/p><p class=\"download-DOC\">3.- Elaborar los presupuestos anuales de ingresos y gastos, que habr\u00e1n de presentarse al Vicario episcopal.<\/p><p class=\"download-DOC\">4.- Realizar el seguimiento del presupuesto, responsabiliz\u00e1ndose de su ejecuci\u00f3n.<\/p><p class=\"download-DOC\">5.- Aprobar los balances de situaci\u00f3n y las cuentas de resultados, que habr\u00e1n de presentarse al Vicario episcopal, el cual encargar\u00e1 su revisi\u00f3n al CDAE.<\/p><p class=\"download-DOC\">6.- Informar sobre la oportunidad de enajenar, alquilar o gravar bienes eclesi\u00e1sticos propiedad de la parroquia o cuya admiraci\u00f3n y gesti\u00f3n les est\u00e9n confiadas.<\/p><p class=\"download-DOC\">7.-. Dar su conocimiento para realizar actos que sobrepasen los l\u00edmites de la administraci\u00f3n ordinaria, antes de obtener la licencia de la autoridad competente.<\/p><p class=\"download-DOC\">8.- Elaborar y tener al d\u00eda el inventario de los bienes muebles e inmuebles de la parroquia y cuidar de su conservaci\u00f3n y rendimiento.<\/p><p class=\"download-DOC\">9.- Planificar las obras de mantenimiento y conservaci\u00f3n de los inmuebles de la parroquia.<\/p><p class=\"download-DOC\">10.- Recabar el oportuno asesoramiento en los asuntos econ\u00f3micos, particularmente en materia fiscal, laboral y financiera.<\/p><p class=\"download-DOC\">11.- Informar peri\u00f3dica y asiduamente a la comunidad parroquial de la marcha de la econom\u00eda de la parroquia y de la Iglesia diocesana.<\/p>\t\t\t\t\t\t\t\t<\/div>\n\t\t\t\t<\/div>\n\t\t\t\t<\/div>\n\t\t\t\t\t<\/div>\n\t\t\t\t<\/div>\n\t\t\t\t<\/div>","protected":false},"excerpt":{"rendered":"<p>Gesti\u00f3n parroquial Consejo Asuntos Econ\u00f3micos Comisi\u00f3n Patrimonio Cultural Despacho y Archivo Consejo Parroquial de Asuntos Econ\u00f3micos En toda Parroquia ha de haber un Consejo Econ\u00f3mico Parroquial que, presidido por el P\u00e1rroco, es el \u00f3rgano responsable de la obtenci\u00f3n y gesti\u00f3n de los recursos econ\u00f3micos (cf. c. 537 CIC). Dicho Consejo presta su ayuda al p\u00e1rroco [&hellip;]<\/p>\n","protected":false},"author":1,"featured_media":0,"parent":133,"menu_order":0,"comment_status":"closed","ping_status":"closed","template":"","meta":{"footnotes":""},"class_list":["post-2744","page","type-page","status-publish","hentry"],"_links":{"self":[{"href":"https:\/\/rpmagdalena.org\/en\/wp-json\/wp\/v2\/pages\/2744","targetHints":{"allow":["GET"]}}],"collection":[{"href":"https:\/\/rpmagdalena.org\/en\/wp-json\/wp\/v2\/pages"}],"about":[{"href":"https:\/\/rpmagdalena.org\/en\/wp-json\/wp\/v2\/types\/page"}],"author":[{"embeddable":true,"href":"https:\/\/rpmagdalena.org\/en\/wp-json\/wp\/v2\/users\/1"}],"replies":[{"embeddable":true,"href":"https:\/\/rpmagdalena.org\/en\/wp-json\/wp\/v2\/comments?post=2744"}],"version-history":[{"count":0,"href":"https:\/\/rpmagdalena.org\/en\/wp-json\/wp\/v2\/pages\/2744\/revisions"}],"up":[{"embeddable":true,"href":"https:\/\/rpmagdalena.org\/en\/wp-json\/wp\/v2\/pages\/133"}],"wp:attachment":[{"href":"https:\/\/rpmagdalena.org\/en\/wp-json\/wp\/v2\/media?parent=2744"}],"curies":[{"name":"wp","href":"https:\/\/api.w.org\/{rel}","templated":true}]}}