{"id":2538,"date":"2023-06-16T08:10:14","date_gmt":"2023-06-16T06:10:14","guid":{"rendered":"https:\/\/adoring-golick.212-227-153-101.plesk.page\/?page_id=2538"},"modified":"2023-06-30T16:15:32","modified_gmt":"2023-06-30T14:15:32","slug":"retablos","status":"publish","type":"page","link":"https:\/\/rpmagdalena.org\/en\/arte\/retablos\/","title":{"rendered":"Altarpieces"},"content":{"rendered":"<div data-elementor-type=\"wp-page\" data-elementor-id=\"2538\" class=\"elementor elementor-2538\" data-elementor-post-type=\"page\">\n\t\t\t\t<div data-dce-background-image-url=\"https:\/\/rpmagdalena.org\/wp-content\/uploads\/2023\/06\/1.jpg\" class=\"elementor-element elementor-element-257532d e-flex e-con-boxed e-con e-parent\" data-id=\"257532d\" data-element_type=\"container\" data-e-type=\"container\" data-settings=\"{&quot;background_background&quot;:&quot;classic&quot;}\">\n\t\t\t\t\t<div class=\"e-con-inner\">\n\t\t\t\t<div class=\"elementor-element elementor-element-2ff1b01 elementor-widget elementor-widget-heading\" data-id=\"2ff1b01\" data-element_type=\"widget\" data-e-type=\"widget\" data-widget_type=\"heading.default\">\n\t\t\t\t<div class=\"elementor-widget-container\">\n\t\t\t\t\t<h1 class=\"elementor-heading-title elementor-size-default\">Altarpieces<\/h1>\t\t\t\t<\/div>\n\t\t\t\t<\/div>\n\t\t\t\t\t<\/div>\n\t\t\t\t<\/div>\n\t\t<div class=\"elementor-element elementor-element-376d73e e-flex e-con-boxed e-con e-parent\" data-id=\"376d73e\" data-element_type=\"container\" data-e-type=\"container\">\n\t\t\t\t\t<div class=\"e-con-inner\">\n\t\t<div class=\"elementor-element elementor-element-f4342c5 e-con-full e-flex e-con e-parent\" data-id=\"f4342c5\" data-element_type=\"container\" data-e-type=\"container\" data-settings=\"{&quot;background_background&quot;:&quot;classic&quot;}\">\n\t\t\t\t<div class=\"elementor-element elementor-element-c9d7621 elementor-widget elementor-widget-heading\" data-id=\"c9d7621\" data-element_type=\"widget\" data-e-type=\"widget\" data-widget_type=\"heading.default\">\n\t\t\t\t<div class=\"elementor-widget-container\">\n\t\t\t\t\t<p class=\"elementor-heading-title elementor-size-default\">Art<\/p>\t\t\t\t<\/div>\n\t\t\t\t<\/div>\n\t\t\t\t<div class=\"elementor-element elementor-element-af8a192 elementor-align-start elementor-icon-list--layout-traditional elementor-list-item-link-full_width elementor-widget elementor-widget-icon-list\" data-id=\"af8a192\" data-element_type=\"widget\" data-e-type=\"widget\" data-widget_type=\"icon-list.default\">\n\t\t\t\t<div class=\"elementor-widget-container\">\n\t\t\t\t\t\t\t<ul class=\"elementor-icon-list-items\">\n\t\t\t\t\t\t\t<li class=\"elementor-icon-list-item\">\n\t\t\t\t\t\t\t\t\t\t\t<a href=\"https:\/\/rpmagdalena.org\/en\/arte\/pintura\/\">\n\n\t\t\t\t\t\t\t\t\t\t\t\t<span class=\"elementor-icon-list-icon\">\n\t\t\t\t\t\t\t<svg aria-hidden=\"true\" class=\"e-font-icon-svg e-fas-circle\" viewbox=\"0 0 512 512\" xmlns=\"http:\/\/www.w3.org\/2000\/svg\"><path d=\"M256 8C119 8 8 119 8 256s111 248 248 248 248-111 248-248S393 8 256 8z\"><\/path><\/svg>\t\t\t\t\t\t<\/span>\n\t\t\t\t\t\t\t\t\t\t<span class=\"elementor-icon-list-text\">Painting<\/span>\n\t\t\t\t\t\t\t\t\t\t\t<\/a>\n\t\t\t\t\t\t\t\t\t<\/li>\n\t\t\t\t\t\t\t\t<li class=\"elementor-icon-list-item\">\n\t\t\t\t\t\t\t\t\t\t\t<a href=\"https:\/\/rpmagdalena.org\/en\/arte\/arquitectura\/\">\n\n\t\t\t\t\t\t\t\t\t\t\t\t<span class=\"elementor-icon-list-icon\">\n\t\t\t\t\t\t\t<svg aria-hidden=\"true\" class=\"e-font-icon-svg e-fas-circle\" viewbox=\"0 0 512 512\" xmlns=\"http:\/\/www.w3.org\/2000\/svg\"><path d=\"M256 8C119 8 8 119 8 256s111 248 248 248 248-111 248-248S393 8 256 8z\"><\/path><\/svg>\t\t\t\t\t\t<\/span>\n\t\t\t\t\t\t\t\t\t\t<span class=\"elementor-icon-list-text\">Architecture<\/span>\n\t\t\t\t\t\t\t\t\t\t\t<\/a>\n\t\t\t\t\t\t\t\t\t<\/li>\n\t\t\t\t\t\t\t\t<li class=\"elementor-icon-list-item\">\n\t\t\t\t\t\t\t\t\t\t\t<a href=\"https:\/\/rpmagdalena.org\/en\/arte\/esculturas\/\">\n\n\t\t\t\t\t\t\t\t\t\t\t\t<span class=\"elementor-icon-list-icon\">\n\t\t\t\t\t\t\t<svg aria-hidden=\"true\" class=\"e-font-icon-svg e-fas-circle\" viewbox=\"0 0 512 512\" xmlns=\"http:\/\/www.w3.org\/2000\/svg\"><path d=\"M256 8C119 8 8 119 8 256s111 248 248 248 248-111 248-248S393 8 256 8z\"><\/path><\/svg>\t\t\t\t\t\t<\/span>\n\t\t\t\t\t\t\t\t\t\t<span class=\"elementor-icon-list-text\">Sculptures<\/span>\n\t\t\t\t\t\t\t\t\t\t\t<\/a>\n\t\t\t\t\t\t\t\t\t<\/li>\n\t\t\t\t\t\t\t\t<li class=\"elementor-icon-list-item\">\n\t\t\t\t\t\t\t\t\t\t\t<a href=\"https:\/\/rpmagdalena.org\/en\/arte\/retablos\/\">\n\n\t\t\t\t\t\t\t\t\t\t\t\t<span class=\"elementor-icon-list-icon\">\n\t\t\t\t\t\t\t<svg aria-hidden=\"true\" class=\"e-font-icon-svg e-fas-circle\" viewbox=\"0 0 512 512\" xmlns=\"http:\/\/www.w3.org\/2000\/svg\"><path d=\"M256 8C119 8 8 119 8 256s111 248 248 248 248-111 248-248S393 8 256 8z\"><\/path><\/svg>\t\t\t\t\t\t<\/span>\n\t\t\t\t\t\t\t\t\t\t<span class=\"elementor-icon-list-text\">Altarpieces<\/span>\n\t\t\t\t\t\t\t\t\t\t\t<\/a>\n\t\t\t\t\t\t\t\t\t<\/li>\n\t\t\t\t\t\t\t\t<li class=\"elementor-icon-list-item\">\n\t\t\t\t\t\t\t\t\t\t\t<a href=\"https:\/\/rpmagdalena.org\/en\/arte\/orfebreria\/\">\n\n\t\t\t\t\t\t\t\t\t\t\t\t<span class=\"elementor-icon-list-icon\">\n\t\t\t\t\t\t\t<svg aria-hidden=\"true\" class=\"e-font-icon-svg e-fas-circle\" viewbox=\"0 0 512 512\" xmlns=\"http:\/\/www.w3.org\/2000\/svg\"><path d=\"M256 8C119 8 8 119 8 256s111 248 248 248 248-111 248-248S393 8 256 8z\"><\/path><\/svg>\t\t\t\t\t\t<\/span>\n\t\t\t\t\t\t\t\t\t\t<span class=\"elementor-icon-list-text\">Goldsmith<\/span>\n\t\t\t\t\t\t\t\t\t\t\t<\/a>\n\t\t\t\t\t\t\t\t\t<\/li>\n\t\t\t\t\t\t<\/ul>\n\t\t\t\t\t\t<\/div>\n\t\t\t\t<\/div>\n\t\t\t\t<\/div>\n\t\t<div class=\"elementor-element elementor-element-b72e53a e-con-full e-flex e-con e-parent\" data-id=\"b72e53a\" data-element_type=\"container\" data-e-type=\"container\">\n\t\t\t\t<div class=\"elementor-element elementor-element-7f34a0c elementor-widget elementor-widget-text-editor\" data-id=\"7f34a0c\" data-element_type=\"widget\" data-e-type=\"widget\" data-widget_type=\"text-editor.default\">\n\t\t\t\t<div class=\"elementor-widget-container\">\n\t\t\t\t\t\t\t\t\t<p>The\u00a0<a title=\"Galer\u00eda\" href=\"https:\/\/plus.google.com\/photos\/112198700172217620091\/albums\/6098759119856209153\/6098759122966208754?authkey=CIDM_vKdpqfwqgE&amp;pid=6098759122966208754&amp;oid=112198700172217620091\" target=\"_blank\" rel=\"noopener\">altarpiece that presides over the presbytery<\/a>\u00a0of the church of Santa Mar\u00eda Magdalena, formerly the Dominican Convent of San Pablo el Real, can be considered the most grandiose altarpiece undertaken in Seville during the first third of the 18th century. With more than 160 square metres, it must be considered the second largest altarpiece in the city of La Giralda, after the massive main altarpiece of the Cathedral. Regrettably, there is an almost complete lack of documented sources that inform us about its construction process. If we bear in mind that the work on the temple was practically completedby 1709 and that its consecration took place on 22 October 1724, it is reasonable to suppose that the beginning and first stages of its construction, in terms of its assembly and carving, could be dated\nbetween these two dates. The gilding and polychromy were probably undertaken two or three decades later. Pedro Duque Cornejo may have been involved in the design of the altarpiece and the execution of some of its sculptures, and several hands are evident in the figurative programme, which is an exaltation of the Order of Preachers through its most representative saints, although the central area of the attic is reserved for the high relief of the Conversion of Saint Paul. The effigy of Saint Mary Magdalene sculpted by Felipe Malo de Molina in 1707 has occupied the main niche of the altarpiece since the mid-19th century, while the old manifesto in the second section houses a valuable anonymous sculpture of Saint Paul from the early 17th century.<\/p><p>Several Baroque altarpieces, framed by Solomonic columns and built in the early years of the 18th century, furnish the interior of the sacred precinct. The most important is the one that Crist\u00f3bal de Guadix contracted in 1707 with the <a href=\"https:\/\/lh5.googleusercontent.com\/-L4JF75PlYMw\/VRHwEGfjN6I\/AAAAAAAABwo\/McpAh2wrhI8\/w457-h685-no\/ALTAR%2BCAPILLA%2B2012.JPG\" target=\"_blank\" rel=\"noopener\">Venerable Third Order of Saint Dominic<\/a>\u00a0to preside over their chapel, at the head of the Epistle nave, where the images of the Brotherhood of El Calvario are now located. Perhaps the same assembler was involved in some of the small altarpieces of modest dimensions scattered around the transept, such as those currently occupied by the sculptures of the\u00a0<a href=\"https:\/\/lh4.googleusercontent.com\/-jQ6_-qmrLTA\/VRHploCHBcI\/AAAAAAAABv4\/M7voc0tOQAk\/s685-no\/magdalena-96.jpg\" target=\"_blank\" rel=\"noopener\">Nazarene of the Fatigues<\/a>\u00a0and the Sacred Heart of Jesus.\u00a0<a href=\"https:\/\/lh4.googleusercontent.com\/-qH_Zd3PwEHo\/VRHo-8ZqrHI\/AAAAAAAABvo\/ZHXSsKqeyuk\/w456-h685-no\/magdalena-91.jpg\" target=\"_blank\" rel=\"noopener\">The Virgin of Protection<\/a>\u00a0- formerly the Crucified Christ of Confal\u00f3n - also has characteristics similar to those of Guadix but is slenderer and more elegant in its proportions and with a smaller and more accomplished type of carving than is usual in its ornamental repertoire.<\/p><p>The type of stipes altarpiece, so widespread in Sevillian assemblies from the second decade of the 18th century onwards, is represented in the altars of <a href=\"https:\/\/lh6.googleusercontent.com\/-XvaG-UJJ1Ww\/VRHn4UYBzGI\/AAAAAAAABvY\/-4tQKL9YBfY\/w514-h685-no\/Santa%2BRita.JPG\" target=\"_blank\" rel=\"noopener\">Saint Rita of Cascia<\/a>\u00a0and of the Assumption. Finally, and now responding to a clearly neoclassical style of 19th-century chronology, we can mention the current altarpiece of the Virgin of the Rosary and the altarpiece of the\u00a0<a href=\"https:\/\/lh6.googleusercontent.com\/-uVNSDJzF8Bg\/VRHpK7_6jmI\/AAAAAAAABvw\/1kJJDttudvA\/w456-h685-no\/magdalena-112.jpg\" target=\"_blank\" rel=\"noopener\">sacramental chapel<\/a>, the latter of which was designed by Miguel Alb\u00edn in 1817.<\/p>\t\t\t\t\t\t\t\t<\/div>\n\t\t\t\t<\/div>\n\t\t\t\t<\/div>\n\t\t\t\t\t<\/div>\n\t\t\t\t<\/div>\n\t\t\t\t<\/div>","protected":false},"excerpt":{"rendered":"<p>Arte Pintura Arquitectura Esculturas Retablos Orfebrer\u00eda El\u00a0retablo que preside el presbiterio\u00a0de la actual parroquia de Santa Mar\u00eda Magdalena, antiguo convento dominico de San Pablo el Real, puede conceptuarse, hoy por hoy, como la m\u00e1s grandiosa empresa retabl\u00edstica acometida en Sevilla durante el primer tercio del siglo XVIII. Con sus m\u00e1s de 160 metros cuadrados, debe [&hellip;]<\/p>\n","protected":false},"author":1,"featured_media":0,"parent":107,"menu_order":0,"comment_status":"closed","ping_status":"closed","template":"","meta":{"footnotes":""},"class_list":["post-2538","page","type-page","status-publish","hentry"],"_links":{"self":[{"href":"https:\/\/rpmagdalena.org\/en\/wp-json\/wp\/v2\/pages\/2538","targetHints":{"allow":["GET"]}}],"collection":[{"href":"https:\/\/rpmagdalena.org\/en\/wp-json\/wp\/v2\/pages"}],"about":[{"href":"https:\/\/rpmagdalena.org\/en\/wp-json\/wp\/v2\/types\/page"}],"author":[{"embeddable":true,"href":"https:\/\/rpmagdalena.org\/en\/wp-json\/wp\/v2\/users\/1"}],"replies":[{"embeddable":true,"href":"https:\/\/rpmagdalena.org\/en\/wp-json\/wp\/v2\/comments?post=2538"}],"version-history":[{"count":0,"href":"https:\/\/rpmagdalena.org\/en\/wp-json\/wp\/v2\/pages\/2538\/revisions"}],"up":[{"embeddable":true,"href":"https:\/\/rpmagdalena.org\/en\/wp-json\/wp\/v2\/pages\/107"}],"wp:attachment":[{"href":"https:\/\/rpmagdalena.org\/en\/wp-json\/wp\/v2\/media?parent=2538"}],"curies":[{"name":"wp","href":"https:\/\/api.w.org\/{rel}","templated":true}]}}