{"id":2534,"date":"2023-06-16T08:09:39","date_gmt":"2023-06-16T06:09:39","guid":{"rendered":"https:\/\/adoring-golick.212-227-153-101.plesk.page\/?page_id=2534"},"modified":"2023-06-30T16:14:07","modified_gmt":"2023-06-30T14:14:07","slug":"arquitectura","status":"publish","type":"page","link":"https:\/\/rpmagdalena.org\/en\/arte\/arquitectura\/","title":{"rendered":"Architecture"},"content":{"rendered":"<div data-elementor-type=\"wp-page\" data-elementor-id=\"2534\" class=\"elementor elementor-2534\" data-elementor-post-type=\"page\">\n\t\t\t\t<div data-dce-background-image-url=\"https:\/\/rpmagdalena.org\/wp-content\/uploads\/2023\/06\/1.jpg\" class=\"elementor-element elementor-element-ba55759 e-flex e-con-boxed e-con e-parent\" data-id=\"ba55759\" data-element_type=\"container\" data-e-type=\"container\" data-settings=\"{&quot;background_background&quot;:&quot;classic&quot;}\">\n\t\t\t\t\t<div class=\"e-con-inner\">\n\t\t\t\t<div class=\"elementor-element elementor-element-320371b elementor-widget elementor-widget-heading\" data-id=\"320371b\" data-element_type=\"widget\" data-e-type=\"widget\" data-widget_type=\"heading.default\">\n\t\t\t\t<div class=\"elementor-widget-container\">\n\t\t\t\t\t<h1 class=\"elementor-heading-title elementor-size-default\">Architecture<\/h1>\t\t\t\t<\/div>\n\t\t\t\t<\/div>\n\t\t\t\t\t<\/div>\n\t\t\t\t<\/div>\n\t\t<div class=\"elementor-element elementor-element-fa006bf e-flex e-con-boxed e-con e-parent\" data-id=\"fa006bf\" data-element_type=\"container\" data-e-type=\"container\">\n\t\t\t\t\t<div class=\"e-con-inner\">\n\t\t<div class=\"elementor-element elementor-element-fd2203c e-con-full e-flex e-con e-parent\" data-id=\"fd2203c\" data-element_type=\"container\" data-e-type=\"container\" data-settings=\"{&quot;background_background&quot;:&quot;classic&quot;}\">\n\t\t\t\t<div class=\"elementor-element elementor-element-54a3a49 elementor-widget elementor-widget-heading\" data-id=\"54a3a49\" data-element_type=\"widget\" data-e-type=\"widget\" data-widget_type=\"heading.default\">\n\t\t\t\t<div class=\"elementor-widget-container\">\n\t\t\t\t\t<p class=\"elementor-heading-title elementor-size-default\">Art<\/p>\t\t\t\t<\/div>\n\t\t\t\t<\/div>\n\t\t\t\t<div class=\"elementor-element elementor-element-cc8872c elementor-align-start elementor-icon-list--layout-traditional elementor-list-item-link-full_width elementor-widget elementor-widget-icon-list\" data-id=\"cc8872c\" data-element_type=\"widget\" data-e-type=\"widget\" data-widget_type=\"icon-list.default\">\n\t\t\t\t<div class=\"elementor-widget-container\">\n\t\t\t\t\t\t\t<ul class=\"elementor-icon-list-items\">\n\t\t\t\t\t\t\t<li class=\"elementor-icon-list-item\">\n\t\t\t\t\t\t\t\t\t\t\t<a href=\"https:\/\/rpmagdalena.org\/en\/arte\/pintura\/\">\n\n\t\t\t\t\t\t\t\t\t\t\t\t<span class=\"elementor-icon-list-icon\">\n\t\t\t\t\t\t\t<svg aria-hidden=\"true\" class=\"e-font-icon-svg e-fas-circle\" viewbox=\"0 0 512 512\" xmlns=\"http:\/\/www.w3.org\/2000\/svg\"><path d=\"M256 8C119 8 8 119 8 256s111 248 248 248 248-111 248-248S393 8 256 8z\"><\/path><\/svg>\t\t\t\t\t\t<\/span>\n\t\t\t\t\t\t\t\t\t\t<span class=\"elementor-icon-list-text\">Painting<\/span>\n\t\t\t\t\t\t\t\t\t\t\t<\/a>\n\t\t\t\t\t\t\t\t\t<\/li>\n\t\t\t\t\t\t\t\t<li class=\"elementor-icon-list-item\">\n\t\t\t\t\t\t\t\t\t\t\t<a href=\"https:\/\/rpmagdalena.org\/en\/arte\/arquitectura\/\">\n\n\t\t\t\t\t\t\t\t\t\t\t\t<span class=\"elementor-icon-list-icon\">\n\t\t\t\t\t\t\t<svg aria-hidden=\"true\" class=\"e-font-icon-svg e-fas-circle\" viewbox=\"0 0 512 512\" xmlns=\"http:\/\/www.w3.org\/2000\/svg\"><path d=\"M256 8C119 8 8 119 8 256s111 248 248 248 248-111 248-248S393 8 256 8z\"><\/path><\/svg>\t\t\t\t\t\t<\/span>\n\t\t\t\t\t\t\t\t\t\t<span class=\"elementor-icon-list-text\">Architecture<\/span>\n\t\t\t\t\t\t\t\t\t\t\t<\/a>\n\t\t\t\t\t\t\t\t\t<\/li>\n\t\t\t\t\t\t\t\t<li class=\"elementor-icon-list-item\">\n\t\t\t\t\t\t\t\t\t\t\t<a href=\"https:\/\/rpmagdalena.org\/en\/arte\/esculturas\/\">\n\n\t\t\t\t\t\t\t\t\t\t\t\t<span class=\"elementor-icon-list-icon\">\n\t\t\t\t\t\t\t<svg aria-hidden=\"true\" class=\"e-font-icon-svg e-fas-circle\" viewbox=\"0 0 512 512\" xmlns=\"http:\/\/www.w3.org\/2000\/svg\"><path d=\"M256 8C119 8 8 119 8 256s111 248 248 248 248-111 248-248S393 8 256 8z\"><\/path><\/svg>\t\t\t\t\t\t<\/span>\n\t\t\t\t\t\t\t\t\t\t<span class=\"elementor-icon-list-text\">Sculptures<\/span>\n\t\t\t\t\t\t\t\t\t\t\t<\/a>\n\t\t\t\t\t\t\t\t\t<\/li>\n\t\t\t\t\t\t\t\t<li class=\"elementor-icon-list-item\">\n\t\t\t\t\t\t\t\t\t\t\t<a href=\"https:\/\/rpmagdalena.org\/en\/arte\/retablos\/\">\n\n\t\t\t\t\t\t\t\t\t\t\t\t<span class=\"elementor-icon-list-icon\">\n\t\t\t\t\t\t\t<svg aria-hidden=\"true\" class=\"e-font-icon-svg e-fas-circle\" viewbox=\"0 0 512 512\" xmlns=\"http:\/\/www.w3.org\/2000\/svg\"><path d=\"M256 8C119 8 8 119 8 256s111 248 248 248 248-111 248-248S393 8 256 8z\"><\/path><\/svg>\t\t\t\t\t\t<\/span>\n\t\t\t\t\t\t\t\t\t\t<span class=\"elementor-icon-list-text\">Altarpieces<\/span>\n\t\t\t\t\t\t\t\t\t\t\t<\/a>\n\t\t\t\t\t\t\t\t\t<\/li>\n\t\t\t\t\t\t\t\t<li class=\"elementor-icon-list-item\">\n\t\t\t\t\t\t\t\t\t\t\t<a href=\"https:\/\/rpmagdalena.org\/en\/arte\/orfebreria\/\">\n\n\t\t\t\t\t\t\t\t\t\t\t\t<span class=\"elementor-icon-list-icon\">\n\t\t\t\t\t\t\t<svg aria-hidden=\"true\" class=\"e-font-icon-svg e-fas-circle\" viewbox=\"0 0 512 512\" xmlns=\"http:\/\/www.w3.org\/2000\/svg\"><path d=\"M256 8C119 8 8 119 8 256s111 248 248 248 248-111 248-248S393 8 256 8z\"><\/path><\/svg>\t\t\t\t\t\t<\/span>\n\t\t\t\t\t\t\t\t\t\t<span class=\"elementor-icon-list-text\">Goldsmith<\/span>\n\t\t\t\t\t\t\t\t\t\t\t<\/a>\n\t\t\t\t\t\t\t\t\t<\/li>\n\t\t\t\t\t\t<\/ul>\n\t\t\t\t\t\t<\/div>\n\t\t\t\t<\/div>\n\t\t\t\t<\/div>\n\t\t<div class=\"elementor-element elementor-element-45a01d5 e-con-full e-flex e-con e-parent\" data-id=\"45a01d5\" data-element_type=\"container\" data-e-type=\"container\">\n\t\t\t\t<div class=\"elementor-element elementor-element-80e3869 elementor-widget elementor-widget-text-editor\" data-id=\"80e3869\" data-element_type=\"widget\" data-e-type=\"widget\" data-widget_type=\"text-editor.default\">\n\t\t\t\t<div class=\"elementor-widget-container\">\n\t\t\t\t\t\t\t\t\t<p>Located in the square that today bears its name, the original church of Santa Mar\u00eda Magdalena, like several others that were erected after the reconquest of Seville, was rebuilt in the time of King Peter I, because of the strong earthquake that shook the city in 1355. The church of La Magdalena was free- standing and surrounded by three small squares: La Pila on the epistle side, Las Campanas at the foot, and Los Leones or La Le\u00f1a at the chancel. As is well known, the church, with three naves and a Gothic- Mudejar appearance, was demolished by the French in 1811, and after being partially rebuilt in 1817, it was again and definitively demolished in 1842. In the meantime, the parish functions were transferred to the extinct Dominican Convent of San Pablo el Real.<\/p><p>The <a title=\"\" href=\"https:\/\/plus.google.com\/photos\/112198700172217620091\/albums\/6098299011784816753\/6098299022776914706?authkey=CLiG2Let7eTYiAE&amp;pid=6098299022776914706&amp;oid=112198700172217620091\" target=\"_blank\" rel=\"noopener\">church of San Pablo<\/a>, now the church of Santa Mar\u00eda Magdalena, is one of the most emblematic works of Leonardo de Figuera, the most representative architect of the Sevillian Baroque. It should be remembered that the old Gothic building of this monastery collapsed on the first Sunday of Advent in 1691, making it necessary to build a new church which, nevertheless, preserved as vestiges of its medieval past both the area of its polygonal chancel and the\u00a0<a title=\"Galer\u00eda\" href=\"https:\/\/plus.google.com\/photos\/112198700172217620091\/albums\/6098752588554209537\/6103214935304199954?authkey=CKDctsS67-qL4AE&amp;pid=6103214935304199954&amp;oid=112198700172217620091\" target=\"_blank\" rel=\"noopener\">three Mudejar chapels<\/a>\u00a0aligned at the foot of the Epistle side which formed the headquarters of the Brotherhood of the Dulce Nombre de Jes\u00fas, merged in 1851 with the Brotherhood of the Quinta Angustia. The plan of three naves separated by pillars of the previous church also remained, which Figueroa updated and interpreted in a monumental manner, giving great amplitude to the central nave, and arranging a transept with very deep arms. The choir is located high at the foot, occupying the first two bays of the main nave. The sacramental chapel is attached to the epistle nave. The roofs are made up of half-barrel vaults with lunettes and transverse arches, reserving the central section of the transept for a graceful dome with a drum and lantern; the side naves have groin vaults. The interior is full of rich and varied ornamental details, based on carved stucco and gilded wood, in addition to the architectural structures of polychrome marble that were arranged on the sides of the presbytery, all in combination with the mural paintings and altarpieces that accumulated over time in this enclosure. The construction process was completed in 1709, although the consecration of the church had to wait until 22nd October 1724.<\/p><p>On the outside, Leonardo de Figueroa endowed the church with extraordinary originality through theuse of different materials, decorations, and colours, alternating the plastered walls with reddish brick, stone elements, and yellow, white, and blue glazed ceramics. This predominant interest in decoration is particularly evident in the dome, the dormers, and the double belfry, built in 1697, which rises above the fa\u00e7ade at the foot of the church. The stone sculptural programme cannot be overlooked, in the execution of which Pedro Rold\u00e1n and his workshop took part, with the effigy of Santo Domingo de Guzm\u00e1n in the niche in the transept doorway, dated 1694, standing out.<\/p>\t\t\t\t\t\t\t\t<\/div>\n\t\t\t\t<\/div>\n\t\t\t\t<\/div>\n\t\t\t\t\t<\/div>\n\t\t\t\t<\/div>\n\t\t\t\t<\/div>","protected":false},"excerpt":{"rendered":"<p>Arte Pintura Arquitectura Esculturas Retablos Orfebrer\u00eda Situada en la plaza que hoy lleva su nombre, la primitiva parroquia de Santa Mar\u00eda Magdalena, como varias m\u00e1s de las que se erigieron tras la reconquista de Sevilla, fue reconstruida en tiempos del rey Pedro I, a consecuencia del fuerte terremoto que sacudi\u00f3 la ciudad en 1355. La [&hellip;]<\/p>\n","protected":false},"author":1,"featured_media":0,"parent":107,"menu_order":0,"comment_status":"closed","ping_status":"closed","template":"","meta":{"footnotes":""},"class_list":["post-2534","page","type-page","status-publish","hentry"],"_links":{"self":[{"href":"https:\/\/rpmagdalena.org\/en\/wp-json\/wp\/v2\/pages\/2534","targetHints":{"allow":["GET"]}}],"collection":[{"href":"https:\/\/rpmagdalena.org\/en\/wp-json\/wp\/v2\/pages"}],"about":[{"href":"https:\/\/rpmagdalena.org\/en\/wp-json\/wp\/v2\/types\/page"}],"author":[{"embeddable":true,"href":"https:\/\/rpmagdalena.org\/en\/wp-json\/wp\/v2\/users\/1"}],"replies":[{"embeddable":true,"href":"https:\/\/rpmagdalena.org\/en\/wp-json\/wp\/v2\/comments?post=2534"}],"version-history":[{"count":0,"href":"https:\/\/rpmagdalena.org\/en\/wp-json\/wp\/v2\/pages\/2534\/revisions"}],"up":[{"embeddable":true,"href":"https:\/\/rpmagdalena.org\/en\/wp-json\/wp\/v2\/pages\/107"}],"wp:attachment":[{"href":"https:\/\/rpmagdalena.org\/en\/wp-json\/wp\/v2\/media?parent=2534"}],"curies":[{"name":"wp","href":"https:\/\/api.w.org\/{rel}","templated":true}]}}