{"id":2532,"date":"2023-06-16T08:09:20","date_gmt":"2023-06-16T06:09:20","guid":{"rendered":"https:\/\/adoring-golick.212-227-153-101.plesk.page\/?page_id=2532"},"modified":"2023-06-30T16:12:29","modified_gmt":"2023-06-30T14:12:29","slug":"pintura","status":"publish","type":"page","link":"https:\/\/rpmagdalena.org\/en\/arte\/pintura\/","title":{"rendered":"Painting"},"content":{"rendered":"<div data-elementor-type=\"wp-page\" data-elementor-id=\"2532\" class=\"elementor elementor-2532\" data-elementor-post-type=\"page\">\n\t\t\t\t<div data-dce-background-image-url=\"https:\/\/rpmagdalena.org\/wp-content\/uploads\/2023\/06\/1.jpg\" class=\"elementor-element elementor-element-72c65a9 e-flex e-con-boxed e-con e-parent\" data-id=\"72c65a9\" data-element_type=\"container\" data-e-type=\"container\" data-settings=\"{&quot;background_background&quot;:&quot;classic&quot;}\">\n\t\t\t\t\t<div class=\"e-con-inner\">\n\t\t\t\t<div class=\"elementor-element elementor-element-3f3128e elementor-widget elementor-widget-heading\" data-id=\"3f3128e\" data-element_type=\"widget\" data-e-type=\"widget\" data-widget_type=\"heading.default\">\n\t\t\t\t<div class=\"elementor-widget-container\">\n\t\t\t\t\t<h1 class=\"elementor-heading-title elementor-size-default\">Painting<\/h1>\t\t\t\t<\/div>\n\t\t\t\t<\/div>\n\t\t\t\t\t<\/div>\n\t\t\t\t<\/div>\n\t\t<div class=\"elementor-element elementor-element-90fe742 e-flex e-con-boxed e-con e-parent\" data-id=\"90fe742\" data-element_type=\"container\" data-e-type=\"container\">\n\t\t\t\t\t<div class=\"e-con-inner\">\n\t\t<div class=\"elementor-element elementor-element-1f44506 e-con-full e-flex e-con e-parent\" data-id=\"1f44506\" data-element_type=\"container\" data-e-type=\"container\" data-settings=\"{&quot;background_background&quot;:&quot;classic&quot;}\">\n\t\t\t\t<div class=\"elementor-element elementor-element-b025a07 elementor-widget elementor-widget-heading\" data-id=\"b025a07\" data-element_type=\"widget\" data-e-type=\"widget\" data-widget_type=\"heading.default\">\n\t\t\t\t<div class=\"elementor-widget-container\">\n\t\t\t\t\t<p class=\"elementor-heading-title elementor-size-default\">Art<\/p>\t\t\t\t<\/div>\n\t\t\t\t<\/div>\n\t\t\t\t<div class=\"elementor-element elementor-element-f66cf2b elementor-align-start elementor-icon-list--layout-traditional elementor-list-item-link-full_width elementor-widget elementor-widget-icon-list\" data-id=\"f66cf2b\" data-element_type=\"widget\" data-e-type=\"widget\" data-widget_type=\"icon-list.default\">\n\t\t\t\t<div class=\"elementor-widget-container\">\n\t\t\t\t\t\t\t<ul class=\"elementor-icon-list-items\">\n\t\t\t\t\t\t\t<li class=\"elementor-icon-list-item\">\n\t\t\t\t\t\t\t\t\t\t\t<a href=\"https:\/\/rpmagdalena.org\/en\/arte\/pintura\/\">\n\n\t\t\t\t\t\t\t\t\t\t\t\t<span class=\"elementor-icon-list-icon\">\n\t\t\t\t\t\t\t<svg aria-hidden=\"true\" class=\"e-font-icon-svg e-fas-circle\" viewbox=\"0 0 512 512\" xmlns=\"http:\/\/www.w3.org\/2000\/svg\"><path d=\"M256 8C119 8 8 119 8 256s111 248 248 248 248-111 248-248S393 8 256 8z\"><\/path><\/svg>\t\t\t\t\t\t<\/span>\n\t\t\t\t\t\t\t\t\t\t<span class=\"elementor-icon-list-text\">Painting<\/span>\n\t\t\t\t\t\t\t\t\t\t\t<\/a>\n\t\t\t\t\t\t\t\t\t<\/li>\n\t\t\t\t\t\t\t\t<li class=\"elementor-icon-list-item\">\n\t\t\t\t\t\t\t\t\t\t\t<a href=\"https:\/\/rpmagdalena.org\/en\/arte\/arquitectura\/\">\n\n\t\t\t\t\t\t\t\t\t\t\t\t<span class=\"elementor-icon-list-icon\">\n\t\t\t\t\t\t\t<svg aria-hidden=\"true\" class=\"e-font-icon-svg e-fas-circle\" viewbox=\"0 0 512 512\" xmlns=\"http:\/\/www.w3.org\/2000\/svg\"><path d=\"M256 8C119 8 8 119 8 256s111 248 248 248 248-111 248-248S393 8 256 8z\"><\/path><\/svg>\t\t\t\t\t\t<\/span>\n\t\t\t\t\t\t\t\t\t\t<span class=\"elementor-icon-list-text\">Architecture<\/span>\n\t\t\t\t\t\t\t\t\t\t\t<\/a>\n\t\t\t\t\t\t\t\t\t<\/li>\n\t\t\t\t\t\t\t\t<li class=\"elementor-icon-list-item\">\n\t\t\t\t\t\t\t\t\t\t\t<a href=\"https:\/\/rpmagdalena.org\/en\/arte\/esculturas\/\">\n\n\t\t\t\t\t\t\t\t\t\t\t\t<span class=\"elementor-icon-list-icon\">\n\t\t\t\t\t\t\t<svg aria-hidden=\"true\" class=\"e-font-icon-svg e-fas-circle\" viewbox=\"0 0 512 512\" xmlns=\"http:\/\/www.w3.org\/2000\/svg\"><path d=\"M256 8C119 8 8 119 8 256s111 248 248 248 248-111 248-248S393 8 256 8z\"><\/path><\/svg>\t\t\t\t\t\t<\/span>\n\t\t\t\t\t\t\t\t\t\t<span class=\"elementor-icon-list-text\">Sculptures<\/span>\n\t\t\t\t\t\t\t\t\t\t\t<\/a>\n\t\t\t\t\t\t\t\t\t<\/li>\n\t\t\t\t\t\t\t\t<li class=\"elementor-icon-list-item\">\n\t\t\t\t\t\t\t\t\t\t\t<a href=\"https:\/\/rpmagdalena.org\/en\/arte\/retablos\/\">\n\n\t\t\t\t\t\t\t\t\t\t\t\t<span class=\"elementor-icon-list-icon\">\n\t\t\t\t\t\t\t<svg aria-hidden=\"true\" class=\"e-font-icon-svg e-fas-circle\" viewbox=\"0 0 512 512\" xmlns=\"http:\/\/www.w3.org\/2000\/svg\"><path d=\"M256 8C119 8 8 119 8 256s111 248 248 248 248-111 248-248S393 8 256 8z\"><\/path><\/svg>\t\t\t\t\t\t<\/span>\n\t\t\t\t\t\t\t\t\t\t<span class=\"elementor-icon-list-text\">Altarpieces<\/span>\n\t\t\t\t\t\t\t\t\t\t\t<\/a>\n\t\t\t\t\t\t\t\t\t<\/li>\n\t\t\t\t\t\t\t\t<li class=\"elementor-icon-list-item\">\n\t\t\t\t\t\t\t\t\t\t\t<a href=\"https:\/\/rpmagdalena.org\/en\/arte\/orfebreria\/\">\n\n\t\t\t\t\t\t\t\t\t\t\t\t<span class=\"elementor-icon-list-icon\">\n\t\t\t\t\t\t\t<svg aria-hidden=\"true\" class=\"e-font-icon-svg e-fas-circle\" viewbox=\"0 0 512 512\" xmlns=\"http:\/\/www.w3.org\/2000\/svg\"><path d=\"M256 8C119 8 8 119 8 256s111 248 248 248 248-111 248-248S393 8 256 8z\"><\/path><\/svg>\t\t\t\t\t\t<\/span>\n\t\t\t\t\t\t\t\t\t\t<span class=\"elementor-icon-list-text\">Goldsmith<\/span>\n\t\t\t\t\t\t\t\t\t\t\t<\/a>\n\t\t\t\t\t\t\t\t\t<\/li>\n\t\t\t\t\t\t<\/ul>\n\t\t\t\t\t\t<\/div>\n\t\t\t\t<\/div>\n\t\t\t\t<\/div>\n\t\t<div class=\"elementor-element elementor-element-6b710c5 e-con-full e-flex e-con e-parent\" data-id=\"6b710c5\" data-element_type=\"container\" data-e-type=\"container\">\n\t\t\t\t<div class=\"elementor-element elementor-element-b22c665 elementor-widget elementor-widget-text-editor\" data-id=\"b22c665\" data-element_type=\"widget\" data-e-type=\"widget\" data-widget_type=\"text-editor.default\">\n\t\t\t\t<div class=\"elementor-widget-container\">\n\t\t\t\t\t\t\t\t\t<p>The interior of the church of the former Dominican Convent of San Pablo has an extensive iconographic repertoire of pictorial nature, painstakingly devised by a mentor whose personality has not yet been identified, but who would certainly have been a member of the Order of Preachers.<\/p><p>The Gaditan painter Clemente de Torres (1662-1730), who trained artistically in the workshop of Vald\u00e9s Leal, is firmly attributed with six of the <a href=\"https:\/\/plus.google.com\/u\/0\/photos\/112198700172217620091\/albums\/6104185466866956865\/6104185472854674546?authkey=CPyegoj93aGx_wE&amp;pid=6104185472854674546&amp;oid=112198700172217620091\" target=\"_blank\" rel=\"noopener\">apostles<\/a>\u00a0painted on the pillars of the church, corresponding to Saint Peter, Saint Paul, Saint Andrew, Saint Matthias, Saint James the Less and Saint James the Greater. They are depicted full-length, in solemn and monumental figures, with an emotive spiritual expression. Two other apostles, Saint Philip, and Saint Thomas, reflect the palette of Lucas Vald\u00e9s (1661-1725), whilethe others belong to an anonymous collaborator of his workshop.<\/p><p>Lucas Vald\u00e9s's paintings in San Pablo, executed from 1709 onwards, are the culmination of his career as a muralist. There, in the vault of the presbytery, he depicted <a title=\"Galer\u00eda\" href=\"https:\/\/plus.google.com\/photos\/112198700172217620091\/albums\/6104122961494447905\/6104122968401166578?authkey=CO-mkaP_goOQ4gE&amp;pid=6104122968401166578&amp;oid=112198700172217620091\" target=\"_blank\" rel=\"noopener\">the Triumph of Faith<\/a>, demonstrating his mastery of perspective and great compositional mastery in a religious allegorical scene of a certain complexity. In the\u00a0<a href=\"https:\/\/plus.google.com\/u\/2\/photos\/112198700172217620091\/albums\/6127334927039899729\/6127336498099416802?pid=6127336498099416802&amp;oid=112198700172217620091\" target=\"_blank\" rel=\"noopener\">eight gallones of the intrados<\/a>\u00a0of the dome, he painted pairs of angels bearing the attributes of the Lauretan Litany and holding medallions with letters that make up the words Ave Maria. On the Corinthian pilasters attached to the pillars of the transept, he painted a wide repertoire of Dominican saints and blessed. At the top of the side walls of the transept, there are tempera paintings of\u00a0<a title=\"Galer\u00eda\" href=\"https:\/\/plus.google.com\/photos\/112198700172217620091\/albums\/6104126260577108049\/6104126267945683858?authkey=CIbNnOG1qsuAIw&amp;pid=6104126267945683858&amp;oid=112198700172217620091\" target=\"_blank\" rel=\"noopener\">The Triumphal Entry of Saint Ferdinand into Seville<\/a>\u00a0and an\u00a0<a title=\"Galer\u00eda\" href=\"https:\/\/plus.google.com\/photos\/112198700172217620091\/albums\/6104168426673858145\/6104168642176536866?authkey=CIbeps7_lvDkaw&amp;pid=6104168642176536866&amp;oid=112198700172217620091\" target=\"_blank\" rel=\"noopener\">auto-da f\u00e9 in the time of Saint Ferdinand<\/a>, which are among the best of his work. Another historical scene painted by the same artist,\u00a0<a title=\"Galer\u00eda\" href=\"https:\/\/plus.google.com\/photos\/112198700172217620091\/albums\/6104120058437581857\/6104120063306546578?authkey=CM3pnPXcwqrCQg&amp;pid=6104120063306546578&amp;oid=112198700172217620091\" target=\"_blank\" rel=\"noopener\">The Battle of Lepanto<\/a>, reminds us of the wall of the epistle of the institution of the feast of the Virgin of the Rosaryon 7 October 1571 by the Dominican Pope Pius V, coinciding with the naval victory of the Christian\narmies against the Turks. On the\u00a0<a href=\"https:\/\/plus.google.com\/u\/2\/photos\/112198700172217620091\/albums\/6128677905347585057\/6128677910974410114?pid=6128677910974410114&amp;oid=112198700172217620091\" target=\"_blank\" rel=\"noopener\">vault of the choir loft<\/a>\u00a0, he painted eight scenes from the Old Testament, while on the ceiling of the sacristy he painted The Adoration of the Christ Child in Heaven in the centre, between medallions with The Conversion of Saint Paul and The Apotheosis of Saint Paul.<\/p><p>Lucas Vald\u00e9s was also the author, around 1710-1715, of the two spectacular canvases that hang on both sides of the main chapel, with the scenes of <a href=\"https:\/\/plus.google.com\/u\/2\/photos\/112198700172217620091\/albums\/6125872010976353393\/6125872017599690866?pid=6125872017599690866&amp;oid=112198700172217620091\" target=\"_blank\" rel=\"noopener\">David and the transfer of the Ark of the Covenant<\/a>\u00a0and The rebuilding of the temple of Jerusalem in the time of the prophet Haggai, taken from the Old Testament, and displaying extensive and painstaking architectural backgrounds. But, without doubt, the two most significant oil paintings in the church, from the collection once treasured by the Convent of San Pablo, are those exhibited in the sacramental chapel, where are depicted the episodes of Saint Dominic in Soriano and\u00a0<a href=\"https:\/\/plus.google.com\/u\/2\/photos\/112198700172217620091\/albums\/6127352610003425809\/6127352617437730866?pid=6127352617437730866&amp;oid=112198700172217620091\" target=\"_blank\" rel=\"noopener\">The Miraculous Healing of the Blessed Reginald of Orleans<\/a>, which Francisco de Zurbar\u00e1n (1598- 1664) contracted from the Dominican community in 1626 as part of a larger series, featuring magnificent naturalistic effects, such as the excellent treatment of the textures of the canvases and the varied still-life details. Francisco Pacheco (1564-1644) belonged to an earlier generation, and a beautiful panel of the Virgin of the Rosary with the Souls in Purgatory, executed around 1612, is kept in the parish office. The\u00a0<a title=\"Galer\u00eda\" href=\"https:\/\/plus.google.com\/photos\/112198700172217620091\/albums\/6104115048748017121\/6104115669616468194?authkey=CM-3iKrP2JeXOA&amp;pid=6104115669616468194&amp;oid=112198700172217620091\" target=\"_blank\" rel=\"noopener\">paintings of Juan de Vald\u00e9s Leal<\/a>\u00a0(1622-1690), which are on display in the chapel of the Quinta Angustia, are fully Baroque, as they were painted in 1659. Furthermore, the interesting canvas that presides over the altarpiece dedicated to the\u00a0<a title=\"Galer\u00eda\" href=\"https:\/\/plus.google.com\/photos\/112198700172217620091\/albums\/6104702435836800785\/6104702442110497138?authkey=CK6P9NHBzMzObw&amp;pid=6104702442110497138&amp;oid=112198700172217620091\" target=\"_blank\" rel=\"noopener\">Blessed Souls in Purgatory<\/a> is correctly attributed to the late Baroque painter Vicente Alan\u00eds (1730-1807) around 1772.<\/p>\t\t\t\t\t\t\t\t<\/div>\n\t\t\t\t<\/div>\n\t\t\t\t<\/div>\n\t\t\t\t\t<\/div>\n\t\t\t\t<\/div>\n\t\t\t\t<\/div>","protected":false},"excerpt":{"rendered":"<p>Arte Pintura Arquitectura Esculturas Retablos Orfebrer\u00eda El interior de la iglesia del antiguo convento dominico de San Pablo posee un extenso programa iconogr\u00e1fico de naturaleza pict\u00f3rica, ideado de manera concienzuda por un mentor cuya personalidad no ha podido identificarse hasta este momento, pero que con seguridad formar\u00eda parte de la Orden de Predicadores. Al pintor [&hellip;]<\/p>\n","protected":false},"author":1,"featured_media":0,"parent":107,"menu_order":0,"comment_status":"closed","ping_status":"closed","template":"","meta":{"footnotes":""},"class_list":["post-2532","page","type-page","status-publish","hentry"],"_links":{"self":[{"href":"https:\/\/rpmagdalena.org\/en\/wp-json\/wp\/v2\/pages\/2532","targetHints":{"allow":["GET"]}}],"collection":[{"href":"https:\/\/rpmagdalena.org\/en\/wp-json\/wp\/v2\/pages"}],"about":[{"href":"https:\/\/rpmagdalena.org\/en\/wp-json\/wp\/v2\/types\/page"}],"author":[{"embeddable":true,"href":"https:\/\/rpmagdalena.org\/en\/wp-json\/wp\/v2\/users\/1"}],"replies":[{"embeddable":true,"href":"https:\/\/rpmagdalena.org\/en\/wp-json\/wp\/v2\/comments?post=2532"}],"version-history":[{"count":0,"href":"https:\/\/rpmagdalena.org\/en\/wp-json\/wp\/v2\/pages\/2532\/revisions"}],"up":[{"embeddable":true,"href":"https:\/\/rpmagdalena.org\/en\/wp-json\/wp\/v2\/pages\/107"}],"wp:attachment":[{"href":"https:\/\/rpmagdalena.org\/en\/wp-json\/wp\/v2\/media?parent=2532"}],"curies":[{"name":"wp","href":"https:\/\/api.w.org\/{rel}","templated":true}]}}