{"id":208,"date":"2023-05-22T14:13:33","date_gmt":"2023-05-22T12:13:33","guid":{"rendered":"https:\/\/adoring-golick.212-227-153-101.plesk.page\/?page_id=208"},"modified":"2023-12-03T19:37:04","modified_gmt":"2023-12-03T18:37:04","slug":"donaciones","status":"publish","type":"page","link":"https:\/\/rpmagdalena.org\/en\/donaciones\/","title":{"rendered":"Donations"},"content":{"rendered":"<div data-elementor-type=\"wp-page\" data-elementor-id=\"208\" class=\"elementor elementor-208\" data-elementor-post-type=\"page\">\n\t\t\t\t<div data-dce-background-image-url=\"https:\/\/rpmagdalena.org\/wp-content\/uploads\/2023\/06\/6.jpg\" class=\"elementor-element elementor-element-7bb37909 e-flex e-con-boxed e-con e-parent\" data-id=\"7bb37909\" data-element_type=\"container\" data-e-type=\"container\" data-settings=\"{&quot;background_background&quot;:&quot;classic&quot;}\">\n\t\t\t\t\t<div class=\"e-con-inner\">\n\t\t\t\t<div class=\"elementor-element elementor-element-770c68a5 elementor-widget elementor-widget-heading\" data-id=\"770c68a5\" data-element_type=\"widget\" data-e-type=\"widget\" data-widget_type=\"heading.default\">\n\t\t\t\t<div class=\"elementor-widget-container\">\n\t\t\t\t\t<h1 class=\"elementor-heading-title elementor-size-default\">Donations<\/h1>\t\t\t\t<\/div>\n\t\t\t\t<\/div>\n\t\t\t\t\t<\/div>\n\t\t\t\t<\/div>\n\t\t<div class=\"elementor-element elementor-element-d467cf5 e-flex e-con-boxed e-con e-parent\" data-id=\"d467cf5\" data-element_type=\"container\" data-e-type=\"container\">\n\t\t\t\t\t<div class=\"e-con-inner\">\n\t\t\t\t<div class=\"elementor-element elementor-element-f9a3952 elementor-widget elementor-widget-heading\" data-id=\"f9a3952\" data-element_type=\"widget\" data-e-type=\"widget\" data-widget_type=\"heading.default\">\n\t\t\t\t<div class=\"elementor-widget-container\">\n\t\t\t\t\t<h2 class=\"elementor-heading-title elementor-size-default\">Donate to the parish<\/h2>\t\t\t\t<\/div>\n\t\t\t\t<\/div>\n\t\t\t\t<div class=\"elementor-element elementor-element-da529ae elementor-widget elementor-widget-text-editor\" data-id=\"da529ae\" data-element_type=\"widget\" data-e-type=\"widget\" data-widget_type=\"text-editor.default\">\n\t\t\t\t<div class=\"elementor-widget-container\">\n\t\t\t\t\t\t\t\t\t<p>The parish is sustained thanks to the collaboration of everyone. To make a donation we give you the following options:<\/p>\t\t\t\t\t\t\t\t<\/div>\n\t\t\t\t<\/div>\n\t\t\t\t<div class=\"elementor-element elementor-element-0d5dca5 elementor-widget elementor-widget-heading\" data-id=\"0d5dca5\" data-element_type=\"widget\" data-e-type=\"widget\" data-widget_type=\"heading.default\">\n\t\t\t\t<div class=\"elementor-widget-container\">\n\t\t\t\t\t<h3 class=\"elementor-heading-title elementor-size-default\">Bizum donation<\/h3>\t\t\t\t<\/div>\n\t\t\t\t<\/div>\n\t\t\t\t<div class=\"elementor-element elementor-element-5b0d1fc elementor-widget elementor-widget-text-editor\" data-id=\"5b0d1fc\" data-element_type=\"widget\" data-e-type=\"widget\" data-widget_type=\"text-editor.default\">\n\t\t\t\t<div class=\"elementor-widget-container\">\n\t\t\t\t\t\t\t\t\t<p>Donate by sending the amount you wish to the Bizum code that appears below. If you are making a donation to an NGO, you should look for the option 'NGO Donations' in the mobile application of your bank and you will find us under the name 'Parroquia Santa Mar\u00eda Magdalena de Sevilla' or the following code:<\/p><p><strong>Bizum code: 00275<\/strong><\/p>\t\t\t\t\t\t\t\t<\/div>\n\t\t\t\t<\/div>\n\t\t\t\t<div class=\"elementor-element elementor-element-cb5326b elementor-widget elementor-widget-heading\" data-id=\"cb5326b\" data-element_type=\"widget\" data-e-type=\"widget\" data-widget_type=\"heading.default\">\n\t\t\t\t<div class=\"elementor-widget-container\">\n\t\t\t\t\t<h3 class=\"elementor-heading-title elementor-size-default\">Recurring or regular donation<\/h3>\t\t\t\t<\/div>\n\t\t\t\t<\/div>\n\t\t\t\t<div class=\"elementor-element elementor-element-85c66ef elementor-widget elementor-widget-text-editor\" data-id=\"85c66ef\" data-element_type=\"widget\" data-e-type=\"widget\" data-widget_type=\"text-editor.default\">\n\t\t\t\t<div class=\"elementor-widget-container\">\n\t\t\t\t\t\t\t\t\t<p>On the website of the Spanish Episcopal Conference by following the steps below:<\/p><ol><li>Go to the website\u00a0<a href=\"https:\/\/www.donoamiiglesia.es\/san\/Home#!\/donar\/4962167e-8330-eb11-8114-0050569a90ab\" target=\"_blank\" rel=\"noopener\">donoamiglesia.es<\/a><\/li><li>Click on \"Donate to my parish\".<\/li><li>Enter the zip code of the parish: 41001.<\/li><li>Select \"Parroquia de Santa Mar\u00eda Magdalena\" from the drop-down list.<\/li><li>Select the amount to donate and the periodicity and click on \"Realizar Donaci\u00f3n\".<\/li><li>Fill in all your details and choose to pay by direct debit or by credit card.<\/li><li>Thank you for contributing to the support of the parish!<\/li><\/ol>\t\t\t\t\t\t\t\t<\/div>\n\t\t\t\t<\/div>\n\t\t\t\t<div class=\"elementor-element elementor-element-952a667 elementor-widget elementor-widget-heading\" data-id=\"952a667\" data-element_type=\"widget\" data-e-type=\"widget\" data-widget_type=\"heading.default\">\n\t\t\t\t<div class=\"elementor-widget-container\">\n\t\t\t\t\t<h3 class=\"elementor-heading-title elementor-size-default\">Bank transfer<\/h3>\t\t\t\t<\/div>\n\t\t\t\t<\/div>\n\t\t\t\t<div class=\"elementor-element elementor-element-9428147 elementor-widget elementor-widget-text-editor\" data-id=\"9428147\" data-element_type=\"widget\" data-e-type=\"widget\" data-widget_type=\"text-editor.default\">\n\t\t\t\t<div class=\"elementor-widget-container\">\n\t\t\t\t\t\t\t\t\t<p>If you wish, you can make a bank transfer to the following account number:<\/p><p><strong>SWIFT\/BIC code (for international transfers): BCOEESMM187 \n<br \/>\nIBAN: ES27 3187 0343 6653 3261 9427<\/strong><\/p><p>Real Parroquia Santa Mar\u00eda Magdalena<\/p><p>Calle Bail\u00e9n, 5 \u00a041001, Sevilla<br \/><u>info@rpmagdalena.org<\/u><br \/>+34 954 22 96 03<\/p><p>Thank you very much for your cooperation!<\/p>\t\t\t\t\t\t\t\t<\/div>\n\t\t\t\t<\/div>\n\t\t\t\t\t<\/div>\n\t\t\t\t<\/div>\n\t\t\t\t<\/div>","protected":false},"excerpt":{"rendered":"<p>Realiza un donativo a tu Parroquia La parroquia se sustenta gracias a la colaboraci\u00f3n de todos. Para realizar un donativo te damos las siguientes opciones: Donativo por Bizum Colabora enviando la cantidad que desees al c\u00f3digo Bizum que aparece a continuaci\u00f3n. Al ser un donativo a una ONG debes buscar en la aplicaci\u00f3n m\u00f3vil de [&hellip;]<\/p>\n","protected":false},"author":1,"featured_media":0,"parent":0,"menu_order":0,"comment_status":"closed","ping_status":"closed","template":"","meta":{"footnotes":""},"class_list":["post-208","page","type-page","status-publish","hentry"],"_links":{"self":[{"href":"https:\/\/rpmagdalena.org\/en\/wp-json\/wp\/v2\/pages\/208","targetHints":{"allow":["GET"]}}],"collection":[{"href":"https:\/\/rpmagdalena.org\/en\/wp-json\/wp\/v2\/pages"}],"about":[{"href":"https:\/\/rpmagdalena.org\/en\/wp-json\/wp\/v2\/types\/page"}],"author":[{"embeddable":true,"href":"https:\/\/rpmagdalena.org\/en\/wp-json\/wp\/v2\/users\/1"}],"replies":[{"embeddable":true,"href":"https:\/\/rpmagdalena.org\/en\/wp-json\/wp\/v2\/comments?post=208"}],"version-history":[{"count":0,"href":"https:\/\/rpmagdalena.org\/en\/wp-json\/wp\/v2\/pages\/208\/revisions"}],"wp:attachment":[{"href":"https:\/\/rpmagdalena.org\/en\/wp-json\/wp\/v2\/media?parent=208"}],"curies":[{"name":"wp","href":"https:\/\/api.w.org\/{rel}","templated":true}]}}