{"id":206,"date":"2023-05-22T14:08:47","date_gmt":"2023-05-22T12:08:47","guid":{"rendered":"https:\/\/adoring-golick.212-227-153-101.plesk.page\/?page_id=206"},"modified":"2023-06-30T16:46:04","modified_gmt":"2023-06-30T14:46:04","slug":"columbario","status":"publish","type":"page","link":"https:\/\/rpmagdalena.org\/en\/vida-parroquial\/columbario\/","title":{"rendered":"Columbarium"},"content":{"rendered":"<div data-elementor-type=\"wp-page\" data-elementor-id=\"206\" class=\"elementor elementor-206\" data-elementor-post-type=\"page\">\n\t\t\t\t<div data-dce-background-image-url=\"https:\/\/rpmagdalena.org\/wp-content\/uploads\/2023\/06\/3.jpg\" class=\"elementor-element elementor-element-773c041 e-flex e-con-boxed e-con e-parent\" data-id=\"773c041\" data-element_type=\"container\" data-e-type=\"container\" data-settings=\"{&quot;background_background&quot;:&quot;classic&quot;}\">\n\t\t\t\t\t<div class=\"e-con-inner\">\n\t\t\t\t<div class=\"elementor-element elementor-element-3cbe7c4 elementor-widget elementor-widget-heading\" data-id=\"3cbe7c4\" data-element_type=\"widget\" data-e-type=\"widget\" data-widget_type=\"heading.default\">\n\t\t\t\t<div class=\"elementor-widget-container\">\n\t\t\t\t\t<h1 class=\"elementor-heading-title elementor-size-default\">Columbarium<\/h1>\t\t\t\t<\/div>\n\t\t\t\t<\/div>\n\t\t\t\t\t<\/div>\n\t\t\t\t<\/div>\n\t\t<div class=\"elementor-element elementor-element-bb2d5fd e-flex e-con-boxed e-con e-parent\" data-id=\"bb2d5fd\" data-element_type=\"container\" data-e-type=\"container\">\n\t\t\t\t\t<div class=\"e-con-inner\">\n\t\t\t\t<div class=\"elementor-element elementor-element-0588d5c elementor-widget__width-inherit elementor-widget elementor-widget-heading\" data-id=\"0588d5c\" data-element_type=\"widget\" data-e-type=\"widget\" data-widget_type=\"heading.default\">\n\t\t\t\t<div class=\"elementor-widget-container\">\n\t\t\t\t\t<h2 class=\"elementor-heading-title elementor-size-default\">\u00bfCU\u00c1L ES EL DESTINO FINAL DE NUESTROS CUERPOS?<\/h2>\t\t\t\t<\/div>\n\t\t\t\t<\/div>\n\t\t\t\t<div class=\"elementor-element elementor-element-7558967 elementor-widget elementor-widget-text-editor\" data-id=\"7558967\" data-element_type=\"widget\" data-e-type=\"widget\" data-widget_type=\"text-editor.default\">\n\t\t\t\t<div class=\"elementor-widget-container\">\n\t\t\t\t\t\t\t\t\t<p>El 15 de agosto de 2016, mediante la Instrucci\u00f3n Ad re-surgendum cum Christo, la Santa Sede nos recordaba que la visi\u00f3n cristiana de la muerte se expresa de modo privilegiado en la liturgia de la Iglesia: \u00abLa vida de los que en ti creemos, Se\u00f1or, no termina, se transforma: y, al deshacerse nuestra morada terrenal, adquirimos una mansi\u00f3n eterna en el cielo\u00bb (Pref. I de difuntos). Por la muerte, el alma se separa del cuerpo, pero en la resurrecci\u00f3n Dios devolver\u00e1 la vida incorruptible a nuestro cuerpo transformado, reuni\u00e9ndolo con nuestra alma. Tambi\u00e9n en nuestros d\u00edas, la Iglesia est\u00e1 llamada a anunciar la fe en la resurrecci\u00f3n:<\/p>\t\t\t\t\t\t\t\t<\/div>\n\t\t\t\t<\/div>\n\t\t<div class=\"elementor-element elementor-element-e46eed6 e-con-full e-flex e-con e-parent\" data-id=\"e46eed6\" data-element_type=\"container\" data-e-type=\"container\">\n\t\t\t\t<div class=\"elementor-element elementor-element-dd2d33a elementor-widget elementor-widget-text-editor\" data-id=\"dd2d33a\" data-element_type=\"widget\" data-e-type=\"widget\" data-widget_type=\"text-editor.default\">\n\t\t\t\t<div class=\"elementor-widget-container\">\n\t\t\t\t\t\t\t\t\t<p>La resurrecci\u00f3n de los muertos es esperanza de los cristianos; somos cristianos por creer en ella.<\/p>\t\t\t\t\t\t\t\t<\/div>\n\t\t\t\t<\/div>\n\t\t\t\t<div class=\"elementor-element elementor-element-97bbf15 elementor-widget elementor-widget-text-editor\" data-id=\"97bbf15\" data-element_type=\"widget\" data-e-type=\"widget\" data-widget_type=\"text-editor.default\">\n\t\t\t\t<div class=\"elementor-widget-container\">\n\t\t\t\t\t\t\t\t\t<p>(Tertuliano)<\/p>\t\t\t\t\t\t\t\t<\/div>\n\t\t\t\t<\/div>\n\t\t\t\t<\/div>\n\t\t\t\t<div class=\"elementor-element elementor-element-1fcb52a elementor-widget elementor-widget-text-editor\" data-id=\"1fcb52a\" data-element_type=\"widget\" data-e-type=\"widget\" data-widget_type=\"text-editor.default\">\n\t\t\t\t<div class=\"elementor-widget-container\">\n\t\t\t\t\t\t\t\t\t<p>De aqu\u00ed la antiqu\u00edsima tradici\u00f3n cristiana de enterrar a sus difuntos en cementerios y otros lugares de culto, expresando su fe en la resurrecci\u00f3n de la carne y poniendo de relieve la alta dignidad del cuerpo humano como parte integrante de la persona con la cual el cuerpo comparte la historia. Dicha tradici\u00f3n es incompatible con concepciones err\u00f3neas de la muerte como considerarla la anulaci\u00f3n definitiva de la persona, la fusi\u00f3n con la Madre naturaleza o con el universo, una etapa en el proceso de re-encarnaci\u00f3n,o la liberaci\u00f3n definitiva de la \u201cprisi\u00f3n\u201d del cuerpo.<\/p>\t\t\t\t\t\t\t\t<\/div>\n\t\t\t\t<\/div>\n\t\t\t\t<div class=\"elementor-element elementor-element-6331f13 elementor-widget__width-inherit elementor-widget elementor-widget-heading\" data-id=\"6331f13\" data-element_type=\"widget\" data-e-type=\"widget\" data-widget_type=\"heading.default\">\n\t\t\t\t<div class=\"elementor-widget-container\">\n\t\t\t\t\t<h3 class=\"elementor-heading-title elementor-size-default\">\u00bfINHUMACI\u00d3N O CREMACI\u00d3N?<\/h3>\t\t\t\t<\/div>\n\t\t\t\t<\/div>\n\t\t\t\t<div class=\"elementor-element elementor-element-287ab69 elementor-widget elementor-widget-text-editor\" data-id=\"287ab69\" data-element_type=\"widget\" data-e-type=\"widget\" data-widget_type=\"text-editor.default\">\n\t\t\t\t<div class=\"elementor-widget-container\">\n\t\t\t\t\t\t\t\t\t<p>La Iglesia aconseja vivamente la piadosa costumbre de sepultar los difuntos, pero no proh\u00edbe ni se opone a que por razones higi\u00e9nicas, econ\u00f3micas o sociales se opte por la cremaci\u00f3n, siempre y cuando no sea elegida por razones contrarias a la fe cat\u00f3lica (CIC. 1176\u00a73).<\/p><p>En las \u00faltimas d\u00e9cadas, el n\u00famero de cremaciones ha crecido exponencialmente, hasta el punto de que en Sevilla (una de las provincias en las que m\u00e1s incineraciones se realizan) alcanzan aproximadamente el 70%. Tal cambio en las costumbres requiere una especial atenci\u00f3n pastoral.<\/p>\t\t\t\t\t\t\t\t<\/div>\n\t\t\t\t<\/div>\n\t\t\t\t<div class=\"elementor-element elementor-element-4811fa8 elementor-widget__width-inherit elementor-widget elementor-widget-heading\" data-id=\"4811fa8\" data-element_type=\"widget\" data-e-type=\"widget\" data-widget_type=\"heading.default\">\n\t\t\t\t<div class=\"elementor-widget-container\">\n\t\t\t\t\t<h3 class=\"elementor-heading-title elementor-size-default\">\u00bfD\u00d3NDE DEPOSITAR LAS CENIZAS DE NUESTROS DIFUNTOS?<\/h3>\t\t\t\t<\/div>\n\t\t\t\t<\/div>\n\t\t\t\t<div class=\"elementor-element elementor-element-306e45d elementor-widget elementor-widget-text-editor\" data-id=\"306e45d\" data-element_type=\"widget\" data-e-type=\"widget\" data-widget_type=\"text-editor.default\">\n\t\t\t\t<div class=\"elementor-widget-container\">\n\t\t\t\t\t\t\t\t\t<p>A la Iglesia no le es indiferente el destino de los restos mortales de sus fieles, siendo preciso que sean depositados en un lugar sagrado, cementerios o iglesias.<\/p><p>En ellos, se puede expresar adecuadamente el respeto y veneraci\u00f3n a quienes nos han precedido, pidiendo por su eterno descanso y viviendo en profundidad la \u201ccomuni\u00f3n de los santos\u201d.<\/p><p>Los columbarios deben ser entendidos como continuaci\u00f3n de los cementerios, generalmente situados en criptas o similares, que hoy permiten recuperar la tradici\u00f3n cristiana de que los difuntos descansen en sus iglesias parroquiales, perviviendo de alg\u00fan modo los v\u00ednculos de gratitud y esperanza nacidos por la vivencia de la fe en una comunidad concreta.<\/p>\t\t\t\t\t\t\t\t<\/div>\n\t\t\t\t<\/div>\n\t\t\t\t<div class=\"elementor-element elementor-element-209c283 elementor-widget__width-inherit elementor-widget elementor-widget-heading\" data-id=\"209c283\" data-element_type=\"widget\" data-e-type=\"widget\" data-widget_type=\"heading.default\">\n\t\t\t\t<div class=\"elementor-widget-container\">\n\t\t\t\t\t<h3 class=\"elementor-heading-title elementor-size-default\">COLUMBARIO DE LA MAGDALENA<\/h3>\t\t\t\t<\/div>\n\t\t\t\t<\/div>\n\t\t\t\t<div class=\"elementor-element elementor-element-203b1fa elementor-widget elementor-widget-text-editor\" data-id=\"203b1fa\" data-element_type=\"widget\" data-e-type=\"widget\" data-widget_type=\"text-editor.default\">\n\t\t\t\t<div class=\"elementor-widget-container\">\n\t\t\t\t\t\t\t\t\t<p>Por todo ello, y acogiendo las disposiciones tanto de la instrucci\u00f3n vaticana mencionada como del Reglamento diocesano, la parroquia y sus hermandades han decido adecuar para su uso funerario distintas sedes (actualmente en la cripta de la nave de la ep\u00edstola, el camar\u00edn de la Virgen del Amparo y la cripta de la capilla del Dulce Nombre), para constituir un \u00fanico columbario gestionado desde la parroquia con la colaboraci\u00f3n de una comisi\u00f3n creada a tal fin.<br \/>\u00a0<br \/>El funcionamiento de tal columbario queda determinado por las\u00a0<u><a href=\"https:\/\/drive.google.com\/file\/d\/0B72NsUeQOLlkYmdoOTdZWFdtSEk\/view?usp=sharing\" target=\"_blank\" rel=\"noopener\">Normas de Funcionamiento<\/a><\/u>\u00a0aprobadas por el arzobispado, y seg\u00fan las cuales se trata de un columbario no visitable (por la dificultad de su acceso), y cuyo exclusivo fin es el dep\u00f3sito de restos cremados humanos, previa concesi\u00f3n de un derecho funerario a alg\u00fan familiar o allegado a la persona difunta.<br \/>Los ingresos econ\u00f3micos que se pudiese generar ser\u00e1n empleados \u00edntegramente en la restauraci\u00f3n y conservaci\u00f3n de nuestro com\u00fan patrimonio cultural.<\/p>\t\t\t\t\t\t\t\t<\/div>\n\t\t\t\t<\/div>\n\t\t\t\t<div class=\"elementor-element elementor-element-245e146 elementor-widget elementor-widget-gallery\" data-id=\"245e146\" data-element_type=\"widget\" data-e-type=\"widget\" data-settings=\"{&quot;columns_tablet&quot;:4,&quot;columns_mobile&quot;:2,&quot;gap&quot;:{&quot;unit&quot;:&quot;px&quot;,&quot;size&quot;:20,&quot;sizes&quot;:[]},&quot;aspect_ratio&quot;:&quot;1:1&quot;,&quot;lazyload&quot;:&quot;yes&quot;,&quot;gallery_layout&quot;:&quot;grid&quot;,&quot;columns&quot;:4,&quot;gap_tablet&quot;:{&quot;unit&quot;:&quot;px&quot;,&quot;size&quot;:10,&quot;sizes&quot;:[]},&quot;gap_mobile&quot;:{&quot;unit&quot;:&quot;px&quot;,&quot;size&quot;:10,&quot;sizes&quot;:[]},&quot;link_to&quot;:&quot;file&quot;,&quot;overlay_background&quot;:&quot;yes&quot;,&quot;content_hover_animation&quot;:&quot;fade-in&quot;}\" data-widget_type=\"gallery.default\">\n\t\t\t\t<div class=\"elementor-widget-container\">\n\t\t\t\t\t\t\t<div class=\"elementor-gallery__container\">\n\t\t\t\t\t\t\t<a class=\"e-gallery-item elementor-gallery-item elementor-animated-content\" href=\"https:\/\/rpmagdalena.org\/wp-content\/uploads\/2023\/06\/MAGDALENA-1-1.jpg\" data-elementor-open-lightbox=\"yes\" data-elementor-lightbox-slideshow=\"245e146\" data-elementor-lightbox-title=\"Columbario\" data-e-action-hash=\"#elementor-action%3Aaction%3Dlightbox%26settings%3DeyJpZCI6MjE5MSwidXJsIjoiaHR0cHM6XC9cL3JwbWFnZGFsZW5hLm9yZ1wvd3AtY29udGVudFwvdXBsb2Fkc1wvMjAyM1wvMDZcL01BR0RBTEVOQS0xLTEuanBnIiwic2xpZGVzaG93IjoiMjQ1ZTE0NiJ9\">\n\t\t\t\t\t<div class=\"e-gallery-image elementor-gallery-item__image\" data-thumbnail=\"https:\/\/rpmagdalena.org\/wp-content\/uploads\/2023\/06\/MAGDALENA-1-1.jpg\" data-width=\"885\" data-height=\"1330\" aria-label=\"\" role=\"img\" ><\/div>\n\t\t\t\t\t\t\t\t\t\t\t<div class=\"elementor-gallery-item__overlay\"><\/div>\n\t\t\t\t\t\t\t\t\t\t\t\t\t\t<\/a>\n\t\t\t\t\t\t\t<a class=\"e-gallery-item elementor-gallery-item elementor-animated-content\" href=\"https:\/\/rpmagdalena.org\/wp-content\/uploads\/2023\/06\/MAGDALENA-2-1.jpg\" data-elementor-open-lightbox=\"yes\" data-elementor-lightbox-slideshow=\"245e146\" data-elementor-lightbox-title=\"Columbario\" data-e-action-hash=\"#elementor-action%3Aaction%3Dlightbox%26settings%3DeyJpZCI6MjE5MCwidXJsIjoiaHR0cHM6XC9cL3JwbWFnZGFsZW5hLm9yZ1wvd3AtY29udGVudFwvdXBsb2Fkc1wvMjAyM1wvMDZcL01BR0RBTEVOQS0yLTEuanBnIiwic2xpZGVzaG93IjoiMjQ1ZTE0NiJ9\">\n\t\t\t\t\t<div class=\"e-gallery-image elementor-gallery-item__image\" data-thumbnail=\"https:\/\/rpmagdalena.org\/wp-content\/uploads\/2023\/06\/MAGDALENA-2-1.jpg\" data-width=\"1154\" data-height=\"768\" aria-label=\"\" role=\"img\" ><\/div>\n\t\t\t\t\t\t\t\t\t\t\t<div class=\"elementor-gallery-item__overlay\"><\/div>\n\t\t\t\t\t\t\t\t\t\t\t\t\t\t<\/a>\n\t\t\t\t\t\t\t<a class=\"e-gallery-item elementor-gallery-item elementor-animated-content\" href=\"https:\/\/rpmagdalena.org\/wp-content\/uploads\/2023\/06\/MAGDALENA-4-1.jpg\" data-elementor-open-lightbox=\"yes\" data-elementor-lightbox-slideshow=\"245e146\" data-elementor-lightbox-title=\"Columbario\" data-e-action-hash=\"#elementor-action%3Aaction%3Dlightbox%26settings%3DeyJpZCI6MjE5MiwidXJsIjoiaHR0cHM6XC9cL3JwbWFnZGFsZW5hLm9yZ1wvd3AtY29udGVudFwvdXBsb2Fkc1wvMjAyM1wvMDZcL01BR0RBTEVOQS00LTEuanBnIiwic2xpZGVzaG93IjoiMjQ1ZTE0NiJ9\">\n\t\t\t\t\t<div class=\"e-gallery-image elementor-gallery-item__image\" data-thumbnail=\"https:\/\/rpmagdalena.org\/wp-content\/uploads\/2023\/06\/MAGDALENA-4-1.jpg\" data-width=\"1479\" data-height=\"984\" aria-label=\"\" role=\"img\" ><\/div>\n\t\t\t\t\t\t\t\t\t\t\t<div class=\"elementor-gallery-item__overlay\"><\/div>\n\t\t\t\t\t\t\t\t\t\t\t\t\t\t<\/a>\n\t\t\t\t\t\t\t<a class=\"e-gallery-item elementor-gallery-item elementor-animated-content\" href=\"https:\/\/rpmagdalena.org\/wp-content\/uploads\/2023\/06\/plano.jpg\" data-elementor-open-lightbox=\"yes\" data-elementor-lightbox-slideshow=\"245e146\" data-elementor-lightbox-title=\"Columbario\" data-e-action-hash=\"#elementor-action%3Aaction%3Dlightbox%26settings%3DeyJpZCI6MjE5MywidXJsIjoiaHR0cHM6XC9cL3JwbWFnZGFsZW5hLm9yZ1wvd3AtY29udGVudFwvdXBsb2Fkc1wvMjAyM1wvMDZcL3BsYW5vLmpwZyIsInNsaWRlc2hvdyI6IjI0NWUxNDYifQ%3D%3D\">\n\t\t\t\t\t<div class=\"e-gallery-image elementor-gallery-item__image\" data-thumbnail=\"https:\/\/rpmagdalena.org\/wp-content\/uploads\/2023\/06\/plano.jpg\" data-width=\"551\" data-height=\"391\" aria-label=\"\" role=\"img\" ><\/div>\n\t\t\t\t\t\t\t\t\t\t\t<div class=\"elementor-gallery-item__overlay\"><\/div>\n\t\t\t\t\t\t\t\t\t\t\t\t\t\t<\/a>\n\t\t\t\t\t<\/div>\n\t\t\t\t\t<\/div>\n\t\t\t\t<\/div>\n\t\t\t\t<div class=\"elementor-element elementor-element-2834714 elementor-widget__width-inherit elementor-widget elementor-widget-heading\" data-id=\"2834714\" data-element_type=\"widget\" data-e-type=\"widget\" data-widget_type=\"heading.default\">\n\t\t\t\t<div class=\"elementor-widget-container\">\n\t\t\t\t\t<h3 class=\"elementor-heading-title elementor-size-default\">MODALIDADES DE DEP\u00d3SITOS<\/h3>\t\t\t\t<\/div>\n\t\t\t\t<\/div>\n\t\t\t\t<div class=\"elementor-element elementor-element-6107c4b elementor-widget elementor-widget-text-editor\" data-id=\"6107c4b\" data-element_type=\"widget\" data-e-type=\"widget\" data-widget_type=\"text-editor.default\">\n\t\t\t\t<div class=\"elementor-widget-container\">\n\t\t\t\t\t\t\t\t\t<p><strong>1\u00ba<\/strong>\u00a0 Dep\u00f3sito de una urna cineraria individual, por un periodo de 25 a\u00f1os prorrogables. Estos dep\u00f3sitos son posibles en las tres sedes actuales, si bien en las del Amparo y la Quinta Angustia el difunto debe ser hermano o familiar directo (primer y segundo grado) de un hermano.<\/p><p><strong>2\u00ba<\/strong>\u00a0Dep\u00f3sito en un l\u00f3culi familiar, con capacidad para cinco urnas, por un periodo de 25 a\u00f1os prorrogables. Esta modalidad es posible en la cripta de la nave de la ep\u00edstola.<\/p><p><strong>3\u00ba<\/strong>\u00a0Dep\u00f3sito comunitario, donde las cenizas ser\u00e1n vertidas en un cinerario com\u00fan de modo indiferenciado y, por tanto, de modo indefinido.<br \/>\u00a0<br \/>En ning\u00fan caso, la falta efectiva de recursos econ\u00f3micos impedir\u00e1 la constituci\u00f3n del correspondiente derecho funerario.<\/p><p><u><a href=\"https:\/\/drive.google.com\/file\/d\/1BDsnTTD2Qw_5KzxYqfC4cftoHnnho2FL\/view?usp=sharing\" target=\"_blank\" rel=\"noopener\">Puede acceder al formulario de dep\u00f3sito de cenizas pinchando aqu\u00ed.<\/a><\/u><\/p>\t\t\t\t\t\t\t\t<\/div>\n\t\t\t\t<\/div>\n\t\t\t\t<div class=\"elementor-element elementor-element-c7893ba elementor-widget__width-inherit elementor-widget elementor-widget-heading\" data-id=\"c7893ba\" data-element_type=\"widget\" data-e-type=\"widget\" data-widget_type=\"heading.default\">\n\t\t\t\t<div class=\"elementor-widget-container\">\n\t\t\t\t\t<h4 class=\"elementor-heading-title elementor-size-default\">DOCUMENTACI\u00d3N COLUMBARIO<\/h4>\t\t\t\t<\/div>\n\t\t\t\t<\/div>\n\t\t\t\t<div class=\"elementor-element elementor-element-1cbf79f elementor-align-start elementor-widget__width-inherit elementor-icon-list--layout-traditional elementor-list-item-link-full_width elementor-widget elementor-widget-icon-list\" data-id=\"1cbf79f\" data-element_type=\"widget\" data-e-type=\"widget\" data-widget_type=\"icon-list.default\">\n\t\t\t\t<div class=\"elementor-widget-container\">\n\t\t\t\t\t\t\t<ul class=\"elementor-icon-list-items\">\n\t\t\t\t\t\t\t<li class=\"elementor-icon-list-item\">\n\t\t\t\t\t\t\t\t\t\t\t<a href=\"https:\/\/drive.google.com\/file\/d\/1GIfVHfY-O5NxcYROTMQD9fg-h2KDIzob\/view?usp=sharing\" target=\"_blank\" rel=\"nofollow noopener\">\n\n\t\t\t\t\t\t\t\t\t\t\t\t<span class=\"elementor-icon-list-icon\">\n\t\t\t\t\t\t\t<svg aria-hidden=\"true\" class=\"e-font-icon-svg e-fas-check\" viewbox=\"0 0 512 512\" xmlns=\"http:\/\/www.w3.org\/2000\/svg\"><path d=\"M173.898 439.404l-166.4-166.4c-9.997-9.997-9.997-26.206 0-36.204l36.203-36.204c9.997-9.998 26.207-9.998 36.204 0L192 312.69 432.095 72.596c9.997-9.997 26.207-9.997 36.204 0l36.203 36.204c9.997 9.997 9.997 26.206 0 36.204l-294.4 294.401c-9.998 9.997-26.207 9.997-36.204-.001z\"><\/path><\/svg>\t\t\t\t\t\t<\/span>\n\t\t\t\t\t\t\t\t\t\t<span class=\"elementor-icon-list-text\">Formulario de solicitud<\/span>\n\t\t\t\t\t\t\t\t\t\t\t<\/a>\n\t\t\t\t\t\t\t\t\t<\/li>\n\t\t\t\t\t\t\t\t<li class=\"elementor-icon-list-item\">\n\t\t\t\t\t\t\t\t\t\t\t<a href=\"https:\/\/drive.google.com\/file\/d\/1Thv9HKGS3jDAg74Bls1PDCTRzlihOHXV\/view?usp=sharing\" target=\"_blank\" rel=\"nofollow noopener\">\n\n\t\t\t\t\t\t\t\t\t\t\t\t<span class=\"elementor-icon-list-icon\">\n\t\t\t\t\t\t\t<svg aria-hidden=\"true\" class=\"e-font-icon-svg e-fas-check\" viewbox=\"0 0 512 512\" xmlns=\"http:\/\/www.w3.org\/2000\/svg\"><path d=\"M173.898 439.404l-166.4-166.4c-9.997-9.997-9.997-26.206 0-36.204l36.203-36.204c9.997-9.998 26.207-9.998 36.204 0L192 312.69 432.095 72.596c9.997-9.997 26.207-9.997 36.204 0l36.203 36.204c9.997 9.997 9.997 26.206 0 36.204l-294.4 294.401c-9.998 9.997-26.207 9.997-36.204-.001z\"><\/path><\/svg>\t\t\t\t\t\t<\/span>\n\t\t\t\t\t\t\t\t\t\t<span class=\"elementor-icon-list-text\">Normas de funcionamiento<\/span>\n\t\t\t\t\t\t\t\t\t\t\t<\/a>\n\t\t\t\t\t\t\t\t\t<\/li>\n\t\t\t\t\t\t\t\t<li class=\"elementor-icon-list-item\">\n\t\t\t\t\t\t\t\t\t\t\t<a href=\"https:\/\/drive.google.com\/file\/d\/1jXF63hvT-Kp0y4AmHRJg2OAq1DPyUNTi\/view?usp=sharing\" target=\"_blank\" rel=\"nofollow noopener\">\n\n\t\t\t\t\t\t\t\t\t\t\t\t<span class=\"elementor-icon-list-icon\">\n\t\t\t\t\t\t\t<svg aria-hidden=\"true\" class=\"e-font-icon-svg e-fas-check\" viewbox=\"0 0 512 512\" xmlns=\"http:\/\/www.w3.org\/2000\/svg\"><path d=\"M173.898 439.404l-166.4-166.4c-9.997-9.997-9.997-26.206 0-36.204l36.203-36.204c9.997-9.998 26.207-9.998 36.204 0L192 312.69 432.095 72.596c9.997-9.997 26.207-9.997 36.204 0l36.203 36.204c9.997 9.997 9.997 26.206 0 36.204l-294.4 294.401c-9.998 9.997-26.207 9.997-36.204-.001z\"><\/path><\/svg>\t\t\t\t\t\t<\/span>\n\t\t\t\t\t\t\t\t\t\t<span class=\"elementor-icon-list-text\">Borrador contrato derecho funerario (Urna individual)<\/span>\n\t\t\t\t\t\t\t\t\t\t\t<\/a>\n\t\t\t\t\t\t\t\t\t<\/li>\n\t\t\t\t\t\t\t\t<li class=\"elementor-icon-list-item\">\n\t\t\t\t\t\t\t\t\t\t\t<a href=\"https:\/\/drive.google.com\/file\/d\/1PQVsGJLdHpIStbPNEVsRXDXCl_4uSk5C\/view?usp=sharing\" target=\"_blank\" rel=\"nofollow noopener\">\n\n\t\t\t\t\t\t\t\t\t\t\t\t<span class=\"elementor-icon-list-icon\">\n\t\t\t\t\t\t\t<svg aria-hidden=\"true\" class=\"e-font-icon-svg e-fas-check\" viewbox=\"0 0 512 512\" xmlns=\"http:\/\/www.w3.org\/2000\/svg\"><path d=\"M173.898 439.404l-166.4-166.4c-9.997-9.997-9.997-26.206 0-36.204l36.203-36.204c9.997-9.998 26.207-9.998 36.204 0L192 312.69 432.095 72.596c9.997-9.997 26.207-9.997 36.204 0l36.203 36.204c9.997 9.997 9.997 26.206 0 36.204l-294.4 294.401c-9.998 9.997-26.207 9.997-36.204-.001z\"><\/path><\/svg>\t\t\t\t\t\t<\/span>\n\t\t\t\t\t\t\t\t\t\t<span class=\"elementor-icon-list-text\">Borrador contrato derecho funerario (Loculi familiar)<\/span>\n\t\t\t\t\t\t\t\t\t\t\t<\/a>\n\t\t\t\t\t\t\t\t\t<\/li>\n\t\t\t\t\t\t\t\t<li class=\"elementor-icon-list-item\">\n\t\t\t\t\t\t\t\t\t\t\t<a href=\"https:\/\/drive.google.com\/file\/d\/1YwK8F_udKE4rDpGF2sgza4MCNsQwJgBP\/view?usp=sharing\" target=\"_blank\" rel=\"nofollow noopener\">\n\n\t\t\t\t\t\t\t\t\t\t\t\t<span class=\"elementor-icon-list-icon\">\n\t\t\t\t\t\t\t<svg aria-hidden=\"true\" class=\"e-font-icon-svg e-fas-check\" viewbox=\"0 0 512 512\" xmlns=\"http:\/\/www.w3.org\/2000\/svg\"><path d=\"M173.898 439.404l-166.4-166.4c-9.997-9.997-9.997-26.206 0-36.204l36.203-36.204c9.997-9.998 26.207-9.998 36.204 0L192 312.69 432.095 72.596c9.997-9.997 26.207-9.997 36.204 0l36.203 36.204c9.997 9.997 9.997 26.206 0 36.204l-294.4 294.401c-9.998 9.997-26.207 9.997-36.204-.001z\"><\/path><\/svg>\t\t\t\t\t\t<\/span>\n\t\t\t\t\t\t\t\t\t\t<span class=\"elementor-icon-list-text\">Borrador contrato derecho funerario (Dep\u00f3sito comunitario)<\/span>\n\t\t\t\t\t\t\t\t\t\t\t<\/a>\n\t\t\t\t\t\t\t\t\t<\/li>\n\t\t\t\t\t\t<\/ul>\n\t\t\t\t\t\t<\/div>\n\t\t\t\t<\/div>\n\t\t\t\t\t<\/div>\n\t\t\t\t<\/div>\n\t\t\t\t<\/div>","protected":false},"excerpt":{"rendered":"<p>\u00bfCU\u00c1L ES EL DESTINO FINAL DE NUESTROS CUERPOS? El 15 de agosto de 2016, mediante la Instrucci\u00f3n Ad re-surgendum cum Christo, la Santa Sede nos recordaba que la visi\u00f3n cristiana de la muerte se expresa de modo privilegiado en la liturgia de la Iglesia: \u00abLa vida de los que en ti creemos, Se\u00f1or, no termina, [&hellip;]<\/p>\n","protected":false},"author":1,"featured_media":0,"parent":119,"menu_order":0,"comment_status":"closed","ping_status":"closed","template":"","meta":{"footnotes":""},"class_list":["post-206","page","type-page","status-publish","hentry"],"_links":{"self":[{"href":"https:\/\/rpmagdalena.org\/en\/wp-json\/wp\/v2\/pages\/206","targetHints":{"allow":["GET"]}}],"collection":[{"href":"https:\/\/rpmagdalena.org\/en\/wp-json\/wp\/v2\/pages"}],"about":[{"href":"https:\/\/rpmagdalena.org\/en\/wp-json\/wp\/v2\/types\/page"}],"author":[{"embeddable":true,"href":"https:\/\/rpmagdalena.org\/en\/wp-json\/wp\/v2\/users\/1"}],"replies":[{"embeddable":true,"href":"https:\/\/rpmagdalena.org\/en\/wp-json\/wp\/v2\/comments?post=206"}],"version-history":[{"count":0,"href":"https:\/\/rpmagdalena.org\/en\/wp-json\/wp\/v2\/pages\/206\/revisions"}],"up":[{"embeddable":true,"href":"https:\/\/rpmagdalena.org\/en\/wp-json\/wp\/v2\/pages\/119"}],"wp:attachment":[{"href":"https:\/\/rpmagdalena.org\/en\/wp-json\/wp\/v2\/media?parent=206"}],"curies":[{"name":"wp","href":"https:\/\/api.w.org\/{rel}","templated":true}]}}