{"id":2011,"date":"2023-05-30T13:00:22","date_gmt":"2023-05-30T11:00:22","guid":{"rendered":"https:\/\/adoring-golick.212-227-153-101.plesk.page\/?page_id=2011"},"modified":"2023-08-20T14:12:11","modified_gmt":"2023-08-20T12:12:11","slug":"vocacion-y-orden-sacerdotal","status":"publish","type":"page","link":"https:\/\/rpmagdalena.org\/en\/vida-parroquial\/sacramentos\/vocacion-y-orden-sacerdotal\/","title":{"rendered":"Vocation and Priestly Order"},"content":{"rendered":"<div data-elementor-type=\"wp-page\" data-elementor-id=\"2011\" class=\"elementor elementor-2011\" data-elementor-post-type=\"page\">\n\t\t\t\t<div data-dce-background-image-url=\"https:\/\/rpmagdalena.org\/wp-content\/uploads\/2023\/06\/3.jpg\" class=\"elementor-element elementor-element-b74802b e-flex e-con-boxed e-con e-parent\" data-id=\"b74802b\" data-element_type=\"container\" data-e-type=\"container\" data-settings=\"{&quot;background_background&quot;:&quot;classic&quot;}\">\n\t\t\t\t\t<div class=\"e-con-inner\">\n\t\t\t\t<div class=\"elementor-element elementor-element-3900742 elementor-widget elementor-widget-heading\" data-id=\"3900742\" data-element_type=\"widget\" data-e-type=\"widget\" data-widget_type=\"heading.default\">\n\t\t\t\t<div class=\"elementor-widget-container\">\n\t\t\t\t\t<h1 class=\"elementor-heading-title elementor-size-default\">Vocation and Priestly Order<\/h1>\t\t\t\t<\/div>\n\t\t\t\t<\/div>\n\t\t\t\t\t<\/div>\n\t\t\t\t<\/div>\n\t\t<div class=\"elementor-element elementor-element-ea23435 e-flex e-con-boxed e-con e-parent\" data-id=\"ea23435\" data-element_type=\"container\" data-e-type=\"container\">\n\t\t\t\t\t<div class=\"e-con-inner\">\n\t\t<div class=\"elementor-element elementor-element-0da7b65 e-con-full e-flex e-con e-parent\" data-id=\"0da7b65\" data-element_type=\"container\" data-e-type=\"container\" data-settings=\"{&quot;background_background&quot;:&quot;classic&quot;}\">\n\t\t\t\t<div class=\"elementor-element elementor-element-30ceb74 elementor-widget elementor-widget-heading\" data-id=\"30ceb74\" data-element_type=\"widget\" data-e-type=\"widget\" data-widget_type=\"heading.default\">\n\t\t\t\t<div class=\"elementor-widget-container\">\n\t\t\t\t\t<p class=\"elementor-heading-title elementor-size-default\">Sacraments<\/p>\t\t\t\t<\/div>\n\t\t\t\t<\/div>\n\t\t\t\t<div class=\"elementor-element elementor-element-686dc8a elementor-align-start elementor-icon-list--layout-traditional elementor-list-item-link-full_width elementor-widget elementor-widget-icon-list\" data-id=\"686dc8a\" data-element_type=\"widget\" data-e-type=\"widget\" data-widget_type=\"icon-list.default\">\n\t\t\t\t<div class=\"elementor-widget-container\">\n\t\t\t\t\t\t\t<ul class=\"elementor-icon-list-items\">\n\t\t\t\t\t\t\t<li class=\"elementor-icon-list-item\">\n\t\t\t\t\t\t\t\t\t\t\t<a href=\"https:\/\/rpmagdalena.org\/en\/vida-parroquial\/sacramentos\/bautismo\/\">\n\n\t\t\t\t\t\t\t\t\t\t\t\t<span class=\"elementor-icon-list-icon\">\n\t\t\t\t\t\t\t<svg aria-hidden=\"true\" class=\"e-font-icon-svg e-fas-circle\" viewbox=\"0 0 512 512\" xmlns=\"http:\/\/www.w3.org\/2000\/svg\"><path d=\"M256 8C119 8 8 119 8 256s111 248 248 248 248-111 248-248S393 8 256 8z\"><\/path><\/svg>\t\t\t\t\t\t<\/span>\n\t\t\t\t\t\t\t\t\t\t<span class=\"elementor-icon-list-text\">Baptism<\/span>\n\t\t\t\t\t\t\t\t\t\t\t<\/a>\n\t\t\t\t\t\t\t\t\t<\/li>\n\t\t\t\t\t\t\t\t<li class=\"elementor-icon-list-item\">\n\t\t\t\t\t\t\t\t\t\t\t<a href=\"https:\/\/rpmagdalena.org\/en\/vida-parroquial\/sacramentos\/penitencia\/\">\n\n\t\t\t\t\t\t\t\t\t\t\t\t<span class=\"elementor-icon-list-icon\">\n\t\t\t\t\t\t\t<svg aria-hidden=\"true\" class=\"e-font-icon-svg e-fas-circle\" viewbox=\"0 0 512 512\" xmlns=\"http:\/\/www.w3.org\/2000\/svg\"><path d=\"M256 8C119 8 8 119 8 256s111 248 248 248 248-111 248-248S393 8 256 8z\"><\/path><\/svg>\t\t\t\t\t\t<\/span>\n\t\t\t\t\t\t\t\t\t\t<span class=\"elementor-icon-list-text\">Penance<\/span>\n\t\t\t\t\t\t\t\t\t\t\t<\/a>\n\t\t\t\t\t\t\t\t\t<\/li>\n\t\t\t\t\t\t\t\t<li class=\"elementor-icon-list-item\">\n\t\t\t\t\t\t\t\t\t\t\t<a href=\"https:\/\/rpmagdalena.org\/en\/vida-parroquial\/sacramentos\/eucaristia\/\">\n\n\t\t\t\t\t\t\t\t\t\t\t\t<span class=\"elementor-icon-list-icon\">\n\t\t\t\t\t\t\t<svg aria-hidden=\"true\" class=\"e-font-icon-svg e-fas-circle\" viewbox=\"0 0 512 512\" xmlns=\"http:\/\/www.w3.org\/2000\/svg\"><path d=\"M256 8C119 8 8 119 8 256s111 248 248 248 248-111 248-248S393 8 256 8z\"><\/path><\/svg>\t\t\t\t\t\t<\/span>\n\t\t\t\t\t\t\t\t\t\t<span class=\"elementor-icon-list-text\">Eucharist<\/span>\n\t\t\t\t\t\t\t\t\t\t\t<\/a>\n\t\t\t\t\t\t\t\t\t<\/li>\n\t\t\t\t\t\t\t\t<li class=\"elementor-icon-list-item\">\n\t\t\t\t\t\t\t\t\t\t\t<a href=\"https:\/\/rpmagdalena.org\/en\/vida-parroquial\/sacramentos\/confirmacion\/\">\n\n\t\t\t\t\t\t\t\t\t\t\t\t<span class=\"elementor-icon-list-icon\">\n\t\t\t\t\t\t\t<svg aria-hidden=\"true\" class=\"e-font-icon-svg e-fas-circle\" viewbox=\"0 0 512 512\" xmlns=\"http:\/\/www.w3.org\/2000\/svg\"><path d=\"M256 8C119 8 8 119 8 256s111 248 248 248 248-111 248-248S393 8 256 8z\"><\/path><\/svg>\t\t\t\t\t\t<\/span>\n\t\t\t\t\t\t\t\t\t\t<span class=\"elementor-icon-list-text\">Confirmation<\/span>\n\t\t\t\t\t\t\t\t\t\t\t<\/a>\n\t\t\t\t\t\t\t\t\t<\/li>\n\t\t\t\t\t\t\t\t<li class=\"elementor-icon-list-item\">\n\t\t\t\t\t\t\t\t\t\t\t<a href=\"https:\/\/rpmagdalena.org\/en\/vida-parroquial\/sacramentos\/matrimonio\/\">\n\n\t\t\t\t\t\t\t\t\t\t\t\t<span class=\"elementor-icon-list-icon\">\n\t\t\t\t\t\t\t<svg aria-hidden=\"true\" class=\"e-font-icon-svg e-fas-circle\" viewbox=\"0 0 512 512\" xmlns=\"http:\/\/www.w3.org\/2000\/svg\"><path d=\"M256 8C119 8 8 119 8 256s111 248 248 248 248-111 248-248S393 8 256 8z\"><\/path><\/svg>\t\t\t\t\t\t<\/span>\n\t\t\t\t\t\t\t\t\t\t<span class=\"elementor-icon-list-text\">Marriage<\/span>\n\t\t\t\t\t\t\t\t\t\t\t<\/a>\n\t\t\t\t\t\t\t\t\t<\/li>\n\t\t\t\t\t\t\t\t<li class=\"elementor-icon-list-item\">\n\t\t\t\t\t\t\t\t\t\t\t<a href=\"https:\/\/rpmagdalena.org\/en\/vida-parroquial\/sacramentos\/vocacion-y-orden-sacerdotal\/\">\n\n\t\t\t\t\t\t\t\t\t\t\t\t<span class=\"elementor-icon-list-icon\">\n\t\t\t\t\t\t\t<svg aria-hidden=\"true\" class=\"e-font-icon-svg e-fas-circle\" viewbox=\"0 0 512 512\" xmlns=\"http:\/\/www.w3.org\/2000\/svg\"><path d=\"M256 8C119 8 8 119 8 256s111 248 248 248 248-111 248-248S393 8 256 8z\"><\/path><\/svg>\t\t\t\t\t\t<\/span>\n\t\t\t\t\t\t\t\t\t\t<span class=\"elementor-icon-list-text\">Vocation and Priestly Order<\/span>\n\t\t\t\t\t\t\t\t\t\t\t<\/a>\n\t\t\t\t\t\t\t\t\t<\/li>\n\t\t\t\t\t\t\t\t<li class=\"elementor-icon-list-item\">\n\t\t\t\t\t\t\t\t\t\t\t<a href=\"https:\/\/rpmagdalena.org\/en\/vida-parroquial\/sacramentos\/uncion-de-los-enfermos\/\">\n\n\t\t\t\t\t\t\t\t\t\t\t\t<span class=\"elementor-icon-list-icon\">\n\t\t\t\t\t\t\t<svg aria-hidden=\"true\" class=\"e-font-icon-svg e-fas-circle\" viewbox=\"0 0 512 512\" xmlns=\"http:\/\/www.w3.org\/2000\/svg\"><path d=\"M256 8C119 8 8 119 8 256s111 248 248 248 248-111 248-248S393 8 256 8z\"><\/path><\/svg>\t\t\t\t\t\t<\/span>\n\t\t\t\t\t\t\t\t\t\t<span class=\"elementor-icon-list-text\">Unci\u00f3n de los Enfermos<\/span>\n\t\t\t\t\t\t\t\t\t\t\t<\/a>\n\t\t\t\t\t\t\t\t\t<\/li>\n\t\t\t\t\t\t<\/ul>\n\t\t\t\t\t\t<\/div>\n\t\t\t\t<\/div>\n\t\t\t\t<\/div>\n\t\t<div class=\"elementor-element elementor-element-efd7d68 e-con-full e-flex e-con e-parent\" data-id=\"efd7d68\" data-element_type=\"container\" data-e-type=\"container\">\n\t\t\t\t<div class=\"elementor-element elementor-element-e04edb4 elementor-widget__width-initial elementor-widget-tablet__width-inherit elementor-widget elementor-widget-image\" data-id=\"e04edb4\" data-element_type=\"widget\" data-e-type=\"widget\" data-widget_type=\"image.default\">\n\t\t\t\t<div class=\"elementor-widget-container\">\n\t\t\t\t\t\t\t\t\t\t\t\t\t\t\t<img decoding=\"async\" src=\"https:\/\/rpmagdalena.org\/wp-content\/uploads\/elementor\/thumbs\/ordenacion-reg078xjjvbgqjbnna5a4yg0y5mdby1abax63jsdau.jpeg\" title=\"ordenacio\u0301n\" alt=\"ordenacio\u0301n\" loading=\"lazy\" \/>\t\t\t\t\t\t\t\t\t\t\t\t\t\t\t<\/div>\n\t\t\t\t<\/div>\n\t\t<div class=\"elementor-element elementor-element-a2bb405 e-con-full e-flex e-con e-parent\" data-id=\"a2bb405\" data-element_type=\"container\" data-e-type=\"container\">\n\t\t\t\t<div class=\"elementor-element elementor-element-b569b8e elementor-widget elementor-widget-text-editor\" data-id=\"b569b8e\" data-element_type=\"widget\" data-e-type=\"widget\" data-widget_type=\"text-editor.default\">\n\t\t\t\t<div class=\"elementor-widget-container\">\n\t\t\t\t\t\t\t\t\t<p>La Iglesia entera es un pueblo sacerdotal. Por el Bautismo, todos los fieles participan del sacerdocio de Cristo. Esta participaci\u00f3n se llama \u00absacerdocio com\u00fan de los fieles\u00bb. A partir de este sacerdocio y al servicio del mismo existe otra participaci\u00f3n en la misi\u00f3n de Cristo: la del ministerio conferido por el sacramento del Orden, cuya tarea es servir en nombre y en la representaci\u00f3n de Cristo-Cabeza en medio de la comunidad.\u00a0<\/p>\t\t\t\t\t\t\t\t<\/div>\n\t\t\t\t<\/div>\n\t\t\t\t<div class=\"elementor-element elementor-element-957dc50 elementor-widget elementor-widget-text-editor\" data-id=\"957dc50\" data-element_type=\"widget\" data-e-type=\"widget\" data-widget_type=\"text-editor.default\">\n\t\t\t\t<div class=\"elementor-widget-container\">\n\t\t\t\t\t\t\t\t\t<p>(CATIC 1591)<\/p>\t\t\t\t\t\t\t\t<\/div>\n\t\t\t\t<\/div>\n\t\t\t\t<\/div>\n\t\t\t\t<div class=\"elementor-element elementor-element-0f524c5 elementor-widget elementor-widget-text-editor\" data-id=\"0f524c5\" data-element_type=\"widget\" data-e-type=\"widget\" data-widget_type=\"text-editor.default\">\n\t\t\t\t<div class=\"elementor-widget-container\">\n\t\t\t\t\t\t\t\t\t<p>Nuestra parroquia ha sido bendecida en los \u00faltimos a\u00f1os con la ordenaci\u00f3n sacerdotal varios de sus feligreses que, tras su formaci\u00f3n en el Seminario Metropolitano de Sevilla, sirven en nuestra Archidi\u00f3cesis como p\u00e1rrocos y en otros cargos pastorales. Son los sacerdotes que han celebrado su primera misa entre nosotros:<\/p>\t\t\t\t\t\t\t\t<\/div>\n\t\t\t\t<\/div>\n\t\t<div class=\"elementor-element elementor-element-ac335c1 e-con-full e-flex e-con e-parent\" data-id=\"ac335c1\" data-element_type=\"container\" data-e-type=\"container\">\n\t\t\t\t<div class=\"elementor-element elementor-element-9a2b976 elementor-widget elementor-widget-image\" data-id=\"9a2b976\" data-element_type=\"widget\" data-e-type=\"widget\" data-widget_type=\"image.default\">\n\t\t\t\t<div class=\"elementor-widget-container\">\n\t\t\t\t\t\t\t\t\t\t\t\t\t\t\t<img fetchpriority=\"high\" decoding=\"async\" width=\"966\" height=\"1178\" src=\"https:\/\/rpmagdalena.org\/wp-content\/uploads\/2023\/06\/Rvdo.-Sr.-D.-Antonio-Pablo-Guija-Rodriguez-1.png\" class=\"attachment-full size-full wp-image-2106\" alt=\"\" srcset=\"https:\/\/rpmagdalena.org\/wp-content\/uploads\/2023\/06\/Rvdo.-Sr.-D.-Antonio-Pablo-Guija-Rodriguez-1.png 966w, https:\/\/rpmagdalena.org\/wp-content\/uploads\/2023\/06\/Rvdo.-Sr.-D.-Antonio-Pablo-Guija-Rodriguez-1-246x300.png 246w, https:\/\/rpmagdalena.org\/wp-content\/uploads\/2023\/06\/Rvdo.-Sr.-D.-Antonio-Pablo-Guija-Rodriguez-1-840x1024.png 840w, https:\/\/rpmagdalena.org\/wp-content\/uploads\/2023\/06\/Rvdo.-Sr.-D.-Antonio-Pablo-Guija-Rodriguez-1-768x937.png 768w, https:\/\/rpmagdalena.org\/wp-content\/uploads\/2023\/06\/Rvdo.-Sr.-D.-Antonio-Pablo-Guija-Rodriguez-1-10x12.png 10w\" sizes=\"(max-width: 966px) 100vw, 966px\" \/>\t\t\t\t\t\t\t\t\t\t\t\t\t\t\t<\/div>\n\t\t\t\t<\/div>\n\t\t\t\t<div class=\"elementor-element elementor-element-5dd73ad elementor-widget elementor-widget-heading\" data-id=\"5dd73ad\" data-element_type=\"widget\" data-e-type=\"widget\" data-widget_type=\"heading.default\">\n\t\t\t\t<div class=\"elementor-widget-container\">\n\t\t\t\t\t<h3 class=\"elementor-heading-title elementor-size-default\">Rvdo. Sr. D. Pablo Guija Rodr\u00edguez<\/h3>\t\t\t\t<\/div>\n\t\t\t\t<\/div>\n\t\t\t\t<div class=\"elementor-element elementor-element-20866bc elementor-widget elementor-widget-heading\" data-id=\"20866bc\" data-element_type=\"widget\" data-e-type=\"widget\" data-widget_type=\"heading.default\">\n\t\t\t\t<div class=\"elementor-widget-container\">\n\t\t\t\t\t<p class=\"elementor-heading-title elementor-size-default\">Ordenado presb\u00edtero: 22\/06\/2014<\/p>\t\t\t\t<\/div>\n\t\t\t\t<\/div>\n\t\t\t\t<\/div>\n\t\t<div class=\"elementor-element elementor-element-64dfb40 e-con-full e-flex e-con e-parent\" data-id=\"64dfb40\" data-element_type=\"container\" data-e-type=\"container\">\n\t\t\t\t<div class=\"elementor-element elementor-element-ca1f580 elementor-widget elementor-widget-image\" data-id=\"ca1f580\" data-element_type=\"widget\" data-e-type=\"widget\" data-widget_type=\"image.default\">\n\t\t\t\t<div class=\"elementor-widget-container\">\n\t\t\t\t\t\t\t\t\t\t\t\t\t\t\t<img decoding=\"async\" width=\"290\" height=\"373\" src=\"https:\/\/rpmagdalena.org\/wp-content\/uploads\/2023\/06\/Rvdo.-Sr.-Genaro-Escudero-Ojeda.jpeg\" class=\"attachment-full size-full wp-image-2108\" alt=\"\" srcset=\"https:\/\/rpmagdalena.org\/wp-content\/uploads\/2023\/06\/Rvdo.-Sr.-Genaro-Escudero-Ojeda.jpeg 290w, https:\/\/rpmagdalena.org\/wp-content\/uploads\/2023\/06\/Rvdo.-Sr.-Genaro-Escudero-Ojeda-233x300.jpeg 233w, https:\/\/rpmagdalena.org\/wp-content\/uploads\/2023\/06\/Rvdo.-Sr.-Genaro-Escudero-Ojeda-9x12.jpeg 9w\" sizes=\"(max-width: 290px) 100vw, 290px\" \/>\t\t\t\t\t\t\t\t\t\t\t\t\t\t\t<\/div>\n\t\t\t\t<\/div>\n\t\t\t\t<div class=\"elementor-element elementor-element-20fc7f1 elementor-widget elementor-widget-heading\" data-id=\"20fc7f1\" data-element_type=\"widget\" data-e-type=\"widget\" data-widget_type=\"heading.default\">\n\t\t\t\t<div class=\"elementor-widget-container\">\n\t\t\t\t\t<h3 class=\"elementor-heading-title elementor-size-default\">Rvdo. Sr. D. Genaro Escudero Ojeda<\/h3>\t\t\t\t<\/div>\n\t\t\t\t<\/div>\n\t\t\t\t<div class=\"elementor-element elementor-element-5e47a76 elementor-widget elementor-widget-heading\" data-id=\"5e47a76\" data-element_type=\"widget\" data-e-type=\"widget\" data-widget_type=\"heading.default\">\n\t\t\t\t<div class=\"elementor-widget-container\">\n\t\t\t\t\t<p class=\"elementor-heading-title elementor-size-default\">Ordenado presb\u00edtero: 28\/06\/2015<\/p>\t\t\t\t<\/div>\n\t\t\t\t<\/div>\n\t\t\t\t<\/div>\n\t\t<div class=\"elementor-element elementor-element-1194cd1 e-con-full e-flex e-con e-parent\" data-id=\"1194cd1\" data-element_type=\"container\" data-e-type=\"container\">\n\t\t\t\t<div class=\"elementor-element elementor-element-e122098 elementor-widget elementor-widget-image\" data-id=\"e122098\" data-element_type=\"widget\" data-e-type=\"widget\" data-widget_type=\"image.default\">\n\t\t\t\t<div class=\"elementor-widget-container\">\n\t\t\t\t\t\t\t\t\t\t\t\t\t\t\t<img decoding=\"async\" width=\"560\" height=\"642\" src=\"https:\/\/rpmagdalena.org\/wp-content\/uploads\/2023\/06\/Rvdo.-Sr.-D.-Jose-Alberto-Perez-Diaz.png\" class=\"attachment-full size-full wp-image-2107\" alt=\"\" srcset=\"https:\/\/rpmagdalena.org\/wp-content\/uploads\/2023\/06\/Rvdo.-Sr.-D.-Jose-Alberto-Perez-Diaz.png 560w, https:\/\/rpmagdalena.org\/wp-content\/uploads\/2023\/06\/Rvdo.-Sr.-D.-Jose-Alberto-Perez-Diaz-262x300.png 262w, https:\/\/rpmagdalena.org\/wp-content\/uploads\/2023\/06\/Rvdo.-Sr.-D.-Jose-Alberto-Perez-Diaz-10x12.png 10w\" sizes=\"(max-width: 560px) 100vw, 560px\" \/>\t\t\t\t\t\t\t\t\t\t\t\t\t\t\t<\/div>\n\t\t\t\t<\/div>\n\t\t\t\t<div class=\"elementor-element elementor-element-11132fc elementor-widget elementor-widget-heading\" data-id=\"11132fc\" data-element_type=\"widget\" data-e-type=\"widget\" data-widget_type=\"heading.default\">\n\t\t\t\t<div class=\"elementor-widget-container\">\n\t\t\t\t\t<h3 class=\"elementor-heading-title elementor-size-default\">Rvdo. Sr. D. Jos\u00e9 Alberto P\u00e9rez D\u00edaz<\/h3>\t\t\t\t<\/div>\n\t\t\t\t<\/div>\n\t\t\t\t<div class=\"elementor-element elementor-element-73573b0 elementor-widget elementor-widget-heading\" data-id=\"73573b0\" data-element_type=\"widget\" data-e-type=\"widget\" data-widget_type=\"heading.default\">\n\t\t\t\t<div class=\"elementor-widget-container\">\n\t\t\t\t\t<p class=\"elementor-heading-title elementor-size-default\">Ordenado presb\u00edtero: 22\/06\/2014<\/p>\t\t\t\t<\/div>\n\t\t\t\t<\/div>\n\t\t\t\t<\/div>\n\t\t<div class=\"elementor-element elementor-element-1923c90 e-con-full e-flex e-con e-parent\" data-id=\"1923c90\" data-element_type=\"container\" data-e-type=\"container\">\n\t\t\t\t<div class=\"elementor-element elementor-element-d6e5a13 elementor-widget elementor-widget-image\" data-id=\"d6e5a13\" data-element_type=\"widget\" data-e-type=\"widget\" data-widget_type=\"image.default\">\n\t\t\t\t<div class=\"elementor-widget-container\">\n\t\t\t\t\t\t\t\t\t\t\t\t\t\t\t<img loading=\"lazy\" decoding=\"async\" width=\"1188\" height=\"1362\" src=\"https:\/\/rpmagdalena.org\/wp-content\/uploads\/2023\/06\/Rvdo.-Sr.-D.-Manuel-Jimenez-Povedano-1.png\" class=\"attachment-full size-full wp-image-2109\" alt=\"\" srcset=\"https:\/\/rpmagdalena.org\/wp-content\/uploads\/2023\/06\/Rvdo.-Sr.-D.-Manuel-Jimenez-Povedano-1.png 1188w, https:\/\/rpmagdalena.org\/wp-content\/uploads\/2023\/06\/Rvdo.-Sr.-D.-Manuel-Jimenez-Povedano-1-262x300.png 262w, https:\/\/rpmagdalena.org\/wp-content\/uploads\/2023\/06\/Rvdo.-Sr.-D.-Manuel-Jimenez-Povedano-1-893x1024.png 893w, https:\/\/rpmagdalena.org\/wp-content\/uploads\/2023\/06\/Rvdo.-Sr.-D.-Manuel-Jimenez-Povedano-1-768x880.png 768w, https:\/\/rpmagdalena.org\/wp-content\/uploads\/2023\/06\/Rvdo.-Sr.-D.-Manuel-Jimenez-Povedano-1-10x12.png 10w\" sizes=\"(max-width: 1188px) 100vw, 1188px\" \/>\t\t\t\t\t\t\t\t\t\t\t\t\t\t\t<\/div>\n\t\t\t\t<\/div>\n\t\t\t\t<div class=\"elementor-element elementor-element-1c3c07a elementor-widget elementor-widget-heading\" data-id=\"1c3c07a\" data-element_type=\"widget\" data-e-type=\"widget\" data-widget_type=\"heading.default\">\n\t\t\t\t<div class=\"elementor-widget-container\">\n\t\t\t\t\t<h3 class=\"elementor-heading-title elementor-size-default\">Rvdo. Sr. D. Manuel Jim\u00e9nez Povedano<\/h3>\t\t\t\t<\/div>\n\t\t\t\t<\/div>\n\t\t\t\t<div class=\"elementor-element elementor-element-7974796 elementor-widget elementor-widget-heading\" data-id=\"7974796\" data-element_type=\"widget\" data-e-type=\"widget\" data-widget_type=\"heading.default\">\n\t\t\t\t<div class=\"elementor-widget-container\">\n\t\t\t\t\t<p class=\"elementor-heading-title elementor-size-default\">Ordenado presb\u00edtero: 22\/06\/2019<\/p>\t\t\t\t<\/div>\n\t\t\t\t<\/div>\n\t\t\t\t<\/div>\n\t\t\t\t<div class=\"elementor-element elementor-element-da6d498 elementor-widget elementor-widget-text-editor\" data-id=\"da6d498\" data-element_type=\"widget\" data-e-type=\"widget\" data-widget_type=\"text-editor.default\">\n\t\t\t\t<div class=\"elementor-widget-container\">\n\t\t\t\t\t\t\t\t\t<p>Por otro lado, en los \u00faltimos a\u00f1os el Seminario ha confiado a nuestra parroquia la tarea de colaborar con la formaci\u00f3n de varios seminaristas di\u00e1conos que han servido con su pastoral entre nosotros. Ahora son sacerdotes y son:<\/p><ul><li>Rvdo. Sr. D. Gonzalo Fern\u00e1ndez Copete<\/li><li>Rvdo. Sr. D Francisco Jos\u00e9 L\u00f3pez Mart\u00ednez<\/li><li>Rvdo. Sr. D. Antonio Jes\u00fas Serrano Colmenero<\/li><li>Rvdo. Sr. D. Aniceto Vadillo Aguilera<\/li><\/ul><p>\u00a0<\/p><p>Adem\u00e1s en el Seminario ahora mismo cursan estudios dos seminaristas de nuestra parroquia:<\/p><ul><li>Javier Llorente Guti\u00e9rrez<\/li><li>Javier Ju\u00e1rez La Casa<\/li><\/ul><p>\u00a0<\/p><p>Pidamos al Se\u00f1or por todos ellos, para que les conceda el don de la fidelidad, as\u00ed como que bendiga a nuestra parroquia con nuevas vocaciones sacerdotales y a la vida consagrada.<\/p>\t\t\t\t\t\t\t\t<\/div>\n\t\t\t\t<\/div>\n\t\t\t\t<\/div>\n\t\t\t\t\t<\/div>\n\t\t\t\t<\/div>\n\t\t\t\t<\/div>","protected":false},"excerpt":{"rendered":"<p>Sacramentos Bautismo Penitencia Eucarist\u00eda Confirmaci\u00f3n Matrimonio Vocaci\u00f3n y Orden Sacerdotal Unci\u00f3n de los Enfermos La Iglesia entera es un pueblo sacerdotal. Por el Bautismo, todos los fieles participan del sacerdocio de Cristo. Esta participaci\u00f3n se llama \u00absacerdocio com\u00fan de los fieles\u00bb. A partir de este sacerdocio y al servicio del mismo existe otra participaci\u00f3n en [&hellip;]<\/p>\n","protected":false},"author":1,"featured_media":0,"parent":2606,"menu_order":0,"comment_status":"closed","ping_status":"closed","template":"","meta":{"footnotes":""},"class_list":["post-2011","page","type-page","status-publish","hentry"],"_links":{"self":[{"href":"https:\/\/rpmagdalena.org\/en\/wp-json\/wp\/v2\/pages\/2011","targetHints":{"allow":["GET"]}}],"collection":[{"href":"https:\/\/rpmagdalena.org\/en\/wp-json\/wp\/v2\/pages"}],"about":[{"href":"https:\/\/rpmagdalena.org\/en\/wp-json\/wp\/v2\/types\/page"}],"author":[{"embeddable":true,"href":"https:\/\/rpmagdalena.org\/en\/wp-json\/wp\/v2\/users\/1"}],"replies":[{"embeddable":true,"href":"https:\/\/rpmagdalena.org\/en\/wp-json\/wp\/v2\/comments?post=2011"}],"version-history":[{"count":0,"href":"https:\/\/rpmagdalena.org\/en\/wp-json\/wp\/v2\/pages\/2011\/revisions"}],"up":[{"embeddable":true,"href":"https:\/\/rpmagdalena.org\/en\/wp-json\/wp\/v2\/pages\/2606"}],"wp:attachment":[{"href":"https:\/\/rpmagdalena.org\/en\/wp-json\/wp\/v2\/media?parent=2011"}],"curies":[{"name":"wp","href":"https:\/\/api.w.org\/{rel}","templated":true}]}}