{"id":2009,"date":"2023-05-30T12:59:50","date_gmt":"2023-05-30T10:59:50","guid":{"rendered":"https:\/\/adoring-golick.212-227-153-101.plesk.page\/?page_id=2009"},"modified":"2024-09-11T20:01:37","modified_gmt":"2024-09-11T18:01:37","slug":"matrimonio","status":"publish","type":"page","link":"https:\/\/rpmagdalena.org\/en\/vida-parroquial\/sacramentos\/matrimonio\/","title":{"rendered":"Marriage"},"content":{"rendered":"<div data-elementor-type=\"wp-page\" data-elementor-id=\"2009\" class=\"elementor elementor-2009\" data-elementor-post-type=\"page\">\n\t\t\t\t<div data-dce-background-image-url=\"https:\/\/rpmagdalena.org\/wp-content\/uploads\/2023\/06\/3.jpg\" class=\"elementor-element elementor-element-147e2d9 e-flex e-con-boxed e-con e-parent\" data-id=\"147e2d9\" data-element_type=\"container\" data-e-type=\"container\" data-settings=\"{&quot;background_background&quot;:&quot;classic&quot;}\">\n\t\t\t\t\t<div class=\"e-con-inner\">\n\t\t\t\t<div class=\"elementor-element elementor-element-8d0f428 elementor-widget elementor-widget-heading\" data-id=\"8d0f428\" data-element_type=\"widget\" data-e-type=\"widget\" data-widget_type=\"heading.default\">\n\t\t\t\t<div class=\"elementor-widget-container\">\n\t\t\t\t\t<h1 class=\"elementor-heading-title elementor-size-default\">Marriage<\/h1>\t\t\t\t<\/div>\n\t\t\t\t<\/div>\n\t\t\t\t\t<\/div>\n\t\t\t\t<\/div>\n\t\t<div class=\"elementor-element elementor-element-66b69a3 e-flex e-con-boxed e-con e-parent\" data-id=\"66b69a3\" data-element_type=\"container\" data-e-type=\"container\">\n\t\t\t\t\t<div class=\"e-con-inner\">\n\t\t<div class=\"elementor-element elementor-element-3ee892e e-con-full e-flex e-con e-child\" data-id=\"3ee892e\" data-element_type=\"container\" data-e-type=\"container\">\n\t\t<div class=\"elementor-element elementor-element-293f554 e-con-full e-flex e-con e-child\" data-id=\"293f554\" data-element_type=\"container\" data-e-type=\"container\" data-settings=\"{&quot;background_background&quot;:&quot;classic&quot;}\">\n\t\t\t\t<div class=\"elementor-element elementor-element-d69d223 elementor-widget elementor-widget-heading\" data-id=\"d69d223\" data-element_type=\"widget\" data-e-type=\"widget\" data-widget_type=\"heading.default\">\n\t\t\t\t<div class=\"elementor-widget-container\">\n\t\t\t\t\t<p class=\"elementor-heading-title elementor-size-default\">Sacraments<\/p>\t\t\t\t<\/div>\n\t\t\t\t<\/div>\n\t\t\t\t<div class=\"elementor-element elementor-element-ccf39c6 elementor-align-start elementor-icon-list--layout-traditional elementor-list-item-link-full_width elementor-widget elementor-widget-icon-list\" data-id=\"ccf39c6\" data-element_type=\"widget\" data-e-type=\"widget\" data-widget_type=\"icon-list.default\">\n\t\t\t\t<div class=\"elementor-widget-container\">\n\t\t\t\t\t\t\t<ul class=\"elementor-icon-list-items\">\n\t\t\t\t\t\t\t<li class=\"elementor-icon-list-item\">\n\t\t\t\t\t\t\t\t\t\t\t<a href=\"https:\/\/rpmagdalena.org\/en\/vida-parroquial\/sacramentos\/bautismo\/\">\n\n\t\t\t\t\t\t\t\t\t\t\t\t<span class=\"elementor-icon-list-icon\">\n\t\t\t\t\t\t\t<svg aria-hidden=\"true\" class=\"e-font-icon-svg e-fas-circle\" viewbox=\"0 0 512 512\" xmlns=\"http:\/\/www.w3.org\/2000\/svg\"><path d=\"M256 8C119 8 8 119 8 256s111 248 248 248 248-111 248-248S393 8 256 8z\"><\/path><\/svg>\t\t\t\t\t\t<\/span>\n\t\t\t\t\t\t\t\t\t\t<span class=\"elementor-icon-list-text\">Baptism<\/span>\n\t\t\t\t\t\t\t\t\t\t\t<\/a>\n\t\t\t\t\t\t\t\t\t<\/li>\n\t\t\t\t\t\t\t\t<li class=\"elementor-icon-list-item\">\n\t\t\t\t\t\t\t\t\t\t\t<a href=\"https:\/\/rpmagdalena.org\/en\/vida-parroquial\/sacramentos\/penitencia\/\">\n\n\t\t\t\t\t\t\t\t\t\t\t\t<span class=\"elementor-icon-list-icon\">\n\t\t\t\t\t\t\t<svg aria-hidden=\"true\" class=\"e-font-icon-svg e-fas-circle\" viewbox=\"0 0 512 512\" xmlns=\"http:\/\/www.w3.org\/2000\/svg\"><path d=\"M256 8C119 8 8 119 8 256s111 248 248 248 248-111 248-248S393 8 256 8z\"><\/path><\/svg>\t\t\t\t\t\t<\/span>\n\t\t\t\t\t\t\t\t\t\t<span class=\"elementor-icon-list-text\">Penance<\/span>\n\t\t\t\t\t\t\t\t\t\t\t<\/a>\n\t\t\t\t\t\t\t\t\t<\/li>\n\t\t\t\t\t\t\t\t<li class=\"elementor-icon-list-item\">\n\t\t\t\t\t\t\t\t\t\t\t<a href=\"https:\/\/rpmagdalena.org\/en\/vida-parroquial\/sacramentos\/eucaristia\/\">\n\n\t\t\t\t\t\t\t\t\t\t\t\t<span class=\"elementor-icon-list-icon\">\n\t\t\t\t\t\t\t<svg aria-hidden=\"true\" class=\"e-font-icon-svg e-fas-circle\" viewbox=\"0 0 512 512\" xmlns=\"http:\/\/www.w3.org\/2000\/svg\"><path d=\"M256 8C119 8 8 119 8 256s111 248 248 248 248-111 248-248S393 8 256 8z\"><\/path><\/svg>\t\t\t\t\t\t<\/span>\n\t\t\t\t\t\t\t\t\t\t<span class=\"elementor-icon-list-text\">Eucharist<\/span>\n\t\t\t\t\t\t\t\t\t\t\t<\/a>\n\t\t\t\t\t\t\t\t\t<\/li>\n\t\t\t\t\t\t\t\t<li class=\"elementor-icon-list-item\">\n\t\t\t\t\t\t\t\t\t\t\t<a href=\"https:\/\/rpmagdalena.org\/en\/vida-parroquial\/sacramentos\/confirmacion\/\">\n\n\t\t\t\t\t\t\t\t\t\t\t\t<span class=\"elementor-icon-list-icon\">\n\t\t\t\t\t\t\t<svg aria-hidden=\"true\" class=\"e-font-icon-svg e-fas-circle\" viewbox=\"0 0 512 512\" xmlns=\"http:\/\/www.w3.org\/2000\/svg\"><path d=\"M256 8C119 8 8 119 8 256s111 248 248 248 248-111 248-248S393 8 256 8z\"><\/path><\/svg>\t\t\t\t\t\t<\/span>\n\t\t\t\t\t\t\t\t\t\t<span class=\"elementor-icon-list-text\">Confirmation<\/span>\n\t\t\t\t\t\t\t\t\t\t\t<\/a>\n\t\t\t\t\t\t\t\t\t<\/li>\n\t\t\t\t\t\t\t\t<li class=\"elementor-icon-list-item\">\n\t\t\t\t\t\t\t\t\t\t\t<a href=\"https:\/\/rpmagdalena.org\/en\/vida-parroquial\/sacramentos\/matrimonio\/\">\n\n\t\t\t\t\t\t\t\t\t\t\t\t<span class=\"elementor-icon-list-icon\">\n\t\t\t\t\t\t\t<svg aria-hidden=\"true\" class=\"e-font-icon-svg e-fas-circle\" viewbox=\"0 0 512 512\" xmlns=\"http:\/\/www.w3.org\/2000\/svg\"><path d=\"M256 8C119 8 8 119 8 256s111 248 248 248 248-111 248-248S393 8 256 8z\"><\/path><\/svg>\t\t\t\t\t\t<\/span>\n\t\t\t\t\t\t\t\t\t\t<span class=\"elementor-icon-list-text\">Marriage<\/span>\n\t\t\t\t\t\t\t\t\t\t\t<\/a>\n\t\t\t\t\t\t\t\t\t<\/li>\n\t\t\t\t\t\t\t\t<li class=\"elementor-icon-list-item\">\n\t\t\t\t\t\t\t\t\t\t\t<a href=\"https:\/\/rpmagdalena.org\/en\/vida-parroquial\/sacramentos\/vocacion-y-orden-sacerdotal\/\">\n\n\t\t\t\t\t\t\t\t\t\t\t\t<span class=\"elementor-icon-list-icon\">\n\t\t\t\t\t\t\t<svg aria-hidden=\"true\" class=\"e-font-icon-svg e-fas-circle\" viewbox=\"0 0 512 512\" xmlns=\"http:\/\/www.w3.org\/2000\/svg\"><path d=\"M256 8C119 8 8 119 8 256s111 248 248 248 248-111 248-248S393 8 256 8z\"><\/path><\/svg>\t\t\t\t\t\t<\/span>\n\t\t\t\t\t\t\t\t\t\t<span class=\"elementor-icon-list-text\">Vocation and Priestly Order<\/span>\n\t\t\t\t\t\t\t\t\t\t\t<\/a>\n\t\t\t\t\t\t\t\t\t<\/li>\n\t\t\t\t\t\t\t\t<li class=\"elementor-icon-list-item\">\n\t\t\t\t\t\t\t\t\t\t\t<a href=\"https:\/\/rpmagdalena.org\/en\/vida-parroquial\/sacramentos\/uncion-de-los-enfermos\/\">\n\n\t\t\t\t\t\t\t\t\t\t\t\t<span class=\"elementor-icon-list-icon\">\n\t\t\t\t\t\t\t<svg aria-hidden=\"true\" class=\"e-font-icon-svg e-fas-circle\" viewbox=\"0 0 512 512\" xmlns=\"http:\/\/www.w3.org\/2000\/svg\"><path d=\"M256 8C119 8 8 119 8 256s111 248 248 248 248-111 248-248S393 8 256 8z\"><\/path><\/svg>\t\t\t\t\t\t<\/span>\n\t\t\t\t\t\t\t\t\t\t<span class=\"elementor-icon-list-text\">Unci\u00f3n de los Enfermos<\/span>\n\t\t\t\t\t\t\t\t\t\t\t<\/a>\n\t\t\t\t\t\t\t\t\t<\/li>\n\t\t\t\t\t\t<\/ul>\n\t\t\t\t\t\t<\/div>\n\t\t\t\t<\/div>\n\t\t\t\t<\/div>\n\t\t<a class=\"elementor-element elementor-element-6ce4549 e-con-full e-flex e-con e-child\" data-id=\"6ce4549\" data-element_type=\"container\" data-e-type=\"container\" data-settings=\"{&quot;background_background&quot;:&quot;classic&quot;}\" href=\"https:\/\/rpmagdalena.org\/en\/vida-parroquial\/sacramentos\/matrimonio\/informacion-matrimonio\/\">\n\t\t\t\t<div class=\"elementor-element elementor-element-cbd4aaf elementor-widget elementor-widget-heading\" data-id=\"cbd4aaf\" data-element_type=\"widget\" data-e-type=\"widget\" data-widget_type=\"heading.default\">\n\t\t\t\t<div class=\"elementor-widget-container\">\n\t\t\t\t\t<p class=\"elementor-heading-title elementor-size-default\">\u00bfQuieres casarte en \nnuestra parroquia?<\/p>\t\t\t\t<\/div>\n\t\t\t\t<\/div>\n\t\t\t\t<div class=\"elementor-element elementor-element-0d12616 elementor-widget elementor-widget-heading\" data-id=\"0d12616\" data-element_type=\"widget\" data-e-type=\"widget\" data-widget_type=\"heading.default\">\n\t\t\t\t<div class=\"elementor-widget-container\">\n\t\t\t\t\t<p class=\"elementor-heading-title elementor-size-default\">Toda la informaci\u00f3n aqu\u00ed.<\/p>\t\t\t\t<\/div>\n\t\t\t\t<\/div>\n\t\t\t\t<\/a>\n\t\t\t\t<\/div>\n\t\t<div class=\"elementor-element elementor-element-92c488a e-con-full e-flex e-con e-child\" data-id=\"92c488a\" data-element_type=\"container\" data-e-type=\"container\">\n\t\t<div class=\"elementor-element elementor-element-89b2e2c e-con-full e-flex e-con e-child\" data-id=\"89b2e2c\" data-element_type=\"container\" data-e-type=\"container\">\n\t\t\t\t<div class=\"elementor-element elementor-element-dadbff7 elementor-widget__width-initial elementor-widget-tablet__width-inherit elementor-widget elementor-widget-image\" data-id=\"dadbff7\" data-element_type=\"widget\" data-e-type=\"widget\" data-widget_type=\"image.default\">\n\t\t\t\t<div class=\"elementor-widget-container\">\n\t\t\t\t\t\t\t\t\t\t\t\t\t\t\t\t<a href=\"https:\/\/rpmagdalena.org\/wp-content\/uploads\/2023\/08\/Casarse-en-la-Magdalena-1.jpg\" data-elementor-open-lightbox=\"yes\" data-elementor-lightbox-title=\"Casarse en la Magdalena\" data-e-action-hash=\"#elementor-action%3Aaction%3Dlightbox%26settings%3DeyJpZCI6MzI5MiwidXJsIjoiaHR0cHM6XC9cL3JwbWFnZGFsZW5hLm9yZ1wvd3AtY29udGVudFwvdXBsb2Fkc1wvMjAyM1wvMDhcL0Nhc2Fyc2UtZW4tbGEtTWFnZGFsZW5hLTEuanBnIn0%3D\">\n\t\t\t\t\t\t\t<img decoding=\"async\" src=\"https:\/\/rpmagdalena.org\/wp-content\/uploads\/elementor\/thumbs\/Casarse-en-la-Magdalena-1-reg078xjjvbgqjbnna5a4yg0y5mdby1abax63jsdpa.jpg\" title=\"Casarse en la Magdalena\" alt=\"Casarse en la Magdalena\" loading=\"lazy\" \/>\t\t\t\t\t\t\t\t<\/a>\n\t\t\t\t\t\t\t\t\t\t\t\t\t\t\t<\/div>\n\t\t\t\t<\/div>\n\t\t<div class=\"elementor-element elementor-element-8584dda e-con-full e-flex e-con e-child\" data-id=\"8584dda\" data-element_type=\"container\" data-e-type=\"container\">\n\t\t\t\t<div class=\"elementor-element elementor-element-1c8e468 elementor-widget elementor-widget-text-editor\" data-id=\"1c8e468\" data-element_type=\"widget\" data-e-type=\"widget\" data-widget_type=\"text-editor.default\">\n\t\t\t\t<div class=\"elementor-widget-container\">\n\t\t\t\t\t\t\t\t\t<p>\u00ab<span style=\"color: var( --e-global-color-accent );\">Jes\u00fas les respondi\u00f3: \u00bfNo hab\u00e9is le\u00eddo que el creador en el principio los cre\u00f3 hombre y mujer, y dijo: Por eso el hombre abandonar\u00e1 a su padre y a su madre, y se unir\u00e1 a su mujer, y ser\u00e1n los dos una sola carne? De modo que ya no son dos, sino una sola carne. Lo que Dios ha unido que no lo separe el hombre.\u00bb<\/span><\/p>\t\t\t\t\t\t\t\t<\/div>\n\t\t\t\t<\/div>\n\t\t\t\t<div class=\"elementor-element elementor-element-0391173 elementor-widget elementor-widget-text-editor\" data-id=\"0391173\" data-element_type=\"widget\" data-e-type=\"widget\" data-widget_type=\"text-editor.default\">\n\t\t\t\t<div class=\"elementor-widget-container\">\n\t\t\t\t\t\t\t\t\t<p>(Mt 19, 3-6)<\/p>\t\t\t\t\t\t\t\t<\/div>\n\t\t\t\t<\/div>\n\t\t\t\t<\/div>\n\t\t\t\t<\/div>\n\t\t\t\t<div class=\"elementor-element elementor-element-d08cd6e elementor-widget elementor-widget-text-editor\" data-id=\"d08cd6e\" data-element_type=\"widget\" data-e-type=\"widget\" data-widget_type=\"text-editor.default\">\n\t\t\t\t<div class=\"elementor-widget-container\">\n\t\t\t\t\t\t\t\t\t<p>Tal y como nos ense\u00f1a el Catecismo de la Iglesia Cat\u00f3lica (1601)\u00a0<em>\u201cLa alianza matrimonial, por la que el var\u00f3n y la mujer constituyen entre s\u00ed un consorcio de toda la vida, ordenado por su misma \u00edndole natural al bien de los c\u00f3nyuges y a la generaci\u00f3n y educaci\u00f3n de la prole, fue elevada por Cristo Nuestro Se\u00f1or a la dignidad de sacramento entre bautizados\u201d<\/em>.<\/p><p>El matrimonio es una forma de realizar la vocaci\u00f3n cristiana y es, as\u00ed, un carisma, un don del Esp\u00edritu que se manifiesta en la fidelidad mutua que no termina. En el matrimonio cristiano los esposos intentan amarse como Cristo ama a su Iglesia, que se entreg\u00f3 a S\u00ed mismo por ella hasta la muerte.<\/p><p>La realizaci\u00f3n de esta vocaci\u00f3n exige una adecuada preparaci\u00f3n para asumir y vivir en profundidad la vida matrimonial como la realizaci\u00f3n de la llamada del Se\u00f1or a este forma de vida elegida.<\/p><p>Si deseas <b>celebrar tu matrimonio en nuestra parroquia<\/b>, es importante que leas detenidamente toda la <b>informaci\u00f3n <span style=\"text-decoration: underline; color: #993300;\"><a style=\"color: #993300; text-decoration: underline;\" href=\"https:\/\/rpmagdalena.org\/en\/vida-parroquial\/sacramentos\/matrimonio\/informacion-matrimonio\/\" target=\"_blank\" rel=\"noopener\">AQU\u00cd<\/a><\/span>.<\/b>\u00a0<\/p><p>En cualquier caso, pueden serte de ayuda los siguientes documentos:<\/p><ul><li><a href=\"https:\/\/drive.google.com\/file\/d\/1cCsor__Mgc4dylVLei96kxdnzSvRoQKE\/view?usp=drive_link\" target=\"_blank\" rel=\"noopener\">1.- <span style=\"text-decoration: underline;\">Informaci\u00f3n general bodas<\/span><\/a><\/li><li><a href=\"https:\/\/drive.google.com\/file\/d\/1A0Oz__t305rjXBtfy8W314Rs6qiiUkow\/view?usp=sharing\" target=\"_blank\" rel=\"noopener\">2.- <span style=\"text-decoration: underline;\">Hoja de datos<\/span> (a entregar en el momento de concertar la fecha)<\/a><\/li><li><a title=\"\" href=\"https:\/\/drive.google.com\/file\/d\/0B72NsUeQOLlkZlk0VmpfaWI5LTg\/view?usp=sharing\" target=\"frame\" rel=\"{handler: &#039;iframe&#039; , size: {x:450, y:550}} noopener\">3.- <span style=\"text-decoration: underline;\">Gu\u00eda para la tramitaci\u00f3n de los expedientes matrimoniales<\/span><\/a><\/li><li><a title=\"Calendario de Cursillos Prematrimoniales\" href=\"https:\/\/www.archisevilla.org\/calendario-de-cursillos-prematrimoniales-para-este-curso\/\" target=\"_blank\" rel=\"&#039;iframe&#039; , noopener size: y:550}} {handler: {x:450,\">4.- <span style=\"text-decoration: underline;\">Calendario de Cursillos prematrimoniales<\/span><\/a><\/li><li><a href=\"https:\/\/drive.google.com\/file\/d\/0B72NsUeQOLlkUmsyM3BnTTFqWlU\/view?usp=sharing\" target=\"_blank\" rel=\"&#039;iframe&#039; , noopener size: y:550}} {handler: {x:450,\">5.- <span style=\"text-decoration: underline;\">Ritual de Matrimonio<\/span><\/a><\/li><li><a href=\"https:\/\/drive.google.com\/file\/d\/1-QGPodUDfwAhe_eLhRu820911U-3eKeF\/view?usp=sharing\" target=\"_blank\" rel=\"noopener\">6.- <span style=\"text-decoration: underline;\">Leccionario Matrimonial<\/span><\/a><\/li><li><a href=\"https:\/\/drive.google.com\/file\/d\/0B72NsUeQOLlkM0hrdGJFNVVYREE\/view?usp=sharing\" target=\"_blank\" rel=\"noopener\">7.- <span style=\"text-decoration: underline;\">Modelo de Preces<\/span><\/a><\/li><li><a href=\"https:\/\/drive.google.com\/file\/d\/1GjwgcLPu0RnxdmBREHljexjnX93Jz6XG\/view?usp=sharing\" target=\"_blank\" rel=\"noopener\">8.- <span style=\"text-decoration: underline;\">Ritual Aniversario Matrimonial<\/span> (bodas de plata y oro)<\/a><\/li><li><a href=\"https:\/\/drive.google.com\/file\/d\/1tG88T-fN4Ku6z-hlQYKloOAbVuwM_pNp\/view?usp=sharing\" target=\"_blank\" rel=\"noopener\">9.- <span style=\"text-decoration: underline;\">Ex. Apost. <em>Amoris Laetitia<\/em><\/span> (Papa Francisco)<\/a><\/li><\/ul>\t\t\t\t\t\t\t\t<\/div>\n\t\t\t\t<\/div>\n\t\t\t\t<\/div>\n\t\t\t\t\t<\/div>\n\t\t\t\t<\/div>\n\t\t\t\t<\/div>","protected":false},"excerpt":{"rendered":"<p>Sacramentos Bautismo Penitencia Eucarist\u00eda Confirmaci\u00f3n Matrimonio Vocaci\u00f3n y Orden Sacerdotal Unci\u00f3n de los Enfermos \u00bfQuieres casarte en nuestra parroquia? Toda la informaci\u00f3n aqu\u00ed. \u00abJes\u00fas les respondi\u00f3: \u00bfNo hab\u00e9is le\u00eddo que el creador en el principio los cre\u00f3 hombre y mujer, y dijo: Por eso el hombre abandonar\u00e1 a su padre y a su madre, y [&hellip;]<\/p>\n","protected":false},"author":1,"featured_media":0,"parent":2606,"menu_order":0,"comment_status":"closed","ping_status":"closed","template":"","meta":{"footnotes":""},"class_list":["post-2009","page","type-page","status-publish","hentry"],"_links":{"self":[{"href":"https:\/\/rpmagdalena.org\/en\/wp-json\/wp\/v2\/pages\/2009","targetHints":{"allow":["GET"]}}],"collection":[{"href":"https:\/\/rpmagdalena.org\/en\/wp-json\/wp\/v2\/pages"}],"about":[{"href":"https:\/\/rpmagdalena.org\/en\/wp-json\/wp\/v2\/types\/page"}],"author":[{"embeddable":true,"href":"https:\/\/rpmagdalena.org\/en\/wp-json\/wp\/v2\/users\/1"}],"replies":[{"embeddable":true,"href":"https:\/\/rpmagdalena.org\/en\/wp-json\/wp\/v2\/comments?post=2009"}],"version-history":[{"count":0,"href":"https:\/\/rpmagdalena.org\/en\/wp-json\/wp\/v2\/pages\/2009\/revisions"}],"up":[{"embeddable":true,"href":"https:\/\/rpmagdalena.org\/en\/wp-json\/wp\/v2\/pages\/2606"}],"wp:attachment":[{"href":"https:\/\/rpmagdalena.org\/en\/wp-json\/wp\/v2\/media?parent=2009"}],"curies":[{"name":"wp","href":"https:\/\/api.w.org\/{rel}","templated":true}]}}