{"id":143,"date":"2023-05-20T10:08:41","date_gmt":"2023-05-20T08:08:41","guid":{"rendered":"https:\/\/adoring-golick.212-227-153-101.plesk.page\/?page_id=143"},"modified":"2023-06-30T17:02:14","modified_gmt":"2023-06-30T15:02:14","slug":"hdad-de-montserrat","status":"publish","type":"page","link":"https:\/\/rpmagdalena.org\/en\/hermandades\/hdad-de-montserrat\/","title":{"rendered":"Hdad. de Montserrat"},"content":{"rendered":"\t\t<div data-elementor-type=\"wp-page\" data-elementor-id=\"143\" class=\"elementor elementor-143\" data-elementor-post-type=\"page\">\n\t\t\t\t<div data-dce-background-image-url=\"https:\/\/rpmagdalena.org\/wp-content\/uploads\/2023\/06\/8.jpg\" class=\"elementor-element elementor-element-c34de6f e-flex e-con-boxed e-con e-parent\" data-id=\"c34de6f\" data-element_type=\"container\" data-e-type=\"container\" data-settings=\"{&quot;background_background&quot;:&quot;classic&quot;}\">\n\t\t\t\t\t<div class=\"e-con-inner\">\n\t\t\t\t<div class=\"elementor-element elementor-element-ef1ae6e elementor-widget elementor-widget-heading\" data-id=\"ef1ae6e\" data-element_type=\"widget\" data-e-type=\"widget\" data-widget_type=\"heading.default\">\n\t\t\t\t<div class=\"elementor-widget-container\">\n\t\t\t\t\t<h1 class=\"elementor-heading-title elementor-size-default\">Hdad. de Montserrat<\/h1>\t\t\t\t<\/div>\n\t\t\t\t<\/div>\n\t\t\t\t\t<\/div>\n\t\t\t\t<\/div>\n\t\t<div class=\"elementor-element elementor-element-038ca98 e-flex e-con-boxed e-con e-parent\" data-id=\"038ca98\" data-element_type=\"container\" data-e-type=\"container\">\n\t\t\t\t\t<div class=\"e-con-inner\">\n\t\t<div class=\"elementor-element elementor-element-4fe234b e-con-full e-flex e-con e-parent\" data-id=\"4fe234b\" data-element_type=\"container\" data-e-type=\"container\" data-settings=\"{&quot;background_background&quot;:&quot;classic&quot;}\">\n\t\t\t\t<div class=\"elementor-element elementor-element-107e488 elementor-widget elementor-widget-heading\" data-id=\"107e488\" data-element_type=\"widget\" data-e-type=\"widget\" data-widget_type=\"heading.default\">\n\t\t\t\t<div class=\"elementor-widget-container\">\n\t\t\t\t\t<p class=\"elementor-heading-title elementor-size-default\">Hermandades<\/p>\t\t\t\t<\/div>\n\t\t\t\t<\/div>\n\t\t\t\t<div class=\"elementor-element elementor-element-a6e1b3f elementor-align-start elementor-icon-list--layout-traditional elementor-list-item-link-full_width elementor-widget elementor-widget-icon-list\" data-id=\"a6e1b3f\" data-element_type=\"widget\" data-e-type=\"widget\" data-widget_type=\"icon-list.default\">\n\t\t\t\t<div class=\"elementor-widget-container\">\n\t\t\t\t\t\t\t<ul class=\"elementor-icon-list-items\">\n\t\t\t\t\t\t\t<li class=\"elementor-icon-list-item\">\n\t\t\t\t\t\t\t\t\t\t\t<a href=\"https:\/\/rpmagdalena.org\/en\/hermandades\/hdad-sacramental\/\">\n\n\t\t\t\t\t\t\t\t\t\t\t\t<span class=\"elementor-icon-list-icon\">\n\t\t\t\t\t\t\t<svg aria-hidden=\"true\" class=\"e-font-icon-svg e-fas-circle\" viewBox=\"0 0 512 512\" xmlns=\"http:\/\/www.w3.org\/2000\/svg\"><path d=\"M256 8C119 8 8 119 8 256s111 248 248 248 248-111 248-248S393 8 256 8z\"><\/path><\/svg>\t\t\t\t\t\t<\/span>\n\t\t\t\t\t\t\t\t\t\t<span class=\"elementor-icon-list-text\">Hdad. Sacramental<\/span>\n\t\t\t\t\t\t\t\t\t\t\t<\/a>\n\t\t\t\t\t\t\t\t\t<\/li>\n\t\t\t\t\t\t\t\t<li class=\"elementor-icon-list-item\">\n\t\t\t\t\t\t\t\t\t\t\t<a href=\"https:\/\/rpmagdalena.org\/en\/hermandades\/hdad-de-la-quinta-angustia\/\">\n\n\t\t\t\t\t\t\t\t\t\t\t\t<span class=\"elementor-icon-list-icon\">\n\t\t\t\t\t\t\t<svg aria-hidden=\"true\" class=\"e-font-icon-svg e-fas-circle\" viewBox=\"0 0 512 512\" xmlns=\"http:\/\/www.w3.org\/2000\/svg\"><path d=\"M256 8C119 8 8 119 8 256s111 248 248 248 248-111 248-248S393 8 256 8z\"><\/path><\/svg>\t\t\t\t\t\t<\/span>\n\t\t\t\t\t\t\t\t\t\t<span class=\"elementor-icon-list-text\">Hdad. de La Quinta Angustia<\/span>\n\t\t\t\t\t\t\t\t\t\t\t<\/a>\n\t\t\t\t\t\t\t\t\t<\/li>\n\t\t\t\t\t\t\t\t<li class=\"elementor-icon-list-item\">\n\t\t\t\t\t\t\t\t\t\t\t<a href=\"https:\/\/rpmagdalena.org\/en\/hermandades\/hdad-de-montserrat\/\">\n\n\t\t\t\t\t\t\t\t\t\t\t\t<span class=\"elementor-icon-list-icon\">\n\t\t\t\t\t\t\t<svg aria-hidden=\"true\" class=\"e-font-icon-svg e-fas-circle\" viewBox=\"0 0 512 512\" xmlns=\"http:\/\/www.w3.org\/2000\/svg\"><path d=\"M256 8C119 8 8 119 8 256s111 248 248 248 248-111 248-248S393 8 256 8z\"><\/path><\/svg>\t\t\t\t\t\t<\/span>\n\t\t\t\t\t\t\t\t\t\t<span class=\"elementor-icon-list-text\">Hdad. de Montserrat<\/span>\n\t\t\t\t\t\t\t\t\t\t\t<\/a>\n\t\t\t\t\t\t\t\t\t<\/li>\n\t\t\t\t\t\t\t\t<li class=\"elementor-icon-list-item\">\n\t\t\t\t\t\t\t\t\t\t\t<a href=\"https:\/\/rpmagdalena.org\/en\/hermandades\/hdad-del-amparo\/\">\n\n\t\t\t\t\t\t\t\t\t\t\t\t<span class=\"elementor-icon-list-icon\">\n\t\t\t\t\t\t\t<svg aria-hidden=\"true\" class=\"e-font-icon-svg e-fas-circle\" viewBox=\"0 0 512 512\" xmlns=\"http:\/\/www.w3.org\/2000\/svg\"><path d=\"M256 8C119 8 8 119 8 256s111 248 248 248 248-111 248-248S393 8 256 8z\"><\/path><\/svg>\t\t\t\t\t\t<\/span>\n\t\t\t\t\t\t\t\t\t\t<span class=\"elementor-icon-list-text\">Hdad. del Amparo<\/span>\n\t\t\t\t\t\t\t\t\t\t\t<\/a>\n\t\t\t\t\t\t\t\t\t<\/li>\n\t\t\t\t\t\t\t\t<li class=\"elementor-icon-list-item\">\n\t\t\t\t\t\t\t\t\t\t\t<a href=\"https:\/\/rpmagdalena.org\/en\/hermandades\/hdad-del-calvario\/\">\n\n\t\t\t\t\t\t\t\t\t\t\t\t<span class=\"elementor-icon-list-icon\">\n\t\t\t\t\t\t\t<svg aria-hidden=\"true\" class=\"e-font-icon-svg e-fas-circle\" viewBox=\"0 0 512 512\" xmlns=\"http:\/\/www.w3.org\/2000\/svg\"><path d=\"M256 8C119 8 8 119 8 256s111 248 248 248 248-111 248-248S393 8 256 8z\"><\/path><\/svg>\t\t\t\t\t\t<\/span>\n\t\t\t\t\t\t\t\t\t\t<span class=\"elementor-icon-list-text\">Hdad. del Calvario<\/span>\n\t\t\t\t\t\t\t\t\t\t\t<\/a>\n\t\t\t\t\t\t\t\t\t<\/li>\n\t\t\t\t\t\t<\/ul>\n\t\t\t\t\t\t<\/div>\n\t\t\t\t<\/div>\n\t\t\t\t<\/div>\n\t\t<div class=\"elementor-element elementor-element-17c029c e-con-full e-flex e-con e-parent\" data-id=\"17c029c\" data-element_type=\"container\" data-e-type=\"container\">\n\t\t\t\t<div class=\"elementor-element elementor-element-13b1652 elementor-widget__width-initial elementor-widget-mobile__width-inherit elementor-widget elementor-widget-text-editor\" data-id=\"13b1652\" data-element_type=\"widget\" data-e-type=\"widget\" data-widget_type=\"text-editor.default\">\n\t\t\t\t<div class=\"elementor-widget-container\">\n\t\t\t\t\t\t\t\t\t<p>Se funda a principios del siglo XVII en la Iglesia Parroquial de San Ildefonso, traslad\u00e1ndose en 1650 a una Capilla en el Comp\u00e1s del Convento de San Pablo, actual Parroquia de Santa Mar\u00eda Magdalena. Con motivo de este traslado la Hermandad comenz\u00f3 a tomar auge, ingresando en ella los mercaderes de lienzos, que m\u00e1s tarde propiciar\u00edan su propia decadencia.<\/p><p>En el siglo XIX, merced a la protecci\u00f3n y el impulso de los Duques de Montpensier (que son nombrados Hermanos Mayores perpetuos), comienza un nuevo periodo de esplendor, que configura la est\u00e9tica de la Cofrad\u00eda hasta nuestros d\u00edas.<\/p>\t\t\t\t\t\t\t\t<\/div>\n\t\t\t\t<\/div>\n\t\t\t\t<div class=\"elementor-element elementor-element-e1a21dc elementor-widget__width-initial elementor-widget-mobile__width-inherit elementor-widget elementor-widget-image\" data-id=\"e1a21dc\" data-element_type=\"widget\" data-e-type=\"widget\" data-widget_type=\"image.default\">\n\t\t\t\t<div class=\"elementor-widget-container\">\n\t\t\t\t\t\t\t\t\t\t\t\t\t\t\t<img fetchpriority=\"high\" decoding=\"async\" width=\"278\" height=\"343\" src=\"https:\/\/rpmagdalena.org\/wp-content\/uploads\/2023\/06\/artMontserrat.png\" class=\"attachment-full size-full wp-image-2229\" alt=\"\" srcset=\"https:\/\/rpmagdalena.org\/wp-content\/uploads\/2023\/06\/artMontserrat.png 278w, https:\/\/rpmagdalena.org\/wp-content\/uploads\/2023\/06\/artMontserrat-243x300.png 243w, https:\/\/rpmagdalena.org\/wp-content\/uploads\/2023\/06\/artMontserrat-10x12.png 10w\" sizes=\"(max-width: 278px) 100vw, 278px\" \/>\t\t\t\t\t\t\t\t\t\t\t\t\t\t\t<\/div>\n\t\t\t\t<\/div>\n\t\t\t\t<div class=\"elementor-element elementor-element-c64b9c6 elementor-widget__width-inherit elementor-widget elementor-widget-text-editor\" data-id=\"c64b9c6\" data-element_type=\"widget\" data-e-type=\"widget\" data-widget_type=\"text-editor.default\">\n\t\t\t\t<div class=\"elementor-widget-container\">\n\t\t\t\t\t\t\t\t\t<p>En el a\u00f1o 1939, debido a la ampliaci\u00f3n de lo que fuera el antiguo comp\u00e1s de San Pablo, la Hermandad de traslada a su actual Capilla, que otrora fuera de la extinguida Hermandad\u00a0 de Ntra. Sra. de la Antigua y Siete Dolores, tambi\u00e9n dentro de los l\u00edmites del antiguo Comp\u00e1s.<\/p><p>De los or\u00edgenes catalanes de la Corporaci\u00f3n, da fe el dato de que el 5 de febrero de 1611, se produce la agregaci\u00f3n de la Cofrad\u00eda al Monasterio de Ntra. Se\u00f1ora de Montserrat de Catalu\u00f1a.<\/p><p>En el a\u00f1o de 2006, despu\u00e9s de una fusi\u00f3n anterior, se fusiona con la Primitiva Hermandad del Rosario de San Pablo, cuya Titular (obra del escultor Crist\u00f3bal Ramos en el siglo XVIII), recibe culto en el Templo Parroquial en una Capilla a los pies de la nave del Evangelio.<\/p><p>Procesiona en la tarde del Viernes Santo con dos pasos. El primero, estrenado en 1944 obra de Rafael Lafarque, representa la escena de la Conversi\u00f3n de Dimas, presenciada por Sta. Mar\u00eda Magdalena; la Imagen del Stmo. Cristo es atribuida a Juan de Mesa y Velasco (1619). En el segundo la dolorosa de Montserrat (obra no documentada del siglo XVII) bajo palio decimon\u00f3nico con crester\u00eda de Isaura en 1855. Un manto singular\u00edsimo, realizado en 1865 por Patrocinio L\u00f3pez, cubre a la venerada Imagen: tachonado de castillos y leones, cuenta en la cenefa perimetral con las reproducciones bordadas del tois\u00f3n de oro y del gran collar de la orden de Carlos III.<\/p><p>[M\u00e1s informaci\u00f3n:\u00a0<a title=\"Web Hdad. de Montserrat\" href=\"http:\/\/www.hermandaddemontserrat.org\/\" target=\"_blank\" rel=\"noopener\">www.hermandaddemontserrat.org<\/a>]<\/p>\t\t\t\t\t\t\t\t<\/div>\n\t\t\t\t<\/div>\n\t\t\t\t<\/div>\n\t\t\t\t\t<\/div>\n\t\t\t\t<\/div>\n\t\t\t\t<\/div>\n\t\t","protected":false},"excerpt":{"rendered":"<p>Hermandades Hdad. Sacramental Hdad. de La Quinta Angustia Hdad. de Montserrat Hdad. del Amparo Hdad. del Calvario Se funda a principios del siglo XVII en la Iglesia Parroquial de San Ildefonso, traslad\u00e1ndose en 1650 a una Capilla en el Comp\u00e1s del Convento de San Pablo, actual Parroquia de Santa Mar\u00eda Magdalena. Con motivo de este [&hellip;]<\/p>\n","protected":false},"author":1,"featured_media":0,"parent":137,"menu_order":0,"comment_status":"closed","ping_status":"closed","template":"","meta":{"footnotes":""},"class_list":["post-143","page","type-page","status-publish","hentry"],"_links":{"self":[{"href":"https:\/\/rpmagdalena.org\/en\/wp-json\/wp\/v2\/pages\/143","targetHints":{"allow":["GET"]}}],"collection":[{"href":"https:\/\/rpmagdalena.org\/en\/wp-json\/wp\/v2\/pages"}],"about":[{"href":"https:\/\/rpmagdalena.org\/en\/wp-json\/wp\/v2\/types\/page"}],"author":[{"embeddable":true,"href":"https:\/\/rpmagdalena.org\/en\/wp-json\/wp\/v2\/users\/1"}],"replies":[{"embeddable":true,"href":"https:\/\/rpmagdalena.org\/en\/wp-json\/wp\/v2\/comments?post=143"}],"version-history":[{"count":0,"href":"https:\/\/rpmagdalena.org\/en\/wp-json\/wp\/v2\/pages\/143\/revisions"}],"up":[{"embeddable":true,"href":"https:\/\/rpmagdalena.org\/en\/wp-json\/wp\/v2\/pages\/137"}],"wp:attachment":[{"href":"https:\/\/rpmagdalena.org\/en\/wp-json\/wp\/v2\/media?parent=143"}],"curies":[{"name":"wp","href":"https:\/\/api.w.org\/{rel}","templated":true}]}}