{"id":141,"date":"2023-05-20T10:08:24","date_gmt":"2023-05-20T08:08:24","guid":{"rendered":"https:\/\/adoring-golick.212-227-153-101.plesk.page\/?page_id=141"},"modified":"2023-06-30T17:01:25","modified_gmt":"2023-06-30T15:01:25","slug":"hdad-de-la-quinta-angustia","status":"publish","type":"page","link":"https:\/\/rpmagdalena.org\/en\/hermandades\/hdad-de-la-quinta-angustia\/","title":{"rendered":"Hdad. de La Quinta Angustia"},"content":{"rendered":"\t\t<div data-elementor-type=\"wp-page\" data-elementor-id=\"141\" class=\"elementor elementor-141\" data-elementor-post-type=\"page\">\n\t\t\t\t<div data-dce-background-image-url=\"https:\/\/rpmagdalena.org\/wp-content\/uploads\/2023\/06\/8.jpg\" class=\"elementor-element elementor-element-c7d2690 e-flex e-con-boxed e-con e-parent\" data-id=\"c7d2690\" data-element_type=\"container\" data-e-type=\"container\" data-settings=\"{&quot;background_background&quot;:&quot;classic&quot;}\">\n\t\t\t\t\t<div class=\"e-con-inner\">\n\t\t\t\t<div class=\"elementor-element elementor-element-0af5347 elementor-widget elementor-widget-heading\" data-id=\"0af5347\" data-element_type=\"widget\" data-e-type=\"widget\" data-widget_type=\"heading.default\">\n\t\t\t\t<div class=\"elementor-widget-container\">\n\t\t\t\t\t<h1 class=\"elementor-heading-title elementor-size-default\">Hdad. de La Quinta Angustia<\/h1>\t\t\t\t<\/div>\n\t\t\t\t<\/div>\n\t\t\t\t\t<\/div>\n\t\t\t\t<\/div>\n\t\t<div class=\"elementor-element elementor-element-cc2b85e e-flex e-con-boxed e-con e-parent\" data-id=\"cc2b85e\" data-element_type=\"container\" data-e-type=\"container\">\n\t\t\t\t\t<div class=\"e-con-inner\">\n\t\t<div class=\"elementor-element elementor-element-6d20877 e-con-full e-flex e-con e-parent\" data-id=\"6d20877\" data-element_type=\"container\" data-e-type=\"container\" data-settings=\"{&quot;background_background&quot;:&quot;classic&quot;}\">\n\t\t\t\t<div class=\"elementor-element elementor-element-4945ca3 elementor-widget elementor-widget-heading\" data-id=\"4945ca3\" data-element_type=\"widget\" data-e-type=\"widget\" data-widget_type=\"heading.default\">\n\t\t\t\t<div class=\"elementor-widget-container\">\n\t\t\t\t\t<p class=\"elementor-heading-title elementor-size-default\">Hermandades<\/p>\t\t\t\t<\/div>\n\t\t\t\t<\/div>\n\t\t\t\t<div class=\"elementor-element elementor-element-62e3908 elementor-align-start elementor-icon-list--layout-traditional elementor-list-item-link-full_width elementor-widget elementor-widget-icon-list\" data-id=\"62e3908\" data-element_type=\"widget\" data-e-type=\"widget\" data-widget_type=\"icon-list.default\">\n\t\t\t\t<div class=\"elementor-widget-container\">\n\t\t\t\t\t\t\t<ul class=\"elementor-icon-list-items\">\n\t\t\t\t\t\t\t<li class=\"elementor-icon-list-item\">\n\t\t\t\t\t\t\t\t\t\t\t<a href=\"https:\/\/rpmagdalena.org\/en\/hermandades\/hdad-sacramental\/\">\n\n\t\t\t\t\t\t\t\t\t\t\t\t<span class=\"elementor-icon-list-icon\">\n\t\t\t\t\t\t\t<svg aria-hidden=\"true\" class=\"e-font-icon-svg e-fas-circle\" viewBox=\"0 0 512 512\" xmlns=\"http:\/\/www.w3.org\/2000\/svg\"><path d=\"M256 8C119 8 8 119 8 256s111 248 248 248 248-111 248-248S393 8 256 8z\"><\/path><\/svg>\t\t\t\t\t\t<\/span>\n\t\t\t\t\t\t\t\t\t\t<span class=\"elementor-icon-list-text\">Hdad. Sacramental<\/span>\n\t\t\t\t\t\t\t\t\t\t\t<\/a>\n\t\t\t\t\t\t\t\t\t<\/li>\n\t\t\t\t\t\t\t\t<li class=\"elementor-icon-list-item\">\n\t\t\t\t\t\t\t\t\t\t\t<a href=\"https:\/\/rpmagdalena.org\/en\/hermandades\/hdad-de-la-quinta-angustia\/\">\n\n\t\t\t\t\t\t\t\t\t\t\t\t<span class=\"elementor-icon-list-icon\">\n\t\t\t\t\t\t\t<svg aria-hidden=\"true\" class=\"e-font-icon-svg e-fas-circle\" viewBox=\"0 0 512 512\" xmlns=\"http:\/\/www.w3.org\/2000\/svg\"><path d=\"M256 8C119 8 8 119 8 256s111 248 248 248 248-111 248-248S393 8 256 8z\"><\/path><\/svg>\t\t\t\t\t\t<\/span>\n\t\t\t\t\t\t\t\t\t\t<span class=\"elementor-icon-list-text\">Hdad. de La Quinta Angustia<\/span>\n\t\t\t\t\t\t\t\t\t\t\t<\/a>\n\t\t\t\t\t\t\t\t\t<\/li>\n\t\t\t\t\t\t\t\t<li class=\"elementor-icon-list-item\">\n\t\t\t\t\t\t\t\t\t\t\t<a href=\"https:\/\/rpmagdalena.org\/en\/hermandades\/hdad-de-montserrat\/\">\n\n\t\t\t\t\t\t\t\t\t\t\t\t<span class=\"elementor-icon-list-icon\">\n\t\t\t\t\t\t\t<svg aria-hidden=\"true\" class=\"e-font-icon-svg e-fas-circle\" viewBox=\"0 0 512 512\" xmlns=\"http:\/\/www.w3.org\/2000\/svg\"><path d=\"M256 8C119 8 8 119 8 256s111 248 248 248 248-111 248-248S393 8 256 8z\"><\/path><\/svg>\t\t\t\t\t\t<\/span>\n\t\t\t\t\t\t\t\t\t\t<span class=\"elementor-icon-list-text\">Hdad. de Montserrat<\/span>\n\t\t\t\t\t\t\t\t\t\t\t<\/a>\n\t\t\t\t\t\t\t\t\t<\/li>\n\t\t\t\t\t\t\t\t<li class=\"elementor-icon-list-item\">\n\t\t\t\t\t\t\t\t\t\t\t<a href=\"https:\/\/rpmagdalena.org\/en\/hermandades\/hdad-del-amparo\/\">\n\n\t\t\t\t\t\t\t\t\t\t\t\t<span class=\"elementor-icon-list-icon\">\n\t\t\t\t\t\t\t<svg aria-hidden=\"true\" class=\"e-font-icon-svg e-fas-circle\" viewBox=\"0 0 512 512\" xmlns=\"http:\/\/www.w3.org\/2000\/svg\"><path d=\"M256 8C119 8 8 119 8 256s111 248 248 248 248-111 248-248S393 8 256 8z\"><\/path><\/svg>\t\t\t\t\t\t<\/span>\n\t\t\t\t\t\t\t\t\t\t<span class=\"elementor-icon-list-text\">Hdad. del Amparo<\/span>\n\t\t\t\t\t\t\t\t\t\t\t<\/a>\n\t\t\t\t\t\t\t\t\t<\/li>\n\t\t\t\t\t\t\t\t<li class=\"elementor-icon-list-item\">\n\t\t\t\t\t\t\t\t\t\t\t<a href=\"https:\/\/rpmagdalena.org\/en\/hermandades\/hdad-del-calvario\/\">\n\n\t\t\t\t\t\t\t\t\t\t\t\t<span class=\"elementor-icon-list-icon\">\n\t\t\t\t\t\t\t<svg aria-hidden=\"true\" class=\"e-font-icon-svg e-fas-circle\" viewBox=\"0 0 512 512\" xmlns=\"http:\/\/www.w3.org\/2000\/svg\"><path d=\"M256 8C119 8 8 119 8 256s111 248 248 248 248-111 248-248S393 8 256 8z\"><\/path><\/svg>\t\t\t\t\t\t<\/span>\n\t\t\t\t\t\t\t\t\t\t<span class=\"elementor-icon-list-text\">Hdad. del Calvario<\/span>\n\t\t\t\t\t\t\t\t\t\t\t<\/a>\n\t\t\t\t\t\t\t\t\t<\/li>\n\t\t\t\t\t\t<\/ul>\n\t\t\t\t\t\t<\/div>\n\t\t\t\t<\/div>\n\t\t\t\t<\/div>\n\t\t<div class=\"elementor-element elementor-element-f12e0a2 e-con-full e-flex e-con e-parent\" data-id=\"f12e0a2\" data-element_type=\"container\" data-e-type=\"container\">\n\t\t\t\t<div class=\"elementor-element elementor-element-42554b7 elementor-widget__width-initial elementor-widget-mobile__width-inherit elementor-widget elementor-widget-text-editor\" data-id=\"42554b7\" data-element_type=\"widget\" data-e-type=\"widget\" data-widget_type=\"text-editor.default\">\n\t\t\t\t<div class=\"elementor-widget-container\">\n\t\t\t\t\t\t\t\t\t<p>En los albores del siglo XVI se funda en el Convento Casa Grande del Carmen en la actual calle Ba\u00f1os, la Hermandad del Sagrado Descendimiento. En 1572 en la Parroquia de San Vicente M\u00e1rtir y por el Arzobispo D. Cristobal de Rojas y Sandoval, se erige la Hermandad del Dulce Nombre de Jes\u00fas, que, en 1587, tras un pleito con la Orden de Predicadores, se instala en su Capilla propia del entonces convento de San Pablo el Real, hoy nuestra Parroquia de Santa Mar\u00eda Magdalena.<\/p><p>En 1810, a causa de la invasi\u00f3n francesa, se cierra el convento del Carmen y la Hermandad\u00a0 del Sagrado Descendimiento se traslada a una Capilla, llamada \u201cdel Pante\u00f3n\u201d, en el antiguo templo Parroquial. Tras pasar por varias sedes, en el a\u00f1o 1851, se une a la Hermandad del Dulce Nombre, form\u00e1ndose as\u00ed la actual Hermandad que hoy conocemos como la Quinta Angustia.<\/p>\t\t\t\t\t\t\t\t<\/div>\n\t\t\t\t<\/div>\n\t\t\t\t<div class=\"elementor-element elementor-element-91110a4 elementor-widget__width-initial elementor-widget-mobile__width-inherit elementor-widget elementor-widget-image\" data-id=\"91110a4\" data-element_type=\"widget\" data-e-type=\"widget\" data-widget_type=\"image.default\">\n\t\t\t\t<div class=\"elementor-widget-container\">\n\t\t\t\t\t\t\t\t\t\t\t\t\t\t\t<img fetchpriority=\"high\" decoding=\"async\" width=\"248\" height=\"358\" src=\"https:\/\/rpmagdalena.org\/wp-content\/uploads\/2023\/06\/artquinta.png\" class=\"attachment-full size-full wp-image-2225\" alt=\"\" srcset=\"https:\/\/rpmagdalena.org\/wp-content\/uploads\/2023\/06\/artquinta.png 248w, https:\/\/rpmagdalena.org\/wp-content\/uploads\/2023\/06\/artquinta-208x300.png 208w, https:\/\/rpmagdalena.org\/wp-content\/uploads\/2023\/06\/artquinta-8x12.png 8w\" sizes=\"(max-width: 248px) 100vw, 248px\" \/>\t\t\t\t\t\t\t\t\t\t\t\t\t\t\t<\/div>\n\t\t\t\t<\/div>\n\t\t\t\t<div class=\"elementor-element elementor-element-f4ffa64 elementor-widget__width-inherit elementor-widget elementor-widget-text-editor\" data-id=\"f4ffa64\" data-element_type=\"widget\" data-e-type=\"widget\" data-widget_type=\"text-editor.default\">\n\t\t\t\t<div class=\"elementor-widget-container\">\n\t\t\t\t\t\t\t\t\t<p>Ilustres personajes han formado parte de su n\u00f3mina, artistas de la talla de Mart\u00ednez Monta\u00f1\u00e9s y Joaqu\u00edn Bilbao, reyes y nobles, arzobispos, maestros de Capilla, etc., jalonan la historia m\u00e1s que centenaria de la Corporaci\u00f3n.<\/p><p>Ocupan Capilla Propia en el lado de la ep\u00edstola del templo, siendo sus tres b\u00f3vedas el elemento m\u00e1s antiguo de toda la Iglesia parroquial y albergando en su interior una excelente colecci\u00f3n pict\u00f3rica de Juan de Vald\u00e9s Leal (s. XVII). Realizan su Estaci\u00f3n de Penitencia en la tarde del Jueves Santo, con sus Im\u00e1genes Titulares sobre un singular paso de maderas nobles y bronce, realizado en los talleres de la Fundici\u00f3n Masrriera y Campins y estrenado en 1904.<\/p><p>La Imagen del Dulce Nombre de Jes\u00fas es obra del escultor Jer\u00f3nimo Hern\u00e1ndez en el siglo XVI, la del Cristo del Descendimiento de Pedro Rold\u00e1n (s. XVII) y la Imagen de Ntra. Se\u00f1ora de la Quinta Angustia de Vicente Rodr\u00edguez-Caso en 1934.<\/p><p>[M\u00e1s informaci\u00f3n:\u00a0<a title=\"Web Hdad. de la Quinta Angustia\" href=\"http:\/\/www.laquintaangustia.org\/\" target=\"_blank\" rel=\"noopener\">www.laquintaangustia.org<\/a>]<\/p>\t\t\t\t\t\t\t\t<\/div>\n\t\t\t\t<\/div>\n\t\t\t\t<\/div>\n\t\t\t\t\t<\/div>\n\t\t\t\t<\/div>\n\t\t\t\t<\/div>\n\t\t","protected":false},"excerpt":{"rendered":"<p>Hermandades Hdad. Sacramental Hdad. de La Quinta Angustia Hdad. de Montserrat Hdad. del Amparo Hdad. del Calvario En los albores del siglo XVI se funda en el Convento Casa Grande del Carmen en la actual calle Ba\u00f1os, la Hermandad del Sagrado Descendimiento. En 1572 en la Parroquia de San Vicente M\u00e1rtir y por el Arzobispo [&hellip;]<\/p>\n","protected":false},"author":1,"featured_media":0,"parent":137,"menu_order":0,"comment_status":"closed","ping_status":"closed","template":"","meta":{"footnotes":""},"class_list":["post-141","page","type-page","status-publish","hentry"],"_links":{"self":[{"href":"https:\/\/rpmagdalena.org\/en\/wp-json\/wp\/v2\/pages\/141","targetHints":{"allow":["GET"]}}],"collection":[{"href":"https:\/\/rpmagdalena.org\/en\/wp-json\/wp\/v2\/pages"}],"about":[{"href":"https:\/\/rpmagdalena.org\/en\/wp-json\/wp\/v2\/types\/page"}],"author":[{"embeddable":true,"href":"https:\/\/rpmagdalena.org\/en\/wp-json\/wp\/v2\/users\/1"}],"replies":[{"embeddable":true,"href":"https:\/\/rpmagdalena.org\/en\/wp-json\/wp\/v2\/comments?post=141"}],"version-history":[{"count":0,"href":"https:\/\/rpmagdalena.org\/en\/wp-json\/wp\/v2\/pages\/141\/revisions"}],"up":[{"embeddable":true,"href":"https:\/\/rpmagdalena.org\/en\/wp-json\/wp\/v2\/pages\/137"}],"wp:attachment":[{"href":"https:\/\/rpmagdalena.org\/en\/wp-json\/wp\/v2\/media?parent=141"}],"curies":[{"name":"wp","href":"https:\/\/api.w.org\/{rel}","templated":true}]}}