{"id":137,"date":"2023-05-20T10:07:42","date_gmt":"2023-05-20T08:07:42","guid":{"rendered":"https:\/\/adoring-golick.212-227-153-101.plesk.page\/?page_id=137"},"modified":"2023-06-30T16:59:39","modified_gmt":"2023-06-30T14:59:39","slug":"hermandades","status":"publish","type":"page","link":"https:\/\/rpmagdalena.org\/en\/hermandades\/","title":{"rendered":"Brotherhoods"},"content":{"rendered":"<div data-elementor-type=\"wp-page\" data-elementor-id=\"137\" class=\"elementor elementor-137\" data-elementor-post-type=\"page\">\n\t\t\t\t<div data-dce-background-image-url=\"https:\/\/rpmagdalena.org\/wp-content\/uploads\/2023\/06\/8.jpg\" class=\"elementor-element elementor-element-0d4b2c1 e-flex e-con-boxed e-con e-parent\" data-id=\"0d4b2c1\" data-element_type=\"container\" data-e-type=\"container\" data-settings=\"{&quot;background_background&quot;:&quot;classic&quot;}\">\n\t\t\t\t\t<div class=\"e-con-inner\">\n\t\t\t\t<div class=\"elementor-element elementor-element-32e63a6 elementor-widget elementor-widget-heading\" data-id=\"32e63a6\" data-element_type=\"widget\" data-e-type=\"widget\" data-widget_type=\"heading.default\">\n\t\t\t\t<div class=\"elementor-widget-container\">\n\t\t\t\t\t<h1 class=\"elementor-heading-title elementor-size-default\">Brotherhoods<\/h1>\t\t\t\t<\/div>\n\t\t\t\t<\/div>\n\t\t\t\t\t<\/div>\n\t\t\t\t<\/div>\n\t\t<div class=\"elementor-element elementor-element-01b292c e-flex e-con-boxed e-con e-parent\" data-id=\"01b292c\" data-element_type=\"container\" data-e-type=\"container\">\n\t\t\t\t\t<div class=\"e-con-inner\">\n\t\t<div class=\"elementor-element elementor-element-f147034 e-con-full e-flex e-con e-parent\" data-id=\"f147034\" data-element_type=\"container\" data-e-type=\"container\" data-settings=\"{&quot;background_background&quot;:&quot;classic&quot;}\">\n\t\t\t\t<div class=\"elementor-element elementor-element-5324594 elementor-widget elementor-widget-heading\" data-id=\"5324594\" data-element_type=\"widget\" data-e-type=\"widget\" data-widget_type=\"heading.default\">\n\t\t\t\t<div class=\"elementor-widget-container\">\n\t\t\t\t\t<p class=\"elementor-heading-title elementor-size-default\">Brotherhoods<\/p>\t\t\t\t<\/div>\n\t\t\t\t<\/div>\n\t\t\t\t<div class=\"elementor-element elementor-element-44bfbbc elementor-align-start elementor-icon-list--layout-traditional elementor-list-item-link-full_width elementor-widget elementor-widget-icon-list\" data-id=\"44bfbbc\" data-element_type=\"widget\" data-e-type=\"widget\" data-widget_type=\"icon-list.default\">\n\t\t\t\t<div class=\"elementor-widget-container\">\n\t\t\t\t\t\t\t<ul class=\"elementor-icon-list-items\">\n\t\t\t\t\t\t\t<li class=\"elementor-icon-list-item\">\n\t\t\t\t\t\t\t\t\t\t\t<a href=\"https:\/\/rpmagdalena.org\/en\/hermandades\/hdad-sacramental\/\">\n\n\t\t\t\t\t\t\t\t\t\t\t\t<span class=\"elementor-icon-list-icon\">\n\t\t\t\t\t\t\t<svg aria-hidden=\"true\" class=\"e-font-icon-svg e-fas-circle\" viewbox=\"0 0 512 512\" xmlns=\"http:\/\/www.w3.org\/2000\/svg\"><path d=\"M256 8C119 8 8 119 8 256s111 248 248 248 248-111 248-248S393 8 256 8z\"><\/path><\/svg>\t\t\t\t\t\t<\/span>\n\t\t\t\t\t\t\t\t\t\t<span class=\"elementor-icon-list-text\">Hdad. Sacramental<\/span>\n\t\t\t\t\t\t\t\t\t\t\t<\/a>\n\t\t\t\t\t\t\t\t\t<\/li>\n\t\t\t\t\t\t\t\t<li class=\"elementor-icon-list-item\">\n\t\t\t\t\t\t\t\t\t\t\t<a href=\"https:\/\/rpmagdalena.org\/en\/hermandades\/hdad-de-la-quinta-angustia\/\">\n\n\t\t\t\t\t\t\t\t\t\t\t\t<span class=\"elementor-icon-list-icon\">\n\t\t\t\t\t\t\t<svg aria-hidden=\"true\" class=\"e-font-icon-svg e-fas-circle\" viewbox=\"0 0 512 512\" xmlns=\"http:\/\/www.w3.org\/2000\/svg\"><path d=\"M256 8C119 8 8 119 8 256s111 248 248 248 248-111 248-248S393 8 256 8z\"><\/path><\/svg>\t\t\t\t\t\t<\/span>\n\t\t\t\t\t\t\t\t\t\t<span class=\"elementor-icon-list-text\">Hdad. de La Quinta Angustia<\/span>\n\t\t\t\t\t\t\t\t\t\t\t<\/a>\n\t\t\t\t\t\t\t\t\t<\/li>\n\t\t\t\t\t\t\t\t<li class=\"elementor-icon-list-item\">\n\t\t\t\t\t\t\t\t\t\t\t<a href=\"https:\/\/rpmagdalena.org\/en\/hermandades\/hdad-de-montserrat\/\">\n\n\t\t\t\t\t\t\t\t\t\t\t\t<span class=\"elementor-icon-list-icon\">\n\t\t\t\t\t\t\t<svg aria-hidden=\"true\" class=\"e-font-icon-svg e-fas-circle\" viewbox=\"0 0 512 512\" xmlns=\"http:\/\/www.w3.org\/2000\/svg\"><path d=\"M256 8C119 8 8 119 8 256s111 248 248 248 248-111 248-248S393 8 256 8z\"><\/path><\/svg>\t\t\t\t\t\t<\/span>\n\t\t\t\t\t\t\t\t\t\t<span class=\"elementor-icon-list-text\">Hdad. de Montserrat<\/span>\n\t\t\t\t\t\t\t\t\t\t\t<\/a>\n\t\t\t\t\t\t\t\t\t<\/li>\n\t\t\t\t\t\t\t\t<li class=\"elementor-icon-list-item\">\n\t\t\t\t\t\t\t\t\t\t\t<a href=\"https:\/\/rpmagdalena.org\/en\/hermandades\/hdad-del-amparo\/\">\n\n\t\t\t\t\t\t\t\t\t\t\t\t<span class=\"elementor-icon-list-icon\">\n\t\t\t\t\t\t\t<svg aria-hidden=\"true\" class=\"e-font-icon-svg e-fas-circle\" viewbox=\"0 0 512 512\" xmlns=\"http:\/\/www.w3.org\/2000\/svg\"><path d=\"M256 8C119 8 8 119 8 256s111 248 248 248 248-111 248-248S393 8 256 8z\"><\/path><\/svg>\t\t\t\t\t\t<\/span>\n\t\t\t\t\t\t\t\t\t\t<span class=\"elementor-icon-list-text\">Hdad. del Amparo<\/span>\n\t\t\t\t\t\t\t\t\t\t\t<\/a>\n\t\t\t\t\t\t\t\t\t<\/li>\n\t\t\t\t\t\t\t\t<li class=\"elementor-icon-list-item\">\n\t\t\t\t\t\t\t\t\t\t\t<a href=\"https:\/\/rpmagdalena.org\/en\/hermandades\/hdad-del-calvario\/\">\n\n\t\t\t\t\t\t\t\t\t\t\t\t<span class=\"elementor-icon-list-icon\">\n\t\t\t\t\t\t\t<svg aria-hidden=\"true\" class=\"e-font-icon-svg e-fas-circle\" viewbox=\"0 0 512 512\" xmlns=\"http:\/\/www.w3.org\/2000\/svg\"><path d=\"M256 8C119 8 8 119 8 256s111 248 248 248 248-111 248-248S393 8 256 8z\"><\/path><\/svg>\t\t\t\t\t\t<\/span>\n\t\t\t\t\t\t\t\t\t\t<span class=\"elementor-icon-list-text\">Hdad. del Calvario<\/span>\n\t\t\t\t\t\t\t\t\t\t\t<\/a>\n\t\t\t\t\t\t\t\t\t<\/li>\n\t\t\t\t\t\t<\/ul>\n\t\t\t\t\t\t<\/div>\n\t\t\t\t<\/div>\n\t\t\t\t<\/div>\n\t\t<div class=\"elementor-element elementor-element-e9f8cbf e-con-full e-flex e-con e-parent\" data-id=\"e9f8cbf\" data-element_type=\"container\" data-e-type=\"container\">\n\t\t\t\t<div class=\"elementor-element elementor-element-05caa13 elementor-widget elementor-widget-text-editor\" data-id=\"05caa13\" data-element_type=\"widget\" data-e-type=\"widget\" data-widget_type=\"text-editor.default\">\n\t\t\t\t<div class=\"elementor-widget-container\">\n\t\t\t\t\t\t\t\t\t<p>El Papa Francisco, en su Ex. Ap. EVANGELII GAUDIUM, nos ofrece una preciosa reflexi\u00f3n sobre lo que titula\u00a0<em>\u201cla fuerza evangelizadora de la piedad popular\u201d<\/em>\u00a0(EG. 122-126).<\/p><p>En ella se presenta a la piedad o religiosidad popular como un fruto de la inculturaci\u00f3n de la fe, entendiendo por cultura aquella \u201cque un pueblo recrea permanentemente\u201d y a trav\u00e9s de la cual \u201ccada generaci\u00f3n le transmite a la siguiente un sistema de actitudes ante las distintas situaciones existenciales (y) que \u00e9sta debe reformular frente a sus propios desaf\u00edos\u201d (\u201cel ser humano es al mismo tiempo hijo y padre de la cultura a la que pertenece\u201d) (EG. 122). Desde esta perspectiva, la religiosidad popular aparece como el fen\u00f3meno por el que cada porci\u00f3n del Pueblo de Dios traduce a su vida el don de Dios, la fe, seg\u00fan su genio propio, recepcionando la de sus mayores y enriqueci\u00e9ndola con nuevas expresiones (EG. 122).<\/p><p>Siguiendo la estela de sus predecesores y, en especial, la de Pablo VI y su Evangelii Nuntiandi, la valoraci\u00f3n que el Papa hace de la piedad popular no puede ser m\u00e1s positiva: en palabras de Benedicto XVI, la califica como \u201cun precioso tesoro de la Iglesia cat\u00f3lica\u201d, en el que el Esp\u00edritu Santo es su principal agente y en el que se \u201crefleja una sed de Dios que solamente los pobres y sencillos pueden conocer\u201d (Juan Pablo II)(EG. 123). Constituye una \u201cverdadera espiritualidad encarnada\u201d, no vac\u00eda de contenidos, pero que los descubre y expresa m\u00e1s por la v\u00eda simb\u00f3lica que por el uso de la raz\u00f3n instrumental; que acent\u00faa m\u00e1s el credere in Deum que el credere Deum (EG. 124).<\/p><p>Pero quiz\u00e1 el rasgo que m\u00e1s resalta y valora es su fuerza evangelizadora y misionera: a trav\u00e9s de la religiosidad popular \u201cel pueblo se evangeliza continuamente a s\u00ed mismo\u201d, constituyendo una \u201cverdadera expresi\u00f3n de la acci\u00f3n misionera espont\u00e1nea\u201d. Contin\u00faa con \u00e9nfasis: \u201cEl caminar juntos hacia los santuarios y el participar en otras manifestaciones de la piedad popular, tambi\u00e9n llevando a los hijos o invitando a otros, es en s\u00ed mismo un gesto evangelizador\u201d (EG. 124).<\/p><p>Por todo ello, concluye el Papa que menospreciar o ignorar esta forma de religiosidad \u201cser\u00eda desconocer la obra del Esp\u00edritu Santo\u201d. Por tanto, es preciso alentarla y fortalecerla, dado que \u201clas expresiones de la piedad popular tienen mucho que ense\u00f1arnos y, para quien sabe leerlas, son un lugar teol\u00f3gico al que debemos prestar atenci\u00f3n, particularmente a la hora de pensar la nueva evangelizaci\u00f3n\u201d (EG. 126).<\/p><p>El pasado, presente y futuro de nuestra parroquia\u00a0 de la Magdalena sencillamente no existir\u00eda \u2013o ser\u00eda muy distinto- sin las hermandades que en ella han tenido y tienen su sede can\u00f3nica.<\/p>\t\t\t\t\t\t\t\t<\/div>\n\t\t\t\t<\/div>\n\t\t\t\t<\/div>\n\t\t\t\t\t<\/div>\n\t\t\t\t<\/div>\n\t\t\t\t<\/div>","protected":false},"excerpt":{"rendered":"<p>Hermandades Hdad. Sacramental Hdad. de La Quinta Angustia Hdad. de Montserrat Hdad. del Amparo Hdad. del Calvario El Papa Francisco, en su Ex. Ap. EVANGELII GAUDIUM, nos ofrece una preciosa reflexi\u00f3n sobre lo que titula\u00a0\u201cla fuerza evangelizadora de la piedad popular\u201d\u00a0(EG. 122-126). En ella se presenta a la piedad o religiosidad popular como un fruto [&hellip;]<\/p>\n","protected":false},"author":1,"featured_media":0,"parent":0,"menu_order":0,"comment_status":"closed","ping_status":"closed","template":"","meta":{"footnotes":""},"class_list":["post-137","page","type-page","status-publish","hentry"],"_links":{"self":[{"href":"https:\/\/rpmagdalena.org\/en\/wp-json\/wp\/v2\/pages\/137","targetHints":{"allow":["GET"]}}],"collection":[{"href":"https:\/\/rpmagdalena.org\/en\/wp-json\/wp\/v2\/pages"}],"about":[{"href":"https:\/\/rpmagdalena.org\/en\/wp-json\/wp\/v2\/types\/page"}],"author":[{"embeddable":true,"href":"https:\/\/rpmagdalena.org\/en\/wp-json\/wp\/v2\/users\/1"}],"replies":[{"embeddable":true,"href":"https:\/\/rpmagdalena.org\/en\/wp-json\/wp\/v2\/comments?post=137"}],"version-history":[{"count":0,"href":"https:\/\/rpmagdalena.org\/en\/wp-json\/wp\/v2\/pages\/137\/revisions"}],"wp:attachment":[{"href":"https:\/\/rpmagdalena.org\/en\/wp-json\/wp\/v2\/media?parent=137"}],"curies":[{"name":"wp","href":"https:\/\/api.w.org\/{rel}","templated":true}]}}