{"id":127,"date":"2023-05-20T10:02:52","date_gmt":"2023-05-20T08:02:52","guid":{"rendered":"https:\/\/adoring-golick.212-227-153-101.plesk.page\/?page_id=127"},"modified":"2023-08-19T23:52:25","modified_gmt":"2023-08-19T21:52:25","slug":"bautismo","status":"publish","type":"page","link":"https:\/\/rpmagdalena.org\/en\/vida-parroquial\/sacramentos\/bautismo\/","title":{"rendered":"Baptism"},"content":{"rendered":"<div data-elementor-type=\"wp-page\" data-elementor-id=\"127\" class=\"elementor elementor-127\" data-elementor-post-type=\"page\">\n\t\t\t\t<div data-dce-background-image-url=\"https:\/\/rpmagdalena.org\/wp-content\/uploads\/2023\/06\/3.jpg\" class=\"elementor-element elementor-element-3ae42f83 e-flex e-con-boxed e-con e-parent\" data-id=\"3ae42f83\" data-element_type=\"container\" data-e-type=\"container\" data-settings=\"{&quot;background_background&quot;:&quot;classic&quot;}\">\n\t\t\t\t\t<div class=\"e-con-inner\">\n\t\t\t\t<div class=\"elementor-element elementor-element-2365f7e0 elementor-widget elementor-widget-heading\" data-id=\"2365f7e0\" data-element_type=\"widget\" data-e-type=\"widget\" data-widget_type=\"heading.default\">\n\t\t\t\t<div class=\"elementor-widget-container\">\n\t\t\t\t\t<h1 class=\"elementor-heading-title elementor-size-default\">Baptism<\/h1>\t\t\t\t<\/div>\n\t\t\t\t<\/div>\n\t\t\t\t\t<\/div>\n\t\t\t\t<\/div>\n\t\t<div class=\"elementor-element elementor-element-2c411eb e-flex e-con-boxed e-con e-parent\" data-id=\"2c411eb\" data-element_type=\"container\" data-e-type=\"container\">\n\t\t\t\t\t<div class=\"e-con-inner\">\n\t\t<div class=\"elementor-element elementor-element-89b5eeb e-con-full e-flex e-con e-parent\" data-id=\"89b5eeb\" data-element_type=\"container\" data-e-type=\"container\" data-settings=\"{&quot;background_background&quot;:&quot;classic&quot;}\">\n\t\t\t\t<div class=\"elementor-element elementor-element-752b156 elementor-widget elementor-widget-heading\" data-id=\"752b156\" data-element_type=\"widget\" data-e-type=\"widget\" data-widget_type=\"heading.default\">\n\t\t\t\t<div class=\"elementor-widget-container\">\n\t\t\t\t\t<p class=\"elementor-heading-title elementor-size-default\">Sacraments<\/p>\t\t\t\t<\/div>\n\t\t\t\t<\/div>\n\t\t\t\t<div class=\"elementor-element elementor-element-8eec58e elementor-align-start elementor-icon-list--layout-traditional elementor-list-item-link-full_width elementor-widget elementor-widget-icon-list\" data-id=\"8eec58e\" data-element_type=\"widget\" data-e-type=\"widget\" data-widget_type=\"icon-list.default\">\n\t\t\t\t<div class=\"elementor-widget-container\">\n\t\t\t\t\t\t\t<ul class=\"elementor-icon-list-items\">\n\t\t\t\t\t\t\t<li class=\"elementor-icon-list-item\">\n\t\t\t\t\t\t\t\t\t\t\t<a href=\"https:\/\/rpmagdalena.org\/en\/vida-parroquial\/sacramentos\/bautismo\/\">\n\n\t\t\t\t\t\t\t\t\t\t\t\t<span class=\"elementor-icon-list-icon\">\n\t\t\t\t\t\t\t<svg aria-hidden=\"true\" class=\"e-font-icon-svg e-fas-circle\" viewbox=\"0 0 512 512\" xmlns=\"http:\/\/www.w3.org\/2000\/svg\"><path d=\"M256 8C119 8 8 119 8 256s111 248 248 248 248-111 248-248S393 8 256 8z\"><\/path><\/svg>\t\t\t\t\t\t<\/span>\n\t\t\t\t\t\t\t\t\t\t<span class=\"elementor-icon-list-text\">Baptism<\/span>\n\t\t\t\t\t\t\t\t\t\t\t<\/a>\n\t\t\t\t\t\t\t\t\t<\/li>\n\t\t\t\t\t\t\t\t<li class=\"elementor-icon-list-item\">\n\t\t\t\t\t\t\t\t\t\t\t<a href=\"https:\/\/rpmagdalena.org\/en\/vida-parroquial\/sacramentos\/penitencia\/\">\n\n\t\t\t\t\t\t\t\t\t\t\t\t<span class=\"elementor-icon-list-icon\">\n\t\t\t\t\t\t\t<svg aria-hidden=\"true\" class=\"e-font-icon-svg e-fas-circle\" viewbox=\"0 0 512 512\" xmlns=\"http:\/\/www.w3.org\/2000\/svg\"><path d=\"M256 8C119 8 8 119 8 256s111 248 248 248 248-111 248-248S393 8 256 8z\"><\/path><\/svg>\t\t\t\t\t\t<\/span>\n\t\t\t\t\t\t\t\t\t\t<span class=\"elementor-icon-list-text\">Penance<\/span>\n\t\t\t\t\t\t\t\t\t\t\t<\/a>\n\t\t\t\t\t\t\t\t\t<\/li>\n\t\t\t\t\t\t\t\t<li class=\"elementor-icon-list-item\">\n\t\t\t\t\t\t\t\t\t\t\t<a href=\"https:\/\/rpmagdalena.org\/en\/vida-parroquial\/sacramentos\/eucaristia\/\">\n\n\t\t\t\t\t\t\t\t\t\t\t\t<span class=\"elementor-icon-list-icon\">\n\t\t\t\t\t\t\t<svg aria-hidden=\"true\" class=\"e-font-icon-svg e-fas-circle\" viewbox=\"0 0 512 512\" xmlns=\"http:\/\/www.w3.org\/2000\/svg\"><path d=\"M256 8C119 8 8 119 8 256s111 248 248 248 248-111 248-248S393 8 256 8z\"><\/path><\/svg>\t\t\t\t\t\t<\/span>\n\t\t\t\t\t\t\t\t\t\t<span class=\"elementor-icon-list-text\">Eucharist<\/span>\n\t\t\t\t\t\t\t\t\t\t\t<\/a>\n\t\t\t\t\t\t\t\t\t<\/li>\n\t\t\t\t\t\t\t\t<li class=\"elementor-icon-list-item\">\n\t\t\t\t\t\t\t\t\t\t\t<a href=\"https:\/\/rpmagdalena.org\/en\/vida-parroquial\/sacramentos\/confirmacion\/\">\n\n\t\t\t\t\t\t\t\t\t\t\t\t<span class=\"elementor-icon-list-icon\">\n\t\t\t\t\t\t\t<svg aria-hidden=\"true\" class=\"e-font-icon-svg e-fas-circle\" viewbox=\"0 0 512 512\" xmlns=\"http:\/\/www.w3.org\/2000\/svg\"><path d=\"M256 8C119 8 8 119 8 256s111 248 248 248 248-111 248-248S393 8 256 8z\"><\/path><\/svg>\t\t\t\t\t\t<\/span>\n\t\t\t\t\t\t\t\t\t\t<span class=\"elementor-icon-list-text\">Confirmation<\/span>\n\t\t\t\t\t\t\t\t\t\t\t<\/a>\n\t\t\t\t\t\t\t\t\t<\/li>\n\t\t\t\t\t\t\t\t<li class=\"elementor-icon-list-item\">\n\t\t\t\t\t\t\t\t\t\t\t<a href=\"https:\/\/rpmagdalena.org\/en\/vida-parroquial\/sacramentos\/matrimonio\/\">\n\n\t\t\t\t\t\t\t\t\t\t\t\t<span class=\"elementor-icon-list-icon\">\n\t\t\t\t\t\t\t<svg aria-hidden=\"true\" class=\"e-font-icon-svg e-fas-circle\" viewbox=\"0 0 512 512\" xmlns=\"http:\/\/www.w3.org\/2000\/svg\"><path d=\"M256 8C119 8 8 119 8 256s111 248 248 248 248-111 248-248S393 8 256 8z\"><\/path><\/svg>\t\t\t\t\t\t<\/span>\n\t\t\t\t\t\t\t\t\t\t<span class=\"elementor-icon-list-text\">Marriage<\/span>\n\t\t\t\t\t\t\t\t\t\t\t<\/a>\n\t\t\t\t\t\t\t\t\t<\/li>\n\t\t\t\t\t\t\t\t<li class=\"elementor-icon-list-item\">\n\t\t\t\t\t\t\t\t\t\t\t<a href=\"https:\/\/rpmagdalena.org\/en\/vida-parroquial\/sacramentos\/vocacion-y-orden-sacerdotal\/\">\n\n\t\t\t\t\t\t\t\t\t\t\t\t<span class=\"elementor-icon-list-icon\">\n\t\t\t\t\t\t\t<svg aria-hidden=\"true\" class=\"e-font-icon-svg e-fas-circle\" viewbox=\"0 0 512 512\" xmlns=\"http:\/\/www.w3.org\/2000\/svg\"><path d=\"M256 8C119 8 8 119 8 256s111 248 248 248 248-111 248-248S393 8 256 8z\"><\/path><\/svg>\t\t\t\t\t\t<\/span>\n\t\t\t\t\t\t\t\t\t\t<span class=\"elementor-icon-list-text\">Vocation and Priestly Order<\/span>\n\t\t\t\t\t\t\t\t\t\t\t<\/a>\n\t\t\t\t\t\t\t\t\t<\/li>\n\t\t\t\t\t\t\t\t<li class=\"elementor-icon-list-item\">\n\t\t\t\t\t\t\t\t\t\t\t<a href=\"https:\/\/rpmagdalena.org\/en\/vida-parroquial\/sacramentos\/uncion-de-los-enfermos\/\">\n\n\t\t\t\t\t\t\t\t\t\t\t\t<span class=\"elementor-icon-list-icon\">\n\t\t\t\t\t\t\t<svg aria-hidden=\"true\" class=\"e-font-icon-svg e-fas-circle\" viewbox=\"0 0 512 512\" xmlns=\"http:\/\/www.w3.org\/2000\/svg\"><path d=\"M256 8C119 8 8 119 8 256s111 248 248 248 248-111 248-248S393 8 256 8z\"><\/path><\/svg>\t\t\t\t\t\t<\/span>\n\t\t\t\t\t\t\t\t\t\t<span class=\"elementor-icon-list-text\">Unci\u00f3n de los Enfermos<\/span>\n\t\t\t\t\t\t\t\t\t\t\t<\/a>\n\t\t\t\t\t\t\t\t\t<\/li>\n\t\t\t\t\t\t<\/ul>\n\t\t\t\t\t\t<\/div>\n\t\t\t\t<\/div>\n\t\t\t\t<\/div>\n\t\t<div class=\"elementor-element elementor-element-464dd76 e-con-full e-flex e-con e-parent\" data-id=\"464dd76\" data-element_type=\"container\" data-e-type=\"container\">\n\t\t\t\t<div class=\"elementor-element elementor-element-e6074ed elementor-widget__width-initial elementor-widget elementor-widget-image\" data-id=\"e6074ed\" data-element_type=\"widget\" data-e-type=\"widget\" data-widget_type=\"image.default\">\n\t\t\t\t<div class=\"elementor-widget-container\">\n\t\t\t\t\t\t\t\t\t\t\t\t\t\t\t<img decoding=\"async\" width=\"165\" height=\"199\" src=\"https:\/\/rpmagdalena.org\/wp-content\/uploads\/2023\/06\/pila.png\" class=\"attachment-full size-full wp-image-2030\" alt=\"\" srcset=\"https:\/\/rpmagdalena.org\/wp-content\/uploads\/2023\/06\/pila.png 165w, https:\/\/rpmagdalena.org\/wp-content\/uploads\/2023\/06\/pila-10x12.png 10w\" sizes=\"(max-width: 165px) 100vw, 165px\" \/>\t\t\t\t\t\t\t\t\t\t\t\t\t\t\t<\/div>\n\t\t\t\t<\/div>\n\t\t<div class=\"elementor-element elementor-element-41b3ffe e-con-full e-flex e-con e-parent\" data-id=\"41b3ffe\" data-element_type=\"container\" data-e-type=\"container\">\n\t\t\t\t<div class=\"elementor-element elementor-element-4f4b0c9 elementor-widget elementor-widget-text-editor\" data-id=\"4f4b0c9\" data-element_type=\"widget\" data-e-type=\"widget\" data-widget_type=\"text-editor.default\">\n\t\t\t\t<div class=\"elementor-widget-container\">\n\t\t\t\t\t\t\t\t\t<p>Id y ense\u00f1ad a todas las gentes, bautiz\u00e1ndolas en el nombre del Padre y del Hijo y del Esp\u00edritu Santo.<\/p>\t\t\t\t\t\t\t\t<\/div>\n\t\t\t\t<\/div>\n\t\t\t\t<div class=\"elementor-element elementor-element-16c9da9 elementor-widget elementor-widget-text-editor\" data-id=\"16c9da9\" data-element_type=\"widget\" data-e-type=\"widget\" data-widget_type=\"text-editor.default\">\n\t\t\t\t<div class=\"elementor-widget-container\">\n\t\t\t\t\t\t\t\t\t<p>(Mt 28,19-20a)<\/p>\t\t\t\t\t\t\t\t<\/div>\n\t\t\t\t<\/div>\n\t\t\t\t<\/div>\n\t\t\t\t<div class=\"elementor-element elementor-element-e7584f2 elementor-widget elementor-widget-text-editor\" data-id=\"e7584f2\" data-element_type=\"widget\" data-e-type=\"widget\" data-widget_type=\"text-editor.default\">\n\t\t\t\t<div class=\"elementor-widget-container\">\n\t\t\t\t\t\t\t\t\t<p>Tal y como se\u00f1ala el Catecismo de la Iglesia Cat\u00f3lica (1213):<em>\u00a0\u201cEl santo Bautismo es el fundamento de toda la vida cristiana, el p\u00f3rtico de la vida en el esp\u00edritu (\u00abvitae spiritualis ianua\u00bb) y la puerta que abre el acceso a los otros sacramentos. Por el Bautismo somos liberados del pecado y regenerados como hijos de Dios, llegamos a ser miembros de Cristo y somos incorporados a la Iglesia y hechos part\u00edcipes de su misi\u00f3n (cf Concilio de Florencia: DS 1314; CIC, can 204,1; 849; CCEO 675,1): Baptismus est sacramentum regenerationis per aquam in verbo\u00bb (\u00abEl bautismo es el sacramento del nuevo nacimiento por el agua y la palabra\u00bb: Catecismo Romano 2,2,5).<\/em><\/p><p>Los bautismos en nuestra parroquia se celebran, de manera habitual, los\u00a0<strong>s\u00e1bados a las 11,00 hs<\/strong>., siendo preceptiva la inscripci\u00f3n y preparaci\u00f3n previa.<\/p><p>La recepci\u00f3n de este importante sacramento de la iniciaci\u00f3n cristiana precisa de una apropiada preparaci\u00f3n catequ\u00e9tica, que debe estar adecuada a la edad y circunstancias del bautizando. Para facilitar la referida instrucci\u00f3n nuestra parroquia ofrece las siguientes posibilidades:<\/p><ul><li>En el caso del bautismo de\u00a0<em>ni\u00f1os peque\u00f1os<\/em>, los padres y padrinos han de recibir una sesi\u00f3n de catequesis, que seg\u00fan las circunstancias de sus destinatarios puede celebrarse:<br \/><br \/><span style=\"text-decoration: underline;\">Segundos s\u00e1bados de mes a las 10:30 hs<\/span>.<br \/>Dependencias parroquiales C\/ Bailen 5 (Acceso por la sacrist\u00eda).<br \/>M\u00e1s info: <span id=\"cloakc9251513b782b6b3c6f3df58ff4a5f6e\"><a href=\"mailto:catequesis@rpmagdalena.org\">catequesis@rpmagdalena.org<\/a><br \/><br \/><\/span><\/li><\/ul><ul><li>Tanto en el caso de\u00a0<em>ni\u00f1os en edad escolar<\/em>\u00a0como de\u00a0<em>adultos<\/em>, deben ponerse en\u00a0<span id=\"cloakb2b61623d1838e11f962b0ec26c40b4a\"><a href=\"mailto:parroco@rpmagdalena.org\">contacto con el p\u00e1rroco<\/a><\/span>, para determinar el camino a seguir de acuerdo con el Directorio de la Iniciaci\u00f3n Cristiana vigente en toda la archidi\u00f3cesis.<\/li><\/ul>\t\t\t\t\t\t\t\t<\/div>\n\t\t\t\t<\/div>\n\t\t\t\t<div class=\"elementor-element elementor-element-a6d7a83 elementor-widget__width-inherit elementor-widget elementor-widget-heading\" data-id=\"a6d7a83\" data-element_type=\"widget\" data-e-type=\"widget\" data-widget_type=\"heading.default\">\n\t\t\t\t<div class=\"elementor-widget-container\">\n\t\t\t\t\t<h2 class=\"elementor-heading-title elementor-size-default\">Requisitos para ser padrinos<\/h2>\t\t\t\t<\/div>\n\t\t\t\t<\/div>\n\t\t\t\t<div class=\"elementor-element elementor-element-40ccdcd elementor-widget__width-initial elementor-widget-mobile__width-inherit elementor-widget elementor-widget-image\" data-id=\"40ccdcd\" data-element_type=\"widget\" data-e-type=\"widget\" data-widget_type=\"image.default\">\n\t\t\t\t<div class=\"elementor-widget-container\">\n\t\t\t\t\t\t\t\t\t\t\t\t\t\t\t<img fetchpriority=\"high\" decoding=\"async\" width=\"465\" height=\"159\" src=\"https:\/\/rpmagdalena.org\/wp-content\/uploads\/2023\/06\/pilabau.png\" class=\"attachment-full size-full wp-image-2031\" alt=\"\" srcset=\"https:\/\/rpmagdalena.org\/wp-content\/uploads\/2023\/06\/pilabau.png 465w, https:\/\/rpmagdalena.org\/wp-content\/uploads\/2023\/06\/pilabau-300x103.png 300w, https:\/\/rpmagdalena.org\/wp-content\/uploads\/2023\/06\/pilabau-18x6.png 18w\" sizes=\"(max-width: 465px) 100vw, 465px\" \/>\t\t\t\t\t\t\t\t\t\t\t\t\t\t\t<\/div>\n\t\t\t\t<\/div>\n\t\t\t\t<div class=\"elementor-element elementor-element-3230ce4 elementor-widget__width-initial elementor-widget-mobile__width-inherit elementor-widget elementor-widget-text-editor\" data-id=\"3230ce4\" data-element_type=\"widget\" data-e-type=\"widget\" data-widget_type=\"text-editor.default\">\n\t\t\t\t<div class=\"elementor-widget-container\">\n\t\t\t\t\t\t\t\t\t<p>A tenor de la misi\u00f3n que se les encomienda de ser gu\u00edas y colaborar en el crecimiento espiritual del bautizo, el\u00a0<a href=\"https:\/\/www.vatican.va\/archive\/cod-iuris-canonici\/esp\/documents\/cic_libro4_cann872-874_sp.html\" target=\"_blank\" rel=\"noopener\">c. 874<\/a>\u00a0y el\u00a0<a href=\"https:\/\/www.archisevilla.org\/wp-content\/uploads\/2015\/03\/740.pdf\" target=\"_blank\" rel=\"noopener\">Directorio para la Iniciaci\u00f3n Cristiana de la archidi\u00f3cesis<\/a> exigen:<\/p>\t\t\t\t\t\t\t\t<\/div>\n\t\t\t\t<\/div>\n\t\t\t\t<div class=\"elementor-element elementor-element-609f309 elementor-widget__width-initial elementor-widget-tablet__width-inherit elementor-widget elementor-widget-text-editor\" data-id=\"609f309\" data-element_type=\"widget\" data-e-type=\"widget\" data-widget_type=\"text-editor.default\">\n\t\t\t\t<div class=\"elementor-widget-container\">\n\t\t\t\t\t\t\t\t\t<ul><li>Haber cumplido al menos 16 a\u00f1os.<\/li><li>Haber recibido el\u00a0<u>sacramento de la confirmaci\u00f3n<\/u>\u00a0(debe constar como nota marginal en la partida de bautismo)<\/li><li>Asistir a las catequesis de preparaci\u00f3n al bautismo<\/li><li>Llevar una vida congruente con su fe, lo que comporta, entre otros:<ul><li>No haber renunciado formal o notoriamente a la fe cat\u00f3lica.<\/li><li>En su caso, haber recibido el sacramento del matrimonio.<\/li><li>Llevar una vida honrada.<\/li><\/ul><\/li><\/ul><p><strong><br \/>Documentaci\u00f3n a aportar<\/strong>:<\/p><ol><li>Certificado literal de nacimiento del bautizando.<\/li><li>Fotocopia del DNI de los padres y padrinos<\/li><li>Partida de bautismo -con la nota marginal de confirmaci\u00f3n- de los padrinos.<\/li><li>Solicitud por escrito y aceptaci\u00f3n de los compromisos que comporta.<\/li><\/ol><p>M\u00e1s informaci\u00f3n: <span id=\"cloak841f379f956490c296f864555a792c62\"><a href=\"mailto:gestionparroquial@rpmagdalena.org\">gestionparroquial@rpmagdalena.org<\/a><\/span><\/p>\t\t\t\t\t\t\t\t<\/div>\n\t\t\t\t<\/div>\n\t\t\t\t<div class=\"elementor-element elementor-element-88e8c5d elementor-widget__width-initial elementor-widget-tablet__width-inherit elementor-widget elementor-widget-image\" data-id=\"88e8c5d\" data-element_type=\"widget\" data-e-type=\"widget\" data-widget_type=\"image.default\">\n\t\t\t\t<div class=\"elementor-widget-container\">\n\t\t\t\t\t\t\t\t\t\t\t\t\t\t\t\t<a href=\"https:\/\/rpmagdalena.org\/wp-content\/uploads\/2023\/06\/Cartel-Iniciacion-Cristiana.jpg\" data-elementor-open-lightbox=\"yes\" data-elementor-lightbox-title=\"Cartel Iniciaci\u00f3n Cristiana\" data-e-action-hash=\"#elementor-action%3Aaction%3Dlightbox%26settings%3DeyJpZCI6MjAzMiwidXJsIjoiaHR0cHM6XC9cL3JwbWFnZGFsZW5hLm9yZ1wvd3AtY29udGVudFwvdXBsb2Fkc1wvMjAyM1wvMDZcL0NhcnRlbC1JbmljaWFjaW9uLUNyaXN0aWFuYS5qcGcifQ%3D%3D\">\n\t\t\t\t\t\t\t<img decoding=\"async\" width=\"499\" height=\"754\" src=\"https:\/\/rpmagdalena.org\/wp-content\/uploads\/2023\/06\/Cartel-Iniciacion-Cristiana.jpg\" class=\"attachment-full size-full wp-image-2032\" alt=\"\" srcset=\"https:\/\/rpmagdalena.org\/wp-content\/uploads\/2023\/06\/Cartel-Iniciacion-Cristiana.jpg 499w, https:\/\/rpmagdalena.org\/wp-content\/uploads\/2023\/06\/Cartel-Iniciacion-Cristiana-199x300.jpg 199w, https:\/\/rpmagdalena.org\/wp-content\/uploads\/2023\/06\/Cartel-Iniciacion-Cristiana-8x12.jpg 8w\" sizes=\"(max-width: 499px) 100vw, 499px\" \/>\t\t\t\t\t\t\t\t<\/a>\n\t\t\t\t\t\t\t\t\t\t\t\t\t\t\t<\/div>\n\t\t\t\t<\/div>\n\t\t\t\t<\/div>\n\t\t\t\t\t<\/div>\n\t\t\t\t<\/div>\n\t\t\t\t<\/div>","protected":false},"excerpt":{"rendered":"<p>Sacramentos Bautismo Penitencia Eucarist\u00eda Confirmaci\u00f3n Matrimonio Vocaci\u00f3n y Orden Sacerdotal Unci\u00f3n de los Enfermos Id y ense\u00f1ad a todas las gentes, bautiz\u00e1ndolas en el nombre del Padre y del Hijo y del Esp\u00edritu Santo. (Mt 28,19-20a) Tal y como se\u00f1ala el Catecismo de la Iglesia Cat\u00f3lica (1213):\u00a0\u201cEl santo Bautismo es el fundamento de toda la [&hellip;]<\/p>\n","protected":false},"author":1,"featured_media":0,"parent":2606,"menu_order":0,"comment_status":"closed","ping_status":"closed","template":"","meta":{"footnotes":""},"class_list":["post-127","page","type-page","status-publish","hentry"],"_links":{"self":[{"href":"https:\/\/rpmagdalena.org\/en\/wp-json\/wp\/v2\/pages\/127","targetHints":{"allow":["GET"]}}],"collection":[{"href":"https:\/\/rpmagdalena.org\/en\/wp-json\/wp\/v2\/pages"}],"about":[{"href":"https:\/\/rpmagdalena.org\/en\/wp-json\/wp\/v2\/types\/page"}],"author":[{"embeddable":true,"href":"https:\/\/rpmagdalena.org\/en\/wp-json\/wp\/v2\/users\/1"}],"replies":[{"embeddable":true,"href":"https:\/\/rpmagdalena.org\/en\/wp-json\/wp\/v2\/comments?post=127"}],"version-history":[{"count":0,"href":"https:\/\/rpmagdalena.org\/en\/wp-json\/wp\/v2\/pages\/127\/revisions"}],"up":[{"embeddable":true,"href":"https:\/\/rpmagdalena.org\/en\/wp-json\/wp\/v2\/pages\/2606"}],"wp:attachment":[{"href":"https:\/\/rpmagdalena.org\/en\/wp-json\/wp\/v2\/media?parent=127"}],"curies":[{"name":"wp","href":"https:\/\/api.w.org\/{rel}","templated":true}]}}