{"id":123,"date":"2023-05-20T10:01:43","date_gmt":"2023-05-20T08:01:43","guid":{"rendered":"https:\/\/adoring-golick.212-227-153-101.plesk.page\/?page_id=123"},"modified":"2023-06-30T16:28:16","modified_gmt":"2023-06-30T14:28:16","slug":"aula-de-cultura-sacra","status":"publish","type":"page","link":"https:\/\/rpmagdalena.org\/en\/vida-parroquial\/aula-de-cultura-sacra\/","title":{"rendered":"Classroom of Sacred Culture"},"content":{"rendered":"<div data-elementor-type=\"wp-page\" data-elementor-id=\"123\" class=\"elementor elementor-123\" data-elementor-post-type=\"page\">\n\t\t\t\t<div data-dce-background-image-url=\"https:\/\/rpmagdalena.org\/wp-content\/uploads\/2023\/06\/3.jpg\" class=\"elementor-element elementor-element-8d7b419 e-flex e-con-boxed e-con e-parent\" data-id=\"8d7b419\" data-element_type=\"container\" data-e-type=\"container\" data-settings=\"{&quot;background_background&quot;:&quot;classic&quot;}\">\n\t\t\t\t\t<div class=\"e-con-inner\">\n\t\t\t\t<div class=\"elementor-element elementor-element-2d9e91cc elementor-widget elementor-widget-heading\" data-id=\"2d9e91cc\" data-element_type=\"widget\" data-e-type=\"widget\" data-widget_type=\"heading.default\">\n\t\t\t\t<div class=\"elementor-widget-container\">\n\t\t\t\t\t<h1 class=\"elementor-heading-title elementor-size-default\">Classroom of Sacred Culture<\/h1>\t\t\t\t<\/div>\n\t\t\t\t<\/div>\n\t\t\t\t\t<\/div>\n\t\t\t\t<\/div>\n\t\t<div class=\"elementor-element elementor-element-573e83b e-flex e-con-boxed e-con e-parent\" data-id=\"573e83b\" data-element_type=\"container\" data-e-type=\"container\">\n\t\t\t\t\t<div class=\"e-con-inner\">\n\t\t\t\t<div class=\"elementor-element elementor-element-e439102 elementor-widget__width-initial elementor-widget elementor-widget-image\" data-id=\"e439102\" data-element_type=\"widget\" data-e-type=\"widget\" data-widget_type=\"image.default\">\n\t\t\t\t<div class=\"elementor-widget-container\">\n\t\t\t\t\t\t\t\t\t\t\t\t\t\t\t<img decoding=\"async\" width=\"229\" height=\"192\" src=\"https:\/\/rpmagdalena.org\/wp-content\/uploads\/2023\/05\/columna.png\" class=\"attachment-full size-full wp-image-1979\" alt=\"\" srcset=\"https:\/\/rpmagdalena.org\/wp-content\/uploads\/2023\/05\/columna.png 229w, https:\/\/rpmagdalena.org\/wp-content\/uploads\/2023\/05\/columna-14x12.png 14w\" sizes=\"(max-width: 229px) 100vw, 229px\" \/>\t\t\t\t\t\t\t\t\t\t\t\t\t\t\t<\/div>\n\t\t\t\t<\/div>\n\t\t\t\t<div class=\"elementor-element elementor-element-dd4936b elementor-widget__width-initial elementor-widget elementor-widget-text-editor\" data-id=\"dd4936b\" data-element_type=\"widget\" data-e-type=\"widget\" data-widget_type=\"text-editor.default\">\n\t\t\t\t<div class=\"elementor-widget-container\">\n\t\t\t\t\t\t\t\t\t<p>El Aula de Cultura Sacra nace con el objetivo principal de difundir entre los feligreses y p\u00fablico en general los valores culturales de nuestra Parroquia, mediante conferencias, mesas redondas, coloquios, y otras actividades participativas.<\/p><p>Ordinariamente cada curso se celebrar\u00e1 un ciclo de tres conferencias, que girar\u00e1n en torno a tres grandes ejes tem\u00e1ticos: pensamiento, historia y patrimonio.<\/p>\t\t\t\t\t\t\t\t<\/div>\n\t\t\t\t<\/div>\n\t\t\t\t<div class=\"elementor-element elementor-element-a963be2 elementor-widget__width-inherit elementor-widget elementor-widget-text-editor\" data-id=\"a963be2\" data-element_type=\"widget\" data-e-type=\"widget\" data-widget_type=\"text-editor.default\">\n\t\t\t\t<div class=\"elementor-widget-container\">\n\t\t\t\t\t\t\t\t\t<p>Bajo el r\u00f3tulo \u201cpensamiento\u201d buscaremos el acercamiento a importantes figuras de la teolog\u00eda o la filosof\u00eda vinculadas a la parroquia. El segundo bloque ser\u00e1 el hist\u00f3rico, y nos permitir\u00e1 adentrarnos en los principales hitos hist\u00f3ricos de la misma; y por \u00faltimo, el tercer bloque tem\u00e1tico ser\u00e1 el patrimonial, para difundir los valores art\u00edsticos o etnol\u00f3gicos de nuestro patrimonio.<\/p>\t\t\t\t\t\t\t\t<\/div>\n\t\t\t\t<\/div>\n\t\t\t\t<div class=\"elementor-element elementor-element-00b5c04 elementor-widget__width-inherit elementor-widget elementor-widget-heading\" data-id=\"00b5c04\" data-element_type=\"widget\" data-e-type=\"widget\" data-widget_type=\"heading.default\">\n\t\t\t\t<div class=\"elementor-widget-container\">\n\t\t\t\t\t<p class=\"elementor-heading-title elementor-size-default\">PRIMERA SESI\u00d3N ORDINARIA<\/p>\t\t\t\t<\/div>\n\t\t\t\t<\/div>\n\t\t\t\t<div class=\"elementor-element elementor-element-0f3efcd elementor-widget__width-inherit elementor-widget elementor-widget-text-editor\" data-id=\"0f3efcd\" data-element_type=\"widget\" data-e-type=\"widget\" data-widget_type=\"text-editor.default\">\n\t\t\t\t<div class=\"elementor-widget-container\">\n\t\t\t\t\t\t\t\t\t<p><em>POR DETERMINAR. <\/em>En breve compartiremos m\u00e1s informaci\u00f3n.<\/p>\t\t\t\t\t\t\t\t<\/div>\n\t\t\t\t<\/div>\n\t\t\t\t<div class=\"elementor-element elementor-element-404bf82 elementor-widget__width-inherit elementor-widget elementor-widget-heading\" data-id=\"404bf82\" data-element_type=\"widget\" data-e-type=\"widget\" data-widget_type=\"heading.default\">\n\t\t\t\t<div class=\"elementor-widget-container\">\n\t\t\t\t\t<p class=\"elementor-heading-title elementor-size-default\">AULA DE CULTURA SACRA EN V\u00cdDEO<\/p>\t\t\t\t<\/div>\n\t\t\t\t<\/div>\n\t\t\t\t<div class=\"elementor-element elementor-element-cccf5bc elementor-widget__width-inherit elementor-widget elementor-widget-text-editor\" data-id=\"cccf5bc\" data-element_type=\"widget\" data-e-type=\"widget\" data-widget_type=\"text-editor.default\">\n\t\t\t\t<div class=\"elementor-widget-container\">\n\t\t\t\t\t\t\t\t\t<p><i>Galer\u00eda de v\u00eddeos en el canal de Youtube.\u00a0<a href=\"https:\/\/www.youtube.com\/watch?v=uzjoxBeh3UQ&amp;list=PLofN_VNI762b-foKsoAQAKeBA7T36h6Z_\" target=\"_blank\" rel=\"noopener\">Pinche aqu\u00ed.<\/a><\/i><\/p>\t\t\t\t\t\t\t\t<\/div>\n\t\t\t\t<\/div>\n\t\t\t\t\t<\/div>\n\t\t\t\t<\/div>\n\t\t\t\t<\/div>","protected":false},"excerpt":{"rendered":"<p>El Aula de Cultura Sacra nace con el objetivo principal de difundir entre los feligreses y p\u00fablico en general los valores culturales de nuestra Parroquia, mediante conferencias, mesas redondas, coloquios, y otras actividades participativas. Ordinariamente cada curso se celebrar\u00e1 un ciclo de tres conferencias, que girar\u00e1n en torno a tres grandes ejes tem\u00e1ticos: pensamiento, historia [&hellip;]<\/p>\n","protected":false},"author":1,"featured_media":0,"parent":119,"menu_order":0,"comment_status":"closed","ping_status":"closed","template":"","meta":{"footnotes":""},"class_list":["post-123","page","type-page","status-publish","hentry"],"_links":{"self":[{"href":"https:\/\/rpmagdalena.org\/en\/wp-json\/wp\/v2\/pages\/123","targetHints":{"allow":["GET"]}}],"collection":[{"href":"https:\/\/rpmagdalena.org\/en\/wp-json\/wp\/v2\/pages"}],"about":[{"href":"https:\/\/rpmagdalena.org\/en\/wp-json\/wp\/v2\/types\/page"}],"author":[{"embeddable":true,"href":"https:\/\/rpmagdalena.org\/en\/wp-json\/wp\/v2\/users\/1"}],"replies":[{"embeddable":true,"href":"https:\/\/rpmagdalena.org\/en\/wp-json\/wp\/v2\/comments?post=123"}],"version-history":[{"count":0,"href":"https:\/\/rpmagdalena.org\/en\/wp-json\/wp\/v2\/pages\/123\/revisions"}],"up":[{"embeddable":true,"href":"https:\/\/rpmagdalena.org\/en\/wp-json\/wp\/v2\/pages\/119"}],"wp:attachment":[{"href":"https:\/\/rpmagdalena.org\/en\/wp-json\/wp\/v2\/media?parent=123"}],"curies":[{"name":"wp","href":"https:\/\/api.w.org\/{rel}","templated":true}]}}