{"id":115,"date":"2023-05-20T09:59:01","date_gmt":"2023-05-20T07:59:01","guid":{"rendered":"https:\/\/adoring-golick.212-227-153-101.plesk.page\/?page_id=115"},"modified":"2023-06-30T16:24:52","modified_gmt":"2023-06-30T14:24:52","slug":"primera-piedra","status":"publish","type":"page","link":"https:\/\/rpmagdalena.org\/en\/primera-piedra\/","title":{"rendered":"Foundation stone"},"content":{"rendered":"<div data-elementor-type=\"wp-page\" data-elementor-id=\"115\" class=\"elementor elementor-115\" data-elementor-post-type=\"page\">\n\t\t\t\t<div data-dce-background-image-url=\"https:\/\/rpmagdalena.org\/wp-content\/uploads\/2023\/06\/5.jpg\" class=\"elementor-element elementor-element-bd3f35a e-flex e-con-boxed e-con e-parent\" data-id=\"bd3f35a\" data-element_type=\"container\" data-e-type=\"container\" data-settings=\"{&quot;background_background&quot;:&quot;classic&quot;}\">\n\t\t\t\t\t<div class=\"e-con-inner\">\n\t\t\t\t<div class=\"elementor-element elementor-element-1ce8850 elementor-widget elementor-widget-heading\" data-id=\"1ce8850\" data-element_type=\"widget\" data-e-type=\"widget\" data-widget_type=\"heading.default\">\n\t\t\t\t<div class=\"elementor-widget-container\">\n\t\t\t\t\t<h1 class=\"elementor-heading-title elementor-size-default\">Foundation stone<\/h1>\t\t\t\t<\/div>\n\t\t\t\t<\/div>\n\t\t\t\t\t<\/div>\n\t\t\t\t<\/div>\n\t\t<div class=\"elementor-element elementor-element-32e6b61 e-flex e-con-boxed e-con e-parent\" data-id=\"32e6b61\" data-element_type=\"container\" data-e-type=\"container\">\n\t\t\t\t\t<div class=\"e-con-inner\">\n\t\t\t\t<div class=\"elementor-element elementor-element-435e387 elementor-widget__width-initial elementor-widget elementor-widget-image\" data-id=\"435e387\" data-element_type=\"widget\" data-e-type=\"widget\" data-widget_type=\"image.default\">\n\t\t\t\t<div class=\"elementor-widget-container\">\n\t\t\t\t\t\t\t\t\t\t\t\t\t\t\t<img fetchpriority=\"high\" decoding=\"async\" width=\"384\" height=\"203\" src=\"https:\/\/rpmagdalena.org\/wp-content\/uploads\/2023\/05\/primpiedra.jpg\" class=\"attachment-full size-full wp-image-1786\" alt=\"\" srcset=\"https:\/\/rpmagdalena.org\/wp-content\/uploads\/2023\/05\/primpiedra.jpg 384w, https:\/\/rpmagdalena.org\/wp-content\/uploads\/2023\/05\/primpiedra-300x159.jpg 300w, https:\/\/rpmagdalena.org\/wp-content\/uploads\/2023\/05\/primpiedra-18x10.jpg 18w\" sizes=\"(max-width: 384px) 100vw, 384px\" \/>\t\t\t\t\t\t\t\t\t\t\t\t\t\t\t<\/div>\n\t\t\t\t<\/div>\n\t\t\t\t<div class=\"elementor-element elementor-element-f3e89e0 elementor-widget__width-initial elementor-widget-tablet__width-inherit elementor-widget elementor-widget-text-editor\" data-id=\"f3e89e0\" data-element_type=\"widget\" data-e-type=\"widget\" data-widget_type=\"text-editor.default\">\n\t\t\t\t<div class=\"elementor-widget-container\">\n\t\t\t\t\t\t\t\t\t<p>\"The First Stone\" by Pedro Garc\u00eda Izquierdo is a groundbreaking documentary that has shattered preconceived notions about our temples. In it, you can behold the most renowned churches in Sevilla from a completely different perspective. Aerial shots both outside and inside the churches will show you what only birds can truly appreciate. A key highlight of this documentary is the unique portrayal of the Patron Images of the Brotherhoods and Confraternities that reside in each headquarters, providing an unprecedented and indescribable perspective.<\/p>\t\t\t\t\t\t\t\t<\/div>\n\t\t\t\t<\/div>\n\t\t\t\t<div class=\"elementor-element elementor-element-e08d86e elementor-widget__width-inherit elementor-widget elementor-widget-text-editor\" data-id=\"e08d86e\" data-element_type=\"widget\" data-e-type=\"widget\" data-widget_type=\"text-editor.default\">\n\t\t\t\t<div class=\"elementor-widget-container\">\n\t\t\t\t\t\t\t\t\t<p class=\"translation-block\">The documentary series has been produced by  <a href=\"http:\/\/www.serendipiaaudiovisual.com\/\" target=\"_blank\" rel=\"noopener\">Serendipia Audiovisual<\/a>. Following its success, the project continues with new episodes that captivate everyone. Get your DVD at the Magdalena parish.<\/p>\t\t\t\t\t\t\t\t<\/div>\n\t\t\t\t<\/div>\n\t\t\t\t<div class=\"elementor-element elementor-element-e2aeee7 elementor-widget__width-initial elementor-widget elementor-widget-video\" data-id=\"e2aeee7\" data-element_type=\"widget\" data-e-type=\"widget\" data-settings=\"{&quot;youtube_url&quot;:&quot;https:\\\/\\\/www.youtube.com\\\/watch?v=IwpehLqMVww&quot;,&quot;yt_privacy&quot;:&quot;yes&quot;,&quot;video_type&quot;:&quot;youtube&quot;,&quot;controls&quot;:&quot;yes&quot;}\" data-widget_type=\"video.default\">\n\t\t\t\t<div class=\"elementor-widget-container\">\n\t\t\t\t\t\t\t<div class=\"elementor-wrapper elementor-open-inline\">\n\t\t\t<div class=\"elementor-video\"><\/div>\t\t<\/div>\n\t\t\t\t\t\t<\/div>\n\t\t\t\t<\/div>\n\t\t\t\t\t<\/div>\n\t\t\t\t<\/div>\n\t\t\t\t<\/div>","protected":false},"excerpt":{"rendered":"<p>\u201cLa Primera piedra\u201d de Pedro Garc\u00eda Izquierdo, es un revolucionario documental que ha roto los esquemas sobre la visi\u00f3n que ten\u00edamos de nuestros templos. En \u00e9l, se pueden contemplar las iglesias con m\u00e1s renombre de Sevilla desde una perspectiva totalmente diferente. Im\u00e1genes a\u00e9reas en exterior e interior que te mostrar\u00e1n lo que solo las aves [&hellip;]<\/p>\n","protected":false},"author":1,"featured_media":0,"parent":0,"menu_order":0,"comment_status":"closed","ping_status":"closed","template":"","meta":{"footnotes":""},"class_list":["post-115","page","type-page","status-publish","hentry"],"_links":{"self":[{"href":"https:\/\/rpmagdalena.org\/en\/wp-json\/wp\/v2\/pages\/115","targetHints":{"allow":["GET"]}}],"collection":[{"href":"https:\/\/rpmagdalena.org\/en\/wp-json\/wp\/v2\/pages"}],"about":[{"href":"https:\/\/rpmagdalena.org\/en\/wp-json\/wp\/v2\/types\/page"}],"author":[{"embeddable":true,"href":"https:\/\/rpmagdalena.org\/en\/wp-json\/wp\/v2\/users\/1"}],"replies":[{"embeddable":true,"href":"https:\/\/rpmagdalena.org\/en\/wp-json\/wp\/v2\/comments?post=115"}],"version-history":[{"count":0,"href":"https:\/\/rpmagdalena.org\/en\/wp-json\/wp\/v2\/pages\/115\/revisions"}],"wp:attachment":[{"href":"https:\/\/rpmagdalena.org\/en\/wp-json\/wp\/v2\/media?parent=115"}],"curies":[{"name":"wp","href":"https:\/\/api.w.org\/{rel}","templated":true}]}}