{"id":112,"date":"2023-05-20T09:57:54","date_gmt":"2023-05-20T07:57:54","guid":{"rendered":"https:\/\/adoring-golick.212-227-153-101.plesk.page\/?page_id=112"},"modified":"2024-11-07T11:57:04","modified_gmt":"2024-11-07T10:57:04","slug":"tipos-de-visitas","status":"publish","type":"page","link":"https:\/\/rpmagdalena.org\/en\/tipos-de-visitas\/","title":{"rendered":"Types of visits"},"content":{"rendered":"\t\t<div data-elementor-type=\"wp-page\" data-elementor-id=\"112\" class=\"elementor elementor-112\" data-elementor-post-type=\"page\">\n\t\t\t\t<div data-dce-background-image-url=\"https:\/\/rpmagdalena.org\/wp-content\/uploads\/2023\/06\/5.jpg\" class=\"elementor-element elementor-element-9397fde e-flex e-con-boxed e-con e-parent\" data-id=\"9397fde\" data-element_type=\"container\" data-e-type=\"container\" data-settings=\"{&quot;background_background&quot;:&quot;classic&quot;}\">\n\t\t\t\t\t<div class=\"e-con-inner\">\n\t\t\t\t<div class=\"elementor-element elementor-element-9341c28 elementor-widget elementor-widget-heading\" data-id=\"9341c28\" data-element_type=\"widget\" data-e-type=\"widget\" data-widget_type=\"heading.default\">\n\t\t\t\t<div class=\"elementor-widget-container\">\n\t\t\t\t\t<h1 class=\"elementor-heading-title elementor-size-default\">Tipos de visitas<\/h1>\t\t\t\t<\/div>\n\t\t\t\t<\/div>\n\t\t\t\t\t<\/div>\n\t\t\t\t<\/div>\n\t\t<div class=\"elementor-element elementor-element-fe91b48 e-flex e-con-boxed e-con e-parent\" data-id=\"fe91b48\" data-element_type=\"container\" data-e-type=\"container\">\n\t\t\t\t\t<div class=\"e-con-inner\">\n\t\t\t\t<div class=\"elementor-element elementor-element-dce2ade elementor-widget elementor-widget-heading\" data-id=\"dce2ade\" data-element_type=\"widget\" data-e-type=\"widget\" data-widget_type=\"heading.default\">\n\t\t\t\t<div class=\"elementor-widget-container\">\n\t\t\t\t\t<h3 class=\"elementor-heading-title elementor-size-default\">VISITAS LIBRES<\/h3>\t\t\t\t<\/div>\n\t\t\t\t<\/div>\n\t\t\t\t<div class=\"elementor-element elementor-element-8179cc1 elementor-widget__width-inherit elementor-widget elementor-widget-text-editor\" data-id=\"8179cc1\" data-element_type=\"widget\" data-e-type=\"widget\" data-widget_type=\"text-editor.default\">\n\t\t\t\t<div class=\"elementor-widget-container\">\n\t\t\t\t\t\t\t\t\t<p>\u00a0Se trata de la modalidad de entrada libre a la Iglesia para poder contemplar el templo. Disponemos de un dilatado\u00a0<a title=\"\" href=\"https:\/\/rpmagdalena.org\/es\/vidaparroquial\/gestion-parroquial\/contacto.html\" target=\"_blank\" rel=\"noopener\">horario de apertura<\/a>, especialmente por las ma\u00f1anas de los d\u00edas laborables. En concreto,\u00a0<strong>los mi\u00e9rcoles y jueves el templo permanece abierto hasta las 13,30 hs<\/strong>., de manera que desde las 11,00 en que termina la \u00faltima misa, pueda ser visitado; ya sea por turistas individuales o tambi\u00e9n por grupos asistidos por gu\u00edas, de distritos municipales, escolares, etc. Todas estas visitas\u00a0<strong>son gratuitas, si bien agradecemos mucho cualquier contribuci\u00f3n<\/strong>\u00a0que nos ayude en la conservaci\u00f3n y rehabilitaci\u00f3n del templo. Encontrar\u00e1n una hucha en la entrada del templo donde depositar su donativo.<\/p><p>No obstante, nos reservamos el <strong>derecho de cancelar dicho horario de visita libre sin previo aviso<\/strong>, si fuese imprescindible por razones pastorales o la realizaci\u00f3n de alguna reparaci\u00f3n o similar. Debido a que es el tiempo en que solemos realizar las obras y restauraciones de mayor envergadura y a las vacaciones del personal, no es posible la visita libre durante los meses de julio y agosto.<\/p><p>Por razones de organizaci\u00f3n y seguridad, estas visitas no incluyen la zona expositiva del coro alto.<\/p>\t\t\t\t\t\t\t\t<\/div>\n\t\t\t\t<\/div>\n\t\t\t\t<div class=\"elementor-element elementor-element-dc53855 elementor-widget elementor-widget-heading\" data-id=\"dc53855\" data-element_type=\"widget\" data-e-type=\"widget\" data-widget_type=\"heading.default\">\n\t\t\t\t<div class=\"elementor-widget-container\">\n\t\t\t\t\t<h3 class=\"elementor-heading-title elementor-size-default\">VISITAS GUIADAS<\/h3>\t\t\t\t<\/div>\n\t\t\t\t<\/div>\n\t\t\t\t<div class=\"elementor-element elementor-element-1469f34 elementor-widget__width-inherit elementor-widget elementor-widget-text-editor\" data-id=\"1469f34\" data-element_type=\"widget\" data-e-type=\"widget\" data-widget_type=\"text-editor.default\">\n\t\t\t\t<div class=\"elementor-widget-container\">\n\t\t\t\t\t\t\t\t\t<p><strong>Todos los martes, de 11&#8217;30 a 13 hs.<\/strong>&nbsp;(excepto d\u00edas de precepto, y los meses de julio y agosto) habr\u00e1 visitas guiadas con un donativo de&nbsp;<strong>5\u20ac por persona<\/strong>. Para participar es imprescindible la&nbsp;<strong>inscripci\u00f3n<\/strong>&nbsp;en el email&nbsp;<strong><span id=\"cloak2fca5746fe658151485379817a0f12d3\"><a href=\"mailto:visitas@rpmagdalena.org\">visitas@rpmagdalena.org<\/a><\/span><\/strong>&nbsp;y contar con la confirmaci\u00f3n por esa misma v\u00eda. Normalmente los grupos visitantes se componen con un m\u00ednimo de cinco personas, y se intenta que no superen las 25 personas.<\/p>\n<p>Dado que la Magdalena es una iglesia y no un museo, los <strong>fines de semana y d\u00edas de precepto&nbsp;<\/strong>quedan reservados exclusivamente para la liturgia, la oraci\u00f3n y actividades de evangelizaci\u00f3n. No obstante, trataremos de organizar visitas guiadas en d\u00edas festivos \u00abciviles\u00bb (D\u00eda de Andaluc\u00eda, 1 de mayo, Constituci\u00f3n, etc.), que iremos anunciando a trav\u00e9s de nuestras cuentas en&nbsp;las redes (<a href=\"https:\/\/twitter.com\/RPMagdalena\" target=\"_blank\" rel=\"noopener\">@RPMagdalena<\/a>).<\/p>\n<p>Esta actividad es fruto de un proyecto de voluntariado cultural, llamado \u00ab<strong>Cicerones de la Magdalena<\/strong>\u00ab. Si disfrutas con el arte y te gustar\u00eda participar, no dudes en contactar con nosotros en el email antes indicado.<\/p>\t\t\t\t\t\t\t\t<\/div>\n\t\t\t\t<\/div>\n\t\t\t\t<div class=\"elementor-element elementor-element-a48d66e elementor-widget elementor-widget-heading\" data-id=\"a48d66e\" data-element_type=\"widget\" data-e-type=\"widget\" data-widget_type=\"heading.default\">\n\t\t\t\t<div class=\"elementor-widget-container\">\n\t\t\t\t\t<h3 class=\"elementor-heading-title elementor-size-default\">VISITAS CONCERTADAS<\/h3>\t\t\t\t<\/div>\n\t\t\t\t<\/div>\n\t\t\t\t<div class=\"elementor-element elementor-element-b59e39e elementor-widget__width-inherit elementor-widget elementor-widget-text-editor\" data-id=\"b59e39e\" data-element_type=\"widget\" data-e-type=\"widget\" data-widget_type=\"text-editor.default\">\n\t\t\t\t<div class=\"elementor-widget-container\">\n\t\t\t\t\t\t\t\t\t<p>Siempre que sean compatibles con las misas y actos lit\u00fargicos, la parroquia puede abrir de forma excepcional para realizar visitas fuera del horario habitual, en uno previamente concertado y contando con la iluminaci\u00f3n art\u00edstica de la iglesia.<\/p>\n<p>Para solicitarlo es preciso enviar un email a <span><a href=\"mailto:visitas@rpmagdalena.org\">visitas@rpmagdalena.org<\/a><\/span>&nbsp;indicando la fecha propuesta y el n\u00famero de personas as\u00ed como el nombre de la instituci\u00f3n que solicita la visita.&nbsp;<b>El precio por visita es de 50\u20ac si son menos de 10 personas, o de 5\u20ac por persona si son 10 personas o m\u00e1s.<\/b><\/p>\n<p>Para adaptarse al resto de vida de la parroquia, el <strong>horario preferente<\/strong>&nbsp;de estas visitas ser\u00e1 de tarde, 17,30 a 18,30 hs., y mientras se realiza la visita libre de martes a jueves (los viernes por la ma\u00f1ana no es posible, pues el templo permanece cerrado por limpieza). Si fuera necesario contar con un gu\u00eda de la parroquia, puede solicitarse en dicho email con la debida antelaci\u00f3n.<\/p>\n<p>Tanto para el posible pago de la tasa de apertura como para realizar alg\u00fan donativo que nos ayude en la conservaci\u00f3n y restauraci\u00f3n de nuestro patrimonio cultural, pueden realizarlo en la cuenta:<br><strong>ES27 3187 0343 6653 3261 9427<\/strong>&nbsp;(Caja Rural)<br>C\u00f3digo&nbsp;<strong>Bizum:<\/strong>&nbsp;<strong>00275.&nbsp;<\/strong><strong>[Concepto:&nbsp;<em>visita<\/em> y nombre del grupo o instituci\u00f3n]<\/strong>.<\/p>\t\t\t\t\t\t\t\t<\/div>\n\t\t\t\t<\/div>\n\t\t\t\t\t<\/div>\n\t\t\t\t<\/div>\n\t\t\t\t<\/div>\n\t\t","protected":false},"excerpt":{"rendered":"<p>VISITAS LIBRES \u00a0Se trata de la modalidad de entrada libre a la Iglesia para poder contemplar el templo. Disponemos de un dilatado\u00a0horario de apertura, especialmente por las ma\u00f1anas de los d\u00edas laborables. En concreto,\u00a0los mi\u00e9rcoles y jueves el templo permanece abierto hasta las 13,30 hs., de manera que desde las 11,00 en que termina la [&hellip;]<\/p>\n","protected":false},"author":1,"featured_media":0,"parent":0,"menu_order":0,"comment_status":"closed","ping_status":"closed","template":"","meta":{"footnotes":""},"class_list":["post-112","page","type-page","status-publish","hentry"],"_links":{"self":[{"href":"https:\/\/rpmagdalena.org\/en\/wp-json\/wp\/v2\/pages\/112","targetHints":{"allow":["GET"]}}],"collection":[{"href":"https:\/\/rpmagdalena.org\/en\/wp-json\/wp\/v2\/pages"}],"about":[{"href":"https:\/\/rpmagdalena.org\/en\/wp-json\/wp\/v2\/types\/page"}],"author":[{"embeddable":true,"href":"https:\/\/rpmagdalena.org\/en\/wp-json\/wp\/v2\/users\/1"}],"replies":[{"embeddable":true,"href":"https:\/\/rpmagdalena.org\/en\/wp-json\/wp\/v2\/comments?post=112"}],"version-history":[{"count":0,"href":"https:\/\/rpmagdalena.org\/en\/wp-json\/wp\/v2\/pages\/112\/revisions"}],"wp:attachment":[{"href":"https:\/\/rpmagdalena.org\/en\/wp-json\/wp\/v2\/media?parent=112"}],"curies":[{"name":"wp","href":"https:\/\/api.w.org\/{rel}","templated":true}]}}