{"id":101,"date":"2023-05-20T09:44:23","date_gmt":"2023-05-20T07:44:23","guid":{"rendered":"https:\/\/adoring-golick.212-227-153-101.plesk.page\/?page_id=101"},"modified":"2023-08-24T19:53:59","modified_gmt":"2023-08-24T17:53:59","slug":"primera-sede-de-la-inquisicion","status":"publish","type":"page","link":"https:\/\/rpmagdalena.org\/en\/historia\/primera-sede-de-la-inquisicion\/","title":{"rendered":"First Seat of the Inquisition"},"content":{"rendered":"<div data-elementor-type=\"wp-page\" data-elementor-id=\"101\" class=\"elementor elementor-101\" data-elementor-post-type=\"page\">\n\t\t\t\t<div data-dce-background-image-url=\"https:\/\/rpmagdalena.org\/wp-content\/uploads\/2023\/06\/9.jpg\" class=\"elementor-element elementor-element-2d9307cb e-flex e-con-boxed e-con e-parent\" data-id=\"2d9307cb\" data-element_type=\"container\" data-e-type=\"container\" data-settings=\"{&quot;background_background&quot;:&quot;classic&quot;}\">\n\t\t\t\t\t<div class=\"e-con-inner\">\n\t\t\t\t<div class=\"elementor-element elementor-element-6afaef0 elementor-widget elementor-widget-heading\" data-id=\"6afaef0\" data-element_type=\"widget\" data-e-type=\"widget\" data-widget_type=\"heading.default\">\n\t\t\t\t<div class=\"elementor-widget-container\">\n\t\t\t\t\t<h1 class=\"elementor-heading-title elementor-size-default\">First Seat of the Inquisition<\/h1>\t\t\t\t<\/div>\n\t\t\t\t<\/div>\n\t\t\t\t\t<\/div>\n\t\t\t\t<\/div>\n\t\t<div class=\"elementor-element elementor-element-e45797f e-flex e-con-boxed e-con e-parent\" data-id=\"e45797f\" data-element_type=\"container\" data-e-type=\"container\">\n\t\t\t\t\t<div class=\"e-con-inner\">\n\t\t<div class=\"elementor-element elementor-element-bd0852d e-con-full e-flex e-con e-parent\" data-id=\"bd0852d\" data-element_type=\"container\" data-e-type=\"container\" data-settings=\"{&quot;background_background&quot;:&quot;classic&quot;}\">\n\t\t\t\t<div class=\"elementor-element elementor-element-f392c2d elementor-widget elementor-widget-heading\" data-id=\"f392c2d\" data-element_type=\"widget\" data-e-type=\"widget\" data-widget_type=\"heading.default\">\n\t\t\t\t<div class=\"elementor-widget-container\">\n\t\t\t\t\t<p class=\"elementor-heading-title elementor-size-default\">History<\/p>\t\t\t\t<\/div>\n\t\t\t\t<\/div>\n\t\t\t\t<div class=\"elementor-element elementor-element-111a26b elementor-align-start elementor-icon-list--layout-traditional elementor-list-item-link-full_width elementor-widget elementor-widget-icon-list\" data-id=\"111a26b\" data-element_type=\"widget\" data-e-type=\"widget\" data-widget_type=\"icon-list.default\">\n\t\t\t\t<div class=\"elementor-widget-container\">\n\t\t\t\t\t\t\t<ul class=\"elementor-icon-list-items\">\n\t\t\t\t\t\t\t<li class=\"elementor-icon-list-item\">\n\t\t\t\t\t\t\t\t\t\t\t<a href=\"https:\/\/rpmagdalena.org\/en\/historia\/\">\n\n\t\t\t\t\t\t\t\t\t\t\t\t<span class=\"elementor-icon-list-icon\">\n\t\t\t\t\t\t\t<svg aria-hidden=\"true\" class=\"e-font-icon-svg e-fas-circle\" viewbox=\"0 0 512 512\" xmlns=\"http:\/\/www.w3.org\/2000\/svg\"><path d=\"M256 8C119 8 8 119 8 256s111 248 248 248 248-111 248-248S393 8 256 8z\"><\/path><\/svg>\t\t\t\t\t\t<\/span>\n\t\t\t\t\t\t\t\t\t\t<span class=\"elementor-icon-list-text\">Foundation of the Parish<\/span>\n\t\t\t\t\t\t\t\t\t\t\t<\/a>\n\t\t\t\t\t\t\t\t\t<\/li>\n\t\t\t\t\t\t\t\t<li class=\"elementor-icon-list-item\">\n\t\t\t\t\t\t\t\t\t\t\t<a href=\"https:\/\/rpmagdalena.org\/en\/historia\/el-primitivo-templo-parroquial\/\">\n\n\t\t\t\t\t\t\t\t\t\t\t\t<span class=\"elementor-icon-list-icon\">\n\t\t\t\t\t\t\t<svg aria-hidden=\"true\" class=\"e-font-icon-svg e-fas-circle\" viewbox=\"0 0 512 512\" xmlns=\"http:\/\/www.w3.org\/2000\/svg\"><path d=\"M256 8C119 8 8 119 8 256s111 248 248 248 248-111 248-248S393 8 256 8z\"><\/path><\/svg>\t\t\t\t\t\t<\/span>\n\t\t\t\t\t\t\t\t\t\t<span class=\"elementor-icon-list-text\">The Primitive Parish Church<\/span>\n\t\t\t\t\t\t\t\t\t\t\t<\/a>\n\t\t\t\t\t\t\t\t\t<\/li>\n\t\t\t\t\t\t\t\t<li class=\"elementor-icon-list-item\">\n\t\t\t\t\t\t\t\t\t\t\t<a href=\"https:\/\/rpmagdalena.org\/en\/historia\/el-templo-conventual-de-san-pablo-el-real\/\">\n\n\t\t\t\t\t\t\t\t\t\t\t\t<span class=\"elementor-icon-list-icon\">\n\t\t\t\t\t\t\t<svg aria-hidden=\"true\" class=\"e-font-icon-svg e-fas-circle\" viewbox=\"0 0 512 512\" xmlns=\"http:\/\/www.w3.org\/2000\/svg\"><path d=\"M256 8C119 8 8 119 8 256s111 248 248 248 248-111 248-248S393 8 256 8z\"><\/path><\/svg>\t\t\t\t\t\t<\/span>\n\t\t\t\t\t\t\t\t\t\t<span class=\"elementor-icon-list-text\">The Conventual Temple of San Pablo el Real<\/span>\n\t\t\t\t\t\t\t\t\t\t\t<\/a>\n\t\t\t\t\t\t\t\t\t<\/li>\n\t\t\t\t\t\t\t\t<li class=\"elementor-icon-list-item\">\n\t\t\t\t\t\t\t\t\t\t\t<a href=\"https:\/\/rpmagdalena.org\/en\/historia\/el-templo-actual\/\">\n\n\t\t\t\t\t\t\t\t\t\t\t\t<span class=\"elementor-icon-list-icon\">\n\t\t\t\t\t\t\t<svg aria-hidden=\"true\" class=\"e-font-icon-svg e-fas-circle\" viewbox=\"0 0 512 512\" xmlns=\"http:\/\/www.w3.org\/2000\/svg\"><path d=\"M256 8C119 8 8 119 8 256s111 248 248 248 248-111 248-248S393 8 256 8z\"><\/path><\/svg>\t\t\t\t\t\t<\/span>\n\t\t\t\t\t\t\t\t\t\t<span class=\"elementor-icon-list-text\">The present Temple<\/span>\n\t\t\t\t\t\t\t\t\t\t\t<\/a>\n\t\t\t\t\t\t\t\t\t<\/li>\n\t\t\t\t\t\t\t\t<li class=\"elementor-icon-list-item\">\n\t\t\t\t\t\t\t\t\t\t\t<a href=\"https:\/\/rpmagdalena.org\/en\/historia\/primera-sede-de-la-inquisicion\/\">\n\n\t\t\t\t\t\t\t\t\t\t\t\t<span class=\"elementor-icon-list-icon\">\n\t\t\t\t\t\t\t<svg aria-hidden=\"true\" class=\"e-font-icon-svg e-fas-circle\" viewbox=\"0 0 512 512\" xmlns=\"http:\/\/www.w3.org\/2000\/svg\"><path d=\"M256 8C119 8 8 119 8 256s111 248 248 248 248-111 248-248S393 8 256 8z\"><\/path><\/svg>\t\t\t\t\t\t<\/span>\n\t\t\t\t\t\t\t\t\t\t<span class=\"elementor-icon-list-text\">First Seat of the Inquisition<\/span>\n\t\t\t\t\t\t\t\t\t\t\t<\/a>\n\t\t\t\t\t\t\t\t\t<\/li>\n\t\t\t\t\t\t\t\t<li class=\"elementor-icon-list-item\">\n\t\t\t\t\t\t\t\t\t\t\t<a href=\"https:\/\/rpmagdalena.org\/en\/historia\/un-templo-misionero\/\">\n\n\t\t\t\t\t\t\t\t\t\t\t\t<span class=\"elementor-icon-list-icon\">\n\t\t\t\t\t\t\t<svg aria-hidden=\"true\" class=\"e-font-icon-svg e-fas-circle\" viewbox=\"0 0 512 512\" xmlns=\"http:\/\/www.w3.org\/2000\/svg\"><path d=\"M256 8C119 8 8 119 8 256s111 248 248 248 248-111 248-248S393 8 256 8z\"><\/path><\/svg>\t\t\t\t\t\t<\/span>\n\t\t\t\t\t\t\t\t\t\t<span class=\"elementor-icon-list-text\">A missionary temple<\/span>\n\t\t\t\t\t\t\t\t\t\t\t<\/a>\n\t\t\t\t\t\t\t\t\t<\/li>\n\t\t\t\t\t\t\t\t<li class=\"elementor-icon-list-item\">\n\t\t\t\t\t\t\t\t\t\t\t<a href=\"https:\/\/rpmagdalena.org\/en\/historia\/sede-de-antiguas-hermandades-y-cofradias\/\">\n\n\t\t\t\t\t\t\t\t\t\t\t\t<span class=\"elementor-icon-list-icon\">\n\t\t\t\t\t\t\t<svg aria-hidden=\"true\" class=\"e-font-icon-svg e-fas-circle\" viewbox=\"0 0 512 512\" xmlns=\"http:\/\/www.w3.org\/2000\/svg\"><path d=\"M256 8C119 8 8 119 8 256s111 248 248 248 248-111 248-248S393 8 256 8z\"><\/path><\/svg>\t\t\t\t\t\t<\/span>\n\t\t\t\t\t\t\t\t\t\t<span class=\"elementor-icon-list-text\">Headquarters of Former Brotherhoods and Guilds<\/span>\n\t\t\t\t\t\t\t\t\t\t\t<\/a>\n\t\t\t\t\t\t\t\t\t<\/li>\n\t\t\t\t\t\t<\/ul>\n\t\t\t\t\t\t<\/div>\n\t\t\t\t<\/div>\n\t\t\t\t<\/div>\n\t\t<div class=\"elementor-element elementor-element-0b631fc e-con-full e-flex e-con e-parent\" data-id=\"0b631fc\" data-element_type=\"container\" data-e-type=\"container\">\n\t\t\t\t<div class=\"elementor-element elementor-element-028a0ec elementor-widget elementor-widget-heading\" data-id=\"028a0ec\" data-element_type=\"widget\" data-e-type=\"widget\" data-widget_type=\"heading.default\">\n\t\t\t\t<div class=\"elementor-widget-container\">\n\t\t\t\t\t<h2 class=\"elementor-heading-title elementor-size-default\">First headquarters of the Inquisition in Seville and in Spain<\/h2>\t\t\t\t<\/div>\n\t\t\t\t<\/div>\n\t\t\t\t<div class=\"elementor-element elementor-element-8f305c2 elementor-widget__width-initial elementor-widget elementor-widget-text-editor\" data-id=\"8f305c2\" data-element_type=\"widget\" data-e-type=\"widget\" data-widget_type=\"text-editor.default\">\n\t\t\t\t<div class=\"elementor-widget-container\">\n\t\t\t\t\t\t\t\t\t<p>A cross crossed by a sword - representing justice - and an olive branch - symbolizing mercy - adorn the dome at the entrance of the temple on San Pablo Street. It is the emblem of the Holy Inquisition, reminding us that the Order of Santo Domingo played a very prominent role in it.<\/p><p>Today, the Inquisition may seem like an unsustainable coercion in matters of faith and religious freedom. Obviously, it was not so in the 12th century; its goal was to prevent the spread of heresy among the faithful and the defense of the Catholic faith. This is symbolically represented in the magnificent painting of \"The Triumph of Faith\" on the vault of the main altar of the parish.<\/p>\t\t\t\t\t\t\t\t<\/div>\n\t\t\t\t<\/div>\n\t\t\t\t<div class=\"elementor-element elementor-element-91a693a elementor-widget__width-initial elementor-widget elementor-widget-image\" data-id=\"91a693a\" data-element_type=\"widget\" data-e-type=\"widget\" data-widget_type=\"image.default\">\n\t\t\t\t<div class=\"elementor-widget-container\">\n\t\t\t\t\t\t\t\t\t\t\t\t\t\t\t\t<a href=\"https:\/\/rpmagdalena.org\/wp-content\/uploads\/2023\/05\/Escudo_Inquisicin_Cancel_2-scaled.jpeg\" data-elementor-open-lightbox=\"yes\" data-elementor-lightbox-title=\"Escudo de la Inquisici\u00f3n en el Cancel de la calle San Pablo\" data-e-action-hash=\"#elementor-action%3Aaction%3Dlightbox%26settings%3DeyJpZCI6MTY0NSwidXJsIjoiaHR0cHM6XC9cL3JwbWFnZGFsZW5hLm9yZ1wvd3AtY29udGVudFwvdXBsb2Fkc1wvMjAyM1wvMDVcL0VzY3Vkb19JbnF1aXNpY2luX0NhbmNlbF8yLXNjYWxlZC5qcGVnIn0%3D\">\n\t\t\t\t\t\t\t<img fetchpriority=\"high\" decoding=\"async\" width=\"1700\" height=\"2560\" src=\"https:\/\/rpmagdalena.org\/wp-content\/uploads\/2023\/05\/Escudo_Inquisicin_Cancel_2-scaled.jpeg\" class=\"attachment-full size-full wp-image-1645\" alt=\"\" srcset=\"https:\/\/rpmagdalena.org\/wp-content\/uploads\/2023\/05\/Escudo_Inquisicin_Cancel_2-scaled.jpeg 1700w, https:\/\/rpmagdalena.org\/wp-content\/uploads\/2023\/05\/Escudo_Inquisicin_Cancel_2-199x300.jpeg 199w, https:\/\/rpmagdalena.org\/wp-content\/uploads\/2023\/05\/Escudo_Inquisicin_Cancel_2-680x1024.jpeg 680w, https:\/\/rpmagdalena.org\/wp-content\/uploads\/2023\/05\/Escudo_Inquisicin_Cancel_2-768x1156.jpeg 768w, https:\/\/rpmagdalena.org\/wp-content\/uploads\/2023\/05\/Escudo_Inquisicin_Cancel_2-1020x1536.jpeg 1020w, https:\/\/rpmagdalena.org\/wp-content\/uploads\/2023\/05\/Escudo_Inquisicin_Cancel_2-1360x2048.jpeg 1360w, https:\/\/rpmagdalena.org\/wp-content\/uploads\/2023\/05\/Escudo_Inquisicin_Cancel_2-8x12.jpeg 8w\" sizes=\"(max-width: 1700px) 100vw, 1700px\" \/>\t\t\t\t\t\t\t\t<\/a>\n\t\t\t\t\t\t\t\t\t\t\t\t\t\t\t<\/div>\n\t\t\t\t<\/div>\n\t\t\t\t<div class=\"elementor-element elementor-element-b647495 elementor-widget__width-initial elementor-widget-mobile__width-inherit elementor-widget elementor-widget-image\" data-id=\"b647495\" data-element_type=\"widget\" data-e-type=\"widget\" data-widget_type=\"image.default\">\n\t\t\t\t<div class=\"elementor-widget-container\">\n\t\t\t\t\t\t\t\t\t\t\t\t\t\t\t\t<a href=\"https:\/\/rpmagdalena.org\/wp-content\/uploads\/2023\/05\/SANTO_DOMINGO_RESTAURADO-1-scaled.jpeg\" data-elementor-open-lightbox=\"yes\" data-elementor-lightbox-title=\"Santo Domingo (bajo coro) tras su restauraci\u00f3n\" data-e-action-hash=\"#elementor-action%3Aaction%3Dlightbox%26settings%3DeyJpZCI6MTY0NiwidXJsIjoiaHR0cHM6XC9cL3JwbWFnZGFsZW5hLm9yZ1wvd3AtY29udGVudFwvdXBsb2Fkc1wvMjAyM1wvMDVcL1NBTlRPX0RPTUlOR09fUkVTVEFVUkFETy0xLXNjYWxlZC5qcGVnIn0%3D\">\n\t\t\t\t\t\t\t<img decoding=\"async\" width=\"1827\" height=\"2560\" src=\"https:\/\/rpmagdalena.org\/wp-content\/uploads\/2023\/05\/SANTO_DOMINGO_RESTAURADO-1-scaled.jpeg\" class=\"attachment-full size-full wp-image-1646\" alt=\"\" srcset=\"https:\/\/rpmagdalena.org\/wp-content\/uploads\/2023\/05\/SANTO_DOMINGO_RESTAURADO-1-scaled.jpeg 1827w, https:\/\/rpmagdalena.org\/wp-content\/uploads\/2023\/05\/SANTO_DOMINGO_RESTAURADO-1-214x300.jpeg 214w, https:\/\/rpmagdalena.org\/wp-content\/uploads\/2023\/05\/SANTO_DOMINGO_RESTAURADO-1-731x1024.jpeg 731w, https:\/\/rpmagdalena.org\/wp-content\/uploads\/2023\/05\/SANTO_DOMINGO_RESTAURADO-1-768x1076.jpeg 768w, https:\/\/rpmagdalena.org\/wp-content\/uploads\/2023\/05\/SANTO_DOMINGO_RESTAURADO-1-1096x1536.jpeg 1096w, https:\/\/rpmagdalena.org\/wp-content\/uploads\/2023\/05\/SANTO_DOMINGO_RESTAURADO-1-1462x2048.jpeg 1462w, https:\/\/rpmagdalena.org\/wp-content\/uploads\/2023\/05\/SANTO_DOMINGO_RESTAURADO-1-9x12.jpeg 9w\" sizes=\"(max-width: 1827px) 100vw, 1827px\" \/>\t\t\t\t\t\t\t\t<\/a>\n\t\t\t\t\t\t\t\t\t\t\t\t\t\t\t<\/div>\n\t\t\t\t<\/div>\n\t\t\t\t<div class=\"elementor-element elementor-element-892d4f6 elementor-widget__width-initial elementor-widget elementor-widget-text-editor\" data-id=\"892d4f6\" data-element_type=\"widget\" data-e-type=\"widget\" data-widget_type=\"text-editor.default\">\n\t\t\t\t<div class=\"elementor-widget-container\">\n\t\t\t\t\t\t\t\t\t<p class=\"translation-block\">Santo Domingo de Guzm\u00e1n, the founder of the Dominicans, was an untiring fighter who strongly opposed the heresies of his time, especially the Albigensian heresy, to restore the unity of the Christian faith threatened by heretics. These heresies led to the creation of the primitive Inquisition in France in the year 1184. Fifty years later, in 1231-1233, Pope <a title=\"Gregorio IX\" href=\"http:\/\/es.wikipedia.org\/wiki\/Gregorio_IX\" target=\"_blank\" rel=\"noopener\">Gregorio IX<\/a> created the Pontifical Inquisition through the bull <em>EExcommunicamus<\/em>, which was established in various Christian kingdoms in <a title=\"Edad Media\" href=\"http:\/\/es.wikipedia.org\/wiki\/Edad_Media\" target=\"_blank\" rel=\"noopener\">medieval Europe<\/a>.<\/p><p>During the stay of Queen Isabella I of Castile in Seville between 1477 and 1478, the Sevillian Dominican Alonso de Ojeda, the prior of the San Pablo convent, convinced the queen of the existence of Judaizing practices among Andalusian converts. A report submitted, at the request of the sovereigns, by Cardinal Mendoza, Archbishop of Seville, and by the Dominican Friar Tom\u00e1s de Torquemada, confirmed the suspicions.\u00a0<\/p>\t\t\t\t\t\t\t\t<\/div>\n\t\t\t\t<\/div>\n\t\t\t\t<div class=\"elementor-element elementor-element-4cfbd6e elementor-widget__width-inherit elementor-widget elementor-widget-text-editor\" data-id=\"4cfbd6e\" data-element_type=\"widget\" data-e-type=\"widget\" data-widget_type=\"text-editor.default\">\n\t\t\t\t<div class=\"elementor-widget-container\">\n\t\t\t\t\t\t\t\t\t<p>In January 1481, the Inquisition tribunal was established in the San Pablo convent in Seville, with Friar Alonso de Ojeda as the prior. The Spanish Inquisition aimed, among other reasons, to maintain the purity of the faith, prevent Spaniards from falling into heresy, and prosecute behaviors and terms that indicated someone was Judaizing, Moorish, Lutheran, illuminated, or deviating from the Catholic faith. The connection of the Order of Santo Domingo with the defense of Truth is not surprising. The appointment of inquisitorial roles and functions was accepted by the Dominicans without any opposition.<\/p><p>About Friar Alonso de Ojeda, Ram\u00edrez de Sol\u00f3rzano states in his \"History of the Convent of San Pablo in Seville\": \"(The convent) has had illustrious sons who have exalted religion, and to some (Fray Alonso de Ojeda) the kingdoms of Castile owe their spiritual tranquility and this most noble city of Seville owes its purity in the Christian and Catholic religion.\"<\/p>\t\t\t\t\t\t\t\t<\/div>\n\t\t\t\t<\/div>\n\t\t\t\t<div class=\"elementor-element elementor-element-0808d79 elementor-widget__width-inherit elementor-widget elementor-widget-image\" data-id=\"0808d79\" data-element_type=\"widget\" data-e-type=\"widget\" data-widget_type=\"image.default\">\n\t\t\t\t<div class=\"elementor-widget-container\">\n\t\t\t\t\t\t\t\t\t\t\t\t\t\t\t\t<a href=\"https:\/\/rpmagdalena.org\/wp-content\/uploads\/2023\/05\/Escudo_Inquisicin_Candelabro_Recortada.jpg\" data-elementor-open-lightbox=\"yes\" data-elementor-lightbox-title=\"Candelabro de la Inquisici\u00f3n\" data-e-action-hash=\"#elementor-action%3Aaction%3Dlightbox%26settings%3DeyJpZCI6MTY0NywidXJsIjoiaHR0cHM6XC9cL3JwbWFnZGFsZW5hLm9yZ1wvd3AtY29udGVudFwvdXBsb2Fkc1wvMjAyM1wvMDVcL0VzY3Vkb19JbnF1aXNpY2luX0NhbmRlbGFicm9fUmVjb3J0YWRhLmpwZyJ9\">\n\t\t\t\t\t\t\t<img decoding=\"async\" width=\"540\" height=\"534\" src=\"https:\/\/rpmagdalena.org\/wp-content\/uploads\/2023\/05\/Escudo_Inquisicin_Candelabro_Recortada.jpg\" class=\"attachment-full size-full wp-image-1647\" alt=\"\" srcset=\"https:\/\/rpmagdalena.org\/wp-content\/uploads\/2023\/05\/Escudo_Inquisicin_Candelabro_Recortada.jpg 540w, https:\/\/rpmagdalena.org\/wp-content\/uploads\/2023\/05\/Escudo_Inquisicin_Candelabro_Recortada-300x297.jpg 300w, https:\/\/rpmagdalena.org\/wp-content\/uploads\/2023\/05\/Escudo_Inquisicin_Candelabro_Recortada-12x12.jpg 12w\" sizes=\"(max-width: 540px) 100vw, 540px\" \/>\t\t\t\t\t\t\t\t<\/a>\n\t\t\t\t\t\t\t\t\t\t\t\t\t\t\t<\/div>\n\t\t\t\t<\/div>\n\t\t\t\t<div class=\"elementor-element elementor-element-8dcd1b9 elementor-widget__width-inherit elementor-widget elementor-widget-text-editor\" data-id=\"8dcd1b9\" data-element_type=\"widget\" data-e-type=\"widget\" data-widget_type=\"text-editor.default\">\n\t\t\t\t<div class=\"elementor-widget-container\">\n\t\t\t\t\t\t\t\t\t<p>The Holy Office Tribunal began its activities with the San Pablo convent as its headquarters. In fact, the first inquisitorial condemnation was in 1481, and the first prison was in the San Pablo convent, according to Abad Gordillo. In this first auto de fe, the Dominican Friar Alonso de Ojeda preached, \"zealous for the faith of Jesus Christ, he was the one who most sought this Inquisition in Seville.\"<\/p><p>After various problems in the organization and implementation of the new inquisitorial powers, Pope Sixtus IV appointed Tom\u00e1s de Torquemada to the position of General Inquisitor in 1483 at the request of Queen Isabella. In total, there have been five General Inquisitors belonging to the Order of Santo Domingo: Tom\u00e1s de Torquemada, the first General Inquisitor; Diego de Deza, Archbishop of Seville, in 1546; Garc\u00eda de Loaysa, Archbishop of Seville, in 1546; Antonio de Sotomayor, confessor of King Philip IV, in 1632; and Juan Tom\u00e1s de Rocaberti, Archbishop of Valencia, in 1695.<\/p><p>Remnants of that historical period, the temple preserves the candelabras located on the sides of the image of Santa Mar\u00eda Magdalena, adorned with the emblem of the Holy Inquisition. In addition to the Inquisition emblem on the dome at the entrance on San Pablo Street, the auto de fe painted by Lucas Vald\u00e9s in the transept is found on its walls. Traditionally, this auto de fe was identified with that of Diego L\u00f3pez Duro, a merchant from Osuna, who was burned alive for Judaizing on February 28, 1703.<\/p>\t\t\t\t\t\t\t\t<\/div>\n\t\t\t\t<\/div>\n\t\t\t\t<\/div>\n\t\t\t\t\t<\/div>\n\t\t\t\t<\/div>\n\t\t\t\t<\/div>","protected":false},"excerpt":{"rendered":"<p>Historia Fundaci\u00f3n de la Parroquia El Primitivo Templo Parroquial El Templo Conventual de San Pablo el Real El Templo actual Primera Sede de la Inquisici\u00f3n Un Templo misionero Sede de Antiguas Hermandades y Cofrad\u00edas Primera sede de la Inquisici\u00f3n en Sevilla y en Espa\u00f1a Una\u00a0 cruz\u00a0 franqueada por una espada -la justicia- y un ramo [&hellip;]<\/p>\n","protected":false},"author":1,"featured_media":0,"parent":93,"menu_order":0,"comment_status":"closed","ping_status":"closed","template":"","meta":{"footnotes":""},"class_list":["post-101","page","type-page","status-publish","hentry"],"_links":{"self":[{"href":"https:\/\/rpmagdalena.org\/en\/wp-json\/wp\/v2\/pages\/101","targetHints":{"allow":["GET"]}}],"collection":[{"href":"https:\/\/rpmagdalena.org\/en\/wp-json\/wp\/v2\/pages"}],"about":[{"href":"https:\/\/rpmagdalena.org\/en\/wp-json\/wp\/v2\/types\/page"}],"author":[{"embeddable":true,"href":"https:\/\/rpmagdalena.org\/en\/wp-json\/wp\/v2\/users\/1"}],"replies":[{"embeddable":true,"href":"https:\/\/rpmagdalena.org\/en\/wp-json\/wp\/v2\/comments?post=101"}],"version-history":[{"count":0,"href":"https:\/\/rpmagdalena.org\/en\/wp-json\/wp\/v2\/pages\/101\/revisions"}],"up":[{"embeddable":true,"href":"https:\/\/rpmagdalena.org\/en\/wp-json\/wp\/v2\/pages\/93"}],"wp:attachment":[{"href":"https:\/\/rpmagdalena.org\/en\/wp-json\/wp\/v2\/media?parent=101"}],"curies":[{"name":"wp","href":"https:\/\/api.w.org\/{rel}","templated":true}]}}